{"id":24305,"date":"2023-12-21T15:41:06","date_gmt":"2023-12-21T20:41:06","guid":{"rendered":"https:\/\/www.precisionot.com\/?post_type=product&#038;p=24305"},"modified":"2025-01-16T11:51:33","modified_gmt":"2025-01-16T16:51:33","slug":"pre-qsfp28-70lh-4wbd","status":"publish","type":"product","link":"https:\/\/www.precisionot.com\/fr\/product\/pre-qsfp28-70lh-4wbd\/","title":{"rendered":"PRE-QSFP28-70L(H)-4WBD"},"content":{"rendered":"<p>Le module \u00e9metteur-r\u00e9cepteur optique QSFP28-70L(H)-4WBD est con\u00e7u pour fournir une connectivit\u00e9 Ethernet 100G hautes performances sur des distances allant jusqu&#039;\u00e0 70 kilom\u00e8tres \u00e0 l&#039;aide de la technologie bidirectionnelle 4WDM (BIDI). Ce module fonctionne dans des environnements \u00e0 temp\u00e9rature commerciale standard (C-temp), ce qui le rend adapt\u00e9 aux centres de donn\u00e9es et aux r\u00e9seaux m\u00e9tropolitains.<\/p>\n<hr \/>\n<p>Gr\u00e2ce \u00e0 la transmission bidirectionnelle sur fibre monomode (SMF), le module minimise l&#039;utilisation de la fibre tout en maintenant une transmission de donn\u00e9es efficace et longue distance. Gr\u00e2ce \u00e0 la surveillance des diagnostics num\u00e9riques (DDM) int\u00e9gr\u00e9e, il fournit des mesures de performances en temps r\u00e9el pour une gestion proactive du r\u00e9seau. La conception rempla\u00e7able \u00e0 chaud garantit une installation et un remplacement rapides sans interrompre les services r\u00e9seau, tandis que son fonctionnement \u00e9conome en \u00e9nergie contribue \u00e0 r\u00e9duire la consommation d&#039;\u00e9nergie globale.<\/p>","protected":false},"excerpt":{"rendered":"<p>Le module \u00e9metteur-r\u00e9cepteur optique QSFP28-70L(H)-4WBD prend en charge Ethernet 100G sur fibre monomode avec une port\u00e9e allant jusqu&#039;\u00e0 70 kilom\u00e8tres \u00e0 l&#039;aide de la technologie 4WDM BIDI.<\/p>\n<hr \/>\n<p class=\"p2\"><strong>QSFP28, 4WDM, BIDI, 100G, 70km, C-Temp, DDM<\/strong><\/p>","protected":false},"featured_media":24307,"template":"","meta":{"_acf_changed":false,"content-type":"","site-sidebar-layout":"default","site-content-layout":"default","ast-site-content-layout":"default","site-content-style":"default","site-sidebar-style":"default","ast-global-header-display":"","ast-banner-title-visibility":"","ast-main-header-display":"","ast-hfb-above-header-display":"","ast-hfb-below-header-display":"","ast-hfb-mobile-header-display":"","site-post-title":"","ast-breadcrumbs-content":"","ast-featured-img":"","footer-sml-layout":"","ast-disable-related-posts":"","theme-transparent-header-meta":"default","adv-header-id-meta":"","stick-header-meta":"","header-above-stick-meta":"","header-main-stick-meta":"","header-below-stick-meta":"","astra-migrate-meta-layouts":"set","ast-page-background-enabled":"default","ast-page-background-meta":{"desktop":{"background-color":"","background-image":"","background-repeat":"repeat","background-position":"center center","background-size":"auto","background-attachment":"scroll","background-type":"","background-media":"","overlay-type":"","overlay-color":"","overlay-opacity":"","overlay-gradient":""},"tablet":{"background-color":"","background-image":"","background-repeat":"repeat","background-position":"center center","background-size":"auto","background-attachment":"scroll","background-type":"","background-media":"","overlay-type":"","overlay-color":"","overlay-opacity":"","overlay-gradient":""},"mobile":{"background-color":"","background-image":"","background-repeat":"repeat","background-position":"center center","background-size":"auto","background-attachment":"scroll","background-type":"","background-media":"","overlay-type":"","overlay-color":"","overlay-opacity":"","overlay-gradient":""}},"ast-content-background-meta":{"desktop":{"background-color":"var(--ast-global-color-5)","background-image":"","background-repeat":"repeat","background-position":"center center","background-size":"auto","background-attachment":"scroll","background-type":"","background-media":"","overlay-type":"","overlay-color":"","overlay-opacity":"","overlay-gradient":""},"tablet":{"background-color":"var(--ast-global-color-5)","background-image":"","background-repeat":"repeat","background-position":"center center","background-size":"auto","background-attachment":"scroll","background-type":"","background-media":"","overlay-type":"","overlay-color":"","overlay-opacity":"","overlay-gradient":""},"mobile":{"background-color":"var(--ast-global-color-5)","background-image":"","background-repeat":"repeat","background-position":"center center","background-size":"auto","background-attachment":"scroll","background-type":"","background-media":"","overlay-type":"","overlay-color":"","overlay-opacity":"","overlay-gradient":""}}},"product_brand":[],"product_cat":[361],"product_tag":[],"class_list":{"0":"post-24305","1":"product","2":"type-product","3":"status-publish","4":"has-post-thumbnail","6":"product_cat-qsfp28-bidirectional","7":"desktop-align-left","8":"tablet-align-left","9":"mobile-align-left","10":"ast-product-gallery-layout-horizontal-slider","11":"ast-product-gallery-with-no-image","12":"ast-product-tabs-layout-horizontal","14":"first","15":"instock","16":"shipping-taxable","17":"purchasable","18":"product-type-simple"},"composite_virtual":false,"composite_layout":"","composite_add_to_cart_form_location":"","composite_editable_in_cart":false,"composite_sold_individually_context":"","composite_shop_price_calc":"","composite_components":[],"composite_scenarios":[],"acf":[],"_links":{"self":[{"href":"https:\/\/www.precisionot.com\/fr\/wp-json\/wp\/v2\/product\/24305","targetHints":{"allow":["GET"]}}],"collection":[{"href":"https:\/\/www.precisionot.com\/fr\/wp-json\/wp\/v2\/product"}],"about":[{"href":"https:\/\/www.precisionot.com\/fr\/wp-json\/wp\/v2\/types\/product"}],"version-history":[{"count":0,"href":"https:\/\/www.precisionot.com\/fr\/wp-json\/wp\/v2\/product\/24305\/revisions"}],"wp:featuredmedia":[{"embeddable":true,"href":"https:\/\/www.precisionot.com\/fr\/wp-json\/wp\/v2\/media\/24307"}],"wp:attachment":[{"href":"https:\/\/www.precisionot.com\/fr\/wp-json\/wp\/v2\/media?parent=24305"}],"wp:term":[{"taxonomy":"product_brand","embeddable":true,"href":"https:\/\/www.precisionot.com\/fr\/wp-json\/wp\/v2\/product_brand?post=24305"},{"taxonomy":"product_cat","embeddable":true,"href":"https:\/\/www.precisionot.com\/fr\/wp-json\/wp\/v2\/product_cat?post=24305"},{"taxonomy":"product_tag","embeddable":true,"href":"https:\/\/www.precisionot.com\/fr\/wp-json\/wp\/v2\/product_tag?post=24305"}],"curies":[{"name":"wp","href":"https:\/\/api.w.org\/{rel}","templated":true}]}}