{"id":24169,"date":"2023-12-19T11:27:49","date_gmt":"2023-12-19T16:27:49","guid":{"rendered":"https:\/\/www.precisionot.com\/?post_type=product&#038;p=24169"},"modified":"2024-10-25T12:03:20","modified_gmt":"2024-10-25T16:03:20","slug":"broche-pre-sfp-dr5r2","status":"publish","type":"product","link":"https:\/\/www.precisionot.com\/fr\/product\/pre-sfp-dr5r2-pin\/","title":{"rendered":"PR\u00c9-SFP-DR5R2-PIN"},"content":{"rendered":"<p class=\"p2\"><span class=\"TextRun SCXW252985394 BCX0\" lang=\"EN-US\" xml:lang=\"EN-US\" data-contrast=\"auto\"><span class=\"NormalTextRun SCXW252985394 BCX0\">Le module \u00e9metteur-r\u00e9cepteur optique SFP-DR5R2-PIN prend en charge les applications de retour num\u00e9rique 5G et dispose de r\u00e9cepteurs \u00e0 photodiode PIN double pour une d\u00e9tection de signal fiable et \u00e0 haute sensibilit\u00e9. Con\u00e7u pour la fibre monomode (SMF) avec connecteurs duplex LC, ce module est id\u00e9al pour les applications de retour num\u00e9rique et de haute capacit\u00e9 dans les r\u00e9seaux de t\u00e9l\u00e9communications et industriels.<\/span><\/span><\/p>\n<hr \/>\n<p class=\"p2\"><span class=\"TextRun SCXW252985394 BCX0\" lang=\"EN-US\" xml:lang=\"EN-US\" data-contrast=\"auto\"><span class=\"NormalTextRun SCXW252985394 BCX0\">Sa configuration double Rx am\u00e9liore l&#039;int\u00e9grit\u00e9 du signal, offrant une r\u00e9ception de donn\u00e9es robuste sur les r\u00e9seaux monomodes. La conception \u00e9changeable \u00e0 chaud garantit une int\u00e9gration ou un remplacement facile sans interrompre les op\u00e9rations r\u00e9seau, ce qui fait du SFP-DR5R2-PIN un choix polyvalent pour les environnements de retour num\u00e9rique \u00e0 double r\u00e9ception hautes performances.<\/span><\/span><\/p>","protected":false},"excerpt":{"rendered":"<p class=\"p2\"><span class=\"TextRun SCXW36114069 BCX0\" lang=\"EN-US\" xml:lang=\"EN-US\" data-contrast=\"auto\"><span class=\"NormalTextRun SCXW36114069 BCX0\">L&#039;\u00e9metteur-r\u00e9cepteur SFP-DR5R2-PIN prend en charge le retour num\u00e9rique 5G avec deux r\u00e9cepteurs PIN sur fibre monomode, con\u00e7u pour une r\u00e9ception de signal robuste dans des environnements hautes performances.<\/span><\/span><\/p>\n<hr \/>\n<p class=\"p2\"><strong>SFP, retour num\u00e9rique, PIN Dual Rx, 5G, SMF\/LC<\/strong><\/p>","protected":false},"featured_media":24171,"template":"","meta":{"_acf_changed":false,"content-type":"","site-sidebar-layout":"default","site-content-layout":"default","ast-site-content-layout":"default","site-content-style":"default","site-sidebar-style":"default","ast-global-header-display":"","ast-banner-title-visibility":"","ast-main-header-display":"","ast-hfb-above-header-display":"","ast-hfb-below-header-display":"","ast-hfb-mobile-header-display":"","site-post-title":"","ast-breadcrumbs-content":"","ast-featured-img":"","footer-sml-layout":"","ast-disable-related-posts":"","theme-transparent-header-meta":"default","adv-header-id-meta":"","stick-header-meta":"","header-above-stick-meta":"","header-main-stick-meta":"","header-below-stick-meta":"","astra-migrate-meta-layouts":"set","ast-page-background-enabled":"default","ast-page-background-meta":{"desktop":{"background-color":"","background-image":"","background-repeat":"repeat","background-position":"center center","background-size":"auto","background-attachment":"scroll","background-type":"","background-media":"","overlay-type":"","overlay-color":"","overlay-opacity":"","overlay-gradient":""},"tablet":{"background-color":"","background-image":"","background-repeat":"repeat","background-position":"center center","background-size":"auto","background-attachment":"scroll","background-type":"","background-media":"","overlay-type":"","overlay-color":"","overlay-opacity":"","overlay-gradient":""},"mobile":{"background-color":"","background-image":"","background-repeat":"repeat","background-position":"center center","background-size":"auto","background-attachment":"scroll","background-type":"","background-media":"","overlay-type":"","overlay-color":"","overlay-opacity":"","overlay-gradient":""}},"ast-content-background-meta":{"desktop":{"background-color":"var(--ast-global-color-5)","background-image":"","background-repeat":"repeat","background-position":"center center","background-size":"auto","background-attachment":"scroll","background-type":"","background-media":"","overlay-type":"","overlay-color":"","overlay-opacity":"","overlay-gradient":""},"tablet":{"background-color":"var(--ast-global-color-5)","background-image":"","background-repeat":"repeat","background-position":"center center","background-size":"auto","background-attachment":"scroll","background-type":"","background-media":"","overlay-type":"","overlay-color":"","overlay-opacity":"","overlay-gradient":""},"mobile":{"background-color":"var(--ast-global-color-5)","background-image":"","background-repeat":"repeat","background-position":"center center","background-size":"auto","background-attachment":"scroll","background-type":"","background-media":"","overlay-type":"","overlay-color":"","overlay-opacity":"","overlay-gradient":""}}},"product_brand":[],"product_cat":[324],"product_tag":[],"class_list":{"0":"post-24169","1":"product","2":"type-product","3":"status-publish","4":"has-post-thumbnail","6":"product_cat-sfp-specialty","7":"desktop-align-left","8":"tablet-align-left","9":"mobile-align-left","10":"ast-product-gallery-layout-horizontal-slider","11":"ast-product-gallery-with-no-image","12":"ast-product-tabs-layout-horizontal","14":"first","15":"instock","16":"shipping-taxable","17":"purchasable","18":"product-type-simple"},"composite_virtual":false,"composite_layout":"","composite_add_to_cart_form_location":"","composite_editable_in_cart":false,"composite_sold_individually_context":"","composite_shop_price_calc":"","composite_components":[],"composite_scenarios":[],"acf":[],"_links":{"self":[{"href":"https:\/\/www.precisionot.com\/fr\/wp-json\/wp\/v2\/product\/24169","targetHints":{"allow":["GET"]}}],"collection":[{"href":"https:\/\/www.precisionot.com\/fr\/wp-json\/wp\/v2\/product"}],"about":[{"href":"https:\/\/www.precisionot.com\/fr\/wp-json\/wp\/v2\/types\/product"}],"version-history":[{"count":0,"href":"https:\/\/www.precisionot.com\/fr\/wp-json\/wp\/v2\/product\/24169\/revisions"}],"wp:featuredmedia":[{"embeddable":true,"href":"https:\/\/www.precisionot.com\/fr\/wp-json\/wp\/v2\/media\/24171"}],"wp:attachment":[{"href":"https:\/\/www.precisionot.com\/fr\/wp-json\/wp\/v2\/media?parent=24169"}],"wp:term":[{"taxonomy":"product_brand","embeddable":true,"href":"https:\/\/www.precisionot.com\/fr\/wp-json\/wp\/v2\/product_brand?post=24169"},{"taxonomy":"product_cat","embeddable":true,"href":"https:\/\/www.precisionot.com\/fr\/wp-json\/wp\/v2\/product_cat?post=24169"},{"taxonomy":"product_tag","embeddable":true,"href":"https:\/\/www.precisionot.com\/fr\/wp-json\/wp\/v2\/product_tag?post=24169"}],"curies":[{"name":"wp","href":"https:\/\/api.w.org\/{rel}","templated":true}]}}