{"id":23698,"date":"2023-12-04T08:23:37","date_gmt":"2023-12-04T13:23:37","guid":{"rendered":"https:\/\/www.precisionot.com\/?post_type=product&#038;p=23698"},"modified":"2024-09-17T16:37:27","modified_gmt":"2024-09-17T20:37:27","slug":"pre-qsfp-swdm4","status":"publish","type":"product","link":"https:\/\/www.precisionot.com\/fr\/product\/pre-qsfp-swdm4\/","title":{"rendered":"PR\u00c9-QSFP-SWDM4"},"content":{"rendered":"<p class=\"p2\"><span class=\"NormalTextRun SCXW8425092 BCX0\">L&#039;\u00e9metteur-r\u00e9cepteur optique QSFP-SWDM4 de Precision OT prend en charge Ethernet 40G \u00e0 l&#039;aide de la technologie avanc\u00e9e de multiplexage par r\u00e9partition en longueur d&#039;onde dense (SWDM) \u00e0 ondes courtes, prenant en charge des distances de transmission jusqu&#039;\u00e0 <\/span><span class=\"NormalTextRun AdvancedProofingIssueV2Themed SCXW8425092 BCX0\">100 m\u00e8tres<\/span><span class=\"NormalTextRun SCXW8425092 BCX0\"> sur fibre multimode (MMF). Le QSFP-SWDM4 est con\u00e7u pour prendre en charge les interconnexions de centres de donn\u00e9es et les connexions r\u00e9seau \u00e0 haut d\u00e9bit. En exploitant la technologie SWDM, le module permet des canaux de longueur d&#039;onde \u00e0 haute densit\u00e9 sur une seule fibre, optimisant ainsi le r\u00e9seau <\/span><span class=\"NormalTextRun SCXW8425092 BCX0\">capacit\u00e9<\/span><span class=\"NormalTextRun SCXW8425092 BCX0\"> et l&#039;efficacit\u00e9.<\/span><\/p>\n<hr \/>\n<p class=\"p2\"><span class=\"NormalTextRun SCXW8425092 BCX0\">Il comprend une surveillance de diagnostic num\u00e9rique (DDM) pour la surveillance des indicateurs cl\u00e9s, garantissant la stabilit\u00e9 du r\u00e9seau et simplifiant la maintenance. Avec une conception \u00e9changeable \u00e0 chaud, le QSFP-SWDM4 permet une installation et un remplacement rapides sans perturber les op\u00e9rations du r\u00e9seau. <\/span><span class=\"NormalTextRun SCXW8425092 BCX0\">optimal<\/span><span class=\"NormalTextRun SCXW8425092 BCX0\"> pour les centres de donn\u00e9es modernes et les r\u00e9seaux \u00e0 haut d\u00e9bit, visant \u00e0 r\u00e9duire la complexit\u00e9 et les co\u00fbts de la fibre.<\/span><\/p>","protected":false},"excerpt":{"rendered":"<p><span class=\"NormalTextRun SCXW169398180 BCX0\">L&#039;\u00e9metteur-r\u00e9cepteur optique QSFP-SWDM4 prend en charge Ethernet 40G \u00e0 l&#039;aide de la technologie avanc\u00e9e de multiplexage par r\u00e9partition en longueur d&#039;onde dense (SWDM) \u00e0 ondes courtes, prenant en charge des distances de transmission jusqu&#039;\u00e0 <\/span><span class=\"NormalTextRun AdvancedProofingIssueV2Themed SCXW169398180 BCX0\">100 m\u00e8tres<\/span><span class=\"NormalTextRun SCXW169398180 BCX0\"> sur fibre multimode (MMF)<\/span><span class=\"NormalTextRun SCXW169398180 BCX0\">.<\/span><\/p>\n<hr \/>\n<p class=\"p2\"><strong>QSFP, SWDM4, 850 nm, 40G, 350 m, MMF\/LC<\/strong><\/p>","protected":false},"featured_media":26800,"template":"","meta":{"_acf_changed":false,"content-type":"","site-sidebar-layout":"default","site-content-layout":"default","ast-site-content-layout":"default","site-content-style":"default","site-sidebar-style":"default","ast-global-header-display":"","ast-banner-title-visibility":"","ast-main-header-display":"","ast-hfb-above-header-display":"","ast-hfb-below-header-display":"","ast-hfb-mobile-header-display":"","site-post-title":"","ast-breadcrumbs-content":"","ast-featured-img":"","footer-sml-layout":"","ast-disable-related-posts":"","theme-transparent-header-meta":"default","adv-header-id-meta":"","stick-header-meta":"","header-above-stick-meta":"","header-main-stick-meta":"","header-below-stick-meta":"","astra-migrate-meta-layouts":"set","ast-page-background-enabled":"default","ast-page-background-meta":{"desktop":{"background-color":"","background-image":"","background-repeat":"repeat","background-position":"center center","background-size":"auto","background-attachment":"scroll","background-type":"","background-media":"","overlay-type":"","overlay-color":"","overlay-opacity":"","overlay-gradient":""},"tablet":{"background-color":"","background-image":"","background-repeat":"repeat","background-position":"center center","background-size":"auto","background-attachment":"scroll","background-type":"","background-media":"","overlay-type":"","overlay-color":"","overlay-opacity":"","overlay-gradient":""},"mobile":{"background-color":"","background-image":"","background-repeat":"repeat","background-position":"center center","background-size":"auto","background-attachment":"scroll","background-type":"","background-media":"","overlay-type":"","overlay-color":"","overlay-opacity":"","overlay-gradient":""}},"ast-content-background-meta":{"desktop":{"background-color":"var(--ast-global-color-5)","background-image":"","background-repeat":"repeat","background-position":"center center","background-size":"auto","background-attachment":"scroll","background-type":"","background-media":"","overlay-type":"","overlay-color":"","overlay-opacity":"","overlay-gradient":""},"tablet":{"background-color":"var(--ast-global-color-5)","background-image":"","background-repeat":"repeat","background-position":"center center","background-size":"auto","background-attachment":"scroll","background-type":"","background-media":"","overlay-type":"","overlay-color":"","overlay-opacity":"","overlay-gradient":""},"mobile":{"background-color":"var(--ast-global-color-5)","background-image":"","background-repeat":"repeat","background-position":"center center","background-size":"auto","background-attachment":"scroll","background-type":"","background-media":"","overlay-type":"","overlay-color":"","overlay-opacity":"","overlay-gradient":""}}},"product_brand":[],"product_cat":[300],"product_tag":[],"class_list":{"0":"post-23698","1":"product","2":"type-product","3":"status-publish","4":"has-post-thumbnail","6":"product_cat-qsfp-standard","7":"desktop-align-left","8":"tablet-align-left","9":"mobile-align-left","10":"ast-product-gallery-layout-horizontal-slider","11":"ast-product-gallery-with-no-image","12":"ast-product-tabs-layout-horizontal","14":"first","15":"instock","16":"shipping-taxable","17":"purchasable","18":"product-type-simple"},"composite_virtual":false,"composite_layout":"","composite_add_to_cart_form_location":"","composite_editable_in_cart":false,"composite_sold_individually_context":"","composite_shop_price_calc":"","composite_components":[],"composite_scenarios":[],"acf":[],"_links":{"self":[{"href":"https:\/\/www.precisionot.com\/fr\/wp-json\/wp\/v2\/product\/23698","targetHints":{"allow":["GET"]}}],"collection":[{"href":"https:\/\/www.precisionot.com\/fr\/wp-json\/wp\/v2\/product"}],"about":[{"href":"https:\/\/www.precisionot.com\/fr\/wp-json\/wp\/v2\/types\/product"}],"version-history":[{"count":0,"href":"https:\/\/www.precisionot.com\/fr\/wp-json\/wp\/v2\/product\/23698\/revisions"}],"wp:featuredmedia":[{"embeddable":true,"href":"https:\/\/www.precisionot.com\/fr\/wp-json\/wp\/v2\/media\/26800"}],"wp:attachment":[{"href":"https:\/\/www.precisionot.com\/fr\/wp-json\/wp\/v2\/media?parent=23698"}],"wp:term":[{"taxonomy":"product_brand","embeddable":true,"href":"https:\/\/www.precisionot.com\/fr\/wp-json\/wp\/v2\/product_brand?post=23698"},{"taxonomy":"product_cat","embeddable":true,"href":"https:\/\/www.precisionot.com\/fr\/wp-json\/wp\/v2\/product_cat?post=23698"},{"taxonomy":"product_tag","embeddable":true,"href":"https:\/\/www.precisionot.com\/fr\/wp-json\/wp\/v2\/product_tag?post=23698"}],"curies":[{"name":"wp","href":"https:\/\/api.w.org\/{rel}","templated":true}]}}