{"id":23300,"date":"2023-10-25T08:15:23","date_gmt":"2023-10-25T12:15:23","guid":{"rendered":"https:\/\/www.precisionot.com\/?post_type=product&#038;p=23300"},"modified":"2025-03-26T10:03:10","modified_gmt":"2025-03-26T14:03:10","slug":"pre-sfp10g-xgtb-e1i","status":"publish","type":"product","link":"https:\/\/www.precisionot.com\/fr\/product\/pre-sfp10g-xgtb-e1i\/","title":{"rendered":"PRE-SFP10G-XGTB-E1(I)"},"content":{"rendered":"<p class=\"p2\"><span class=\"NormalTextRun SCXW239820849 BCX0\">Le SFP10G-XGTB-E1(I) est un module \u00e9metteur-r\u00e9cepteur optique SFP+ sp\u00e9cialement con\u00e7u pour les applications XGS-PON OLT (Optical Line Terminal). Ce module est <\/span><span class=\"NormalTextRun SCXW239820849 BCX0\">optimis\u00e9<\/span><span class=\"NormalTextRun SCXW239820849 BCX0\"> pour les r\u00e9seaux XGS-PON haute capacit\u00e9, prenant en charge des d\u00e9bits de donn\u00e9es sym\u00e9triques 10G en amont et en aval.<\/span><\/p>\n<hr \/>\n<p class=\"p2\"><span class=\"NormalTextRun SCXW239820849 BCX0\">Con\u00e7u pour la fibre monomode (SMF) avec un connecteur SC, le SFP10G-XGTB-E1 garantit une connectivit\u00e9 stable et fiable dans les environnements \u00e0 temp\u00e9rature commerciale (C-temp), ce qui le rend id\u00e9al pour la fibre jusqu&#039;au domicile (FTTH) et d&#039;autres d\u00e9ploiements PON (Passive Optical Network). <\/span><span class=\"NormalTextRun ContextualSpellingAndGrammarErrorV2Themed SCXW239820849 BCX0\">C&#039;est<\/span><span class=\"NormalTextRun SCXW239820849 BCX0\"> La conception rempla\u00e7able \u00e0 chaud permet une int\u00e9gration ou un remplacement facile, garantissant ainsi des op\u00e9rations r\u00e9seau transparentes.<\/span><\/p>","protected":false},"excerpt":{"rendered":"<p class=\"p2\"><span class=\"TextRun SCXW234072139 BCX0\" lang=\"EN-US\" xml:lang=\"EN-US\" data-contrast=\"auto\"><span class=\"NormalTextRun SCXW234072139 BCX0\">L&#039;\u00e9metteur-r\u00e9cepteur SFP10G-XGTB-E1 prend en charge les applications OLT XGS-PON sur fibre monomode, con\u00e7u pour les environnements C-temp avec un connecteur SC pour une int\u00e9gration fiable.<\/span><\/span><\/p>\n<hr \/>\n<p class=\"p2\"><strong>SFP+, XGS-PON OLT, E1, SMF\/SC<\/strong><\/p>","protected":false},"featured_media":23303,"template":"","meta":{"_acf_changed":false,"content-type":"","site-sidebar-layout":"default","site-content-layout":"default","ast-site-content-layout":"default","site-content-style":"default","site-sidebar-style":"default","ast-global-header-display":"","ast-banner-title-visibility":"","ast-main-header-display":"","ast-hfb-above-header-display":"","ast-hfb-below-header-display":"","ast-hfb-mobile-header-display":"","site-post-title":"","ast-breadcrumbs-content":"","ast-featured-img":"","footer-sml-layout":"","ast-disable-related-posts":"","theme-transparent-header-meta":"default","adv-header-id-meta":"","stick-header-meta":"","header-above-stick-meta":"","header-main-stick-meta":"","header-below-stick-meta":"","astra-migrate-meta-layouts":"set","ast-page-background-enabled":"default","ast-page-background-meta":{"desktop":{"background-color":"","background-image":"","background-repeat":"repeat","background-position":"center center","background-size":"auto","background-attachment":"scroll","background-type":"","background-media":"","overlay-type":"","overlay-color":"","overlay-opacity":"","overlay-gradient":""},"tablet":{"background-color":"","background-image":"","background-repeat":"repeat","background-position":"center center","background-size":"auto","background-attachment":"scroll","background-type":"","background-media":"","overlay-type":"","overlay-color":"","overlay-opacity":"","overlay-gradient":""},"mobile":{"background-color":"","background-image":"","background-repeat":"repeat","background-position":"center center","background-size":"auto","background-attachment":"scroll","background-type":"","background-media":"","overlay-type":"","overlay-color":"","overlay-opacity":"","overlay-gradient":""}},"ast-content-background-meta":{"desktop":{"background-color":"var(--ast-global-color-5)","background-image":"","background-repeat":"repeat","background-position":"center center","background-size":"auto","background-attachment":"scroll","background-type":"","background-media":"","overlay-type":"","overlay-color":"","overlay-opacity":"","overlay-gradient":""},"tablet":{"background-color":"var(--ast-global-color-5)","background-image":"","background-repeat":"repeat","background-position":"center center","background-size":"auto","background-attachment":"scroll","background-type":"","background-media":"","overlay-type":"","overlay-color":"","overlay-opacity":"","overlay-gradient":""},"mobile":{"background-color":"var(--ast-global-color-5)","background-image":"","background-repeat":"repeat","background-position":"center center","background-size":"auto","background-attachment":"scroll","background-type":"","background-media":"","overlay-type":"","overlay-color":"","overlay-opacity":"","overlay-gradient":""}}},"product_brand":[],"product_cat":[327],"product_tag":[],"class_list":{"0":"post-23300","1":"product","2":"type-product","3":"status-publish","4":"has-post-thumbnail","6":"product_cat-xgspon","7":"desktop-align-left","8":"tablet-align-left","9":"mobile-align-left","10":"ast-product-gallery-layout-horizontal-slider","11":"ast-product-gallery-with-no-image","12":"ast-product-tabs-layout-horizontal","14":"first","15":"instock","16":"shipping-taxable","17":"purchasable","18":"product-type-simple"},"composite_virtual":false,"composite_layout":"","composite_add_to_cart_form_location":"","composite_editable_in_cart":false,"composite_sold_individually_context":"","composite_shop_price_calc":"","composite_components":[],"composite_scenarios":[],"acf":[],"_links":{"self":[{"href":"https:\/\/www.precisionot.com\/fr\/wp-json\/wp\/v2\/product\/23300","targetHints":{"allow":["GET"]}}],"collection":[{"href":"https:\/\/www.precisionot.com\/fr\/wp-json\/wp\/v2\/product"}],"about":[{"href":"https:\/\/www.precisionot.com\/fr\/wp-json\/wp\/v2\/types\/product"}],"version-history":[{"count":0,"href":"https:\/\/www.precisionot.com\/fr\/wp-json\/wp\/v2\/product\/23300\/revisions"}],"wp:featuredmedia":[{"embeddable":true,"href":"https:\/\/www.precisionot.com\/fr\/wp-json\/wp\/v2\/media\/23303"}],"wp:attachment":[{"href":"https:\/\/www.precisionot.com\/fr\/wp-json\/wp\/v2\/media?parent=23300"}],"wp:term":[{"taxonomy":"product_brand","embeddable":true,"href":"https:\/\/www.precisionot.com\/fr\/wp-json\/wp\/v2\/product_brand?post=23300"},{"taxonomy":"product_cat","embeddable":true,"href":"https:\/\/www.precisionot.com\/fr\/wp-json\/wp\/v2\/product_cat?post=23300"},{"taxonomy":"product_tag","embeddable":true,"href":"https:\/\/www.precisionot.com\/fr\/wp-json\/wp\/v2\/product_tag?post=23300"}],"curies":[{"name":"wp","href":"https:\/\/api.w.org\/{rel}","templated":true}]}}