{"id":23165,"date":"2023-10-12T08:38:14","date_gmt":"2023-10-12T12:38:14","guid":{"rendered":"https:\/\/www.precisionot.com\/?post_type=product&#038;p=23165"},"modified":"2024-09-17T16:35:30","modified_gmt":"2024-09-17T20:35:30","slug":"pre-qsfp-zr4","status":"publish","type":"product","link":"https:\/\/www.precisionot.com\/fr\/product\/pre-qsfp-zr4\/","title":{"rendered":"PR\u00c9-QSFP-ZR4"},"content":{"rendered":"<p class=\"p2\"><span class=\"NormalTextRun SCXW122478642 BCX0\">L&#039;\u00e9metteur-r\u00e9cepteur optique hautes performances QSFP-ZR4 de Precision OT prend en charge et est con\u00e7u pour les applications Ethernet 40G jusqu&#039;\u00e0 <\/span><span class=\"NormalTextRun AdvancedProofingIssueV2Themed SCXW122478642 BCX0\">90 kilom\u00e8tres<\/span><span class=\"NormalTextRun SCXW122478642 BCX0\"> sur fibre monomode (SMF)<\/span><span class=\"NormalTextRun SCXW122478642 BCX0\">.\u00a0 <\/span><span class=\"NormalTextRun SCXW122478642 BCX0\">L&#039;\u00e9metteur-r\u00e9cepteur est con\u00e7u pour les applications exigeantes telles que les interconnexions de centres de donn\u00e9es longue distance, les r\u00e9seaux m\u00e9tropolitains et les t\u00e9l\u00e9communications. Le QSFP-ZR4 est dot\u00e9 d&#039;\u00e9metteurs EML, de r\u00e9cepteurs SOA-PIN, d&#039;un type de connecteur LC-UPC et d&#039;une surveillance de diagnostic num\u00e9rique (DDM).<\/span><\/p>\n<hr \/>\n<p class=\"p2\"><span class=\"NormalTextRun SCXW122478642 BCX0\">Le QSFP-ZR4 permet une surveillance en temps r\u00e9el de param\u00e8tres critiques tels que la puissance optique et la temp\u00e9rature, garantissant ainsi la fiabilit\u00e9 du r\u00e9seau et un d\u00e9pannage facile. <\/span><span class=\"NormalTextRun ContextualSpellingAndGrammarErrorV2Themed SCXW122478642 BCX0\">C&#039;est<\/span><span class=\"NormalTextRun SCXW122478642 BCX0\"> La conception \u00e9changeable \u00e0 chaud simplifie l&#039;installation et les mises \u00e0 niveau sans interrompre les op\u00e9rations r\u00e9seau. De plus, la faible consommation d&#039;\u00e9nergie et les performances du QSFP-ZR4 en font une solution \u00e9conomique pour les organisations qui cherchent \u00e0 \u00e9tendre leur infrastructure r\u00e9seau haut d\u00e9bit sur de longues distances tout en <\/span><span class=\"NormalTextRun SCXW122478642 BCX0\">maintenir<\/span><span class=\"NormalTextRun SCXW122478642 BCX0\"> efficacit\u00e9 op\u00e9rationnelle.<\/span><\/p>","protected":false},"excerpt":{"rendered":"<p><span class=\"TextRun SCXW137019622 BCX0\" lang=\"EN-US\" xml:lang=\"EN-US\" data-contrast=\"none\"><span class=\"NormalTextRun SCXW137019622 BCX0\">L&#039;\u00e9metteur-r\u00e9cepteur optique PRE-QSFP-ZR4 de Precision OT prend en charge les applications Ethernet 40G jusqu&#039;\u00e0 <\/span><span class=\"NormalTextRun AdvancedProofingIssueV2Themed SCXW137019622 BCX0\">90km<\/span><span class=\"NormalTextRun SCXW137019622 BCX0\"> sur fibre monomode (SMF). Le PRE-QSFP-ZR4 est dot\u00e9 d&#039;\u00e9metteurs EML, de r\u00e9cepteurs SOA-PIN, d&#039;un type de connecteur LC-UPC et d&#039;une surveillance de diagnostic num\u00e9rique (DDM)<\/span><span class=\"NormalTextRun SCXW137019622 BCX0\">.\u00a0\u00a0<\/span><\/span><span class=\"EOP SCXW137019622 BCX0\" data-ccp-props=\"{&quot;134233117&quot;:false,&quot;134233118&quot;:false,&quot;201341983&quot;:0,&quot;335557856&quot;:16777215,&quot;335559738&quot;:0,&quot;335559739&quot;:0,&quot;335559740&quot;:279}\">\u00a0<\/span><\/p>\n<hr \/>\n<p class=\"p2\"><strong>QSFP, ZR4, LWDM, 40G, 80 km, SMF\/LC, C-Temp<\/strong><\/p>","protected":false},"featured_media":23167,"template":"","meta":{"_acf_changed":false,"content-type":"","site-sidebar-layout":"default","site-content-layout":"default","ast-site-content-layout":"default","site-content-style":"default","site-sidebar-style":"default","ast-global-header-display":"","ast-banner-title-visibility":"","ast-main-header-display":"","ast-hfb-above-header-display":"","ast-hfb-below-header-display":"","ast-hfb-mobile-header-display":"","site-post-title":"","ast-breadcrumbs-content":"","ast-featured-img":"","footer-sml-layout":"","ast-disable-related-posts":"","theme-transparent-header-meta":"default","adv-header-id-meta":"","stick-header-meta":"","header-above-stick-meta":"","header-main-stick-meta":"","header-below-stick-meta":"","astra-migrate-meta-layouts":"set","ast-page-background-enabled":"default","ast-page-background-meta":{"desktop":{"background-color":"","background-image":"","background-repeat":"repeat","background-position":"center center","background-size":"auto","background-attachment":"scroll","background-type":"","background-media":"","overlay-type":"","overlay-color":"","overlay-opacity":"","overlay-gradient":""},"tablet":{"background-color":"","background-image":"","background-repeat":"repeat","background-position":"center center","background-size":"auto","background-attachment":"scroll","background-type":"","background-media":"","overlay-type":"","overlay-color":"","overlay-opacity":"","overlay-gradient":""},"mobile":{"background-color":"","background-image":"","background-repeat":"repeat","background-position":"center center","background-size":"auto","background-attachment":"scroll","background-type":"","background-media":"","overlay-type":"","overlay-color":"","overlay-opacity":"","overlay-gradient":""}},"ast-content-background-meta":{"desktop":{"background-color":"var(--ast-global-color-5)","background-image":"","background-repeat":"repeat","background-position":"center center","background-size":"auto","background-attachment":"scroll","background-type":"","background-media":"","overlay-type":"","overlay-color":"","overlay-opacity":"","overlay-gradient":""},"tablet":{"background-color":"var(--ast-global-color-5)","background-image":"","background-repeat":"repeat","background-position":"center center","background-size":"auto","background-attachment":"scroll","background-type":"","background-media":"","overlay-type":"","overlay-color":"","overlay-opacity":"","overlay-gradient":""},"mobile":{"background-color":"var(--ast-global-color-5)","background-image":"","background-repeat":"repeat","background-position":"center center","background-size":"auto","background-attachment":"scroll","background-type":"","background-media":"","overlay-type":"","overlay-color":"","overlay-opacity":"","overlay-gradient":""}}},"product_brand":[],"product_cat":[300],"product_tag":[],"class_list":{"0":"post-23165","1":"product","2":"type-product","3":"status-publish","4":"has-post-thumbnail","6":"product_cat-qsfp-standard","7":"desktop-align-left","8":"tablet-align-left","9":"mobile-align-left","10":"ast-product-gallery-layout-horizontal-slider","11":"ast-product-gallery-with-no-image","12":"ast-product-tabs-layout-horizontal","14":"first","15":"instock","16":"shipping-taxable","17":"purchasable","18":"product-type-simple"},"composite_virtual":false,"composite_layout":"","composite_add_to_cart_form_location":"","composite_editable_in_cart":false,"composite_sold_individually_context":"","composite_shop_price_calc":"","composite_components":[],"composite_scenarios":[],"acf":[],"_links":{"self":[{"href":"https:\/\/www.precisionot.com\/fr\/wp-json\/wp\/v2\/product\/23165","targetHints":{"allow":["GET"]}}],"collection":[{"href":"https:\/\/www.precisionot.com\/fr\/wp-json\/wp\/v2\/product"}],"about":[{"href":"https:\/\/www.precisionot.com\/fr\/wp-json\/wp\/v2\/types\/product"}],"version-history":[{"count":0,"href":"https:\/\/www.precisionot.com\/fr\/wp-json\/wp\/v2\/product\/23165\/revisions"}],"wp:featuredmedia":[{"embeddable":true,"href":"https:\/\/www.precisionot.com\/fr\/wp-json\/wp\/v2\/media\/23167"}],"wp:attachment":[{"href":"https:\/\/www.precisionot.com\/fr\/wp-json\/wp\/v2\/media?parent=23165"}],"wp:term":[{"taxonomy":"product_brand","embeddable":true,"href":"https:\/\/www.precisionot.com\/fr\/wp-json\/wp\/v2\/product_brand?post=23165"},{"taxonomy":"product_cat","embeddable":true,"href":"https:\/\/www.precisionot.com\/fr\/wp-json\/wp\/v2\/product_cat?post=23165"},{"taxonomy":"product_tag","embeddable":true,"href":"https:\/\/www.precisionot.com\/fr\/wp-json\/wp\/v2\/product_tag?post=23165"}],"curies":[{"name":"wp","href":"https:\/\/api.w.org\/{rel}","templated":true}]}}