{"id":19774,"date":"2023-06-12T11:05:40","date_gmt":"2023-06-12T15:05:40","guid":{"rendered":"https:\/\/www.precisionot.com\/?post_type=product&#038;p=19774"},"modified":"2024-11-13T11:53:05","modified_gmt":"2024-11-13T16:53:05","slug":"pre-qsfp28-dxx-zr1","status":"publish","type":"product","link":"https:\/\/www.precisionot.com\/fr\/product\/pre-qsfp28-dxx-zr1\/","title":{"rendered":"PRE-QSFP28-Dxx-ZR1"},"content":{"rendered":"<p class=\"p2\">Le module \u00e9metteur-r\u00e9cepteur optique QSFP28-DXX-ZR1 est con\u00e7u pour la transmission Ethernet 100G longue port\u00e9e, prenant en charge des distances allant jusqu&#039;\u00e0 80 kilom\u00e8tres sur fibre monomode (SMF) avec des connecteurs duplex LC. Utilisant la technologie DWDM (Dense Wavelength Division Multiplexing) avec une grille de 100 GHz dans la bande C, le module fournit une transmission de donn\u00e9es longue distance \u00e0 large bande passante tout en maintenant l&#039;efficacit\u00e9 spectrale.<\/p>\n<hr \/>\n<p class=\"p2\">L&#039;\u00e9metteur-r\u00e9cepteur est dot\u00e9 d&#039;une modulation PAM4 pour des performances am\u00e9lior\u00e9es sur de longues distances et est id\u00e9al pour les r\u00e9seaux m\u00e9tropolitains et les applications longue distance. Fonctionnant dans des environnements \u00e0 temp\u00e9rature commerciale (C-temp), il est parfaitement adapt\u00e9 aux centres de donn\u00e9es et aux r\u00e9seaux d&#039;entreprise. La conception \u00e9changeable \u00e0 chaud permet une int\u00e9gration ou un remplacement facile sans interrompre les op\u00e9rations du r\u00e9seau, tandis que sa conception \u00e9conome en \u00e9nergie garantit une consommation d&#039;\u00e9nergie minimale.<\/p>","protected":false},"excerpt":{"rendered":"<p>Le module \u00e9metteur-r\u00e9cepteur optique QSFP28-DXX-ZR1 prend en charge Ethernet 100G sur fibre monomode avec une port\u00e9e allant jusqu&#039;\u00e0 80 kilom\u00e8tres \u00e0 l&#039;aide de la technologie DWDM PAM4 ZR.<\/p>\n<hr \/>\n<p class=\"p2\"><strong>QSFP28, PAM4 ZR, DWDM 100GHz, DWDM Bande C, 100G, 80km, SMF\/LC, C-Temp<\/strong><\/p>","protected":false},"featured_media":24078,"template":"","meta":{"_acf_changed":false,"content-type":"","site-sidebar-layout":"default","site-content-layout":"default","ast-site-content-layout":"default","site-content-style":"default","site-sidebar-style":"default","ast-global-header-display":"","ast-banner-title-visibility":"","ast-main-header-display":"","ast-hfb-above-header-display":"","ast-hfb-below-header-display":"","ast-hfb-mobile-header-display":"","site-post-title":"","ast-breadcrumbs-content":"","ast-featured-img":"","footer-sml-layout":"","ast-disable-related-posts":"","theme-transparent-header-meta":"default","adv-header-id-meta":"","stick-header-meta":"","header-above-stick-meta":"","header-main-stick-meta":"","header-below-stick-meta":"","astra-migrate-meta-layouts":"set","ast-page-background-enabled":"default","ast-page-background-meta":{"desktop":{"background-color":"","background-image":"","background-repeat":"repeat","background-position":"center center","background-size":"auto","background-attachment":"scroll","background-type":"","background-media":"","overlay-type":"","overlay-color":"","overlay-opacity":"","overlay-gradient":""},"tablet":{"background-color":"","background-image":"","background-repeat":"repeat","background-position":"center center","background-size":"auto","background-attachment":"scroll","background-type":"","background-media":"","overlay-type":"","overlay-color":"","overlay-opacity":"","overlay-gradient":""},"mobile":{"background-color":"","background-image":"","background-repeat":"repeat","background-position":"center center","background-size":"auto","background-attachment":"scroll","background-type":"","background-media":"","overlay-type":"","overlay-color":"","overlay-opacity":"","overlay-gradient":""}},"ast-content-background-meta":{"desktop":{"background-color":"var(--ast-global-color-5)","background-image":"","background-repeat":"repeat","background-position":"center center","background-size":"auto","background-attachment":"scroll","background-type":"","background-media":"","overlay-type":"","overlay-color":"","overlay-opacity":"","overlay-gradient":""},"tablet":{"background-color":"var(--ast-global-color-5)","background-image":"","background-repeat":"repeat","background-position":"center center","background-size":"auto","background-attachment":"scroll","background-type":"","background-media":"","overlay-type":"","overlay-color":"","overlay-opacity":"","overlay-gradient":""},"mobile":{"background-color":"var(--ast-global-color-5)","background-image":"","background-repeat":"repeat","background-position":"center center","background-size":"auto","background-attachment":"scroll","background-type":"","background-media":"","overlay-type":"","overlay-color":"","overlay-opacity":"","overlay-gradient":""}}},"product_brand":[],"product_cat":[362],"product_tag":[],"class_list":{"0":"post-19774","1":"product","2":"type-product","3":"status-publish","4":"has-post-thumbnail","6":"product_cat-qsfp28-wdm","7":"desktop-align-left","8":"tablet-align-left","9":"mobile-align-left","10":"ast-product-gallery-layout-horizontal-slider","11":"ast-product-gallery-with-no-image","12":"ast-product-tabs-layout-horizontal","14":"first","15":"instock","16":"shipping-taxable","17":"purchasable","18":"product-type-simple"},"composite_virtual":false,"composite_layout":"","composite_add_to_cart_form_location":"","composite_editable_in_cart":false,"composite_sold_individually_context":"","composite_shop_price_calc":"","composite_components":[],"composite_scenarios":[],"acf":[],"_links":{"self":[{"href":"https:\/\/www.precisionot.com\/fr\/wp-json\/wp\/v2\/product\/19774","targetHints":{"allow":["GET"]}}],"collection":[{"href":"https:\/\/www.precisionot.com\/fr\/wp-json\/wp\/v2\/product"}],"about":[{"href":"https:\/\/www.precisionot.com\/fr\/wp-json\/wp\/v2\/types\/product"}],"version-history":[{"count":0,"href":"https:\/\/www.precisionot.com\/fr\/wp-json\/wp\/v2\/product\/19774\/revisions"}],"wp:featuredmedia":[{"embeddable":true,"href":"https:\/\/www.precisionot.com\/fr\/wp-json\/wp\/v2\/media\/24078"}],"wp:attachment":[{"href":"https:\/\/www.precisionot.com\/fr\/wp-json\/wp\/v2\/media?parent=19774"}],"wp:term":[{"taxonomy":"product_brand","embeddable":true,"href":"https:\/\/www.precisionot.com\/fr\/wp-json\/wp\/v2\/product_brand?post=19774"},{"taxonomy":"product_cat","embeddable":true,"href":"https:\/\/www.precisionot.com\/fr\/wp-json\/wp\/v2\/product_cat?post=19774"},{"taxonomy":"product_tag","embeddable":true,"href":"https:\/\/www.precisionot.com\/fr\/wp-json\/wp\/v2\/product_tag?post=19774"}],"curies":[{"name":"wp","href":"https:\/\/api.w.org\/{rel}","templated":true}]}}