{"id":19632,"date":"2023-05-31T12:05:30","date_gmt":"2023-05-31T16:05:30","guid":{"rendered":"https:\/\/www.precisionot.com\/?post_type=product&#038;p=19632"},"modified":"2024-09-18T12:16:13","modified_gmt":"2024-09-18T16:16:13","slug":"pre-qsfp28-swdm4","status":"publish","type":"product","link":"https:\/\/www.precisionot.com\/fr\/product\/pre-qsfp28-swdm4\/","title":{"rendered":"PRE-QSFP28-SWDM4"},"content":{"rendered":"<p class=\"p2\">Le module \u00e9metteur-r\u00e9cepteur optique QSFP28-SWDM4 est con\u00e7u pour la transmission Ethernet 100G \u00e0 courte port\u00e9e, prenant en charge des distances allant jusqu&#039;\u00e0 150 m\u00e8tres sur fibre multimode (MMF) avec des connecteurs duplex LC. Utilisant la technologie de multiplexage par r\u00e9partition en longueur d&#039;onde \u00e0 ondes courtes (SWDM4), ce module permet l&#039;utilisation de plusieurs longueurs d&#039;onde sur MMF pour augmenter l&#039;efficacit\u00e9 de la bande passante.<\/p>\n<hr \/>\n<p class=\"p2\">Fonctionnant \u00e0 une longueur d&#039;onde de 850 nm, il est id\u00e9al pour les applications de centres de donn\u00e9es \u00e0 haute densit\u00e9 et les r\u00e9seaux d&#039;entreprise qui n\u00e9cessitent une transmission de donn\u00e9es efficace sur de courtes distances. Le module est dot\u00e9 d&#039;une surveillance de diagnostic num\u00e9rique (DDM) pour un suivi des performances en temps r\u00e9el, permettant une gestion et un d\u00e9pannage proactifs du r\u00e9seau. Sa conception rempla\u00e7able \u00e0 chaud permet une int\u00e9gration ou un remplacement rapide sans perturber les op\u00e9rations du r\u00e9seau, tandis que sa faible consommation d&#039;\u00e9nergie garantit des performances \u00e9conomes en \u00e9nergie.<\/p>","protected":false},"excerpt":{"rendered":"<p>Le module \u00e9metteur-r\u00e9cepteur optique QSFP28-SWDM4 prend en charge Ethernet 100G sur fibre multimode avec une port\u00e9e allant jusqu&#039;\u00e0 150 m\u00e8tres gr\u00e2ce \u00e0 la technologie SWDM4.<\/p>\n<hr \/>\n<p class=\"p2\"><strong>QSFP28, SWDM4, 850nm, 100G, 150m, MMF\/LC<\/strong><\/p>","protected":false},"featured_media":24100,"template":"","meta":{"_acf_changed":false,"content-type":"","site-sidebar-layout":"default","site-content-layout":"default","ast-site-content-layout":"default","site-content-style":"default","site-sidebar-style":"default","ast-global-header-display":"","ast-banner-title-visibility":"","ast-main-header-display":"","ast-hfb-above-header-display":"","ast-hfb-below-header-display":"","ast-hfb-mobile-header-display":"","site-post-title":"","ast-breadcrumbs-content":"","ast-featured-img":"","footer-sml-layout":"","ast-disable-related-posts":"","theme-transparent-header-meta":"default","adv-header-id-meta":"","stick-header-meta":"","header-above-stick-meta":"","header-main-stick-meta":"","header-below-stick-meta":"","astra-migrate-meta-layouts":"set","ast-page-background-enabled":"default","ast-page-background-meta":{"desktop":{"background-color":"","background-image":"","background-repeat":"repeat","background-position":"center center","background-size":"auto","background-attachment":"scroll","background-type":"","background-media":"","overlay-type":"","overlay-color":"","overlay-opacity":"","overlay-gradient":""},"tablet":{"background-color":"","background-image":"","background-repeat":"repeat","background-position":"center center","background-size":"auto","background-attachment":"scroll","background-type":"","background-media":"","overlay-type":"","overlay-color":"","overlay-opacity":"","overlay-gradient":""},"mobile":{"background-color":"","background-image":"","background-repeat":"repeat","background-position":"center center","background-size":"auto","background-attachment":"scroll","background-type":"","background-media":"","overlay-type":"","overlay-color":"","overlay-opacity":"","overlay-gradient":""}},"ast-content-background-meta":{"desktop":{"background-color":"var(--ast-global-color-5)","background-image":"","background-repeat":"repeat","background-position":"center center","background-size":"auto","background-attachment":"scroll","background-type":"","background-media":"","overlay-type":"","overlay-color":"","overlay-opacity":"","overlay-gradient":""},"tablet":{"background-color":"var(--ast-global-color-5)","background-image":"","background-repeat":"repeat","background-position":"center center","background-size":"auto","background-attachment":"scroll","background-type":"","background-media":"","overlay-type":"","overlay-color":"","overlay-opacity":"","overlay-gradient":""},"mobile":{"background-color":"var(--ast-global-color-5)","background-image":"","background-repeat":"repeat","background-position":"center center","background-size":"auto","background-attachment":"scroll","background-type":"","background-media":"","overlay-type":"","overlay-color":"","overlay-opacity":"","overlay-gradient":""}}},"product_brand":[],"product_cat":[290],"product_tag":[],"class_list":{"0":"post-19632","1":"product","2":"type-product","3":"status-publish","4":"has-post-thumbnail","6":"product_cat-qsfp28-standard","7":"desktop-align-left","8":"tablet-align-left","9":"mobile-align-left","10":"ast-product-gallery-layout-horizontal-slider","11":"ast-product-gallery-with-no-image","12":"ast-product-tabs-layout-horizontal","14":"first","15":"instock","16":"shipping-taxable","17":"purchasable","18":"product-type-simple"},"composite_virtual":false,"composite_layout":"","composite_add_to_cart_form_location":"","composite_editable_in_cart":false,"composite_sold_individually_context":"","composite_shop_price_calc":"","composite_components":[],"composite_scenarios":[],"acf":[],"_links":{"self":[{"href":"https:\/\/www.precisionot.com\/fr\/wp-json\/wp\/v2\/product\/19632","targetHints":{"allow":["GET"]}}],"collection":[{"href":"https:\/\/www.precisionot.com\/fr\/wp-json\/wp\/v2\/product"}],"about":[{"href":"https:\/\/www.precisionot.com\/fr\/wp-json\/wp\/v2\/types\/product"}],"version-history":[{"count":0,"href":"https:\/\/www.precisionot.com\/fr\/wp-json\/wp\/v2\/product\/19632\/revisions"}],"wp:featuredmedia":[{"embeddable":true,"href":"https:\/\/www.precisionot.com\/fr\/wp-json\/wp\/v2\/media\/24100"}],"wp:attachment":[{"href":"https:\/\/www.precisionot.com\/fr\/wp-json\/wp\/v2\/media?parent=19632"}],"wp:term":[{"taxonomy":"product_brand","embeddable":true,"href":"https:\/\/www.precisionot.com\/fr\/wp-json\/wp\/v2\/product_brand?post=19632"},{"taxonomy":"product_cat","embeddable":true,"href":"https:\/\/www.precisionot.com\/fr\/wp-json\/wp\/v2\/product_cat?post=19632"},{"taxonomy":"product_tag","embeddable":true,"href":"https:\/\/www.precisionot.com\/fr\/wp-json\/wp\/v2\/product_tag?post=19632"}],"curies":[{"name":"wp","href":"https:\/\/api.w.org\/{rel}","templated":true}]}}