{"id":16782,"date":"2023-03-16T16:02:30","date_gmt":"2023-03-16T20:02:30","guid":{"rendered":"https:\/\/www.precisionot.com\/?post_type=product&#038;p=16782"},"modified":"2024-10-08T12:53:20","modified_gmt":"2024-10-08T16:53:20","slug":"pre-sfp2rx10g-pi","status":"publish","type":"product","link":"https:\/\/www.precisionot.com\/fr\/product\/pre-sfp2rx10g-pi\/","title":{"rendered":"PRE-SFP2RX10G-PI"},"content":{"rendered":"<p class=\"p2\"><span class=\"TextRun SCXW42481158 BCX0\" lang=\"EN-US\" xml:lang=\"EN-US\" data-contrast=\"auto\"><span class=\"NormalTextRun SCXW42481158 BCX0\">Le SFP2RX10G-PI est un module \u00e9metteur-r\u00e9cepteur optique hautes performances con\u00e7u pour les applications de retour num\u00e9rique 10G. Dot\u00e9 de deux r\u00e9cepteurs et d&#039;une technologie de photodiode PIN, ce module prend en charge Ethernet 10G sur fibre monomode (SMF) avec des connecteurs duplex LC. Fonctionnant de mani\u00e8re fiable dans des environnements \u00e0 temp\u00e9rature industrielle (I-temp), il est con\u00e7u pour fonctionner dans des conditions de r\u00e9seau exigeantes.<\/span><\/span><\/p>\n<hr \/>\n<p class=\"p2\"><span class=\"TextRun SCXW42481158 BCX0\" lang=\"EN-US\" xml:lang=\"EN-US\" data-contrast=\"auto\"><span class=\"NormalTextRun SCXW42481158 BCX0\">La surveillance de diagnostic num\u00e9rique int\u00e9gr\u00e9e (DDM) permet un suivi des performances en temps r\u00e9el, garantissant une gestion efficace du r\u00e9seau. Le SFP2RX10G-PI est id\u00e9al pour les applications de retour num\u00e9rique et la transmission de donn\u00e9es \u00e0 haut d\u00e9bit dans les r\u00e9seaux de t\u00e9l\u00e9communications, de centres de donn\u00e9es et d&#039;entreprise.<\/span><\/span><span class=\"EOP SCXW42481158 BCX0\" data-ccp-props=\"{&quot;134233117&quot;:false,&quot;134233118&quot;:false,&quot;201341983&quot;:0,&quot;335559738&quot;:240,&quot;335559739&quot;:240,&quot;335559740&quot;:279}\">\u00a0<\/span><\/p>","protected":false},"excerpt":{"rendered":"<p class=\"p2\"><span class=\"TextRun SCXW220734078 BCX0\" lang=\"EN-US\" xml:lang=\"EN-US\" data-contrast=\"auto\"><span class=\"NormalTextRun SCXW220734078 BCX0\">L&#039;\u00e9metteur-r\u00e9cepteur SFP2RX10G-PI prend en charge le retour num\u00e9rique 10G avec deux r\u00e9cepteurs, la technologie de photodiode PIN et le DDM int\u00e9gr\u00e9, con\u00e7u pour la fibre monomode dans les environnements de temp\u00e9rature industrielle.<\/span><\/span><\/p>\n<hr \/>\n<p class=\"p2\"><strong>SFP+, Dual Rx, retour num\u00e9rique, PIN, 10G, SMF\/LC, I-Temp, DDM<\/strong><\/p>","protected":false},"featured_media":23489,"template":"","meta":{"_acf_changed":false,"content-type":"","site-sidebar-layout":"default","site-content-layout":"default","ast-site-content-layout":"default","site-content-style":"default","site-sidebar-style":"default","ast-global-header-display":"","ast-banner-title-visibility":"","ast-main-header-display":"","ast-hfb-above-header-display":"","ast-hfb-below-header-display":"","ast-hfb-mobile-header-display":"","site-post-title":"","ast-breadcrumbs-content":"","ast-featured-img":"","footer-sml-layout":"","ast-disable-related-posts":"","theme-transparent-header-meta":"default","adv-header-id-meta":"","stick-header-meta":"","header-above-stick-meta":"","header-main-stick-meta":"","header-below-stick-meta":"","astra-migrate-meta-layouts":"set","ast-page-background-enabled":"default","ast-page-background-meta":{"desktop":{"background-color":"","background-image":"","background-repeat":"repeat","background-position":"center center","background-size":"auto","background-attachment":"scroll","background-type":"","background-media":"","overlay-type":"","overlay-color":"","overlay-opacity":"","overlay-gradient":""},"tablet":{"background-color":"","background-image":"","background-repeat":"repeat","background-position":"center center","background-size":"auto","background-attachment":"scroll","background-type":"","background-media":"","overlay-type":"","overlay-color":"","overlay-opacity":"","overlay-gradient":""},"mobile":{"background-color":"","background-image":"","background-repeat":"repeat","background-position":"center center","background-size":"auto","background-attachment":"scroll","background-type":"","background-media":"","overlay-type":"","overlay-color":"","overlay-opacity":"","overlay-gradient":""}},"ast-content-background-meta":{"desktop":{"background-color":"var(--ast-global-color-5)","background-image":"","background-repeat":"repeat","background-position":"center center","background-size":"auto","background-attachment":"scroll","background-type":"","background-media":"","overlay-type":"","overlay-color":"","overlay-opacity":"","overlay-gradient":""},"tablet":{"background-color":"var(--ast-global-color-5)","background-image":"","background-repeat":"repeat","background-position":"center center","background-size":"auto","background-attachment":"scroll","background-type":"","background-media":"","overlay-type":"","overlay-color":"","overlay-opacity":"","overlay-gradient":""},"mobile":{"background-color":"var(--ast-global-color-5)","background-image":"","background-repeat":"repeat","background-position":"center center","background-size":"auto","background-attachment":"scroll","background-type":"","background-media":"","overlay-type":"","overlay-color":"","overlay-opacity":"","overlay-gradient":""}}},"product_brand":[],"product_cat":[319],"product_tag":[],"class_list":{"0":"post-16782","1":"product","2":"type-product","3":"status-publish","4":"has-post-thumbnail","6":"product_cat-sfp-plus-specialty","7":"desktop-align-left","8":"tablet-align-left","9":"mobile-align-left","10":"ast-product-gallery-layout-horizontal-slider","11":"ast-product-gallery-with-no-image","12":"ast-product-tabs-layout-horizontal","14":"first","15":"instock","16":"shipping-taxable","17":"purchasable","18":"product-type-simple"},"composite_virtual":false,"composite_layout":"","composite_add_to_cart_form_location":"","composite_editable_in_cart":false,"composite_sold_individually_context":"","composite_shop_price_calc":"","composite_components":[],"composite_scenarios":[],"acf":[],"_links":{"self":[{"href":"https:\/\/www.precisionot.com\/fr\/wp-json\/wp\/v2\/product\/16782","targetHints":{"allow":["GET"]}}],"collection":[{"href":"https:\/\/www.precisionot.com\/fr\/wp-json\/wp\/v2\/product"}],"about":[{"href":"https:\/\/www.precisionot.com\/fr\/wp-json\/wp\/v2\/types\/product"}],"version-history":[{"count":0,"href":"https:\/\/www.precisionot.com\/fr\/wp-json\/wp\/v2\/product\/16782\/revisions"}],"wp:featuredmedia":[{"embeddable":true,"href":"https:\/\/www.precisionot.com\/fr\/wp-json\/wp\/v2\/media\/23489"}],"wp:attachment":[{"href":"https:\/\/www.precisionot.com\/fr\/wp-json\/wp\/v2\/media?parent=16782"}],"wp:term":[{"taxonomy":"product_brand","embeddable":true,"href":"https:\/\/www.precisionot.com\/fr\/wp-json\/wp\/v2\/product_brand?post=16782"},{"taxonomy":"product_cat","embeddable":true,"href":"https:\/\/www.precisionot.com\/fr\/wp-json\/wp\/v2\/product_cat?post=16782"},{"taxonomy":"product_tag","embeddable":true,"href":"https:\/\/www.precisionot.com\/fr\/wp-json\/wp\/v2\/product_tag?post=16782"}],"curies":[{"name":"wp","href":"https:\/\/api.w.org\/{rel}","templated":true}]}}