{"id":13633,"date":"2022-12-23T17:12:47","date_gmt":"2022-12-23T22:12:47","guid":{"rendered":"https:\/\/www.precisionot.com\/?post_type=product&#038;p=13633"},"modified":"2025-11-24T13:23:00","modified_gmt":"2025-11-24T18:23:00","slug":"materiel-de-montage-mural-en-rack","status":"publish","type":"product","link":"https:\/\/www.precisionot.com\/fr\/product\/rack-wall-mount-hardware\/","title":{"rendered":"Mat\u00e9riel de montage en rack et mural"},"content":{"rendered":"<p>Mat\u00e9riel de montage en rack et de montage mural pour l&#039;installation d&#039;appareils WDM avec les caract\u00e9ristiques suivantes\u00a0:<\/p>\n<ul>\n<li>Configurations en rack 1RU, 2RU, 3RU ou installation murale souhait\u00e9e<\/li>\n<li>Tous les facteurs de forme LGX et RU sont compatibles avec les produits PrecisionOT<\/li>\n<li>Construction en m\u00e9tal robuste avec rev\u00eatement en poudre noire<\/li>\n<li>Fixations et accessoires de gestion des fibres inclus<\/li>\n<\/ul>","protected":false},"excerpt":{"rendered":"<p>Mat\u00e9riel de montage en rack et de montage mural pour l&#039;installation d&#039;appareils WDM avec les caract\u00e9ristiques suivantes\u00a0:<\/p>\n<ul>\n<li>Configurations en rack 1RU, 2RU, 3RU ou installation murale souhait\u00e9e<\/li>\n<li>Tous les facteurs de forme LGX et RU sont compatibles avec les produits PrecisionOT<\/li>\n<li>Construction en m\u00e9tal robuste avec rev\u00eatement en poudre noire<\/li>\n<li>Fixations et accessoires de gestion des fibres inclus<\/li>\n<\/ul>","protected":false},"featured_media":13634,"template":"","meta":{"_acf_changed":false,"content-type":"","site-sidebar-layout":"default","site-content-layout":"default","ast-site-content-layout":"default","site-content-style":"default","site-sidebar-style":"default","ast-global-header-display":"","ast-banner-title-visibility":"","ast-main-header-display":"","ast-hfb-above-header-display":"","ast-hfb-below-header-display":"","ast-hfb-mobile-header-display":"","site-post-title":"","ast-breadcrumbs-content":"","ast-featured-img":"","footer-sml-layout":"","ast-disable-related-posts":"","theme-transparent-header-meta":"default","adv-header-id-meta":"","stick-header-meta":"","header-above-stick-meta":"","header-main-stick-meta":"","header-below-stick-meta":"","astra-migrate-meta-layouts":"set","ast-page-background-enabled":"default","ast-page-background-meta":{"desktop":{"background-color":"","background-image":"","background-repeat":"repeat","background-position":"center center","background-size":"auto","background-attachment":"scroll","background-type":"","background-media":"","overlay-type":"","overlay-color":"","overlay-opacity":"","overlay-gradient":""},"tablet":{"background-color":"","background-image":"","background-repeat":"repeat","background-position":"center center","background-size":"auto","background-attachment":"scroll","background-type":"","background-media":"","overlay-type":"","overlay-color":"","overlay-opacity":"","overlay-gradient":""},"mobile":{"background-color":"","background-image":"","background-repeat":"repeat","background-position":"center center","background-size":"auto","background-attachment":"scroll","background-type":"","background-media":"","overlay-type":"","overlay-color":"","overlay-opacity":"","overlay-gradient":""}},"ast-content-background-meta":{"desktop":{"background-color":"var(--ast-global-color-5)","background-image":"","background-repeat":"repeat","background-position":"center center","background-size":"auto","background-attachment":"scroll","background-type":"","background-media":"","overlay-type":"","overlay-color":"","overlay-opacity":"","overlay-gradient":""},"tablet":{"background-color":"var(--ast-global-color-5)","background-image":"","background-repeat":"repeat","background-position":"center center","background-size":"auto","background-attachment":"scroll","background-type":"","background-media":"","overlay-type":"","overlay-color":"","overlay-opacity":"","overlay-gradient":""},"mobile":{"background-color":"var(--ast-global-color-5)","background-image":"","background-repeat":"repeat","background-position":"center center","background-size":"auto","background-attachment":"scroll","background-type":"","background-media":"","overlay-type":"","overlay-color":"","overlay-opacity":"","overlay-gradient":""}}},"product_brand":[],"product_cat":[339],"product_tag":[],"class_list":{"0":"post-13633","1":"product","2":"type-product","3":"status-publish","4":"has-post-thumbnail","6":"product_cat-hardware","7":"desktop-align-left","8":"tablet-align-left","9":"mobile-align-left","10":"ast-product-gallery-layout-horizontal-slider","11":"ast-product-gallery-with-no-image","12":"ast-product-tabs-layout-horizontal","14":"first","15":"instock","16":"shipping-taxable","17":"purchasable","18":"product-type-simple"},"composite_virtual":false,"composite_layout":"","composite_add_to_cart_form_location":"","composite_editable_in_cart":false,"composite_sold_individually_context":"","composite_shop_price_calc":"","composite_components":[],"composite_scenarios":[],"acf":[],"_links":{"self":[{"href":"https:\/\/www.precisionot.com\/fr\/wp-json\/wp\/v2\/product\/13633","targetHints":{"allow":["GET"]}}],"collection":[{"href":"https:\/\/www.precisionot.com\/fr\/wp-json\/wp\/v2\/product"}],"about":[{"href":"https:\/\/www.precisionot.com\/fr\/wp-json\/wp\/v2\/types\/product"}],"version-history":[{"count":1,"href":"https:\/\/www.precisionot.com\/fr\/wp-json\/wp\/v2\/product\/13633\/revisions"}],"predecessor-version":[{"id":33360,"href":"https:\/\/www.precisionot.com\/fr\/wp-json\/wp\/v2\/product\/13633\/revisions\/33360"}],"wp:featuredmedia":[{"embeddable":true,"href":"https:\/\/www.precisionot.com\/fr\/wp-json\/wp\/v2\/media\/13634"}],"wp:attachment":[{"href":"https:\/\/www.precisionot.com\/fr\/wp-json\/wp\/v2\/media?parent=13633"}],"wp:term":[{"taxonomy":"product_brand","embeddable":true,"href":"https:\/\/www.precisionot.com\/fr\/wp-json\/wp\/v2\/product_brand?post=13633"},{"taxonomy":"product_cat","embeddable":true,"href":"https:\/\/www.precisionot.com\/fr\/wp-json\/wp\/v2\/product_cat?post=13633"},{"taxonomy":"product_tag","embeddable":true,"href":"https:\/\/www.precisionot.com\/fr\/wp-json\/wp\/v2\/product_tag?post=13633"}],"curies":[{"name":"wp","href":"https:\/\/api.w.org\/{rel}","templated":true}]}}