{"id":13190,"date":"2022-12-16T09:12:30","date_gmt":"2022-12-16T14:12:30","guid":{"rendered":"https:\/\/www.precisionot.com\/?post_type=product&#038;p=13190"},"modified":"2024-12-06T12:02:31","modified_gmt":"2024-12-06T17:02:31","slug":"pre-sfp-b4554-120","status":"publish","type":"product","link":"https:\/\/www.precisionot.com\/fr\/product\/pre-sfp-b4554-120\/","title":{"rendered":"PRE-SFP-B45(54)-120(I)"},"content":{"rendered":"<p><span class=\"NormalTextRun SCXW208066009 BCX0\">Le module \u00e9metteur-r\u00e9cepteur optique SFP-B45(54)-120(I) prend en charge la transmission Ethernet 1G sur des distances ultra-longues allant jusqu&#039;\u00e0 <\/span><span class=\"NormalTextRun SCXW208066009 BCX0\">120 kilom\u00e8tres<\/span><span class=\"NormalTextRun SCXW208066009 BCX0\"> utilisant la technologie bidirectionnelle (BIDI). Fonctionnant avec des longueurs d&#039;onde doubles de 1550 nm (Tx) et 1490 nm (Rx), ou vice versa, cet \u00e9metteur-r\u00e9cepteur permet une transmission et une r\u00e9ception de donn\u00e9es efficaces sur une seule fibre, maximisant ainsi la fibre <\/span><span class=\"NormalTextRun SCXW208066009 BCX0\">utilisation<\/span><span class=\"NormalTextRun SCXW208066009 BCX0\"> pour les r\u00e9seaux de t\u00e9l\u00e9communications longue distance et d&#039;entreprise.<\/span><\/p>\n<hr \/>\n<p><span class=\"NormalTextRun SCXW208066009 BCX0\">Con\u00e7u pour la fibre monomode (SMF) avec un connecteur LC, le SFP-B45(54)-120(I) est con\u00e7u pour les applications \u00e0 port\u00e9e \u00e9tendue et est disponible dans les variantes de temp\u00e9rature commerciales (C-temp) et industrielles (I-temp). Le module comprend des diagnostics num\u00e9riques <\/span><span class=\"NormalTextRun SCXW208066009 BCX0\">surveillance<\/span><span class=\"NormalTextRun SCXW208066009 BCX0\"> (DDM) pour le suivi des performances en temps r\u00e9el, garantissant une gestion proactive du r\u00e9seau. <\/span><span class=\"NormalTextRun ContextualSpellingAndGrammarErrorV2Themed SCXW208066009 BCX0\">C&#039;est<\/span><span class=\"NormalTextRun SCXW208066009 BCX0\"> conception \u00e9changeable \u00e0 chaud <\/span><span class=\"NormalTextRun SCXW208066009 BCX0\">facilite<\/span><span class=\"NormalTextRun SCXW208066009 BCX0\"> int\u00e9gration ou remplacement facile sans perturber les op\u00e9rations du r\u00e9seau.<\/span><\/p>","protected":false},"excerpt":{"rendered":"<p><span class=\"NormalTextRun SCXW46355280 BCX0\">L&#039;\u00e9metteur-r\u00e9cepteur SFP-B45(54)-120(I) prend en charge Ethernet 1G sur fibre monomode avec une port\u00e9e allant jusqu&#039;\u00e0 <\/span><span class=\"NormalTextRun SCXW46355280 BCX0\">120 kilom\u00e8tres<\/span><span class=\"NormalTextRun SCXW46355280 BCX0\"> utilisant la technologie BIDI avec des longueurs d&#039;onde de 1550 nm et 1490 nm, disponible dans les variantes C-temp et I-temp avec DDM int\u00e9gr\u00e9.<\/span><\/p>\n<hr \/>\n<p><strong>SFP, EZX, BIDI, 1550\/1490nm (1490\/1550nm), 1G, 120km, SMF\/LC, C-Temp, DDM<\/strong><\/p>","protected":false},"featured_media":29688,"template":"","meta":{"_acf_changed":false,"content-type":"","site-sidebar-layout":"default","site-content-layout":"default","ast-site-content-layout":"default","site-content-style":"default","site-sidebar-style":"default","ast-global-header-display":"","ast-banner-title-visibility":"","ast-main-header-display":"","ast-hfb-above-header-display":"","ast-hfb-below-header-display":"","ast-hfb-mobile-header-display":"","site-post-title":"","ast-breadcrumbs-content":"","ast-featured-img":"","footer-sml-layout":"","ast-disable-related-posts":"","theme-transparent-header-meta":"default","adv-header-id-meta":"","stick-header-meta":"","header-above-stick-meta":"","header-main-stick-meta":"","header-below-stick-meta":"","astra-migrate-meta-layouts":"set","ast-page-background-enabled":"default","ast-page-background-meta":{"desktop":{"background-color":"","background-image":"","background-repeat":"repeat","background-position":"center center","background-size":"auto","background-attachment":"scroll","background-type":"","background-media":"","overlay-type":"","overlay-color":"","overlay-opacity":"","overlay-gradient":""},"tablet":{"background-color":"","background-image":"","background-repeat":"repeat","background-position":"center center","background-size":"auto","background-attachment":"scroll","background-type":"","background-media":"","overlay-type":"","overlay-color":"","overlay-opacity":"","overlay-gradient":""},"mobile":{"background-color":"","background-image":"","background-repeat":"repeat","background-position":"center center","background-size":"auto","background-attachment":"scroll","background-type":"","background-media":"","overlay-type":"","overlay-color":"","overlay-opacity":"","overlay-gradient":""}},"ast-content-background-meta":{"desktop":{"background-color":"var(--ast-global-color-5)","background-image":"","background-repeat":"repeat","background-position":"center center","background-size":"auto","background-attachment":"scroll","background-type":"","background-media":"","overlay-type":"","overlay-color":"","overlay-opacity":"","overlay-gradient":""},"tablet":{"background-color":"var(--ast-global-color-5)","background-image":"","background-repeat":"repeat","background-position":"center center","background-size":"auto","background-attachment":"scroll","background-type":"","background-media":"","overlay-type":"","overlay-color":"","overlay-opacity":"","overlay-gradient":""},"mobile":{"background-color":"var(--ast-global-color-5)","background-image":"","background-repeat":"repeat","background-position":"center center","background-size":"auto","background-attachment":"scroll","background-type":"","background-media":"","overlay-type":"","overlay-color":"","overlay-opacity":"","overlay-gradient":""}}},"product_brand":[],"product_cat":[59],"product_tag":[],"class_list":{"0":"post-13190","1":"product","2":"type-product","3":"status-publish","4":"has-post-thumbnail","6":"product_cat-1g-sfp-bidirectional","7":"desktop-align-left","8":"tablet-align-left","9":"mobile-align-left","10":"ast-product-gallery-layout-horizontal-slider","11":"ast-product-gallery-with-no-image","12":"ast-product-tabs-layout-horizontal","14":"first","15":"instock","16":"shipping-taxable","17":"purchasable","18":"product-type-simple"},"composite_virtual":false,"composite_layout":"","composite_add_to_cart_form_location":"","composite_editable_in_cart":false,"composite_sold_individually_context":"","composite_shop_price_calc":"","composite_components":[],"composite_scenarios":[],"acf":[],"_links":{"self":[{"href":"https:\/\/www.precisionot.com\/fr\/wp-json\/wp\/v2\/product\/13190","targetHints":{"allow":["GET"]}}],"collection":[{"href":"https:\/\/www.precisionot.com\/fr\/wp-json\/wp\/v2\/product"}],"about":[{"href":"https:\/\/www.precisionot.com\/fr\/wp-json\/wp\/v2\/types\/product"}],"version-history":[{"count":0,"href":"https:\/\/www.precisionot.com\/fr\/wp-json\/wp\/v2\/product\/13190\/revisions"}],"wp:featuredmedia":[{"embeddable":true,"href":"https:\/\/www.precisionot.com\/fr\/wp-json\/wp\/v2\/media\/29688"}],"wp:attachment":[{"href":"https:\/\/www.precisionot.com\/fr\/wp-json\/wp\/v2\/media?parent=13190"}],"wp:term":[{"taxonomy":"product_brand","embeddable":true,"href":"https:\/\/www.precisionot.com\/fr\/wp-json\/wp\/v2\/product_brand?post=13190"},{"taxonomy":"product_cat","embeddable":true,"href":"https:\/\/www.precisionot.com\/fr\/wp-json\/wp\/v2\/product_cat?post=13190"},{"taxonomy":"product_tag","embeddable":true,"href":"https:\/\/www.precisionot.com\/fr\/wp-json\/wp\/v2\/product_tag?post=13190"}],"curies":[{"name":"wp","href":"https:\/\/api.w.org\/{rel}","templated":true}]}}