{"id":13101,"date":"2022-12-14T16:54:34","date_gmt":"2022-12-14T21:54:34","guid":{"rendered":"https:\/\/www.precisionot.com\/?post_type=product&#038;p=13101"},"modified":"2025-02-14T16:41:36","modified_gmt":"2025-02-14T21:41:36","slug":"pre-sfp-dr5t-dxx-80h-2","status":"publish","type":"product","link":"https:\/\/www.precisionot.com\/fr\/product\/pre-sfp-dr5t-dxx-80h-2\/","title":{"rendered":"PRE-SFP-DR5T-Dxx-80H"},"content":{"rendered":"<p><span class=\"NormalTextRun SCXW1217963 BCX0\">Le module \u00e9metteur-r\u00e9cepteur optique SFP-DR5T-Dxx-80H prend en charge la transmission de retour num\u00e9rique 5G sur des distances allant jusqu&#039;\u00e0 <\/span><span class=\"NormalTextRun SCXW1217963 BCX0\">80 kilom\u00e8tres<\/span><span class=\"NormalTextRun SCXW1217963 BCX0\"> utilisant la technologie de multiplexage par r\u00e9partition en longueur d&#039;onde dense (DWDM) sur une grille de 100 GHz. Fonctionnant \u00e0 une longueur d&#039;onde DWDM sp\u00e9cifique (<\/span><span class=\"NormalTextRun SpellingErrorV2Themed SCXW1217963 BCX0\">xxxx.xx<\/span><span class=\"NormalTextRun SCXW1217963 BCX0\"> nm), cet \u00e9metteur-r\u00e9cepteur est id\u00e9al pour les applications de retour num\u00e9rique haute capacit\u00e9 et longue port\u00e9e dans les r\u00e9seaux de t\u00e9l\u00e9communications et industriels.<\/span><\/p>\n<hr \/>\n<p><span class=\"NormalTextRun SCXW1217963 BCX0\">Con\u00e7u pour r\u00e9sister aux conditions extr\u00eames, il <\/span><span class=\"NormalTextRun SCXW1217963 BCX0\">op\u00e8re<\/span><span class=\"NormalTextRun SCXW1217963 BCX0\"> fiable \u00e0 des temp\u00e9ratures allant jusqu&#039;\u00e0 92 \u00b0C, ce qui le rend adapt\u00e9 aux environnements r\u00e9seau exigeants. Diagnostic num\u00e9rique int\u00e9gr\u00e9 <\/span><span class=\"NormalTextRun SCXW1217963 BCX0\">surveillance<\/span><span class=\"NormalTextRun SCXW1217963 BCX0\"> (DDM) fournit un suivi des performances en temps r\u00e9el pour une gestion proactive du r\u00e9seau et sa conception \u00e9changeable \u00e0 chaud <\/span><span class=\"NormalTextRun SCXW1217963 BCX0\">facilite<\/span><span class=\"NormalTextRun SCXW1217963 BCX0\"> int\u00e9gration transparente ou remplacement sans perturber les op\u00e9rations.<\/span><\/p>","protected":false},"excerpt":{"rendered":"<p><span class=\"NormalTextRun SCXW195278011 BCX0\">L&#039;\u00e9metteur-r\u00e9cepteur SFP-DR5T-Dxx-80H prend en charge le retour num\u00e9rique 5G sur fibre monomode avec une port\u00e9e allant jusqu&#039;\u00e0 <\/span><span class=\"NormalTextRun SCXW195278011 BCX0\">80 kilom\u00e8tres<\/span><span class=\"NormalTextRun SCXW195278011 BCX0\"> utilisant la technologie DWDM, con\u00e7ue pour des conditions de temp\u00e9rature \u00e9lev\u00e9e jusqu&#039;\u00e0 92\u00b0C.<\/span><\/p>\n<hr \/>\n<p><strong>SFP, retour num\u00e9rique, DWDM, 100\u00a0GHz, xxxx.xxnm, 5G, 80\u00a0km, SMF\/LC, 92\u00a0\u00b0C, DDM<\/strong><\/p>","protected":false},"featured_media":13102,"template":"","meta":{"_acf_changed":false,"content-type":"","site-sidebar-layout":"default","site-content-layout":"default","ast-site-content-layout":"default","site-content-style":"default","site-sidebar-style":"default","ast-global-header-display":"","ast-banner-title-visibility":"","ast-main-header-display":"","ast-hfb-above-header-display":"","ast-hfb-below-header-display":"","ast-hfb-mobile-header-display":"","site-post-title":"","ast-breadcrumbs-content":"","ast-featured-img":"","footer-sml-layout":"","ast-disable-related-posts":"","theme-transparent-header-meta":"default","adv-header-id-meta":"","stick-header-meta":"","header-above-stick-meta":"","header-main-stick-meta":"","header-below-stick-meta":"","astra-migrate-meta-layouts":"set","ast-page-background-enabled":"default","ast-page-background-meta":{"desktop":{"background-color":"","background-image":"","background-repeat":"repeat","background-position":"center center","background-size":"auto","background-attachment":"scroll","background-type":"","background-media":"","overlay-type":"","overlay-color":"","overlay-opacity":"","overlay-gradient":""},"tablet":{"background-color":"","background-image":"","background-repeat":"repeat","background-position":"center center","background-size":"auto","background-attachment":"scroll","background-type":"","background-media":"","overlay-type":"","overlay-color":"","overlay-opacity":"","overlay-gradient":""},"mobile":{"background-color":"","background-image":"","background-repeat":"repeat","background-position":"center center","background-size":"auto","background-attachment":"scroll","background-type":"","background-media":"","overlay-type":"","overlay-color":"","overlay-opacity":"","overlay-gradient":""}},"ast-content-background-meta":{"desktop":{"background-color":"var(--ast-global-color-5)","background-image":"","background-repeat":"repeat","background-position":"center center","background-size":"auto","background-attachment":"scroll","background-type":"","background-media":"","overlay-type":"","overlay-color":"","overlay-opacity":"","overlay-gradient":""},"tablet":{"background-color":"var(--ast-global-color-5)","background-image":"","background-repeat":"repeat","background-position":"center center","background-size":"auto","background-attachment":"scroll","background-type":"","background-media":"","overlay-type":"","overlay-color":"","overlay-opacity":"","overlay-gradient":""},"mobile":{"background-color":"var(--ast-global-color-5)","background-image":"","background-repeat":"repeat","background-position":"center center","background-size":"auto","background-attachment":"scroll","background-type":"","background-media":"","overlay-type":"","overlay-color":"","overlay-opacity":"","overlay-gradient":""}}},"product_brand":[],"product_cat":[320,323],"product_tag":[],"class_list":{"0":"post-13101","1":"product","2":"type-product","3":"status-publish","4":"has-post-thumbnail","6":"product_cat-sfp","7":"product_cat-sfp-dwdm","8":"desktop-align-left","9":"tablet-align-left","10":"mobile-align-left","11":"ast-product-gallery-layout-horizontal-slider","12":"ast-product-gallery-with-no-image","13":"ast-product-tabs-layout-horizontal","15":"first","16":"instock","17":"shipping-taxable","18":"purchasable","19":"product-type-simple"},"composite_virtual":false,"composite_layout":"","composite_add_to_cart_form_location":"","composite_editable_in_cart":false,"composite_sold_individually_context":"","composite_shop_price_calc":"","composite_components":[],"composite_scenarios":[],"acf":[],"_links":{"self":[{"href":"https:\/\/www.precisionot.com\/fr\/wp-json\/wp\/v2\/product\/13101","targetHints":{"allow":["GET"]}}],"collection":[{"href":"https:\/\/www.precisionot.com\/fr\/wp-json\/wp\/v2\/product"}],"about":[{"href":"https:\/\/www.precisionot.com\/fr\/wp-json\/wp\/v2\/types\/product"}],"version-history":[{"count":0,"href":"https:\/\/www.precisionot.com\/fr\/wp-json\/wp\/v2\/product\/13101\/revisions"}],"wp:featuredmedia":[{"embeddable":true,"href":"https:\/\/www.precisionot.com\/fr\/wp-json\/wp\/v2\/media\/13102"}],"wp:attachment":[{"href":"https:\/\/www.precisionot.com\/fr\/wp-json\/wp\/v2\/media?parent=13101"}],"wp:term":[{"taxonomy":"product_brand","embeddable":true,"href":"https:\/\/www.precisionot.com\/fr\/wp-json\/wp\/v2\/product_brand?post=13101"},{"taxonomy":"product_cat","embeddable":true,"href":"https:\/\/www.precisionot.com\/fr\/wp-json\/wp\/v2\/product_cat?post=13101"},{"taxonomy":"product_tag","embeddable":true,"href":"https:\/\/www.precisionot.com\/fr\/wp-json\/wp\/v2\/product_tag?post=13101"}],"curies":[{"name":"wp","href":"https:\/\/api.w.org\/{rel}","templated":true}]}}