{"id":13033,"date":"2022-12-14T16:16:22","date_gmt":"2022-12-14T21:16:22","guid":{"rendered":"https:\/\/www.precisionot.com\/?post_type=product&#038;p=13033"},"modified":"2025-12-02T12:12:17","modified_gmt":"2025-12-02T17:12:17","slug":"pre-qsfp28m-lr4","status":"publish","type":"product","link":"https:\/\/www.precisionot.com\/fr\/product\/pre-qsfp28m-lr4\/","title":{"rendered":"PRE-QSFP28M-LR4"},"content":{"rendered":"<p class=\"p2\"><span class=\"NormalTextRun SCXW77436924 BCX0\">Le Precision OT QSFP28-LR4 est un module optique hautes performances <\/span><span class=\"NormalTextRun SCXW77436924 BCX0\">\u00e9metteur-r\u00e9cepteur<\/span> <span class=\"NormalTextRun ContextualSpellingAndGrammarErrorV2Themed SCXW77436924 BCX0\">module<\/span><span class=\"NormalTextRun SCXW77436924 BCX0\"> prend en charge les applications Ethernet 100 Gigabit jusqu&#039;\u00e0 une distance<\/span><span class=\"NormalTextRun SCXW77436924 BCX0\">ces de <\/span><span class=\"NormalTextRun AdvancedProofingIssueV2Themed SCXW77436924 BCX0\">10 kilos<\/span><span class=\"NormalTextRun AdvancedProofingIssueV2Themed SCXW77436924 BCX0\">m\u00e8tres<\/span><span class=\"NormalTextRun SCXW77436924 BCX0\"> sur fibre monomode (SMF). Il offre une communication longue port\u00e9e fiable et dispose d&#039;une surveillance de diagnostic num\u00e9rique (DDM) et d&#039;une faible consommation d&#039;\u00e9nergie de &lt; 4,0 W, garantissant \u00e0 la fois fiabilit\u00e9 et performances optiques.<\/span><\/p>\n<hr \/>\n<p class=\"p2\"><span class=\"NormalTextRun SCXW77436924 BCX0\">Le module est id\u00e9al pour les connexions Ethernet 100G et le transport OTN. Le module prend \u00e9galement en charge le multiplexage par r\u00e9partition en longueur d&#039;onde grossi\u00e8re (CWDM) et sa conception \u00e9changeable \u00e0 chaud permet une installation et des mises \u00e0 niveau faciles sans perturber les op\u00e9rations du r\u00e9seau.\u00a0<\/span><\/p>","protected":false},"excerpt":{"rendered":"<p><span data-contrast=\"none\">Br\u00e8ve description du produit : Le module \u00e9metteur-r\u00e9cepteur optique QSFP28M-LR4 prend en charge les applications Ethernet 100 Gigabit jusqu&#039;\u00e0 10 km sur fibre monomode.<\/span><\/p>\n<hr \/>\n<p>QSFP28, LR4, LWDM, 112G, 10 km, SMF\/LC, OTU4, C-Temp, DDM<\/p>","protected":false},"featured_media":24107,"template":"","meta":{"_acf_changed":false,"content-type":"","site-sidebar-layout":"default","site-content-layout":"default","ast-site-content-layout":"default","site-content-style":"default","site-sidebar-style":"default","ast-global-header-display":"","ast-banner-title-visibility":"","ast-main-header-display":"","ast-hfb-above-header-display":"","ast-hfb-below-header-display":"","ast-hfb-mobile-header-display":"","site-post-title":"","ast-breadcrumbs-content":"","ast-featured-img":"","footer-sml-layout":"","ast-disable-related-posts":"","theme-transparent-header-meta":"default","adv-header-id-meta":"","stick-header-meta":"","header-above-stick-meta":"","header-main-stick-meta":"","header-below-stick-meta":"","astra-migrate-meta-layouts":"set","ast-page-background-enabled":"default","ast-page-background-meta":{"desktop":{"background-color":"","background-image":"","background-repeat":"repeat","background-position":"center center","background-size":"auto","background-attachment":"scroll","background-type":"","background-media":"","overlay-type":"","overlay-color":"","overlay-opacity":"","overlay-gradient":""},"tablet":{"background-color":"","background-image":"","background-repeat":"repeat","background-position":"center center","background-size":"auto","background-attachment":"scroll","background-type":"","background-media":"","overlay-type":"","overlay-color":"","overlay-opacity":"","overlay-gradient":""},"mobile":{"background-color":"","background-image":"","background-repeat":"repeat","background-position":"center center","background-size":"auto","background-attachment":"scroll","background-type":"","background-media":"","overlay-type":"","overlay-color":"","overlay-opacity":"","overlay-gradient":""}},"ast-content-background-meta":{"desktop":{"background-color":"var(--ast-global-color-5)","background-image":"","background-repeat":"repeat","background-position":"center center","background-size":"auto","background-attachment":"scroll","background-type":"","background-media":"","overlay-type":"","overlay-color":"","overlay-opacity":"","overlay-gradient":""},"tablet":{"background-color":"var(--ast-global-color-5)","background-image":"","background-repeat":"repeat","background-position":"center center","background-size":"auto","background-attachment":"scroll","background-type":"","background-media":"","overlay-type":"","overlay-color":"","overlay-opacity":"","overlay-gradient":""},"mobile":{"background-color":"var(--ast-global-color-5)","background-image":"","background-repeat":"repeat","background-position":"center center","background-size":"auto","background-attachment":"scroll","background-type":"","background-media":"","overlay-type":"","overlay-color":"","overlay-opacity":"","overlay-gradient":""}}},"product_brand":[],"product_cat":[290],"product_tag":[],"class_list":{"0":"post-13033","1":"product","2":"type-product","3":"status-publish","4":"has-post-thumbnail","6":"product_cat-qsfp28-standard","7":"desktop-align-left","8":"tablet-align-left","9":"mobile-align-left","10":"ast-product-gallery-layout-horizontal-slider","11":"ast-product-gallery-with-no-image","12":"ast-product-tabs-layout-horizontal","14":"first","15":"instock","16":"shipping-taxable","17":"purchasable","18":"product-type-simple"},"composite_virtual":false,"composite_layout":"","composite_add_to_cart_form_location":"","composite_editable_in_cart":false,"composite_sold_individually_context":"","composite_shop_price_calc":"","composite_components":[],"composite_scenarios":[],"acf":[],"_links":{"self":[{"href":"https:\/\/www.precisionot.com\/fr\/wp-json\/wp\/v2\/product\/13033","targetHints":{"allow":["GET"]}}],"collection":[{"href":"https:\/\/www.precisionot.com\/fr\/wp-json\/wp\/v2\/product"}],"about":[{"href":"https:\/\/www.precisionot.com\/fr\/wp-json\/wp\/v2\/types\/product"}],"version-history":[{"count":2,"href":"https:\/\/www.precisionot.com\/fr\/wp-json\/wp\/v2\/product\/13033\/revisions"}],"predecessor-version":[{"id":33377,"href":"https:\/\/www.precisionot.com\/fr\/wp-json\/wp\/v2\/product\/13033\/revisions\/33377"}],"wp:featuredmedia":[{"embeddable":true,"href":"https:\/\/www.precisionot.com\/fr\/wp-json\/wp\/v2\/media\/24107"}],"wp:attachment":[{"href":"https:\/\/www.precisionot.com\/fr\/wp-json\/wp\/v2\/media?parent=13033"}],"wp:term":[{"taxonomy":"product_brand","embeddable":true,"href":"https:\/\/www.precisionot.com\/fr\/wp-json\/wp\/v2\/product_brand?post=13033"},{"taxonomy":"product_cat","embeddable":true,"href":"https:\/\/www.precisionot.com\/fr\/wp-json\/wp\/v2\/product_cat?post=13033"},{"taxonomy":"product_tag","embeddable":true,"href":"https:\/\/www.precisionot.com\/fr\/wp-json\/wp\/v2\/product_tag?post=13033"}],"curies":[{"name":"wp","href":"https:\/\/api.w.org\/{rel}","templated":true}]}}