{"id":3499,"date":"2020-12-17T16:57:48","date_gmt":"2020-12-17T21:57:48","guid":{"rendered":"https:\/\/www.precisionot.com\/?page_id=3499"},"modified":"2026-02-19T15:58:30","modified_gmt":"2026-02-19T20:58:30","slug":"webinaires","status":"publish","type":"page","link":"https:\/\/www.precisionot.com\/fr\/webinars\/","title":{"rendered":"Webinaires"},"content":{"rendered":"<div data-elementor-type=\"wp-post\" data-elementor-id=\"3499\" class=\"elementor elementor-3499\" data-elementor-post-type=\"page\">\n\t\t\t\t<div class=\"elementor-element elementor-element-a86bfbb e-flex e-con-boxed e-con e-parent\" data-id=\"a86bfbb\" data-element_type=\"container\" data-e-type=\"container\" data-settings=\"{&quot;background_background&quot;:&quot;classic&quot;}\">\n\t\t\t\t\t<div class=\"e-con-inner\">\n\t\t\t\t<div class=\"elementor-element elementor-element-0638ae3 elementor-widget__width-auto elementor-widget elementor-widget-heading\" data-id=\"0638ae3\" data-element_type=\"widget\" data-e-type=\"widget\" data-widget_type=\"heading.default\">\n\t\t\t\t<div class=\"elementor-widget-container\">\n\t\t\t\t\t<h1 class=\"elementor-heading-title elementor-size-default\">Webinaires<\/h1>\t\t\t\t<\/div>\n\t\t\t\t<\/div>\n\t\t\t\t\t<\/div>\n\t\t\t\t<\/div>\n\t\t\t\t<section class=\"elementor-section elementor-top-section elementor-element elementor-element-339c7d9 elementor-section-full_width elementor-section-height-default elementor-section-height-default\" data-id=\"339c7d9\" data-element_type=\"section\" data-e-type=\"section\" data-settings=\"{&quot;background_background&quot;:&quot;classic&quot;}\">\n\t\t\t\t\t\t\t<div class=\"elementor-background-overlay\"><\/div>\n\t\t\t\t\t\t\t<div class=\"elementor-container elementor-column-gap-default\">\n\t\t\t\t\t<div class=\"elementor-column elementor-col-100 elementor-top-column elementor-element elementor-element-7bba41c\" data-id=\"7bba41c\" data-element_type=\"column\" data-e-type=\"column\">\n\t\t\t<div class=\"elementor-widget-wrap elementor-element-populated\">\n\t\t\t\t\t\t<section class=\"elementor-section elementor-inner-section elementor-element elementor-element-e6914ba elementor-section-boxed elementor-section-height-default elementor-section-height-default\" data-id=\"e6914ba\" data-element_type=\"section\" data-e-type=\"section\" data-settings=\"{&quot;background_background&quot;:&quot;classic&quot;}\">\n\t\t\t\t\t\t<div class=\"elementor-container elementor-column-gap-default\">\n\t\t\t\t\t<div class=\"elementor-column elementor-col-100 elementor-inner-column elementor-element elementor-element-bd60b1b\" data-id=\"bd60b1b\" data-element_type=\"column\" data-e-type=\"column\">\n\t\t\t<div class=\"elementor-widget-wrap\">\n\t\t\t\t\t\t\t<\/div>\n\t\t<\/div>\n\t\t\t\t\t<\/div>\n\t\t<\/section>\n\t\t\t\t<section class=\"elementor-section elementor-inner-section elementor-element elementor-element-bba3ff4 elementor-section-boxed elementor-section-height-default elementor-section-height-default\" data-id=\"bba3ff4\" data-element_type=\"section\" data-e-type=\"section\">\n\t\t\t\t\t\t<div class=\"elementor-container elementor-column-gap-default\">\n\t\t\t\t\t<div class=\"elementor-column elementor-col-50 elementor-inner-column elementor-element elementor-element-2071ae0\" data-id=\"2071ae0\" data-element_type=\"column\" data-e-type=\"column\">\n\t\t\t<div class=\"elementor-widget-wrap elementor-element-populated\">\n\t\t\t\t\t\t<div class=\"elementor-element elementor-element-ceeb9b3 elementor-widget elementor-widget-heading\" data-id=\"ceeb9b3\" data-element_type=\"widget\" data-e-type=\"widget\" data-widget_type=\"heading.default\">\n\t\t\t\t<div class=\"elementor-widget-container\">\n\t\t\t\t\t<h2 class=\"elementor-heading-title elementor-size-default\">L&#039;\u00e9volution de l&#039;optique enfichable coh\u00e9rente<\/h2>\t\t\t\t<\/div>\n\t\t\t\t<\/div>\n\t\t\t\t<div class=\"elementor-element elementor-element-5ed27a3 elementor-widget elementor-widget-image\" data-id=\"5ed27a3\" data-element_type=\"widget\" data-e-type=\"widget\" data-widget_type=\"image.default\">\n\t\t\t\t<div class=\"elementor-widget-container\">\n\t\t\t\t\t\t\t\t\t\t\t\t\t\t\t\t<a href=\"https:\/\/go.precisionot.com\/400g-pluggable-optics-the-optical-revolution\" target=\"_blank\" rel=\"noopener\">\n\t\t\t\t\t\t\t<img fetchpriority=\"high\" decoding=\"async\" width=\"768\" height=\"628\" src=\"https:\/\/www.precisionot.com\/wp-content\/uploads\/Screenshot-2023-10-03-at-2.23.59-PM-768x628.png\" class=\"attachment-medium_large size-medium_large wp-image-23031\" alt=\"Webinaire sur l&#039;optique coh\u00e9rente\" srcset=\"https:\/\/www.precisionot.com\/wp-content\/uploads\/Screenshot-2023-10-03-at-2.23.59-PM-768x628.png 768w, https:\/\/www.precisionot.com\/wp-content\/uploads\/Screenshot-2023-10-03-at-2.23.59-PM-300x245.png 300w, https:\/\/www.precisionot.com\/wp-content\/uploads\/Screenshot-2023-10-03-at-2.23.59-PM-1024x837.png 1024w, https:\/\/www.precisionot.com\/wp-content\/uploads\/Screenshot-2023-10-03-at-2.23.59-PM-15x12.png 15w, https:\/\/www.precisionot.com\/wp-content\/uploads\/Screenshot-2023-10-03-at-2.23.59-PM-600x490.png 600w, https:\/\/www.precisionot.com\/wp-content\/uploads\/Screenshot-2023-10-03-at-2.23.59-PM-64x52.png 64w, https:\/\/www.precisionot.com\/wp-content\/uploads\/Screenshot-2023-10-03-at-2.23.59-PM.png 1456w\" sizes=\"(max-width: 768px) 100vw, 768px\" \/>\t\t\t\t\t\t\t\t<\/a>\n\t\t\t\t\t\t\t\t\t\t\t\t\t\t\t<\/div>\n\t\t\t\t<\/div>\n\t\t\t\t<div class=\"elementor-element elementor-element-c73ce44 elementor-align-left elementor-widget__width-inherit elementor-widget elementor-widget-button\" data-id=\"c73ce44\" data-element_type=\"widget\" data-e-type=\"widget\" data-widget_type=\"button.default\">\n\t\t\t\t<div class=\"elementor-widget-container\">\n\t\t\t\t\t\t\t\t\t<div class=\"elementor-button-wrapper\">\n\t\t\t\t\t<a class=\"elementor-button elementor-button-link elementor-size-sm\" href=\"https:\/\/go.precisionot.com\/400g-pluggable-optics-the-optical-revolution\" target=\"_blank\" rel=\"noopener\">\n\t\t\t\t\t\t<span class=\"elementor-button-content-wrapper\">\n\t\t\t\t\t\t\t\t\t<span class=\"elementor-button-text\">Apprendre encore plus<\/span>\n\t\t\t\t\t<\/span>\n\t\t\t\t\t<\/a>\n\t\t\t\t<\/div>\n\t\t\t\t\t\t\t\t<\/div>\n\t\t\t\t<\/div>\n\t\t\t\t\t<\/div>\n\t\t<\/div>\n\t\t\t\t<div class=\"elementor-column elementor-col-50 elementor-inner-column elementor-element elementor-element-3db6f1d\" data-id=\"3db6f1d\" data-element_type=\"column\" data-e-type=\"column\">\n\t\t\t<div class=\"elementor-widget-wrap elementor-element-populated\">\n\t\t\t\t\t\t<div class=\"elementor-element elementor-element-ef324d2 elementor-widget elementor-widget-heading\" data-id=\"ef324d2\" data-element_type=\"widget\" data-e-type=\"widget\" data-widget_type=\"heading.default\">\n\t\t\t\t<div class=\"elementor-widget-container\">\n\t\t\t\t\t<h2 class=\"elementor-heading-title elementor-size-default\">Initiative industrielle PON \u00e0 grande vitesse<\/h2>\t\t\t\t<\/div>\n\t\t\t\t<\/div>\n\t\t\t\t<div class=\"elementor-element elementor-element-6e9b3e9 elementor-widget elementor-widget-image\" data-id=\"6e9b3e9\" data-element_type=\"widget\" data-e-type=\"widget\" data-widget_type=\"image.default\">\n\t\t\t\t<div class=\"elementor-widget-container\">\n\t\t\t\t\t\t\t\t\t\t\t\t\t\t\t\t<a href=\"https:\/\/go.precisionot.com\/webinar-high-speed-pon-industry-initiative\" target=\"_blank\" rel=\"noopener\">\n\t\t\t\t\t\t\t<img decoding=\"async\" width=\"768\" height=\"995\" src=\"https:\/\/www.precisionot.com\/wp-content\/uploads\/w_defa6350c8-768x995.jpg\" class=\"attachment-medium_large size-medium_large wp-image-27380\" alt=\"\" srcset=\"https:\/\/www.precisionot.com\/wp-content\/uploads\/w_defa6350c8-768x995.jpg 768w, https:\/\/www.precisionot.com\/wp-content\/uploads\/w_defa6350c8-232x300.jpg 232w, https:\/\/www.precisionot.com\/wp-content\/uploads\/w_defa6350c8-790x1024.jpg 790w, https:\/\/www.precisionot.com\/wp-content\/uploads\/w_defa6350c8-1185x1536.jpg 1185w, https:\/\/www.precisionot.com\/wp-content\/uploads\/w_defa6350c8-9x12.jpg 9w, https:\/\/www.precisionot.com\/wp-content\/uploads\/w_defa6350c8-600x778.jpg 600w, https:\/\/www.precisionot.com\/wp-content\/uploads\/w_defa6350c8-64x83.jpg 64w, https:\/\/www.precisionot.com\/wp-content\/uploads\/w_defa6350c8.jpg 1200w\" sizes=\"(max-width: 768px) 100vw, 768px\" \/>\t\t\t\t\t\t\t\t<\/a>\n\t\t\t\t\t\t\t\t\t\t\t\t\t\t\t<\/div>\n\t\t\t\t<\/div>\n\t\t\t\t<div class=\"elementor-element elementor-element-407b4a9 elementor-align-left elementor-widget__width-inherit elementor-widget elementor-widget-button\" data-id=\"407b4a9\" data-element_type=\"widget\" data-e-type=\"widget\" data-widget_type=\"button.default\">\n\t\t\t\t<div class=\"elementor-widget-container\">\n\t\t\t\t\t\t\t\t\t<div class=\"elementor-button-wrapper\">\n\t\t\t\t\t<a class=\"elementor-button elementor-button-link elementor-size-sm\" href=\"https:\/\/go.precisionot.com\/webinar-high-speed-pon-industry-initiative\" target=\"_blank\" rel=\"noopener\">\n\t\t\t\t\t\t<span class=\"elementor-button-content-wrapper\">\n\t\t\t\t\t\t\t\t\t<span class=\"elementor-button-text\">Apprendre encore plus<\/span>\n\t\t\t\t\t<\/span>\n\t\t\t\t\t<\/a>\n\t\t\t\t<\/div>\n\t\t\t\t\t\t\t\t<\/div>\n\t\t\t\t<\/div>\n\t\t\t\t\t<\/div>\n\t\t<\/div>\n\t\t\t\t\t<\/div>\n\t\t<\/section>\n\t\t\t\t\t<\/div>\n\t\t<\/div>\n\t\t\t\t\t<\/div>\n\t\t<\/section>\n\t\t<div class=\"elementor-element elementor-element-367df20 e-flex e-con-boxed e-con e-parent\" data-id=\"367df20\" data-element_type=\"container\" data-e-type=\"container\">\n\t\t\t\t\t<div class=\"e-con-inner\">\n\t\t<div class=\"elementor-element elementor-element-8a94fbe e-con-full e-flex e-con e-child\" data-id=\"8a94fbe\" data-element_type=\"container\" data-e-type=\"container\">\n\t\t\t\t<div class=\"elementor-element elementor-element-54b2d51 elementor-widget elementor-widget-heading\" data-id=\"54b2d51\" data-element_type=\"widget\" data-e-type=\"widget\" data-widget_type=\"heading.default\">\n\t\t\t\t<div class=\"elementor-widget-container\">\n\t\t\t\t\t<h2 class=\"elementor-heading-title elementor-size-default\">Tirer parti de PON pour les services r\u00e9seau de nouvelle g\u00e9n\u00e9ration<\/h2>\t\t\t\t<\/div>\n\t\t\t\t<\/div>\n\t\t\t\t<div class=\"elementor-element elementor-element-ec7629a elementor-widget elementor-widget-image\" data-id=\"ec7629a\" data-element_type=\"widget\" data-e-type=\"widget\" data-widget_type=\"image.default\">\n\t\t\t\t<div class=\"elementor-widget-container\">\n\t\t\t\t\t\t\t\t\t\t\t\t\t\t\t\t<a href=\"https:\/\/go.precisionot.com\/pon-webinar\" target=\"_blank\" rel=\"noopener\">\n\t\t\t\t\t\t\t<img decoding=\"async\" width=\"600\" height=\"284\" src=\"https:\/\/www.precisionot.com\/wp-content\/uploads\/admin-ajax-1.png\" class=\"attachment-medium_large size-medium_large wp-image-29015\" alt=\"\" srcset=\"https:\/\/www.precisionot.com\/wp-content\/uploads\/admin-ajax-1.png 600w, https:\/\/www.precisionot.com\/wp-content\/uploads\/admin-ajax-1-300x142.png 300w, https:\/\/www.precisionot.com\/wp-content\/uploads\/admin-ajax-1-18x9.png 18w, https:\/\/www.precisionot.com\/wp-content\/uploads\/admin-ajax-1-64x30.png 64w\" sizes=\"(max-width: 600px) 100vw, 600px\" \/>\t\t\t\t\t\t\t\t<\/a>\n\t\t\t\t\t\t\t\t\t\t\t\t\t\t\t<\/div>\n\t\t\t\t<\/div>\n\t\t\t\t<div class=\"elementor-element elementor-element-b052c64 elementor-align-left elementor-widget__width-inherit elementor-widget elementor-widget-button\" data-id=\"b052c64\" data-element_type=\"widget\" data-e-type=\"widget\" data-widget_type=\"button.default\">\n\t\t\t\t<div class=\"elementor-widget-container\">\n\t\t\t\t\t\t\t\t\t<div class=\"elementor-button-wrapper\">\n\t\t\t\t\t<a class=\"elementor-button elementor-button-link elementor-size-sm\" href=\"https:\/\/go.precisionot.com\/pon-webinar\" target=\"_blank\" rel=\"noopener\">\n\t\t\t\t\t\t<span class=\"elementor-button-content-wrapper\">\n\t\t\t\t\t\t\t\t\t<span class=\"elementor-button-text\">Apprendre encore plus<\/span>\n\t\t\t\t\t<\/span>\n\t\t\t\t\t<\/a>\n\t\t\t\t<\/div>\n\t\t\t\t\t\t\t\t<\/div>\n\t\t\t\t<\/div>\n\t\t\t\t<\/div>\n\t\t<div class=\"elementor-element elementor-element-7948cf8 e-con-full e-flex e-con e-child\" data-id=\"7948cf8\" data-element_type=\"container\" data-e-type=\"container\">\n\t\t\t\t<div class=\"elementor-element elementor-element-5dc1311 elementor-widget elementor-widget-heading\" data-id=\"5dc1311\" data-element_type=\"widget\" data-e-type=\"widget\" data-widget_type=\"heading.default\">\n\t\t\t\t<div class=\"elementor-widget-container\">\n\t\t\t\t\t<h2 class=\"elementor-heading-title elementor-size-default\">PAM4 et les technologies coh\u00e9rentes<\/h2>\t\t\t\t<\/div>\n\t\t\t\t<\/div>\n\t\t\t\t<div class=\"elementor-element elementor-element-7d6b8b5 elementor-widget elementor-widget-image\" data-id=\"7d6b8b5\" data-element_type=\"widget\" data-e-type=\"widget\" data-widget_type=\"image.default\">\n\t\t\t\t<div class=\"elementor-widget-container\">\n\t\t\t\t\t\t\t\t\t\t\t\t\t\t\t\t<a href=\"https:\/\/go.precisionot.com\/pam4-and-coherent-webinar\" target=\"_blank\" rel=\"noopener\">\n\t\t\t\t\t\t\t<img loading=\"lazy\" decoding=\"async\" width=\"600\" height=\"292\" src=\"https:\/\/www.precisionot.com\/wp-content\/uploads\/admin-ajax.png\" class=\"attachment-medium_large size-medium_large wp-image-29016\" alt=\"\" srcset=\"https:\/\/www.precisionot.com\/wp-content\/uploads\/admin-ajax.png 600w, https:\/\/www.precisionot.com\/wp-content\/uploads\/admin-ajax-300x146.png 300w, https:\/\/www.precisionot.com\/wp-content\/uploads\/admin-ajax-18x9.png 18w, https:\/\/www.precisionot.com\/wp-content\/uploads\/admin-ajax-64x31.png 64w\" sizes=\"(max-width: 600px) 100vw, 600px\" \/>\t\t\t\t\t\t\t\t<\/a>\n\t\t\t\t\t\t\t\t\t\t\t\t\t\t\t<\/div>\n\t\t\t\t<\/div>\n\t\t\t\t<div class=\"elementor-element elementor-element-fe57293 elementor-align-left elementor-widget__width-inherit elementor-widget elementor-widget-button\" data-id=\"fe57293\" data-element_type=\"widget\" data-e-type=\"widget\" data-widget_type=\"button.default\">\n\t\t\t\t<div class=\"elementor-widget-container\">\n\t\t\t\t\t\t\t\t\t<div class=\"elementor-button-wrapper\">\n\t\t\t\t\t<a class=\"elementor-button elementor-button-link elementor-size-sm\" href=\"https:\/\/go.precisionot.com\/pam4-and-coherent-webinar\" target=\"_blank\" rel=\"noopener\">\n\t\t\t\t\t\t<span class=\"elementor-button-content-wrapper\">\n\t\t\t\t\t\t\t\t\t<span class=\"elementor-button-text\">Apprendre encore plus<\/span>\n\t\t\t\t\t<\/span>\n\t\t\t\t\t<\/a>\n\t\t\t\t<\/div>\n\t\t\t\t\t\t\t\t<\/div>\n\t\t\t\t<\/div>\n\t\t\t\t<\/div>\n\t\t\t\t\t<\/div>\n\t\t\t\t<\/div>\n\t\t<div class=\"elementor-element elementor-element-37f6b59 e-flex e-con-boxed e-con e-parent\" data-id=\"37f6b59\" data-element_type=\"container\" data-e-type=\"container\">\n\t\t\t\t\t<div class=\"e-con-inner\">\n\t\t\t\t<div class=\"elementor-element elementor-element-2c03a47 elementor-widget elementor-widget-heading\" data-id=\"2c03a47\" data-element_type=\"widget\" data-e-type=\"widget\" data-widget_type=\"heading.default\">\n\t\t\t\t<div class=\"elementor-widget-container\">\n\t\t\t\t\t<h2 class=\"elementor-heading-title elementor-size-default\">400G\u00a0: Strat\u00e9gies de modernisation du r\u00e9seau<\/h2>\t\t\t\t<\/div>\n\t\t\t\t<\/div>\n\t\t\t\t<div class=\"elementor-element elementor-element-474811a elementor-widget elementor-widget-image\" data-id=\"474811a\" data-element_type=\"widget\" data-e-type=\"widget\" data-widget_type=\"image.default\">\n\t\t\t\t<div class=\"elementor-widget-container\">\n\t\t\t\t\t\t\t\t\t\t\t\t\t\t\t\t<a href=\"https:\/\/go.precisionot.com\/400g-afcea-webinar\" target=\"_blank\" rel=\"noopener\">\n\t\t\t\t\t\t\t<img loading=\"lazy\" decoding=\"async\" width=\"600\" height=\"411\" src=\"https:\/\/www.precisionot.com\/wp-content\/uploads\/Screen_Shot_2021_08_02_at_10.10.49_AM_1536x1052-600x411.webp\" class=\"attachment-woocommerce_single size-woocommerce_single wp-image-29017\" alt=\"\" srcset=\"https:\/\/www.precisionot.com\/wp-content\/uploads\/Screen_Shot_2021_08_02_at_10.10.49_AM_1536x1052-600x411.webp 600w, https:\/\/www.precisionot.com\/wp-content\/uploads\/Screen_Shot_2021_08_02_at_10.10.49_AM_1536x1052-300x205.webp 300w, https:\/\/www.precisionot.com\/wp-content\/uploads\/Screen_Shot_2021_08_02_at_10.10.49_AM_1536x1052-1024x701.webp 1024w, https:\/\/www.precisionot.com\/wp-content\/uploads\/Screen_Shot_2021_08_02_at_10.10.49_AM_1536x1052-768x526.webp 768w, https:\/\/www.precisionot.com\/wp-content\/uploads\/Screen_Shot_2021_08_02_at_10.10.49_AM_1536x1052-18x12.webp 18w, https:\/\/www.precisionot.com\/wp-content\/uploads\/Screen_Shot_2021_08_02_at_10.10.49_AM_1536x1052-64x44.webp 64w, https:\/\/www.precisionot.com\/wp-content\/uploads\/Screen_Shot_2021_08_02_at_10.10.49_AM_1536x1052.webp 1536w\" sizes=\"(max-width: 600px) 100vw, 600px\" \/>\t\t\t\t\t\t\t\t<\/a>\n\t\t\t\t\t\t\t\t\t\t\t\t\t\t\t<\/div>\n\t\t\t\t<\/div>\n\t\t\t\t<div class=\"elementor-element elementor-element-80589fa elementor-align-left elementor-widget__width-inherit elementor-widget elementor-widget-button\" data-id=\"80589fa\" data-element_type=\"widget\" data-e-type=\"widget\" data-widget_type=\"button.default\">\n\t\t\t\t<div class=\"elementor-widget-container\">\n\t\t\t\t\t\t\t\t\t<div class=\"elementor-button-wrapper\">\n\t\t\t\t\t<a class=\"elementor-button elementor-button-link elementor-size-sm\" href=\"https:\/\/go.precisionot.com\/400g-afcea-webinar\" target=\"_blank\" rel=\"noopener\">\n\t\t\t\t\t\t<span class=\"elementor-button-content-wrapper\">\n\t\t\t\t\t\t\t\t\t<span class=\"elementor-button-text\">Apprendre encore plus<\/span>\n\t\t\t\t\t<\/span>\n\t\t\t\t\t<\/a>\n\t\t\t\t<\/div>\n\t\t\t\t\t\t\t\t<\/div>\n\t\t\t\t<\/div>\n\t\t\t\t\t<\/div>\n\t\t\t\t<\/div>\n\t\t\t\t<\/div>","protected":false},"excerpt":{"rendered":"<p>Webinaires L&#039;\u00e9volution de l&#039;optique enfichable coh\u00e9rente En savoir plus Initiative industrielle PON \u00e0 haut d\u00e9bit En savoir plus Tirer parti du PON pour les services r\u00e9seau de nouvelle g\u00e9n\u00e9ration En savoir plus PAM4 et technologies coh\u00e9rentes En savoir plus 400G\u00a0: strat\u00e9gies de modernisation du r\u00e9seau En savoir plus<\/p>","protected":false},"author":1,"featured_media":0,"parent":0,"menu_order":0,"comment_status":"closed","ping_status":"closed","template":"","meta":{"_acf_changed":false,"content-type":"","site-sidebar-layout":"no-sidebar","site-content-layout":"page-builder","ast-site-content-layout":"default","site-content-style":"default","site-sidebar-style":"default","ast-global-header-display":"","ast-banner-title-visibility":"","ast-main-header-display":"","ast-hfb-above-header-display":"","ast-hfb-below-header-display":"","ast-hfb-mobile-header-display":"","site-post-title":"disabled","ast-breadcrumbs-content":"","ast-featured-img":"disabled","footer-sml-layout":"","ast-disable-related-posts":"","theme-transparent-header-meta":"","adv-header-id-meta":"","stick-header-meta":"","header-above-stick-meta":"","header-main-stick-meta":"","header-below-stick-meta":"","astra-migrate-meta-layouts":"default","ast-page-background-enabled":"default","ast-page-background-meta":{"desktop":{"background-color":"","background-image":"","background-repeat":"repeat","background-position":"center center","background-size":"auto","background-attachment":"scroll","background-type":"","background-media":"","overlay-type":"","overlay-color":"","overlay-opacity":"","overlay-gradient":""},"tablet":{"background-color":"","background-image":"","background-repeat":"repeat","background-position":"center center","background-size":"auto","background-attachment":"scroll","background-type":"","background-media":"","overlay-type":"","overlay-color":"","overlay-opacity":"","overlay-gradient":""},"mobile":{"background-color":"","background-image":"","background-repeat":"repeat","background-position":"center center","background-size":"auto","background-attachment":"scroll","background-type":"","background-media":"","overlay-type":"","overlay-color":"","overlay-opacity":"","overlay-gradient":""}},"ast-content-background-meta":{"desktop":{"background-color":"var(--ast-global-color-5)","background-image":"","background-repeat":"repeat","background-position":"center center","background-size":"auto","background-attachment":"scroll","background-type":"","background-media":"","overlay-type":"","overlay-color":"","overlay-opacity":"","overlay-gradient":""},"tablet":{"background-color":"var(--ast-global-color-5)","background-image":"","background-repeat":"repeat","background-position":"center center","background-size":"auto","background-attachment":"scroll","background-type":"","background-media":"","overlay-type":"","overlay-color":"","overlay-opacity":"","overlay-gradient":""},"mobile":{"background-color":"var(--ast-global-color-5)","background-image":"","background-repeat":"repeat","background-position":"center center","background-size":"auto","background-attachment":"scroll","background-type":"","background-media":"","overlay-type":"","overlay-color":"","overlay-opacity":"","overlay-gradient":""}},"footnotes":""},"class_list":["post-3499","page","type-page","status-publish","hentry"],"acf":[],"_links":{"self":[{"href":"https:\/\/www.precisionot.com\/fr\/wp-json\/wp\/v2\/pages\/3499","targetHints":{"allow":["GET"]}}],"collection":[{"href":"https:\/\/www.precisionot.com\/fr\/wp-json\/wp\/v2\/pages"}],"about":[{"href":"https:\/\/www.precisionot.com\/fr\/wp-json\/wp\/v2\/types\/page"}],"author":[{"embeddable":true,"href":"https:\/\/www.precisionot.com\/fr\/wp-json\/wp\/v2\/users\/1"}],"replies":[{"embeddable":true,"href":"https:\/\/www.precisionot.com\/fr\/wp-json\/wp\/v2\/comments?post=3499"}],"version-history":[{"count":6,"href":"https:\/\/www.precisionot.com\/fr\/wp-json\/wp\/v2\/pages\/3499\/revisions"}],"predecessor-version":[{"id":33605,"href":"https:\/\/www.precisionot.com\/fr\/wp-json\/wp\/v2\/pages\/3499\/revisions\/33605"}],"wp:attachment":[{"href":"https:\/\/www.precisionot.com\/fr\/wp-json\/wp\/v2\/media?parent=3499"}],"curies":[{"name":"wp","href":"https:\/\/api.w.org\/{rel}","templated":true}]}}