{"id":215,"date":"2020-10-13T06:30:36","date_gmt":"2020-10-13T06:30:36","guid":{"rendered":"https:\/\/www.precisionot.com\/?page_id=215"},"modified":"2025-06-05T15:59:44","modified_gmt":"2025-06-05T19:59:44","slug":"presse","status":"publish","type":"page","link":"https:\/\/www.precisionot.com\/fr\/press\/","title":{"rendered":"Presse"},"content":{"rendered":"<div data-elementor-type=\"wp-post\" data-elementor-id=\"215\" class=\"elementor elementor-215\" data-elementor-post-type=\"page\">\n\t\t\t\t<div class=\"elementor-element elementor-element-bdeb350 e-flex e-con-boxed e-con e-parent\" data-id=\"bdeb350\" data-element_type=\"container\" data-e-type=\"container\" data-settings=\"{&quot;background_background&quot;:&quot;classic&quot;}\">\n\t\t\t\t\t<div class=\"e-con-inner\">\n\t\t\t\t<div class=\"elementor-element elementor-element-b3510a1 elementor-widget__width-auto elementor-widget elementor-widget-heading\" data-id=\"b3510a1\" data-element_type=\"widget\" data-e-type=\"widget\" data-widget_type=\"heading.default\">\n\t\t\t\t<div class=\"elementor-widget-container\">\n\t\t\t\t\t<h1 class=\"elementor-heading-title elementor-size-default\">Presse<\/h1>\t\t\t\t<\/div>\n\t\t\t\t<\/div>\n\t\t\t\t\t<\/div>\n\t\t\t\t<\/div>\n\t\t<div class=\"elementor-element elementor-element-35cabf8 e-flex e-con-boxed e-con e-parent\" data-id=\"35cabf8\" data-element_type=\"container\" data-e-type=\"container\" data-settings=\"{&quot;background_background&quot;:&quot;classic&quot;}\">\n\t\t\t\t\t<div class=\"e-con-inner\">\n\t\t<div class=\"elementor-element elementor-element-4bd74d7 e-con-full e-flex e-con e-child\" data-id=\"4bd74d7\" data-element_type=\"container\" data-e-type=\"container\">\n\t\t\t\t<div class=\"elementor-element elementor-element-ff3a7a4 elementor-grid-1 elementor-grid-tablet-1 elementor-posts--thumbnail-right elementor-grid-mobile-1 elementor-widget elementor-widget-posts\" data-id=\"ff3a7a4\" data-element_type=\"widget\" data-e-type=\"widget\" data-settings=\"{&quot;pagination_type&quot;:&quot;numbers&quot;,&quot;classic_columns&quot;:&quot;1&quot;,&quot;classic_columns_tablet&quot;:&quot;1&quot;,&quot;classic_row_gap&quot;:{&quot;unit&quot;:&quot;px&quot;,&quot;size&quot;:75,&quot;sizes&quot;:[]},&quot;classic_columns_mobile&quot;:&quot;1&quot;,&quot;classic_row_gap_tablet&quot;:{&quot;unit&quot;:&quot;px&quot;,&quot;size&quot;:&quot;&quot;,&quot;sizes&quot;:[]},&quot;classic_row_gap_mobile&quot;:{&quot;unit&quot;:&quot;px&quot;,&quot;size&quot;:&quot;&quot;,&quot;sizes&quot;:[]}}\" data-widget_type=\"posts.classic\">\n\t\t\t\t<div class=\"elementor-widget-container\">\n\t\t\t\t\t\t\t<div class=\"elementor-posts-container elementor-posts elementor-posts--skin-classic elementor-grid\" role=\"list\">\n\t\t\t\t<article class=\"elementor-post elementor-grid-item post-29494 post type-post status-publish format-standard has-post-thumbnail hentry category-press-releases tag-coherent tag-dwdm tag-tunable tag-zr\" role=\"listitem\">\n\t\t\t\t<a class=\"elementor-post__thumbnail__link\" href=\"https:\/\/www.precisionot.com\/fr\/announces-ga-of-qsfp28-100zr-coherent\/\" tabindex=\"-1\">\n\t\t\t<div class=\"elementor-post__thumbnail\"><img fetchpriority=\"high\" decoding=\"async\" width=\"768\" height=\"402\" src=\"https:\/\/www.precisionot.com\/wp-content\/uploads\/100G-ZR-Coherent-GA-PR-2-768x402.png\" class=\"attachment-medium_large size-medium_large wp-image-29516\" alt=\"QSFP28 100ZR Coh\u00e9rent\" srcset=\"https:\/\/www.precisionot.com\/wp-content\/uploads\/100G-ZR-Coherent-GA-PR-2-768x402.png 768w, https:\/\/www.precisionot.com\/wp-content\/uploads\/100G-ZR-Coherent-GA-PR-2-300x157.png 300w, https:\/\/www.precisionot.com\/wp-content\/uploads\/100G-ZR-Coherent-GA-PR-2-1024x536.png 1024w, https:\/\/www.precisionot.com\/wp-content\/uploads\/100G-ZR-Coherent-GA-PR-2-18x9.png 18w, https:\/\/www.precisionot.com\/wp-content\/uploads\/100G-ZR-Coherent-GA-PR-2-600x314.png 600w, https:\/\/www.precisionot.com\/wp-content\/uploads\/100G-ZR-Coherent-GA-PR-2-64x33.png 64w, https:\/\/www.precisionot.com\/wp-content\/uploads\/100G-ZR-Coherent-GA-PR-2.png 1200w\" sizes=\"(max-width: 768px) 100vw, 768px\" \/><\/div>\n\t\t<\/a>\n\t\t\t\t<div class=\"elementor-post__text\">\n\t\t\t\t<h3 class=\"elementor-post__title\">\n\t\t\t<a href=\"https:\/\/www.precisionot.com\/fr\/announces-ga-of-qsfp28-100zr-coherent\/\">\n\t\t\t\tPrecision Optical Technologies annonce la disponibilit\u00e9 g\u00e9n\u00e9rale des \u00e9metteurs-r\u00e9cepteurs DWDM accordables coh\u00e9rents QSFP28 100ZR\t\t\t<\/a>\n\t\t<\/h3>\n\t\t\t\t<div class=\"elementor-post__meta-data\">\n\t\t\t\t\t<span class=\"elementor-post-date\">\n\t\t\t19 novembre 2024\t\t<\/span>\n\t\t\t\t<\/div>\n\t\t\t\t<div class=\"elementor-post__excerpt\">\n\t\t\t<p>Rochester, NY \u2014 19 novembre 2024 \u2014 Precision OT, une sous-marque principale du portefeuille de solutions haut d\u00e9bit de Belden, annonce la disponibilit\u00e9 g\u00e9n\u00e9rale de son DWDM accordable coh\u00e9rent QSFP28 100ZR<\/p>\n\t\t<\/div>\n\t\t\n\t\t<a class=\"elementor-post__read-more\" href=\"https:\/\/www.precisionot.com\/fr\/announces-ga-of-qsfp28-100zr-coherent\/\" aria-label=\"En savoir plus sur Precision Optical Technologies annonce la disponibilit\u00e9 g\u00e9n\u00e9rale des \u00e9metteurs-r\u00e9cepteurs DWDM accordables coh\u00e9rents QSFP28 100ZR\" tabindex=\"-1\">\n\t\t\tEn savoir plus &quot;\t\t<\/a>\n\n\t\t\t\t<\/div>\n\t\t\t\t<\/article>\n\t\t\t\t<article class=\"elementor-post elementor-grid-item post-28072 post type-post status-publish format-standard has-post-thumbnail hentry category-press-releases\" role=\"listitem\">\n\t\t\t\t<a class=\"elementor-post__thumbnail__link\" href=\"https:\/\/www.precisionot.com\/fr\/ise-network-innovators-awards\/\" tabindex=\"-1\">\n\t\t\t<div class=\"elementor-post__thumbnail\"><img decoding=\"async\" width=\"768\" height=\"419\" src=\"https:\/\/www.precisionot.com\/wp-content\/uploads\/ISE-Award-PR.png\" class=\"attachment-medium_large size-medium_large wp-image-28077\" alt=\"ISE\" srcset=\"https:\/\/www.precisionot.com\/wp-content\/uploads\/ISE-Award-PR.png 768w, https:\/\/www.precisionot.com\/wp-content\/uploads\/ISE-Award-PR-300x164.png 300w, https:\/\/www.precisionot.com\/wp-content\/uploads\/ISE-Award-PR-18x10.png 18w, https:\/\/www.precisionot.com\/wp-content\/uploads\/ISE-Award-PR-600x327.png 600w, https:\/\/www.precisionot.com\/wp-content\/uploads\/ISE-Award-PR-64x35.png 64w\" sizes=\"(max-width: 768px) 100vw, 768px\" \/><\/div>\n\t\t<\/a>\n\t\t\t\t<div class=\"elementor-post__text\">\n\t\t\t\t<h3 class=\"elementor-post__title\">\n\t\t\t<a href=\"https:\/\/www.precisionot.com\/fr\/ise-network-innovators-awards\/\">\n\t\t\t\tL&#039;ASIC Genesee\u2122 de compensation de dispersion de Precision Optical Technologies r\u00e9compens\u00e9 par les prix ISE Network Innovators&#039; Awards 2024\t\t\t<\/a>\n\t\t<\/h3>\n\t\t\t\t<div class=\"elementor-post__meta-data\">\n\t\t\t\t\t<span class=\"elementor-post-date\">\n\t\t\t26 ao\u00fbt 2024\t\t<\/span>\n\t\t\t\t<\/div>\n\t\t\t\t<div class=\"elementor-post__excerpt\">\n\t\t\t<p>Rochester, NY \u2014 26 ao\u00fbt 2024 \u2014 Precision Optical Technologies, une marque cl\u00e9 du portefeuille de solutions haut d\u00e9bit de Belden, annonce fi\u00e8rement que sa technologie de dispersion Genesee\u2122 de pointe<\/p>\n\t\t<\/div>\n\t\t\n\t\t<a class=\"elementor-post__read-more\" href=\"https:\/\/www.precisionot.com\/fr\/ise-network-innovators-awards\/\" aria-label=\"En savoir plus sur l&#039;ASIC Genesee\u2122 Dispersion Compensation de Precision Optical Technologies r\u00e9compens\u00e9 par les ISE Network Innovators&#039; Awards 2024\" tabindex=\"-1\">\n\t\t\tEn savoir plus &quot;\t\t<\/a>\n\n\t\t\t\t<\/div>\n\t\t\t\t<\/article>\n\t\t\t\t<article class=\"elementor-post elementor-grid-item post-27766 post type-post status-publish format-standard has-post-thumbnail hentry category-press-releases\" role=\"listitem\">\n\t\t\t\t<a class=\"elementor-post__thumbnail__link\" href=\"https:\/\/www.precisionot.com\/fr\/stratus-networks-precision-ot\/\" tabindex=\"-1\">\n\t\t\t<div class=\"elementor-post__thumbnail\"><img decoding=\"async\" width=\"768\" height=\"419\" src=\"https:\/\/www.precisionot.com\/wp-content\/uploads\/Stratus-Networks-PR-1.png\" class=\"attachment-medium_large size-medium_large wp-image-27770\" alt=\"R\u00e9seaux Stratus\" srcset=\"https:\/\/www.precisionot.com\/wp-content\/uploads\/Stratus-Networks-PR-1.png 768w, https:\/\/www.precisionot.com\/wp-content\/uploads\/Stratus-Networks-PR-1-300x164.png 300w, https:\/\/www.precisionot.com\/wp-content\/uploads\/Stratus-Networks-PR-1-18x10.png 18w, https:\/\/www.precisionot.com\/wp-content\/uploads\/Stratus-Networks-PR-1-600x327.png 600w, https:\/\/www.precisionot.com\/wp-content\/uploads\/Stratus-Networks-PR-1-64x35.png 64w\" sizes=\"(max-width: 768px) 100vw, 768px\" \/><\/div>\n\t\t<\/a>\n\t\t\t\t<div class=\"elementor-post__text\">\n\t\t\t\t<h3 class=\"elementor-post__title\">\n\t\t\t<a href=\"https:\/\/www.precisionot.com\/fr\/stratus-networks-precision-ot\/\">\n\t\t\t\tStratus Networks choisit la solution d&#039;acc\u00e8s au r\u00e9seau optique passif de Precision Optical Technologies \u2014 OpenPath\u2122 pour \u00e9tendre son r\u00e9seau de fibre optique\t\t\t<\/a>\n\t\t<\/h3>\n\t\t\t\t<div class=\"elementor-post__meta-data\">\n\t\t\t\t\t<span class=\"elementor-post-date\">\n\t\t\t25 juillet 2024\t\t<\/span>\n\t\t\t\t<\/div>\n\t\t\t\t<div class=\"elementor-post__excerpt\">\n\t\t\t<p>Rochester, NY \u2014 25 juillet 2024 \u2014 Precision OT, une marque cl\u00e9 du portefeuille de solutions haut d\u00e9bit de Belden, annonce que Stratus Networks, un leader en mati\u00e8re de donn\u00e9es et<\/p>\n\t\t<\/div>\n\t\t\n\t\t<a class=\"elementor-post__read-more\" href=\"https:\/\/www.precisionot.com\/fr\/stratus-networks-precision-ot\/\" aria-label=\"En savoir plus sur Stratus Networks choisit la solution d&#039;acc\u00e8s au r\u00e9seau optique passif de Precision Optical Technologies \u2014 OpenPath\u2122 pour \u00e9tendre son r\u00e9seau de fibre optique\" tabindex=\"-1\">\n\t\t\tEn savoir plus &quot;\t\t<\/a>\n\n\t\t\t\t<\/div>\n\t\t\t\t<\/article>\n\t\t\t\t<article class=\"elementor-post elementor-grid-item post-25872 post type-post status-publish format-standard has-post-thumbnail hentry category-press-releases\" role=\"listitem\">\n\t\t\t\t<a class=\"elementor-post__thumbnail__link\" href=\"https:\/\/www.precisionot.com\/fr\/precision-ot-participates-in-oif-2024-pll-interop-demonstration-at-ofc-2024\/\" tabindex=\"-1\">\n\t\t\t<div class=\"elementor-post__thumbnail\"><img loading=\"lazy\" decoding=\"async\" width=\"768\" height=\"419\" src=\"https:\/\/www.precisionot.com\/wp-content\/uploads\/OIF-PR-Post-Show.png\" class=\"attachment-medium_large size-medium_large wp-image-25877\" alt=\"\" srcset=\"https:\/\/www.precisionot.com\/wp-content\/uploads\/OIF-PR-Post-Show.png 768w, https:\/\/www.precisionot.com\/wp-content\/uploads\/OIF-PR-Post-Show-300x164.png 300w, https:\/\/www.precisionot.com\/wp-content\/uploads\/OIF-PR-Post-Show-18x10.png 18w, https:\/\/www.precisionot.com\/wp-content\/uploads\/OIF-PR-Post-Show-600x327.png 600w, https:\/\/www.precisionot.com\/wp-content\/uploads\/OIF-PR-Post-Show-64x35.png 64w\" sizes=\"(max-width: 768px) 100vw, 768px\" \/><\/div>\n\t\t<\/a>\n\t\t\t\t<div class=\"elementor-post__text\">\n\t\t\t\t<h3 class=\"elementor-post__title\">\n\t\t\t<a href=\"https:\/\/www.precisionot.com\/fr\/precision-ot-participates-in-oif-2024-pll-interop-demonstration-at-ofc-2024\/\">\n\t\t\t\tPrecision OT participe \u00e0 la d\u00e9monstration d\u2019interop\u00e9rabilit\u00e9 PLL de l\u2019OIF 2024 \u00e0 l\u2019OFC 2024\t\t\t<\/a>\n\t\t<\/h3>\n\t\t\t\t<div class=\"elementor-post__meta-data\">\n\t\t\t\t\t<span class=\"elementor-post-date\">\n\t\t\t3 avril 2024\t\t<\/span>\n\t\t\t\t<\/div>\n\t\t\t\t<div class=\"elementor-post__excerpt\">\n\t\t\t<p>Rochester, NY \u20143 avril\u2014 Precision OT, une soci\u00e9t\u00e9 mondiale d&#039;ing\u00e9nierie et d&#039;int\u00e9gration de syst\u00e8mes optiques, annonce avoir particip\u00e9 avec succ\u00e8s \u00e0 l&#039;OIF PLL Interop<\/p>\n\t\t<\/div>\n\t\t\n\t\t<a class=\"elementor-post__read-more\" href=\"https:\/\/www.precisionot.com\/fr\/precision-ot-participates-in-oif-2024-pll-interop-demonstration-at-ofc-2024\/\" aria-label=\"En savoir plus sur Precision OT participe \u00e0 la d\u00e9monstration d&#039;interop\u00e9rabilit\u00e9 PLL de l&#039;OIF 2024 \u00e0 l&#039;OFC 2024\" tabindex=\"-1\">\n\t\t\tEn savoir plus &quot;\t\t<\/a>\n\n\t\t\t\t<\/div>\n\t\t\t\t<\/article>\n\t\t\t\t<article class=\"elementor-post elementor-grid-item post-24797 post type-post status-publish format-standard has-post-thumbnail hentry category-press-releases\" role=\"listitem\">\n\t\t\t\t<a class=\"elementor-post__thumbnail__link\" href=\"https:\/\/www.precisionot.com\/fr\/genesee-asic-technology-award\/\" tabindex=\"-1\">\n\t\t\t<div class=\"elementor-post__thumbnail\"><img loading=\"lazy\" decoding=\"async\" width=\"768\" height=\"419\" src=\"https:\/\/www.precisionot.com\/wp-content\/uploads\/ASICPR2024.webp\" class=\"attachment-medium_large size-medium_large wp-image-25216\" alt=\"\" srcset=\"https:\/\/www.precisionot.com\/wp-content\/uploads\/ASICPR2024.webp 768w, https:\/\/www.precisionot.com\/wp-content\/uploads\/ASICPR2024-300x164.webp 300w, https:\/\/www.precisionot.com\/wp-content\/uploads\/ASICPR2024-18x10.webp 18w, https:\/\/www.precisionot.com\/wp-content\/uploads\/ASICPR2024-600x327.webp 600w, https:\/\/www.precisionot.com\/wp-content\/uploads\/ASICPR2024-64x35.webp 64w\" sizes=\"(max-width: 768px) 100vw, 768px\" \/><\/div>\n\t\t<\/a>\n\t\t\t\t<div class=\"elementor-post__text\">\n\t\t\t\t<h3 class=\"elementor-post__title\">\n\t\t\t<a href=\"https:\/\/www.precisionot.com\/fr\/genesee-asic-technology-award\/\">\n\t\t\t\tLa technologie Genesee ASIC de Precision OT r\u00e9compens\u00e9e par les Lightwave Innovation Reviews 2024\t\t\t<\/a>\n\t\t<\/h3>\n\t\t\t\t<div class=\"elementor-post__meta-data\">\n\t\t\t\t\t<span class=\"elementor-post-date\">\n\t\t\t22 f\u00e9vrier 2024\t\t<\/span>\n\t\t\t\t<\/div>\n\t\t\t\t<div class=\"elementor-post__excerpt\">\n\t\t\t<p>Rochester, NY \u2013 22 f\u00e9vrier 2024 \u2013 Precision Optical Technologies, l&#039;un des principaux innovateurs dans le domaine des communications optiques, est fier d&#039;annoncer que son ASIC de pointe \u00e0 compensation de dispersion Genesee<\/p>\n\t\t<\/div>\n\t\t\n\t\t<a class=\"elementor-post__read-more\" href=\"https:\/\/www.precisionot.com\/fr\/genesee-asic-technology-award\/\" aria-label=\"En savoir plus sur la technologie Genesee ASIC de Precision OT r\u00e9compens\u00e9e par les Lightwave Innovation Reviews 2024\" tabindex=\"-1\">\n\t\t\tEn savoir plus &quot;\t\t<\/a>\n\n\t\t\t\t<\/div>\n\t\t\t\t<\/article>\n\t\t\t\t<article class=\"elementor-post elementor-grid-item post-24952 post type-post status-publish format-standard has-post-thumbnail hentry category-press-releases\" role=\"listitem\">\n\t\t\t\t<a class=\"elementor-post__thumbnail__link\" href=\"https:\/\/www.precisionot.com\/fr\/oif_ofc_2024_1\/\" tabindex=\"-1\">\n\t\t\t<div class=\"elementor-post__thumbnail\"><img loading=\"lazy\" decoding=\"async\" width=\"768\" height=\"419\" src=\"https:\/\/www.precisionot.com\/wp-content\/uploads\/OIF2024PR.webp\" class=\"attachment-medium_large size-medium_large wp-image-24953\" alt=\"OiF 2024 RP 1\" srcset=\"https:\/\/www.precisionot.com\/wp-content\/uploads\/OIF2024PR.webp 768w, https:\/\/www.precisionot.com\/wp-content\/uploads\/OIF2024PR-300x164.webp 300w, https:\/\/www.precisionot.com\/wp-content\/uploads\/OIF2024PR-18x10.webp 18w, https:\/\/www.precisionot.com\/wp-content\/uploads\/OIF2024PR-600x327.webp 600w, https:\/\/www.precisionot.com\/wp-content\/uploads\/OIF2024PR-64x35.webp 64w\" sizes=\"(max-width: 768px) 100vw, 768px\" \/><\/div>\n\t\t<\/a>\n\t\t\t\t<div class=\"elementor-post__text\">\n\t\t\t\t<h3 class=\"elementor-post__title\">\n\t\t\t<a href=\"https:\/\/www.precisionot.com\/fr\/oif_ofc_2024_1\/\">\n\t\t\t\tPrecision OT participera \u00e0 une d\u00e9monstration d\u2019interop\u00e9rabilit\u00e9 multi-fournisseurs \u00e0 l\u2019OFC 2024\t\t\t<\/a>\n\t\t<\/h3>\n\t\t\t\t<div class=\"elementor-post__meta-data\">\n\t\t\t\t\t<span class=\"elementor-post-date\">\n\t\t\t8 f\u00e9vrier 2024\t\t<\/span>\n\t\t\t\t<\/div>\n\t\t\t\t<div class=\"elementor-post__excerpt\">\n\t\t\t<p>Rochester, NY \u2014 8 f\u00e9vrier 2024 \u2014 Precision OT, une soci\u00e9t\u00e9 mondiale d&#039;ing\u00e9nierie et d&#039;int\u00e9gration de syst\u00e8mes optiques, annonce sa participation \u00e0 la d\u00e9monstration OIF PLL Interop h\u00e9berg\u00e9e<\/p>\n\t\t<\/div>\n\t\t\n\t\t<a class=\"elementor-post__read-more\" href=\"https:\/\/www.precisionot.com\/fr\/oif_ofc_2024_1\/\" aria-label=\"En savoir plus sur Precision OT participera \u00e0 une d\u00e9monstration d\u2019interop\u00e9rabilit\u00e9 multi-fournisseurs \u00e0 l\u2019OFC 2024\" tabindex=\"-1\">\n\t\t\tEn savoir plus &quot;\t\t<\/a>\n\n\t\t\t\t<\/div>\n\t\t\t\t<\/article>\n\t\t\t\t<\/div>\n\t\t\n\t\t\t\t<div class=\"e-load-more-anchor\" data-page=\"1\" data-max-page=\"6\" data-next-page=\"https:\/\/www.precisionot.com\/fr\/wp-json\/wp\/v2\/pages\/215\/page\/2\/\"><\/div>\n\t\t\t\t<nav class=\"elementor-pagination\" aria-label=\"Pagination\">\n\t\t\t<span aria-current=\"page\" class=\"page-numbers current\"><span class=\"elementor-screen-only\">Page<\/span>1<\/span>\n<a class=\"page-numbers\" href=\"https:\/\/www.precisionot.com\/fr\/wp-json\/wp\/v2\/pages\/215\/page\/2\/\"><span class=\"elementor-screen-only\">Page<\/span>2<\/a>\n<a class=\"page-numbers\" href=\"https:\/\/www.precisionot.com\/fr\/wp-json\/wp\/v2\/pages\/215\/page\/3\/\"><span class=\"elementor-screen-only\">Page<\/span>3<\/a>\n<a class=\"page-numbers\" href=\"https:\/\/www.precisionot.com\/fr\/wp-json\/wp\/v2\/pages\/215\/page\/4\/\"><span class=\"elementor-screen-only\">Page<\/span>4<\/a>\n<a class=\"page-numbers\" href=\"https:\/\/www.precisionot.com\/fr\/wp-json\/wp\/v2\/pages\/215\/page\/5\/\"><span class=\"elementor-screen-only\">Page<\/span>5<\/a>\n<a class=\"page-numbers\" href=\"https:\/\/www.precisionot.com\/fr\/wp-json\/wp\/v2\/pages\/215\/page\/6\/\"><span class=\"elementor-screen-only\">Page<\/span>6<\/a>\t\t<\/nav>\n\t\t\t\t\t\t<\/div>\n\t\t\t\t<\/div>\n\t\t\t\t<\/div>\n\t\t\t\t\t<\/div>\n\t\t\t\t<\/div>\n\t\t\t\t<\/div>","protected":false},"excerpt":{"rendered":"<p>Presse<\/p>","protected":false},"author":1,"featured_media":0,"parent":0,"menu_order":0,"comment_status":"closed","ping_status":"closed","template":"","meta":{"_acf_changed":false,"content-type":"","site-sidebar-layout":"no-sidebar","site-content-layout":"page-builder","ast-site-content-layout":"default","site-content-style":"default","site-sidebar-style":"default","ast-global-header-display":"","ast-banner-title-visibility":"","ast-main-header-display":"","ast-hfb-above-header-display":"","ast-hfb-below-header-display":"","ast-hfb-mobile-header-display":"","site-post-title":"disabled","ast-breadcrumbs-content":"","ast-featured-img":"disabled","footer-sml-layout":"","ast-disable-related-posts":"","theme-transparent-header-meta":"","adv-header-id-meta":"","stick-header-meta":"","header-above-stick-meta":"","header-main-stick-meta":"","header-below-stick-meta":"","astra-migrate-meta-layouts":"default","ast-page-background-enabled":"default","ast-page-background-meta":{"desktop":{"background-color":"","background-image":"","background-repeat":"repeat","background-position":"center center","background-size":"auto","background-attachment":"scroll","background-type":"","background-media":"","overlay-type":"","overlay-color":"","overlay-opacity":"","overlay-gradient":""},"tablet":{"background-color":"","background-image":"","background-repeat":"repeat","background-position":"center center","background-size":"auto","background-attachment":"scroll","background-type":"","background-media":"","overlay-type":"","overlay-color":"","overlay-opacity":"","overlay-gradient":""},"mobile":{"background-color":"","background-image":"","background-repeat":"repeat","background-position":"center center","background-size":"auto","background-attachment":"scroll","background-type":"","background-media":"","overlay-type":"","overlay-color":"","overlay-opacity":"","overlay-gradient":""}},"ast-content-background-meta":{"desktop":{"background-color":"var(--ast-global-color-5)","background-image":"","background-repeat":"repeat","background-position":"center center","background-size":"auto","background-attachment":"scroll","background-type":"","background-media":"","overlay-type":"","overlay-color":"","overlay-opacity":"","overlay-gradient":""},"tablet":{"background-color":"var(--ast-global-color-5)","background-image":"","background-repeat":"repeat","background-position":"center center","background-size":"auto","background-attachment":"scroll","background-type":"","background-media":"","overlay-type":"","overlay-color":"","overlay-opacity":"","overlay-gradient":""},"mobile":{"background-color":"var(--ast-global-color-5)","background-image":"","background-repeat":"repeat","background-position":"center center","background-size":"auto","background-attachment":"scroll","background-type":"","background-media":"","overlay-type":"","overlay-color":"","overlay-opacity":"","overlay-gradient":""}},"footnotes":""},"class_list":["post-215","page","type-page","status-publish","hentry"],"acf":[],"_links":{"self":[{"href":"https:\/\/www.precisionot.com\/fr\/wp-json\/wp\/v2\/pages\/215","targetHints":{"allow":["GET"]}}],"collection":[{"href":"https:\/\/www.precisionot.com\/fr\/wp-json\/wp\/v2\/pages"}],"about":[{"href":"https:\/\/www.precisionot.com\/fr\/wp-json\/wp\/v2\/types\/page"}],"author":[{"embeddable":true,"href":"https:\/\/www.precisionot.com\/fr\/wp-json\/wp\/v2\/users\/1"}],"replies":[{"embeddable":true,"href":"https:\/\/www.precisionot.com\/fr\/wp-json\/wp\/v2\/comments?post=215"}],"version-history":[{"count":0,"href":"https:\/\/www.precisionot.com\/fr\/wp-json\/wp\/v2\/pages\/215\/revisions"}],"wp:attachment":[{"href":"https:\/\/www.precisionot.com\/fr\/wp-json\/wp\/v2\/media?parent=215"}],"curies":[{"name":"wp","href":"https:\/\/api.w.org\/{rel}","templated":true}]}}