{"id":9930,"date":"2022-09-07T12:09:33","date_gmt":"2022-09-07T16:09:33","guid":{"rendered":"https:\/\/www.precisionot.com\/?post_type=product&#038;p=9930"},"modified":"2024-09-23T15:01:25","modified_gmt":"2024-09-23T19:01:25","slug":"antes-de-sfp10gm-100i","status":"publish","type":"product","link":"https:\/\/www.precisionot.com\/es\/product\/pre-sfp10gm-100i\/","title":{"rendered":"PRE-SFP10GM-100(I)"},"content":{"rendered":"<p class=\"p2\"><span class=\"NormalTextRun SCXW80144046 BCX0\">El m\u00f3dulo transceptor \u00f3ptico SFP10GM-100(I) admite transmisi\u00f3n Ethernet de 10 G a distancias de hasta <\/span><span class=\"NormalTextRun AdvancedProofingIssueV2Themed SCXW80144046 BCX0\">100 kil\u00f3metros<\/span><span class=\"NormalTextRun SCXW80144046 BCX0\"> Utiliza fibra monomodo (SMF) con conectores LC d\u00faplex. Este m\u00f3dulo, que funciona a una longitud de onda de 1550 nm, est\u00e1 dise\u00f1ado para aplicaciones de alcance ultralargo en centros de datos, redes empresariales y entornos de telecomunicaciones.<\/span><\/p>\n<hr \/>\n<p class=\"p2\"><span class=\"NormalTextRun SCXW80144046 BCX0\">Cuenta con monitoreo de diagn\u00f3stico digital (DDM) integrado para el seguimiento del rendimiento en tiempo real, lo que permite una gesti\u00f3n proactiva de la red. Disponible en una variante de temperatura industrial (I-temp), garantiza un rendimiento confiable en condiciones dif\u00edciles. El dise\u00f1o intercambiable en caliente permite una integraci\u00f3n o reemplazo r\u00e1pido y f\u00e1cil sin interrupci\u00f3n del servicio, lo que convierte al SFP10GM-100(I) en una soluci\u00f3n confiable para conectividad de largo alcance y alto rendimiento.<\/span><\/p>","protected":false},"excerpt":{"rendered":"<p class=\"p2\"><span class=\"NormalTextRun SCXW265579842 BCX0\">El transceptor \u00f3ptico SFP10GM-100(I) admite Ethernet 10G a trav\u00e9s de fibra monomodo con un alcance de hasta <\/span><span class=\"NormalTextRun AdvancedProofingIssueV2Themed SCXW265579842 BCX0\">100 kil\u00f3metros<\/span><span class=\"NormalTextRun SCXW265579842 BCX0\"> utilizando una longitud de onda de 1550 nm, disponible en un I-<\/span><span class=\"NormalTextRun SCXW265579842 BCX0\">temperatura<\/span><span class=\"NormalTextRun SCXW265579842 BCX0\"> Variante con DDM incorporado<\/span><\/p>\n<hr \/>\n<p class=\"p2\"><strong>SFP+, ZR, 1550nm, 10G, 100km, SMF\/LC, DDM<\/strong><\/p>","protected":false},"featured_media":24212,"template":"","meta":{"_acf_changed":false,"content-type":"","site-sidebar-layout":"default","site-content-layout":"default","ast-site-content-layout":"default","site-content-style":"default","site-sidebar-style":"default","ast-global-header-display":"","ast-banner-title-visibility":"","ast-main-header-display":"","ast-hfb-above-header-display":"","ast-hfb-below-header-display":"","ast-hfb-mobile-header-display":"","site-post-title":"","ast-breadcrumbs-content":"","ast-featured-img":"","footer-sml-layout":"","ast-disable-related-posts":"","theme-transparent-header-meta":"default","adv-header-id-meta":"","stick-header-meta":"","header-above-stick-meta":"","header-main-stick-meta":"","header-below-stick-meta":"","astra-migrate-meta-layouts":"set","ast-page-background-enabled":"default","ast-page-background-meta":{"desktop":{"background-color":"","background-image":"","background-repeat":"repeat","background-position":"center center","background-size":"auto","background-attachment":"scroll","background-type":"","background-media":"","overlay-type":"","overlay-color":"","overlay-opacity":"","overlay-gradient":""},"tablet":{"background-color":"","background-image":"","background-repeat":"repeat","background-position":"center center","background-size":"auto","background-attachment":"scroll","background-type":"","background-media":"","overlay-type":"","overlay-color":"","overlay-opacity":"","overlay-gradient":""},"mobile":{"background-color":"","background-image":"","background-repeat":"repeat","background-position":"center center","background-size":"auto","background-attachment":"scroll","background-type":"","background-media":"","overlay-type":"","overlay-color":"","overlay-opacity":"","overlay-gradient":""}},"ast-content-background-meta":{"desktop":{"background-color":"var(--ast-global-color-5)","background-image":"","background-repeat":"repeat","background-position":"center center","background-size":"auto","background-attachment":"scroll","background-type":"","background-media":"","overlay-type":"","overlay-color":"","overlay-opacity":"","overlay-gradient":""},"tablet":{"background-color":"var(--ast-global-color-5)","background-image":"","background-repeat":"repeat","background-position":"center center","background-size":"auto","background-attachment":"scroll","background-type":"","background-media":"","overlay-type":"","overlay-color":"","overlay-opacity":"","overlay-gradient":""},"mobile":{"background-color":"var(--ast-global-color-5)","background-image":"","background-repeat":"repeat","background-position":"center center","background-size":"auto","background-attachment":"scroll","background-type":"","background-media":"","overlay-type":"","overlay-color":"","overlay-opacity":"","overlay-gradient":""}}},"product_brand":[],"product_cat":[315],"product_tag":[],"class_list":{"0":"post-9930","1":"product","2":"type-product","3":"status-publish","4":"has-post-thumbnail","6":"product_cat-sfp-plus-standard","7":"desktop-align-left","8":"tablet-align-left","9":"mobile-align-left","10":"ast-product-gallery-layout-horizontal-slider","11":"ast-product-gallery-with-no-image","12":"ast-product-tabs-layout-horizontal","14":"first","15":"instock","16":"shipping-taxable","17":"purchasable","18":"product-type-simple"},"composite_virtual":false,"composite_layout":"","composite_add_to_cart_form_location":"","composite_editable_in_cart":false,"composite_sold_individually_context":"","composite_shop_price_calc":"","composite_components":[],"composite_scenarios":[],"acf":[],"_links":{"self":[{"href":"https:\/\/www.precisionot.com\/es\/wp-json\/wp\/v2\/product\/9930","targetHints":{"allow":["GET"]}}],"collection":[{"href":"https:\/\/www.precisionot.com\/es\/wp-json\/wp\/v2\/product"}],"about":[{"href":"https:\/\/www.precisionot.com\/es\/wp-json\/wp\/v2\/types\/product"}],"version-history":[{"count":0,"href":"https:\/\/www.precisionot.com\/es\/wp-json\/wp\/v2\/product\/9930\/revisions"}],"wp:featuredmedia":[{"embeddable":true,"href":"https:\/\/www.precisionot.com\/es\/wp-json\/wp\/v2\/media\/24212"}],"wp:attachment":[{"href":"https:\/\/www.precisionot.com\/es\/wp-json\/wp\/v2\/media?parent=9930"}],"wp:term":[{"taxonomy":"product_brand","embeddable":true,"href":"https:\/\/www.precisionot.com\/es\/wp-json\/wp\/v2\/product_brand?post=9930"},{"taxonomy":"product_cat","embeddable":true,"href":"https:\/\/www.precisionot.com\/es\/wp-json\/wp\/v2\/product_cat?post=9930"},{"taxonomy":"product_tag","embeddable":true,"href":"https:\/\/www.precisionot.com\/es\/wp-json\/wp\/v2\/product_tag?post=9930"}],"curies":[{"name":"Gracias","href":"https:\/\/api.w.org\/{rel}","templated":true}]}}