{"id":89,"date":"2020-10-10T17:04:18","date_gmt":"2020-10-10T21:04:18","guid":{"rendered":"https:\/\/www.precisionot.com\/?post_type=product&#038;p=89"},"modified":"2025-04-15T12:56:33","modified_gmt":"2025-04-15T16:56:33","slug":"anterior-qsfp56dd-fr4","status":"publish","type":"product","link":"https:\/\/www.precisionot.com\/es\/product\/pre-qsfp56dd-fr4\/","title":{"rendered":"PRE-QSFP56DD-FR4"},"content":{"rendered":"<div class=\"l-product_desc\">\n<div class=\"l-product_desc\">\n<p><span data-contrast=\"auto\">El transceptor \u00f3ptico QSFP56DD-FR4 es una soluci\u00f3n de alto rendimiento dise\u00f1ada para aplicaciones Ethernet de 400G, que ofrece velocidad y confiabilidad excepcionales para las necesidades de redes de rango medio. Ideal para centros de datos, redes de telecomunicaciones y backbones empresariales, este transceptor avanzado garantiza una conectividad s\u00f3lida con una eficiencia superior.<\/span><\/p>\n<hr \/>\n<p><span class=\"TextRun SCXW232769213 BCX0\" lang=\"EN-US\" xml:lang=\"EN-US\" data-contrast=\"auto\"><span class=\"NormalTextRun SCXW232769213 BCX0\">El transceptor \u00f3ptico QSFP56DD-FR4 est\u00e1 dise\u00f1ado para satisfacer las crecientes demandas de las redes modernas de rango medio. Con su compatibilidad con Ethernet 400G, alcance extendido y funciones avanzadas como la configuraci\u00f3n 4x100G-FR4 y DDM, este transceptor es la elecci\u00f3n perfecta para las organizaciones que buscan mejorar su infraestructura de red con una transmisi\u00f3n de datos confiable y de alta velocidad. Experimente el futuro de las redes con el transceptor \u00f3ptico QSFP56DD-FR4, su socio confiable para conectividad de datos de alta velocidad y rango medio.<\/span><\/span><span class=\"EOP SCXW232769213 BCX0\" data-ccp-props=\"{&quot;134233117&quot;:false,&quot;134233118&quot;:false,&quot;201341983&quot;:0,&quot;335551550&quot;:0,&quot;335551620&quot;:0,&quot;335557856&quot;:16777215,&quot;335559738&quot;:0,&quot;335559739&quot;:0,&quot;335559740&quot;:279}\">\u00a0<\/span><\/p>\n<\/div>\n<\/div>","protected":false},"excerpt":{"rendered":"<div class=\"l-product_desc\">\n<p><span class=\"NormalTextRun SCXW256408755 BCX0\">El QSFP56DD-<\/span><span class=\"NormalTextRun SCXW256408755 BCX0\">FR4<\/span><span class=\"NormalTextRun SCXW256408755 BCX0\"> El transceptor \u00f3ptico es una soluci\u00f3n de alto rendimiento dise\u00f1ada para aplicaciones 400 Gigabit Ethernet (400G), que ofrece velocidad y confiabilidad excepcionales para las necesidades de redes de rango medio.<\/span><\/p>\n<hr \/>\n<p><strong>QSFPDD, FR4, CWDM, 400G, 2 km, SMF\/LC, temperatura C, DDM<\/strong><\/p>\n<\/div>","protected":false},"featured_media":25364,"template":"","meta":{"_acf_changed":false,"content-type":"","site-sidebar-layout":"default","site-content-layout":"default","ast-site-content-layout":"default","site-content-style":"default","site-sidebar-style":"default","ast-global-header-display":"","ast-banner-title-visibility":"","ast-main-header-display":"","ast-hfb-above-header-display":"","ast-hfb-below-header-display":"","ast-hfb-mobile-header-display":"","site-post-title":"","ast-breadcrumbs-content":"","ast-featured-img":"","footer-sml-layout":"","ast-disable-related-posts":"","theme-transparent-header-meta":"default","adv-header-id-meta":"","stick-header-meta":"","header-above-stick-meta":"","header-main-stick-meta":"","header-below-stick-meta":"","astra-migrate-meta-layouts":"set","ast-page-background-enabled":"default","ast-page-background-meta":{"desktop":{"background-color":"","background-image":"","background-repeat":"repeat","background-position":"center center","background-size":"auto","background-attachment":"scroll","background-type":"","background-media":"","overlay-type":"","overlay-color":"","overlay-opacity":"","overlay-gradient":""},"tablet":{"background-color":"","background-image":"","background-repeat":"repeat","background-position":"center center","background-size":"auto","background-attachment":"scroll","background-type":"","background-media":"","overlay-type":"","overlay-color":"","overlay-opacity":"","overlay-gradient":""},"mobile":{"background-color":"","background-image":"","background-repeat":"repeat","background-position":"center center","background-size":"auto","background-attachment":"scroll","background-type":"","background-media":"","overlay-type":"","overlay-color":"","overlay-opacity":"","overlay-gradient":""}},"ast-content-background-meta":{"desktop":{"background-color":"var(--ast-global-color-5)","background-image":"","background-repeat":"repeat","background-position":"center center","background-size":"auto","background-attachment":"scroll","background-type":"","background-media":"","overlay-type":"","overlay-color":"","overlay-opacity":"","overlay-gradient":""},"tablet":{"background-color":"var(--ast-global-color-5)","background-image":"","background-repeat":"repeat","background-position":"center center","background-size":"auto","background-attachment":"scroll","background-type":"","background-media":"","overlay-type":"","overlay-color":"","overlay-opacity":"","overlay-gradient":""},"mobile":{"background-color":"var(--ast-global-color-5)","background-image":"","background-repeat":"repeat","background-position":"center center","background-size":"auto","background-attachment":"scroll","background-type":"","background-media":"","overlay-type":"","overlay-color":"","overlay-opacity":"","overlay-gradient":""}}},"product_brand":[],"product_cat":[260,286],"product_tag":[],"class_list":{"0":"post-89","1":"product","2":"type-product","3":"status-publish","4":"has-post-thumbnail","6":"product_cat-featured","7":"product_cat-qsfp-dd-400g-standard","8":"desktop-align-left","9":"tablet-align-left","10":"mobile-align-left","11":"ast-product-gallery-layout-horizontal-slider","12":"ast-product-gallery-with-no-image","13":"ast-product-tabs-layout-horizontal","15":"first","16":"instock","17":"shipping-taxable","18":"purchasable","19":"product-type-simple"},"composite_virtual":false,"composite_layout":"","composite_add_to_cart_form_location":"","composite_editable_in_cart":false,"composite_sold_individually_context":"","composite_shop_price_calc":"","composite_components":[],"composite_scenarios":[],"acf":[],"_links":{"self":[{"href":"https:\/\/www.precisionot.com\/es\/wp-json\/wp\/v2\/product\/89","targetHints":{"allow":["GET"]}}],"collection":[{"href":"https:\/\/www.precisionot.com\/es\/wp-json\/wp\/v2\/product"}],"about":[{"href":"https:\/\/www.precisionot.com\/es\/wp-json\/wp\/v2\/types\/product"}],"version-history":[{"count":0,"href":"https:\/\/www.precisionot.com\/es\/wp-json\/wp\/v2\/product\/89\/revisions"}],"wp:featuredmedia":[{"embeddable":true,"href":"https:\/\/www.precisionot.com\/es\/wp-json\/wp\/v2\/media\/25364"}],"wp:attachment":[{"href":"https:\/\/www.precisionot.com\/es\/wp-json\/wp\/v2\/media?parent=89"}],"wp:term":[{"taxonomy":"product_brand","embeddable":true,"href":"https:\/\/www.precisionot.com\/es\/wp-json\/wp\/v2\/product_brand?post=89"},{"taxonomy":"product_cat","embeddable":true,"href":"https:\/\/www.precisionot.com\/es\/wp-json\/wp\/v2\/product_cat?post=89"},{"taxonomy":"product_tag","embeddable":true,"href":"https:\/\/www.precisionot.com\/es\/wp-json\/wp\/v2\/product_tag?post=89"}],"curies":[{"name":"Gracias","href":"https:\/\/api.w.org\/{rel}","templated":true}]}}