{"id":8135,"date":"2022-06-02T14:58:47","date_gmt":"2022-06-02T18:58:47","guid":{"rendered":"https:\/\/www.precisionot.com\/?post_type=product&#038;p=8135"},"modified":"2024-05-31T09:51:51","modified_gmt":"2024-05-31T13:51:51","slug":"cwdm_5_8_osp","status":"publish","type":"product","link":"https:\/\/www.precisionot.com\/es\/product\/cwdm_5_8_osp\/","title":{"rendered":"CWDM OSP DE 5 Y 8 CANALES"},"content":{"rendered":"<p>Filtro CWDM de 5 u 8 canales con las siguientes opciones:<\/p>\n<ul>\n<li>Puertos r\u00e1pidos\/de prueba<\/li>\n<li>Puertos de banda ancha 1310<\/li>\n<li>Casete m\u00faltiple<\/li>\n<li>Tama\u00f1os\/longitudes de cola de cerdo<\/li>\n<li>Conectores UPC\/APC<\/li>\n<\/ul>\n<p>El CWDM OSP de 5 u 8 canales de Precision OT es una tecnolog\u00eda pasiva l\u00edder en la industria para uso en exteriores que admite longitudes de onda de 1431 a 1611 nm en 5 u 8 canales separados en una sola fibra, con configuraciones personalizadas disponibles de 1271 a 1611 nm. El filtro cuenta con diversos puertos y es una opci\u00f3n \u00f3ptima para maximizar el ancho de banda con un uso m\u00ednimo de fibra.<\/p>","protected":false},"excerpt":{"rendered":"<p>Filtro CWDM de 5 u 8 canales con las siguientes opciones:<\/p>\n<ul>\n<li>Puertos r\u00e1pidos\/de prueba<\/li>\n<li>Puertos de banda ancha 1310<\/li>\n<li>Casete m\u00faltiple<\/li>\n<li>Tama\u00f1os\/longitudes de cola de cerdo<\/li>\n<li>Conectores UPC\/APC<\/li>\n<\/ul>\n<p>El CWDM OSP de 5 u 8 canales de Precision OT es una tecnolog\u00eda pasiva l\u00edder en la industria para uso en exteriores que admite longitudes de onda de 1431 a 1611 nm en 5 u 8 canales separados en una sola fibra, con configuraciones personalizadas disponibles de 1271 a 1611 nm. El filtro cuenta con diversos puertos y es una opci\u00f3n \u00f3ptima para maximizar el ancho de banda con un uso m\u00ednimo de fibra.<\/p>","protected":false},"featured_media":26025,"template":"","meta":{"_acf_changed":false,"content-type":"","site-sidebar-layout":"default","site-content-layout":"default","ast-site-content-layout":"default","site-content-style":"default","site-sidebar-style":"default","ast-global-header-display":"","ast-banner-title-visibility":"","ast-main-header-display":"","ast-hfb-above-header-display":"","ast-hfb-below-header-display":"","ast-hfb-mobile-header-display":"","site-post-title":"","ast-breadcrumbs-content":"","ast-featured-img":"","footer-sml-layout":"","ast-disable-related-posts":"","theme-transparent-header-meta":"default","adv-header-id-meta":"","stick-header-meta":"","header-above-stick-meta":"","header-main-stick-meta":"","header-below-stick-meta":"","astra-migrate-meta-layouts":"set","ast-page-background-enabled":"default","ast-page-background-meta":{"desktop":{"background-color":"","background-image":"","background-repeat":"repeat","background-position":"center center","background-size":"auto","background-attachment":"scroll","background-type":"","background-media":"","overlay-type":"","overlay-color":"","overlay-opacity":"","overlay-gradient":""},"tablet":{"background-color":"","background-image":"","background-repeat":"repeat","background-position":"center center","background-size":"auto","background-attachment":"scroll","background-type":"","background-media":"","overlay-type":"","overlay-color":"","overlay-opacity":"","overlay-gradient":""},"mobile":{"background-color":"","background-image":"","background-repeat":"repeat","background-position":"center center","background-size":"auto","background-attachment":"scroll","background-type":"","background-media":"","overlay-type":"","overlay-color":"","overlay-opacity":"","overlay-gradient":""}},"ast-content-background-meta":{"desktop":{"background-color":"var(--ast-global-color-5)","background-image":"","background-repeat":"repeat","background-position":"center center","background-size":"auto","background-attachment":"scroll","background-type":"","background-media":"","overlay-type":"","overlay-color":"","overlay-opacity":"","overlay-gradient":""},"tablet":{"background-color":"var(--ast-global-color-5)","background-image":"","background-repeat":"repeat","background-position":"center center","background-size":"auto","background-attachment":"scroll","background-type":"","background-media":"","overlay-type":"","overlay-color":"","overlay-opacity":"","overlay-gradient":""},"mobile":{"background-color":"var(--ast-global-color-5)","background-image":"","background-repeat":"repeat","background-position":"center center","background-size":"auto","background-attachment":"scroll","background-type":"","background-media":"","overlay-type":"","overlay-color":"","overlay-opacity":"","overlay-gradient":""}}},"product_brand":[],"product_cat":[270],"product_tag":[274,273],"class_list":{"0":"post-8135","1":"product","2":"type-product","3":"status-publish","4":"has-post-thumbnail","6":"product_cat-cwdm-osp","7":"product_tag-cwdm-8-channel-mux","8":"product_tag-cwdm-mux","9":"desktop-align-left","10":"tablet-align-left","11":"mobile-align-left","12":"ast-product-gallery-layout-horizontal-slider","13":"ast-product-gallery-with-no-image","14":"ast-product-tabs-layout-horizontal","16":"first","17":"instock","18":"shipping-taxable","19":"purchasable","20":"product-type-simple"},"composite_virtual":false,"composite_layout":"","composite_add_to_cart_form_location":"","composite_editable_in_cart":false,"composite_sold_individually_context":"","composite_shop_price_calc":"","composite_components":[],"composite_scenarios":[],"acf":[],"_links":{"self":[{"href":"https:\/\/www.precisionot.com\/es\/wp-json\/wp\/v2\/product\/8135","targetHints":{"allow":["GET"]}}],"collection":[{"href":"https:\/\/www.precisionot.com\/es\/wp-json\/wp\/v2\/product"}],"about":[{"href":"https:\/\/www.precisionot.com\/es\/wp-json\/wp\/v2\/types\/product"}],"version-history":[{"count":0,"href":"https:\/\/www.precisionot.com\/es\/wp-json\/wp\/v2\/product\/8135\/revisions"}],"wp:featuredmedia":[{"embeddable":true,"href":"https:\/\/www.precisionot.com\/es\/wp-json\/wp\/v2\/media\/26025"}],"wp:attachment":[{"href":"https:\/\/www.precisionot.com\/es\/wp-json\/wp\/v2\/media?parent=8135"}],"wp:term":[{"taxonomy":"product_brand","embeddable":true,"href":"https:\/\/www.precisionot.com\/es\/wp-json\/wp\/v2\/product_brand?post=8135"},{"taxonomy":"product_cat","embeddable":true,"href":"https:\/\/www.precisionot.com\/es\/wp-json\/wp\/v2\/product_cat?post=8135"},{"taxonomy":"product_tag","embeddable":true,"href":"https:\/\/www.precisionot.com\/es\/wp-json\/wp\/v2\/product_tag?post=8135"}],"curies":[{"name":"Gracias","href":"https:\/\/api.w.org\/{rel}","templated":true}]}}