{"id":8133,"date":"2022-06-02T14:57:00","date_gmt":"2022-06-02T18:57:00","guid":{"rendered":"https:\/\/www.precisionot.com\/?post_type=product&#038;p=8133"},"modified":"2024-05-31T09:34:16","modified_gmt":"2024-05-31T13:34:16","slug":"cwdm_5_8_isp","status":"publish","type":"product","link":"https:\/\/www.precisionot.com\/es\/product\/cwdm_5_8_isp\/","title":{"rendered":"ISP CWDM DE 5 Y 8 CANALES"},"content":{"rendered":"<p>Filtro ISP CWDM de 5 u 8 canales con las siguientes opciones:<\/p>\n<ul>\n<li>Puertos r\u00e1pidos\/de prueba<\/li>\n<li>Piezas de banda ancha 1310\/1550<\/li>\n<li>Factor de forma LGX simple\/doble\/doble<\/li>\n<li>Conectores UPC\/APC<\/li>\n<li>Temperatura industrial endurecida<\/li>\n<\/ul>\n<p>Los filtros ISP de 5 u 8 canales de Precision OT est\u00e1n dise\u00f1ados solo para uso en interiores y admiten longitudes de onda de 1431 a 1611 nm. Precision OT tambi\u00e9n ofrece configuraciones personalizadas de 1271 a 1611 nm. Con diversos puertos, el filtro es una soluci\u00f3n potente y rentable para las redes actuales.<\/p>","protected":false},"excerpt":{"rendered":"<p>Filtro ISP CWDM de 5 u 8 canales con las siguientes opciones:<\/p>\n<ul>\n<li>Puertos r\u00e1pidos\/de prueba<\/li>\n<li>Piezas de banda ancha 1310\/1550<\/li>\n<li>Factor de forma LGX simple\/doble\/doble<\/li>\n<li>Conectores UPC\/APC<\/li>\n<li>Temperatura industrial endurecida<\/li>\n<\/ul>\n<p>Los filtros ISP de 5 u 8 canales de Precision OT est\u00e1n dise\u00f1ados solo para uso en interiores y admiten longitudes de onda de 1431 a 1611 nm. Precision OT tambi\u00e9n ofrece configuraciones personalizadas de 1271 a 1611 nm. Con diversos puertos, el filtro es una soluci\u00f3n potente y rentable para las redes actuales.<\/p>","protected":false},"featured_media":26005,"template":"","meta":{"_acf_changed":false,"content-type":"","site-sidebar-layout":"default","site-content-layout":"default","ast-site-content-layout":"default","site-content-style":"default","site-sidebar-style":"default","ast-global-header-display":"","ast-banner-title-visibility":"","ast-main-header-display":"","ast-hfb-above-header-display":"","ast-hfb-below-header-display":"","ast-hfb-mobile-header-display":"","site-post-title":"","ast-breadcrumbs-content":"","ast-featured-img":"","footer-sml-layout":"","ast-disable-related-posts":"","theme-transparent-header-meta":"default","adv-header-id-meta":"","stick-header-meta":"","header-above-stick-meta":"","header-main-stick-meta":"","header-below-stick-meta":"","astra-migrate-meta-layouts":"set","ast-page-background-enabled":"default","ast-page-background-meta":{"desktop":{"background-color":"","background-image":"","background-repeat":"repeat","background-position":"center center","background-size":"auto","background-attachment":"scroll","background-type":"","background-media":"","overlay-type":"","overlay-color":"","overlay-opacity":"","overlay-gradient":""},"tablet":{"background-color":"","background-image":"","background-repeat":"repeat","background-position":"center center","background-size":"auto","background-attachment":"scroll","background-type":"","background-media":"","overlay-type":"","overlay-color":"","overlay-opacity":"","overlay-gradient":""},"mobile":{"background-color":"","background-image":"","background-repeat":"repeat","background-position":"center center","background-size":"auto","background-attachment":"scroll","background-type":"","background-media":"","overlay-type":"","overlay-color":"","overlay-opacity":"","overlay-gradient":""}},"ast-content-background-meta":{"desktop":{"background-color":"var(--ast-global-color-5)","background-image":"","background-repeat":"repeat","background-position":"center center","background-size":"auto","background-attachment":"scroll","background-type":"","background-media":"","overlay-type":"","overlay-color":"","overlay-opacity":"","overlay-gradient":""},"tablet":{"background-color":"var(--ast-global-color-5)","background-image":"","background-repeat":"repeat","background-position":"center center","background-size":"auto","background-attachment":"scroll","background-type":"","background-media":"","overlay-type":"","overlay-color":"","overlay-opacity":"","overlay-gradient":""},"mobile":{"background-color":"var(--ast-global-color-5)","background-image":"","background-repeat":"repeat","background-position":"center center","background-size":"auto","background-attachment":"scroll","background-type":"","background-media":"","overlay-type":"","overlay-color":"","overlay-opacity":"","overlay-gradient":""}}},"product_brand":[],"product_cat":[271],"product_tag":[],"class_list":{"0":"post-8133","1":"product","2":"type-product","3":"status-publish","4":"has-post-thumbnail","6":"product_cat-cwdm-isp","7":"desktop-align-left","8":"tablet-align-left","9":"mobile-align-left","10":"ast-product-gallery-layout-horizontal-slider","11":"ast-product-gallery-with-no-image","12":"ast-product-tabs-layout-horizontal","14":"first","15":"instock","16":"shipping-taxable","17":"purchasable","18":"product-type-simple"},"composite_virtual":false,"composite_layout":"","composite_add_to_cart_form_location":"","composite_editable_in_cart":false,"composite_sold_individually_context":"","composite_shop_price_calc":"","composite_components":[],"composite_scenarios":[],"acf":[],"_links":{"self":[{"href":"https:\/\/www.precisionot.com\/es\/wp-json\/wp\/v2\/product\/8133","targetHints":{"allow":["GET"]}}],"collection":[{"href":"https:\/\/www.precisionot.com\/es\/wp-json\/wp\/v2\/product"}],"about":[{"href":"https:\/\/www.precisionot.com\/es\/wp-json\/wp\/v2\/types\/product"}],"version-history":[{"count":0,"href":"https:\/\/www.precisionot.com\/es\/wp-json\/wp\/v2\/product\/8133\/revisions"}],"wp:featuredmedia":[{"embeddable":true,"href":"https:\/\/www.precisionot.com\/es\/wp-json\/wp\/v2\/media\/26005"}],"wp:attachment":[{"href":"https:\/\/www.precisionot.com\/es\/wp-json\/wp\/v2\/media?parent=8133"}],"wp:term":[{"taxonomy":"product_brand","embeddable":true,"href":"https:\/\/www.precisionot.com\/es\/wp-json\/wp\/v2\/product_brand?post=8133"},{"taxonomy":"product_cat","embeddable":true,"href":"https:\/\/www.precisionot.com\/es\/wp-json\/wp\/v2\/product_cat?post=8133"},{"taxonomy":"product_tag","embeddable":true,"href":"https:\/\/www.precisionot.com\/es\/wp-json\/wp\/v2\/product_tag?post=8133"}],"curies":[{"name":"Gracias","href":"https:\/\/api.w.org\/{rel}","templated":true}]}}