{"id":7927,"date":"2022-05-31T09:55:41","date_gmt":"2022-05-31T13:55:41","guid":{"rendered":"https:\/\/www.precisionot.com\/?post_type=product&#038;p=7927"},"modified":"2024-11-13T12:01:14","modified_gmt":"2024-11-13T17:01:14","slug":"antes-de-qsfp28-srb2","status":"publish","type":"product","link":"https:\/\/www.precisionot.com\/es\/product\/pre-qsfp28-srb2\/","title":{"rendered":"PRE-QSFP28-SRB2"},"content":{"rendered":"<p class=\"p2\"><span class=\"NormalTextRun SCXW221823045 BCX0\">El m\u00f3dulo transceptor \u00f3ptico QSFP28-SRB2 admite transmisi\u00f3n Ethernet de 100 G a distancias de hasta <\/span><span class=\"NormalTextRun AdvancedProofingIssueV2Themed SCXW221823045 BCX0\">100 metros<\/span><span class=\"NormalTextRun SCXW221823045 BCX0\"> Utilizando tecnolog\u00eda bidireccional (BIDI) de corto alcance (SR). Este m\u00f3dulo, que opera en longitudes de onda de 850 nm y 900 nm, es <\/span><span class=\"NormalTextRun SCXW221823045 BCX0\">optimizado<\/span><span class=\"NormalTextRun SCXW221823045 BCX0\"> para fibra multimodo (MMF) con conectores d\u00faplex LC.<\/span><\/p>\n<hr \/>\n<p class=\"p2\"><span class=\"NormalTextRun SCXW221823045 BCX0\">Dise\u00f1ado para centros de datos de alta densidad y redes empresariales de corto alcance, el m\u00f3dulo permite una transmisi\u00f3n de datos eficiente mediante <\/span><span class=\"NormalTextRun SCXW221823045 BCX0\">Utilizando<\/span><span class=\"NormalTextRun SCXW221823045 BCX0\"> una sola fibra para transmisi\u00f3n y recepci\u00f3n. <\/span><span class=\"NormalTextRun ContextualSpellingAndGrammarErrorV2Themed SCXW221823045 BCX0\">Es<\/span><span class=\"NormalTextRun SCXW221823045 BCX0\"> El dise\u00f1o intercambiable en caliente permite una integraci\u00f3n o reemplazo r\u00e1pido y sin problemas sin interrupci\u00f3n de la red, mientras que su dise\u00f1o energ\u00e9ticamente eficiente minimiza el consumo de energ\u00eda, lo que lo convierte en una soluci\u00f3n rentable para conectividad de alta velocidad y corto alcance.<\/span><\/p>","protected":false},"excerpt":{"rendered":"<p><span class=\"NormalTextRun SCXW98653858 BCX0\">El transceptor \u00f3ptico QSFP28-SRB2 admite Ethernet 100G a trav\u00e9s de fibra multimodo con un alcance de hasta <\/span><span class=\"NormalTextRun AdvancedProofingIssueV2Themed SCXW98653858 BCX0\">100 metros<\/span><span class=\"NormalTextRun SCXW98653858 BCX0\"> utilizando tecnolog\u00eda SR BIDI.<\/span><\/p>\n<hr \/>\n<p class=\"p2\"><strong>QSFP28, SR BIDI, 850\/900nm, 100G, 100m, MMF\/LC<\/strong><\/p>","protected":false},"featured_media":24095,"template":"","meta":{"_acf_changed":false,"content-type":"","site-sidebar-layout":"default","site-content-layout":"default","ast-site-content-layout":"default","site-content-style":"default","site-sidebar-style":"default","ast-global-header-display":"","ast-banner-title-visibility":"","ast-main-header-display":"","ast-hfb-above-header-display":"","ast-hfb-below-header-display":"","ast-hfb-mobile-header-display":"","site-post-title":"","ast-breadcrumbs-content":"","ast-featured-img":"","footer-sml-layout":"","ast-disable-related-posts":"","theme-transparent-header-meta":"default","adv-header-id-meta":"","stick-header-meta":"","header-above-stick-meta":"","header-main-stick-meta":"","header-below-stick-meta":"","astra-migrate-meta-layouts":"set","ast-page-background-enabled":"default","ast-page-background-meta":{"desktop":{"background-color":"","background-image":"","background-repeat":"repeat","background-position":"center center","background-size":"auto","background-attachment":"scroll","background-type":"","background-media":"","overlay-type":"","overlay-color":"","overlay-opacity":"","overlay-gradient":""},"tablet":{"background-color":"","background-image":"","background-repeat":"repeat","background-position":"center center","background-size":"auto","background-attachment":"scroll","background-type":"","background-media":"","overlay-type":"","overlay-color":"","overlay-opacity":"","overlay-gradient":""},"mobile":{"background-color":"","background-image":"","background-repeat":"repeat","background-position":"center center","background-size":"auto","background-attachment":"scroll","background-type":"","background-media":"","overlay-type":"","overlay-color":"","overlay-opacity":"","overlay-gradient":""}},"ast-content-background-meta":{"desktop":{"background-color":"var(--ast-global-color-5)","background-image":"","background-repeat":"repeat","background-position":"center center","background-size":"auto","background-attachment":"scroll","background-type":"","background-media":"","overlay-type":"","overlay-color":"","overlay-opacity":"","overlay-gradient":""},"tablet":{"background-color":"var(--ast-global-color-5)","background-image":"","background-repeat":"repeat","background-position":"center center","background-size":"auto","background-attachment":"scroll","background-type":"","background-media":"","overlay-type":"","overlay-color":"","overlay-opacity":"","overlay-gradient":""},"mobile":{"background-color":"var(--ast-global-color-5)","background-image":"","background-repeat":"repeat","background-position":"center center","background-size":"auto","background-attachment":"scroll","background-type":"","background-media":"","overlay-type":"","overlay-color":"","overlay-opacity":"","overlay-gradient":""}}},"product_brand":[],"product_cat":[361],"product_tag":[],"class_list":{"0":"post-7927","1":"product","2":"type-product","3":"status-publish","4":"has-post-thumbnail","6":"product_cat-qsfp28-bidirectional","7":"desktop-align-left","8":"tablet-align-left","9":"mobile-align-left","10":"ast-product-gallery-layout-horizontal-slider","11":"ast-product-gallery-with-no-image","12":"ast-product-tabs-layout-horizontal","14":"first","15":"instock","16":"shipping-taxable","17":"purchasable","18":"product-type-simple"},"composite_virtual":false,"composite_layout":"","composite_add_to_cart_form_location":"","composite_editable_in_cart":false,"composite_sold_individually_context":"","composite_shop_price_calc":"","composite_components":[],"composite_scenarios":[],"acf":[],"_links":{"self":[{"href":"https:\/\/www.precisionot.com\/es\/wp-json\/wp\/v2\/product\/7927","targetHints":{"allow":["GET"]}}],"collection":[{"href":"https:\/\/www.precisionot.com\/es\/wp-json\/wp\/v2\/product"}],"about":[{"href":"https:\/\/www.precisionot.com\/es\/wp-json\/wp\/v2\/types\/product"}],"version-history":[{"count":0,"href":"https:\/\/www.precisionot.com\/es\/wp-json\/wp\/v2\/product\/7927\/revisions"}],"wp:featuredmedia":[{"embeddable":true,"href":"https:\/\/www.precisionot.com\/es\/wp-json\/wp\/v2\/media\/24095"}],"wp:attachment":[{"href":"https:\/\/www.precisionot.com\/es\/wp-json\/wp\/v2\/media?parent=7927"}],"wp:term":[{"taxonomy":"product_brand","embeddable":true,"href":"https:\/\/www.precisionot.com\/es\/wp-json\/wp\/v2\/product_brand?post=7927"},{"taxonomy":"product_cat","embeddable":true,"href":"https:\/\/www.precisionot.com\/es\/wp-json\/wp\/v2\/product_cat?post=7927"},{"taxonomy":"product_tag","embeddable":true,"href":"https:\/\/www.precisionot.com\/es\/wp-json\/wp\/v2\/product_tag?post=7927"}],"curies":[{"name":"Gracias","href":"https:\/\/api.w.org\/{rel}","templated":true}]}}