{"id":582,"date":"2020-10-25T20:54:36","date_gmt":"2020-10-26T00:54:36","guid":{"rendered":"https:\/\/www.precisionot.com\/?post_type=product&#038;p=582"},"modified":"2024-10-28T10:08:39","modified_gmt":"2024-10-28T14:08:39","slug":"pre-sfp-dxx-80","status":"publish","type":"product","link":"https:\/\/www.precisionot.com\/es\/product\/pre-sfp-dxx-80\/","title":{"rendered":"PRE-SFP-Dxx-80"},"content":{"rendered":"<p><span class=\"NormalTextRun SCXW232331744 BCX0\">El m\u00f3dulo transceptor \u00f3ptico SFP-Dxx-80 admite transmisi\u00f3n Ethernet de 1 G a distancias de hasta <\/span><span class=\"NormalTextRun SCXW232331744 BCX0\">80 kil\u00f3metros<\/span><span class=\"NormalTextRun SCXW232331744 BCX0\"> utilizando tecnolog\u00eda de multiplexaci\u00f3n por divisi\u00f3n de longitud de onda densa (DWDM) en una red de 100 GHz. Al operar en una longitud de onda DWDM espec\u00edfica (xxxx,xx nm), este transceptor es <\/span><span class=\"NormalTextRun SCXW232331744 BCX0\">optimizado<\/span><span class=\"NormalTextRun SCXW232331744 BCX0\"> Para conectividad de alta capacidad y alcance ultra largo en telecomunicaciones, centros de datos y redes empresariales.<\/span><\/p>\n<hr \/>\n<p><span class=\"NormalTextRun SCXW232331744 BCX0\">Dise\u00f1ado para su uso con conectores d\u00faplex LC y de fibra monomodo (SMF), el SFP-Dxx-80 est\u00e1 disponible en variantes de temperatura comerciales (temperatura C) e industriales (temperatura I), lo que garantiza un rendimiento confiable en diversas condiciones ambientales. Tambi\u00e9n incluye diagn\u00f3sticos digitales. <\/span><span class=\"NormalTextRun SCXW232331744 BCX0\">escucha<\/span><span class=\"NormalTextRun SCXW232331744 BCX0\"> (DDM) para el seguimiento del rendimiento en tiempo real, lo que permite una gesti\u00f3n proactiva de la red. El dise\u00f1o intercambiable en caliente permite una integraci\u00f3n o un reemplazo sin inconvenientes sin tiempo de inactividad de la red.<\/span><\/p>","protected":false},"excerpt":{"rendered":"<p><span class=\"NormalTextRun SCXW51942887 BCX0\">El transceptor SFP-Dxx-80 admite Ethernet 1G a trav\u00e9s de fibra monomodo con un alcance de hasta <\/span><span class=\"NormalTextRun SCXW51942887 BCX0\">80 kil\u00f3metros<\/span><span class=\"NormalTextRun SCXW51942887 BCX0\"> utilizando tecnolog\u00eda DWDM, disponible en longitudes de onda espec\u00edficas de xxxx.xx nm y variantes C-temp\/I-temp con DDM incorporado.<\/span><\/p>\n<hr \/>\n<p><strong>SFP, ZX, DWDM, 100 GHz, xxxx.xx nm, 1G, 80 km, SMF\/LC, C-Temp\/I-Temp, DDM<\/strong><\/p>","protected":false},"featured_media":13174,"template":"","meta":{"_acf_changed":false,"content-type":"","site-sidebar-layout":"default","site-content-layout":"default","ast-site-content-layout":"default","site-content-style":"default","site-sidebar-style":"default","ast-global-header-display":"","ast-banner-title-visibility":"","ast-main-header-display":"","ast-hfb-above-header-display":"","ast-hfb-below-header-display":"","ast-hfb-mobile-header-display":"","site-post-title":"","ast-breadcrumbs-content":"","ast-featured-img":"","footer-sml-layout":"","ast-disable-related-posts":"","theme-transparent-header-meta":"default","adv-header-id-meta":"","stick-header-meta":"","header-above-stick-meta":"","header-main-stick-meta":"","header-below-stick-meta":"","astra-migrate-meta-layouts":"set","ast-page-background-enabled":"default","ast-page-background-meta":{"desktop":{"background-color":"","background-image":"","background-repeat":"repeat","background-position":"center center","background-size":"auto","background-attachment":"scroll","background-type":"","background-media":"","overlay-type":"","overlay-color":"","overlay-opacity":"","overlay-gradient":""},"tablet":{"background-color":"","background-image":"","background-repeat":"repeat","background-position":"center center","background-size":"auto","background-attachment":"scroll","background-type":"","background-media":"","overlay-type":"","overlay-color":"","overlay-opacity":"","overlay-gradient":""},"mobile":{"background-color":"","background-image":"","background-repeat":"repeat","background-position":"center center","background-size":"auto","background-attachment":"scroll","background-type":"","background-media":"","overlay-type":"","overlay-color":"","overlay-opacity":"","overlay-gradient":""}},"ast-content-background-meta":{"desktop":{"background-color":"var(--ast-global-color-5)","background-image":"","background-repeat":"repeat","background-position":"center center","background-size":"auto","background-attachment":"scroll","background-type":"","background-media":"","overlay-type":"","overlay-color":"","overlay-opacity":"","overlay-gradient":""},"tablet":{"background-color":"var(--ast-global-color-5)","background-image":"","background-repeat":"repeat","background-position":"center center","background-size":"auto","background-attachment":"scroll","background-type":"","background-media":"","overlay-type":"","overlay-color":"","overlay-opacity":"","overlay-gradient":""},"mobile":{"background-color":"var(--ast-global-color-5)","background-image":"","background-repeat":"repeat","background-position":"center center","background-size":"auto","background-attachment":"scroll","background-type":"","background-media":"","overlay-type":"","overlay-color":"","overlay-opacity":"","overlay-gradient":""}}},"product_brand":[],"product_cat":[323],"product_tag":[208],"class_list":{"0":"post-582","1":"product","2":"type-product","3":"status-publish","4":"has-post-thumbnail","6":"product_cat-sfp-dwdm","7":"product_tag-datasheets","8":"desktop-align-left","9":"tablet-align-left","10":"mobile-align-left","11":"ast-product-gallery-layout-horizontal-slider","12":"ast-product-gallery-with-no-image","13":"ast-product-single-variable","14":"ast-product-tabs-layout-horizontal","16":"first","17":"instock","18":"shipping-taxable","19":"purchasable","20":"product-type-variable","21":"has-default-attributes"},"composite_virtual":false,"composite_layout":"","composite_add_to_cart_form_location":"","composite_editable_in_cart":false,"composite_sold_individually_context":"","composite_shop_price_calc":"","composite_components":[],"composite_scenarios":[],"acf":[],"_links":{"self":[{"href":"https:\/\/www.precisionot.com\/es\/wp-json\/wp\/v2\/product\/582","targetHints":{"allow":["GET"]}}],"collection":[{"href":"https:\/\/www.precisionot.com\/es\/wp-json\/wp\/v2\/product"}],"about":[{"href":"https:\/\/www.precisionot.com\/es\/wp-json\/wp\/v2\/types\/product"}],"version-history":[{"count":0,"href":"https:\/\/www.precisionot.com\/es\/wp-json\/wp\/v2\/product\/582\/revisions"}],"wp:featuredmedia":[{"embeddable":true,"href":"https:\/\/www.precisionot.com\/es\/wp-json\/wp\/v2\/media\/13174"}],"wp:attachment":[{"href":"https:\/\/www.precisionot.com\/es\/wp-json\/wp\/v2\/media?parent=582"}],"wp:term":[{"taxonomy":"product_brand","embeddable":true,"href":"https:\/\/www.precisionot.com\/es\/wp-json\/wp\/v2\/product_brand?post=582"},{"taxonomy":"product_cat","embeddable":true,"href":"https:\/\/www.precisionot.com\/es\/wp-json\/wp\/v2\/product_cat?post=582"},{"taxonomy":"product_tag","embeddable":true,"href":"https:\/\/www.precisionot.com\/es\/wp-json\/wp\/v2\/product_tag?post=582"}],"curies":[{"name":"Gracias","href":"https:\/\/api.w.org\/{rel}","templated":true}]}}