{"id":569,"date":"2020-10-25T20:45:08","date_gmt":"2020-10-26T00:45:08","guid":{"rendered":"https:\/\/www.precisionot.com\/?post_type=product&#038;p=569"},"modified":"2024-10-28T11:41:03","modified_gmt":"2024-10-28T15:41:03","slug":"antes-de-sfp-b3443-40i","status":"publish","type":"product","link":"https:\/\/www.precisionot.com\/es\/product\/pre-sfp-b3443-40i\/","title":{"rendered":"PRE-SFP-B34(43)-40(I)"},"content":{"rendered":"<p><span class=\"NormalTextRun SCXW31639873 BCX0\">El m\u00f3dulo transceptor \u00f3ptico SFP-B34(43)-40(I) admite transmisi\u00f3n Ethernet de 1 G a distancias de hasta <\/span><span class=\"NormalTextRun SCXW31639873 BCX0\">40 kil\u00f3metros<\/span><span class=\"NormalTextRun SCXW31639873 BCX0\"> Utilizando tecnolog\u00eda bidireccional (BIDI). Este transceptor, que funciona con longitudes de onda duales de 1310 nm (Tx) y 1490 nm (Rx), o viceversa, permite la transmisi\u00f3n y recepci\u00f3n eficiente de datos a trav\u00e9s de una sola fibra, optimizando el uso de la fibra en redes de telecomunicaciones y empresariales.<\/span><\/p>\n<hr \/>\n<p><span class=\"NormalTextRun SCXW31639873 BCX0\">Dise\u00f1ado para fibra monomodo (SMF) con un conector LC, el SFP-B34(43)-40(I) est\u00e1 dise\u00f1ado para aplicaciones de rango extendido y est\u00e1 disponible en variantes de temperatura comerciales (temperatura C) e industriales (temperatura I). El dise\u00f1o intercambiable en caliente permite una integraci\u00f3n o reemplazo sin interrupciones en las operaciones de la red.<\/span><\/p>","protected":false},"excerpt":{"rendered":"<p><span class=\"NormalTextRun SCXW26965269 BCX0\">El transceptor SFP-B34(43)-40(I) admite Ethernet 1G a trav\u00e9s de fibra monomodo con un alcance de hasta <\/span><span class=\"NormalTextRun SCXW26965269 BCX0\">40 kil\u00f3metros<\/span><span class=\"NormalTextRun SCXW26965269 BCX0\"> utilizando tecnolog\u00eda BIDI con longitudes de onda de 1310 nm y 1490 nm, disponible en variantes C-temp e I-temp con conector LC.<\/span><\/p>\n<hr \/>\n<p><strong>SFP, EX, BIDI, 1310\/1490 nm, 1 G, 40 km, SMF\/LC<\/strong><\/p>","protected":false},"featured_media":25129,"template":"","meta":{"_acf_changed":false,"content-type":"","site-sidebar-layout":"default","site-content-layout":"default","ast-site-content-layout":"default","site-content-style":"default","site-sidebar-style":"default","ast-global-header-display":"","ast-banner-title-visibility":"","ast-main-header-display":"","ast-hfb-above-header-display":"","ast-hfb-below-header-display":"","ast-hfb-mobile-header-display":"","site-post-title":"","ast-breadcrumbs-content":"","ast-featured-img":"","footer-sml-layout":"","ast-disable-related-posts":"","theme-transparent-header-meta":"default","adv-header-id-meta":"","stick-header-meta":"","header-above-stick-meta":"","header-main-stick-meta":"","header-below-stick-meta":"","astra-migrate-meta-layouts":"set","ast-page-background-enabled":"default","ast-page-background-meta":{"desktop":{"background-color":"","background-image":"","background-repeat":"repeat","background-position":"center center","background-size":"auto","background-attachment":"scroll","background-type":"","background-media":"","overlay-type":"","overlay-color":"","overlay-opacity":"","overlay-gradient":""},"tablet":{"background-color":"","background-image":"","background-repeat":"repeat","background-position":"center center","background-size":"auto","background-attachment":"scroll","background-type":"","background-media":"","overlay-type":"","overlay-color":"","overlay-opacity":"","overlay-gradient":""},"mobile":{"background-color":"","background-image":"","background-repeat":"repeat","background-position":"center center","background-size":"auto","background-attachment":"scroll","background-type":"","background-media":"","overlay-type":"","overlay-color":"","overlay-opacity":"","overlay-gradient":""}},"ast-content-background-meta":{"desktop":{"background-color":"var(--ast-global-color-5)","background-image":"","background-repeat":"repeat","background-position":"center center","background-size":"auto","background-attachment":"scroll","background-type":"","background-media":"","overlay-type":"","overlay-color":"","overlay-opacity":"","overlay-gradient":""},"tablet":{"background-color":"var(--ast-global-color-5)","background-image":"","background-repeat":"repeat","background-position":"center center","background-size":"auto","background-attachment":"scroll","background-type":"","background-media":"","overlay-type":"","overlay-color":"","overlay-opacity":"","overlay-gradient":""},"mobile":{"background-color":"var(--ast-global-color-5)","background-image":"","background-repeat":"repeat","background-position":"center center","background-size":"auto","background-attachment":"scroll","background-type":"","background-media":"","overlay-type":"","overlay-color":"","overlay-opacity":"","overlay-gradient":""}}},"product_brand":[],"product_cat":[59],"product_tag":[],"class_list":{"0":"post-569","1":"product","2":"type-product","3":"status-publish","4":"has-post-thumbnail","6":"product_cat-1g-sfp-bidirectional","7":"desktop-align-left","8":"tablet-align-left","9":"mobile-align-left","10":"ast-product-gallery-layout-horizontal-slider","11":"ast-product-gallery-with-no-image","12":"ast-product-tabs-layout-horizontal","14":"first","15":"instock","16":"shipping-taxable","17":"purchasable","18":"product-type-simple"},"composite_virtual":false,"composite_layout":"","composite_add_to_cart_form_location":"","composite_editable_in_cart":false,"composite_sold_individually_context":"","composite_shop_price_calc":"","composite_components":[],"composite_scenarios":[],"acf":[],"_links":{"self":[{"href":"https:\/\/www.precisionot.com\/es\/wp-json\/wp\/v2\/product\/569","targetHints":{"allow":["GET"]}}],"collection":[{"href":"https:\/\/www.precisionot.com\/es\/wp-json\/wp\/v2\/product"}],"about":[{"href":"https:\/\/www.precisionot.com\/es\/wp-json\/wp\/v2\/types\/product"}],"version-history":[{"count":0,"href":"https:\/\/www.precisionot.com\/es\/wp-json\/wp\/v2\/product\/569\/revisions"}],"wp:featuredmedia":[{"embeddable":true,"href":"https:\/\/www.precisionot.com\/es\/wp-json\/wp\/v2\/media\/25129"}],"wp:attachment":[{"href":"https:\/\/www.precisionot.com\/es\/wp-json\/wp\/v2\/media?parent=569"}],"wp:term":[{"taxonomy":"product_brand","embeddable":true,"href":"https:\/\/www.precisionot.com\/es\/wp-json\/wp\/v2\/product_brand?post=569"},{"taxonomy":"product_cat","embeddable":true,"href":"https:\/\/www.precisionot.com\/es\/wp-json\/wp\/v2\/product_cat?post=569"},{"taxonomy":"product_tag","embeddable":true,"href":"https:\/\/www.precisionot.com\/es\/wp-json\/wp\/v2\/product_tag?post=569"}],"curies":[{"name":"Gracias","href":"https:\/\/api.w.org\/{rel}","templated":true}]}}