{"id":566,"date":"2020-10-25T20:43:09","date_gmt":"2020-10-26T00:43:09","guid":{"rendered":"https:\/\/www.precisionot.com\/?post_type=product&#038;p=566"},"modified":"2026-02-06T12:27:07","modified_gmt":"2026-02-06T17:27:07","slug":"antes-de-sfp-b3553-10i","status":"publish","type":"product","link":"https:\/\/www.precisionot.com\/es\/product\/pre-sfp-b3553-10i\/","title":{"rendered":"PRE-SFP-B35(53)-10(I)"},"content":{"rendered":"<div class=\"l-product_desc\">\n<p><span class=\"NormalTextRun SCXW62799737 BCX0\">El m\u00f3dulo transceptor \u00f3ptico SFP-B35(53)-10(I) admite la transmisi\u00f3n Ethernet 1000Base a distancias de hasta <\/span><span class=\"NormalTextRun SCXW62799737 BCX0\">10 kil\u00f3metros<\/span><span class=\"NormalTextRun SCXW62799737 BCX0\"> Utilizando tecnolog\u00eda WDM bidireccional (BIDI). Este transceptor, que funciona con una longitud de onda de 1310 nm para transmisi\u00f3n (TX) y 1550 nm para recepci\u00f3n (RX), permite la transmisi\u00f3n y recepci\u00f3n eficiente de datos a trav\u00e9s de una sola fibra, optimizando el uso de la fibra en redes de telecomunicaciones y empresariales.<\/span><\/p>\n<hr \/>\n<p><span class=\"NormalTextRun SCXW62799737 BCX0\">Dise\u00f1ado para fibra monomodo (SMF) con un conector LC, el SFP-B35-10 est\u00e1 disponible en variantes de temperatura comerciales (temperatura C) e industriales (temperatura I), lo que garantiza un rendimiento confiable en una variedad de condiciones. El diagn\u00f3stico digital integrado <\/span><span class=\"NormalTextRun SCXW62799737 BCX0\">escucha<\/span><span class=\"NormalTextRun SCXW62799737 BCX0\"> (DDM) ofrece seguimiento del rendimiento en tiempo real, lo que respalda la gesti\u00f3n proactiva de la red, mientras que su dise\u00f1o intercambiable en caliente <\/span><span class=\"NormalTextRun SCXW62799737 BCX0\">facilita<\/span><span class=\"NormalTextRun SCXW62799737 BCX0\"> Instalaci\u00f3n o reemplazo r\u00e1pido sin interrupci\u00f3n del servicio.<\/span><\/p>\n<\/div>","protected":false},"excerpt":{"rendered":"<p><span class=\"NormalTextRun SCXW32582170 BCX0\">El transceptor SFP-B35(53)-10(I) admite Ethernet 1000Base sobre fibra monomodo con un alcance de hasta <\/span><span class=\"NormalTextRun SCXW32582170 BCX0\">10 kil\u00f3metros<\/span><span class=\"NormalTextRun SCXW32582170 BCX0\"> utilizando tecnolog\u00eda BIDI WDM con 1310nm TX y 1550nm RX, disponible en variantes C-temp e I-temp con DDM incorporado.<\/span><\/p>\n<hr \/>\n<p><strong>SFP, BiDi WDM, 1310nm TX\/1550nm RX, LX SMF 10km, 1000Base, DDM, C-Temp\/I-Temp<\/strong><\/p>","protected":false},"featured_media":1258,"template":"","meta":{"_acf_changed":false,"content-type":"","site-sidebar-layout":"default","site-content-layout":"default","ast-site-content-layout":"default","site-content-style":"default","site-sidebar-style":"default","ast-global-header-display":"","ast-banner-title-visibility":"","ast-main-header-display":"","ast-hfb-above-header-display":"","ast-hfb-below-header-display":"","ast-hfb-mobile-header-display":"","site-post-title":"","ast-breadcrumbs-content":"","ast-featured-img":"","footer-sml-layout":"","ast-disable-related-posts":"","theme-transparent-header-meta":"default","adv-header-id-meta":"","stick-header-meta":"","header-above-stick-meta":"","header-main-stick-meta":"","header-below-stick-meta":"","astra-migrate-meta-layouts":"set","ast-page-background-enabled":"default","ast-page-background-meta":{"desktop":{"background-color":"","background-image":"","background-repeat":"repeat","background-position":"center center","background-size":"auto","background-attachment":"scroll","background-type":"","background-media":"","overlay-type":"","overlay-color":"","overlay-opacity":"","overlay-gradient":""},"tablet":{"background-color":"","background-image":"","background-repeat":"repeat","background-position":"center center","background-size":"auto","background-attachment":"scroll","background-type":"","background-media":"","overlay-type":"","overlay-color":"","overlay-opacity":"","overlay-gradient":""},"mobile":{"background-color":"","background-image":"","background-repeat":"repeat","background-position":"center center","background-size":"auto","background-attachment":"scroll","background-type":"","background-media":"","overlay-type":"","overlay-color":"","overlay-opacity":"","overlay-gradient":""}},"ast-content-background-meta":{"desktop":{"background-color":"var(--ast-global-color-5)","background-image":"","background-repeat":"repeat","background-position":"center center","background-size":"auto","background-attachment":"scroll","background-type":"","background-media":"","overlay-type":"","overlay-color":"","overlay-opacity":"","overlay-gradient":""},"tablet":{"background-color":"var(--ast-global-color-5)","background-image":"","background-repeat":"repeat","background-position":"center center","background-size":"auto","background-attachment":"scroll","background-type":"","background-media":"","overlay-type":"","overlay-color":"","overlay-opacity":"","overlay-gradient":""},"mobile":{"background-color":"var(--ast-global-color-5)","background-image":"","background-repeat":"repeat","background-position":"center center","background-size":"auto","background-attachment":"scroll","background-type":"","background-media":"","overlay-type":"","overlay-color":"","overlay-opacity":"","overlay-gradient":""}}},"product_brand":[],"product_cat":[59],"product_tag":[],"class_list":{"0":"post-566","1":"product","2":"type-product","3":"status-publish","4":"has-post-thumbnail","6":"product_cat-1g-sfp-bidirectional","7":"desktop-align-left","8":"tablet-align-left","9":"mobile-align-left","10":"ast-product-gallery-layout-horizontal-slider","11":"ast-product-gallery-with-no-image","12":"ast-product-tabs-layout-horizontal","14":"first","15":"instock","16":"shipping-taxable","17":"purchasable","18":"product-type-simple"},"composite_virtual":false,"composite_layout":"","composite_add_to_cart_form_location":"","composite_editable_in_cart":false,"composite_sold_individually_context":"","composite_shop_price_calc":"","composite_components":[],"composite_scenarios":[],"acf":[],"_links":{"self":[{"href":"https:\/\/www.precisionot.com\/es\/wp-json\/wp\/v2\/product\/566","targetHints":{"allow":["GET"]}}],"collection":[{"href":"https:\/\/www.precisionot.com\/es\/wp-json\/wp\/v2\/product"}],"about":[{"href":"https:\/\/www.precisionot.com\/es\/wp-json\/wp\/v2\/types\/product"}],"version-history":[{"count":1,"href":"https:\/\/www.precisionot.com\/es\/wp-json\/wp\/v2\/product\/566\/revisions"}],"predecessor-version":[{"id":33540,"href":"https:\/\/www.precisionot.com\/es\/wp-json\/wp\/v2\/product\/566\/revisions\/33540"}],"wp:featuredmedia":[{"embeddable":true,"href":"https:\/\/www.precisionot.com\/es\/wp-json\/wp\/v2\/media\/1258"}],"wp:attachment":[{"href":"https:\/\/www.precisionot.com\/es\/wp-json\/wp\/v2\/media?parent=566"}],"wp:term":[{"taxonomy":"product_brand","embeddable":true,"href":"https:\/\/www.precisionot.com\/es\/wp-json\/wp\/v2\/product_brand?post=566"},{"taxonomy":"product_cat","embeddable":true,"href":"https:\/\/www.precisionot.com\/es\/wp-json\/wp\/v2\/product_cat?post=566"},{"taxonomy":"product_tag","embeddable":true,"href":"https:\/\/www.precisionot.com\/es\/wp-json\/wp\/v2\/product_tag?post=566"}],"curies":[{"name":"Gracias","href":"https:\/\/api.w.org\/{rel}","templated":true}]}}