{"id":557,"date":"2020-10-25T20:19:51","date_gmt":"2020-10-26T00:19:51","guid":{"rendered":"https:\/\/www.precisionot.com\/?post_type=product&#038;p=557"},"modified":"2024-10-14T16:19:13","modified_gmt":"2024-10-14T20:19:13","slug":"antes-del-sfp-40i","status":"publish","type":"product","link":"https:\/\/www.precisionot.com\/es\/product\/pre-sfp-40i\/","title":{"rendered":"PRE-SFP-40(I)"},"content":{"rendered":"<p class=\"p2\"><span class=\"NormalTextRun SCXW240446042 BCX0\">El m\u00f3dulo transceptor \u00f3ptico SFP-40(I) admite transmisi\u00f3n Ethernet de 1 G a distancias de hasta <\/span><span class=\"NormalTextRun SCXW240446042 BCX0\">40 kil\u00f3metros<\/span><span class=\"NormalTextRun SCXW240446042 BCX0\"> Este transceptor, que utiliza fibra monomodo (SMF) con conectores d\u00faplex LC, funciona a una longitud de onda de 1310 nm y est\u00e1 dise\u00f1ado para conectividad de alta velocidad y largo alcance en centros de datos, redes empresariales e infraestructuras de telecomunicaciones.<\/span><\/p>\n<hr \/>\n<p class=\"p2\"><span class=\"NormalTextRun SCXW240446042 BCX0\">El diagn\u00f3stico digital incorporado <\/span><span class=\"NormalTextRun SCXW240446042 BCX0\">escucha<\/span><span class=\"NormalTextRun SCXW240446042 BCX0\"> (DDM) ofrece seguimiento del rendimiento en tiempo real, lo que garantiza una gesti\u00f3n proactiva de la red. Disponible en una variante de temperatura industrial (I-temp), el SFP-40(I) est\u00e1 dise\u00f1ado para ofrecer un rendimiento confiable en entornos hostiles. <\/span><span class=\"NormalTextRun ContextualSpellingAndGrammarErrorV2Themed SCXW240446042 BCX0\">Es<\/span><span class=\"NormalTextRun SCXW240446042 BCX0\"> El dise\u00f1o intercambiable en caliente garantiza una f\u00e1cil integraci\u00f3n o reemplazo sin interrumpir el servicio.<\/span><\/p>","protected":false},"excerpt":{"rendered":"<p class=\"p2\"><span class=\"s2\"><span class=\"NormalTextRun SCXW115648280 BCX0\">El transceptor SFP-40(I) admite Ethernet 1G a trav\u00e9s de fibra monomodo con un alcance de hasta <\/span><span class=\"NormalTextRun SCXW115648280 BCX0\">40 kil\u00f3metros<\/span><span class=\"NormalTextRun SCXW115648280 BCX0\"> utilizando una longitud de onda de 1310 nm, disponible en una variante I-temp con DDM incorporado.<\/span><\/span><\/p>\n<hr \/>\n<p class=\"p2\"><strong><span class=\"s2\">SFP, EX, <\/span>1310 nm, 1G, 40 km, SMF\/LC, DDM<\/strong><\/p>","protected":false},"featured_media":24151,"template":"","meta":{"_acf_changed":false,"content-type":"","site-sidebar-layout":"default","site-content-layout":"default","ast-site-content-layout":"default","site-content-style":"default","site-sidebar-style":"default","ast-global-header-display":"","ast-banner-title-visibility":"","ast-main-header-display":"","ast-hfb-above-header-display":"","ast-hfb-below-header-display":"","ast-hfb-mobile-header-display":"","site-post-title":"","ast-breadcrumbs-content":"","ast-featured-img":"","footer-sml-layout":"","ast-disable-related-posts":"","theme-transparent-header-meta":"default","adv-header-id-meta":"","stick-header-meta":"","header-above-stick-meta":"","header-main-stick-meta":"","header-below-stick-meta":"","astra-migrate-meta-layouts":"set","ast-page-background-enabled":"default","ast-page-background-meta":{"desktop":{"background-color":"","background-image":"","background-repeat":"repeat","background-position":"center center","background-size":"auto","background-attachment":"scroll","background-type":"","background-media":"","overlay-type":"","overlay-color":"","overlay-opacity":"","overlay-gradient":""},"tablet":{"background-color":"","background-image":"","background-repeat":"repeat","background-position":"center center","background-size":"auto","background-attachment":"scroll","background-type":"","background-media":"","overlay-type":"","overlay-color":"","overlay-opacity":"","overlay-gradient":""},"mobile":{"background-color":"","background-image":"","background-repeat":"repeat","background-position":"center center","background-size":"auto","background-attachment":"scroll","background-type":"","background-media":"","overlay-type":"","overlay-color":"","overlay-opacity":"","overlay-gradient":""}},"ast-content-background-meta":{"desktop":{"background-color":"var(--ast-global-color-5)","background-image":"","background-repeat":"repeat","background-position":"center center","background-size":"auto","background-attachment":"scroll","background-type":"","background-media":"","overlay-type":"","overlay-color":"","overlay-opacity":"","overlay-gradient":""},"tablet":{"background-color":"var(--ast-global-color-5)","background-image":"","background-repeat":"repeat","background-position":"center center","background-size":"auto","background-attachment":"scroll","background-type":"","background-media":"","overlay-type":"","overlay-color":"","overlay-opacity":"","overlay-gradient":""},"mobile":{"background-color":"var(--ast-global-color-5)","background-image":"","background-repeat":"repeat","background-position":"center center","background-size":"auto","background-attachment":"scroll","background-type":"","background-media":"","overlay-type":"","overlay-color":"","overlay-opacity":"","overlay-gradient":""}}},"product_brand":[],"product_cat":[321],"product_tag":[],"class_list":{"0":"post-557","1":"product","2":"type-product","3":"status-publish","4":"has-post-thumbnail","6":"product_cat-sfp-sfp-standard","7":"desktop-align-left","8":"tablet-align-left","9":"mobile-align-left","10":"ast-product-gallery-layout-horizontal-slider","11":"ast-product-gallery-with-no-image","12":"ast-product-tabs-layout-horizontal","14":"first","15":"instock","16":"shipping-taxable","17":"purchasable","18":"product-type-simple"},"composite_virtual":false,"composite_layout":"","composite_add_to_cart_form_location":"","composite_editable_in_cart":false,"composite_sold_individually_context":"","composite_shop_price_calc":"","composite_components":[],"composite_scenarios":[],"acf":[],"_links":{"self":[{"href":"https:\/\/www.precisionot.com\/es\/wp-json\/wp\/v2\/product\/557","targetHints":{"allow":["GET"]}}],"collection":[{"href":"https:\/\/www.precisionot.com\/es\/wp-json\/wp\/v2\/product"}],"about":[{"href":"https:\/\/www.precisionot.com\/es\/wp-json\/wp\/v2\/types\/product"}],"version-history":[{"count":0,"href":"https:\/\/www.precisionot.com\/es\/wp-json\/wp\/v2\/product\/557\/revisions"}],"wp:featuredmedia":[{"embeddable":true,"href":"https:\/\/www.precisionot.com\/es\/wp-json\/wp\/v2\/media\/24151"}],"wp:attachment":[{"href":"https:\/\/www.precisionot.com\/es\/wp-json\/wp\/v2\/media?parent=557"}],"wp:term":[{"taxonomy":"product_brand","embeddable":true,"href":"https:\/\/www.precisionot.com\/es\/wp-json\/wp\/v2\/product_brand?post=557"},{"taxonomy":"product_cat","embeddable":true,"href":"https:\/\/www.precisionot.com\/es\/wp-json\/wp\/v2\/product_cat?post=557"},{"taxonomy":"product_tag","embeddable":true,"href":"https:\/\/www.precisionot.com\/es\/wp-json\/wp\/v2\/product_tag?post=557"}],"curies":[{"name":"Gracias","href":"https:\/\/api.w.org\/{rel}","templated":true}]}}