{"id":535,"date":"2020-10-25T20:04:18","date_gmt":"2020-10-26T00:04:18","guid":{"rendered":"https:\/\/www.precisionot.com\/?post_type=product&#038;p=535"},"modified":"2024-09-20T15:30:30","modified_gmt":"2024-09-20T19:30:30","slug":"anterior-xfp-b2332-10","status":"publish","type":"product","link":"https:\/\/www.precisionot.com\/es\/product\/pre-xfp-b2332-10\/","title":{"rendered":"PRE-XFP-B23(32)-10(I)"},"content":{"rendered":"<p><span class=\"NormalTextRun SCXW91250712 BCX0\">El m\u00f3dulo transceptor \u00f3ptico XFP-B23(32)-10(I) admite transmisi\u00f3n Ethernet de 10 G a distancias de hasta <\/span><span class=\"NormalTextRun AdvancedProofingIssueV2Themed SCXW91250712 BCX0\">10 kil\u00f3metros<\/span><span class=\"NormalTextRun SCXW91250712 BCX0\"> Utilizando tecnolog\u00eda bidireccional (BIDI), este m\u00f3dulo, que funciona en longitudes de onda duales de 1270 nm y 1330 nm, permite la transmisi\u00f3n y recepci\u00f3n eficiente de datos a trav\u00e9s de una sola fibra. <\/span><span class=\"NormalTextRun SCXW91250712 BCX0\">optimizando<\/span><span class=\"NormalTextRun SCXW91250712 BCX0\"> Uso de fibra para aplicaciones de alcance medio.<\/span><\/p>\n<hr \/>\n<p><span class=\"NormalTextRun SCXW91250712 BCX0\">Dise\u00f1ado para su uso con conectores de fibra monomodo (SMF) y d\u00faplex LC, es ideal para centros de datos, redes empresariales e infraestructuras de telecomunicaciones. La variante de temperatura industrial (I-temp) garantiza un rendimiento confiable en entornos desafiantes. El dise\u00f1o intercambiable en caliente del m\u00f3dulo permite una integraci\u00f3n o reemplazo r\u00e1pido y sin inconvenientes sin tiempo de inactividad de la red, mientras que el monitoreo de diagn\u00f3stico digital (DDM) integrado proporciona un seguimiento del rendimiento en tiempo real para una administraci\u00f3n proactiva de la red.<\/span><\/p>","protected":false},"excerpt":{"rendered":"<p><span class=\"NormalTextRun SCXW224682919 BCX0\">El transceptor \u00f3ptico XFP-B23(32)-10(I) admite Ethernet 10G a trav\u00e9s de fibra monomodo con un alcance de hasta <\/span><span class=\"NormalTextRun AdvancedProofingIssueV2Themed SCXW224682919 BCX0\">10 kil\u00f3metros<\/span><span class=\"NormalTextRun SCXW224682919 BCX0\"> utilizando tecnolog\u00eda BIDI con longitudes de onda de 1270nm y 1330nm.<\/span><\/p>\n<hr \/>\n<p><strong>XFP, BLR, 1270\/1330 nm, 10 G, 10 km, SMF\/LC<\/strong><\/p>","protected":false},"featured_media":25134,"template":"","meta":{"_acf_changed":false,"content-type":"","site-sidebar-layout":"default","site-content-layout":"default","ast-site-content-layout":"default","site-content-style":"default","site-sidebar-style":"default","ast-global-header-display":"","ast-banner-title-visibility":"","ast-main-header-display":"","ast-hfb-above-header-display":"","ast-hfb-below-header-display":"","ast-hfb-mobile-header-display":"","site-post-title":"","ast-breadcrumbs-content":"","ast-featured-img":"","footer-sml-layout":"","ast-disable-related-posts":"","theme-transparent-header-meta":"default","adv-header-id-meta":"","stick-header-meta":"","header-above-stick-meta":"","header-main-stick-meta":"","header-below-stick-meta":"","astra-migrate-meta-layouts":"set","ast-page-background-enabled":"default","ast-page-background-meta":{"desktop":{"background-color":"","background-image":"","background-repeat":"repeat","background-position":"center center","background-size":"auto","background-attachment":"scroll","background-type":"","background-media":"","overlay-type":"","overlay-color":"","overlay-opacity":"","overlay-gradient":""},"tablet":{"background-color":"","background-image":"","background-repeat":"repeat","background-position":"center center","background-size":"auto","background-attachment":"scroll","background-type":"","background-media":"","overlay-type":"","overlay-color":"","overlay-opacity":"","overlay-gradient":""},"mobile":{"background-color":"","background-image":"","background-repeat":"repeat","background-position":"center center","background-size":"auto","background-attachment":"scroll","background-type":"","background-media":"","overlay-type":"","overlay-color":"","overlay-opacity":"","overlay-gradient":""}},"ast-content-background-meta":{"desktop":{"background-color":"var(--ast-global-color-5)","background-image":"","background-repeat":"repeat","background-position":"center center","background-size":"auto","background-attachment":"scroll","background-type":"","background-media":"","overlay-type":"","overlay-color":"","overlay-opacity":"","overlay-gradient":""},"tablet":{"background-color":"var(--ast-global-color-5)","background-image":"","background-repeat":"repeat","background-position":"center center","background-size":"auto","background-attachment":"scroll","background-type":"","background-media":"","overlay-type":"","overlay-color":"","overlay-opacity":"","overlay-gradient":""},"mobile":{"background-color":"var(--ast-global-color-5)","background-image":"","background-repeat":"repeat","background-position":"center center","background-size":"auto","background-attachment":"scroll","background-type":"","background-media":"","overlay-type":"","overlay-color":"","overlay-opacity":"","overlay-gradient":""}}},"product_brand":[],"product_cat":[54],"product_tag":[],"class_list":{"0":"post-535","1":"product","2":"type-product","3":"status-publish","4":"has-post-thumbnail","6":"product_cat-xfp-bidirectional","7":"desktop-align-left","8":"tablet-align-left","9":"mobile-align-left","10":"ast-product-gallery-layout-horizontal-slider","11":"ast-product-gallery-with-no-image","12":"ast-product-tabs-layout-horizontal","14":"first","15":"instock","16":"shipping-taxable","17":"purchasable","18":"product-type-simple"},"composite_virtual":false,"composite_layout":"","composite_add_to_cart_form_location":"","composite_editable_in_cart":false,"composite_sold_individually_context":"","composite_shop_price_calc":"","composite_components":[],"composite_scenarios":[],"acf":[],"_links":{"self":[{"href":"https:\/\/www.precisionot.com\/es\/wp-json\/wp\/v2\/product\/535","targetHints":{"allow":["GET"]}}],"collection":[{"href":"https:\/\/www.precisionot.com\/es\/wp-json\/wp\/v2\/product"}],"about":[{"href":"https:\/\/www.precisionot.com\/es\/wp-json\/wp\/v2\/types\/product"}],"version-history":[{"count":0,"href":"https:\/\/www.precisionot.com\/es\/wp-json\/wp\/v2\/product\/535\/revisions"}],"wp:featuredmedia":[{"embeddable":true,"href":"https:\/\/www.precisionot.com\/es\/wp-json\/wp\/v2\/media\/25134"}],"wp:attachment":[{"href":"https:\/\/www.precisionot.com\/es\/wp-json\/wp\/v2\/media?parent=535"}],"wp:term":[{"taxonomy":"product_brand","embeddable":true,"href":"https:\/\/www.precisionot.com\/es\/wp-json\/wp\/v2\/product_brand?post=535"},{"taxonomy":"product_cat","embeddable":true,"href":"https:\/\/www.precisionot.com\/es\/wp-json\/wp\/v2\/product_cat?post=535"},{"taxonomy":"product_tag","embeddable":true,"href":"https:\/\/www.precisionot.com\/es\/wp-json\/wp\/v2\/product_tag?post=535"}],"curies":[{"name":"Gracias","href":"https:\/\/api.w.org\/{rel}","templated":true}]}}