{"id":529,"date":"2020-10-25T20:00:02","date_gmt":"2020-10-26T00:00:02","guid":{"rendered":"https:\/\/www.precisionot.com\/?post_type=product&#038;p=529"},"modified":"2024-09-20T13:45:28","modified_gmt":"2024-09-20T17:45:28","slug":"anterior-xfp-sr","status":"publish","type":"product","link":"https:\/\/www.precisionot.com\/es\/product\/pre-xfp-sr\/","title":{"rendered":"PRE-XFP-SR(I)"},"content":{"rendered":"<p><span class=\"NormalTextRun SCXW261938362 BCX0\">El m\u00f3dulo transceptor \u00f3ptico XFP-SR(I) admite transmisi\u00f3n Ethernet de 10 G a distancias de hasta <\/span><span class=\"NormalTextRun SCXW261938362 BCX0\">300 metros<\/span><span class=\"NormalTextRun SCXW261938362 BCX0\"> utilizando fibra multimodo (MMF) con conectores LC d\u00faplex. Este m\u00f3dulo, que funciona a una longitud de onda de 850 nm, es <\/span><span class=\"NormalTextRun SCXW261938362 BCX0\">optimizado<\/span><span class=\"NormalTextRun SCXW261938362 BCX0\"> para conectividad de corto alcance y alta velocidad en centros de datos y redes empresariales.<\/span><\/p>\n<hr \/>\n<p><span class=\"NormalTextRun SCXW261938362 BCX0\">Disponible en variantes de temperatura comercial (C-temp) e industrial (I-temp), garantiza un rendimiento confiable en diversas condiciones ambientales. El monitoreo de diagn\u00f3stico digital (DDM) integrado permite el seguimiento del rendimiento en tiempo real, lo que permite una gesti\u00f3n eficiente de la red. <\/span><span class=\"NormalTextRun SCXW261938362 BCX0\">Es<\/span><span class=\"NormalTextRun SCXW261938362 BCX0\"> El dise\u00f1o intercambiable en caliente permite una integraci\u00f3n o reemplazo r\u00e1pido y f\u00e1cil sin interrumpir las operaciones de la red.<\/span><\/p>","protected":false},"excerpt":{"rendered":"<p><span class=\"NormalTextRun SCXW62130080 BCX0\">El transceptor \u00f3ptico XFP-SR(I) admite Ethernet 10G sobre fibra multimodo con un alcance de hasta <\/span><span class=\"NormalTextRun SCXW62130080 BCX0\">300 metros<\/span><span class=\"NormalTextRun SCXW62130080 BCX0\"> utilizando una longitud de onda de 850 nm, disponible en variantes C-temp e I-temp.<\/span><\/p>\n<hr \/>\n<p><strong>XFP, SR, 850 nm, 10 G, 300 m, MMF\/LC<\/strong><\/p>","protected":false},"featured_media":27620,"template":"","meta":{"_acf_changed":false,"content-type":"","site-sidebar-layout":"default","site-content-layout":"default","ast-site-content-layout":"default","site-content-style":"default","site-sidebar-style":"default","ast-global-header-display":"","ast-banner-title-visibility":"","ast-main-header-display":"","ast-hfb-above-header-display":"","ast-hfb-below-header-display":"","ast-hfb-mobile-header-display":"","site-post-title":"","ast-breadcrumbs-content":"","ast-featured-img":"","footer-sml-layout":"","ast-disable-related-posts":"","theme-transparent-header-meta":"default","adv-header-id-meta":"","stick-header-meta":"","header-above-stick-meta":"","header-main-stick-meta":"","header-below-stick-meta":"","astra-migrate-meta-layouts":"set","ast-page-background-enabled":"default","ast-page-background-meta":{"desktop":{"background-color":"","background-image":"","background-repeat":"repeat","background-position":"center center","background-size":"auto","background-attachment":"scroll","background-type":"","background-media":"","overlay-type":"","overlay-color":"","overlay-opacity":"","overlay-gradient":""},"tablet":{"background-color":"","background-image":"","background-repeat":"repeat","background-position":"center center","background-size":"auto","background-attachment":"scroll","background-type":"","background-media":"","overlay-type":"","overlay-color":"","overlay-opacity":"","overlay-gradient":""},"mobile":{"background-color":"","background-image":"","background-repeat":"repeat","background-position":"center center","background-size":"auto","background-attachment":"scroll","background-type":"","background-media":"","overlay-type":"","overlay-color":"","overlay-opacity":"","overlay-gradient":""}},"ast-content-background-meta":{"desktop":{"background-color":"var(--ast-global-color-5)","background-image":"","background-repeat":"repeat","background-position":"center center","background-size":"auto","background-attachment":"scroll","background-type":"","background-media":"","overlay-type":"","overlay-color":"","overlay-opacity":"","overlay-gradient":""},"tablet":{"background-color":"var(--ast-global-color-5)","background-image":"","background-repeat":"repeat","background-position":"center center","background-size":"auto","background-attachment":"scroll","background-type":"","background-media":"","overlay-type":"","overlay-color":"","overlay-opacity":"","overlay-gradient":""},"mobile":{"background-color":"var(--ast-global-color-5)","background-image":"","background-repeat":"repeat","background-position":"center center","background-size":"auto","background-attachment":"scroll","background-type":"","background-media":"","overlay-type":"","overlay-color":"","overlay-opacity":"","overlay-gradient":""}}},"product_brand":[],"product_cat":[310],"product_tag":[],"class_list":{"0":"post-529","1":"product","2":"type-product","3":"status-publish","4":"has-post-thumbnail","6":"product_cat-xfp-standard","7":"desktop-align-left","8":"tablet-align-left","9":"mobile-align-left","10":"ast-product-gallery-layout-horizontal-slider","11":"ast-product-gallery-with-no-image","12":"ast-product-tabs-layout-horizontal","14":"first","15":"instock","16":"shipping-taxable","17":"purchasable","18":"product-type-simple"},"composite_virtual":false,"composite_layout":"","composite_add_to_cart_form_location":"","composite_editable_in_cart":false,"composite_sold_individually_context":"","composite_shop_price_calc":"","composite_components":[],"composite_scenarios":[],"acf":[],"_links":{"self":[{"href":"https:\/\/www.precisionot.com\/es\/wp-json\/wp\/v2\/product\/529","targetHints":{"allow":["GET"]}}],"collection":[{"href":"https:\/\/www.precisionot.com\/es\/wp-json\/wp\/v2\/product"}],"about":[{"href":"https:\/\/www.precisionot.com\/es\/wp-json\/wp\/v2\/types\/product"}],"version-history":[{"count":0,"href":"https:\/\/www.precisionot.com\/es\/wp-json\/wp\/v2\/product\/529\/revisions"}],"wp:featuredmedia":[{"embeddable":true,"href":"https:\/\/www.precisionot.com\/es\/wp-json\/wp\/v2\/media\/27620"}],"wp:attachment":[{"href":"https:\/\/www.precisionot.com\/es\/wp-json\/wp\/v2\/media?parent=529"}],"wp:term":[{"taxonomy":"product_brand","embeddable":true,"href":"https:\/\/www.precisionot.com\/es\/wp-json\/wp\/v2\/product_brand?post=529"},{"taxonomy":"product_cat","embeddable":true,"href":"https:\/\/www.precisionot.com\/es\/wp-json\/wp\/v2\/product_cat?post=529"},{"taxonomy":"product_tag","embeddable":true,"href":"https:\/\/www.precisionot.com\/es\/wp-json\/wp\/v2\/product_tag?post=529"}],"curies":[{"name":"Gracias","href":"https:\/\/api.w.org\/{rel}","templated":true}]}}