{"id":5152,"date":"2021-10-15T14:19:45","date_gmt":"2021-10-15T18:19:45","guid":{"rendered":"https:\/\/www.precisionot.com\/?post_type=product&#038;p=5152"},"modified":"2024-11-13T12:00:09","modified_gmt":"2024-11-13T17:00:09","slug":"antes-de-qsfp28-cwbd","status":"publish","type":"product","link":"https:\/\/www.precisionot.com\/es\/product\/pre-qsfp28-cwbd\/","title":{"rendered":"PRE-QSFP28-CWBD"},"content":{"rendered":"<p>El m\u00f3dulo transceptor \u00f3ptico QSFP28-CWBD permite la transmisi\u00f3n Ethernet de 100 G a distancias de hasta 2 kil\u00f3metros mediante multiplexaci\u00f3n por divisi\u00f3n de longitud de onda gruesa (CWDM4) y tecnolog\u00eda bidireccional (BIDI). Este transceptor, que funciona a trav\u00e9s de fibra monomodo (SMF) con conectores d\u00faplex LC, transmite y recibe datos de manera eficiente a trav\u00e9s de una sola fibra, lo que optimiza el uso de la fibra para aplicaciones de corto a mediano alcance.<\/p>\n<hr \/>\n<p>Dise\u00f1ado para su uso en entornos de temperatura comercial (C-temp), cuenta con monitoreo de diagn\u00f3stico digital (DDM) integrado para monitorear el rendimiento en tiempo real. Su dise\u00f1o intercambiable en caliente permite una instalaci\u00f3n o reemplazo r\u00e1pido y sin inconvenientes sin interrumpir las operaciones de la red, y su dise\u00f1o de bajo consumo energ\u00e9tico reduce el consumo de energ\u00eda para un rendimiento rentable.<\/p>","protected":false},"excerpt":{"rendered":"<p>El transceptor \u00f3ptico QSFP28-CWBD admite Ethernet 100G sobre fibra monomodo con un alcance de hasta 2 kil\u00f3metros utilizando tecnolog\u00eda CWDM4 BIDI.<\/p>\n<hr \/>\n<p><strong>QSFP28, CWDM4, BIDI, CWDM, 100G, 2 km, SMF\/LC, temperatura C, DDM<\/strong><\/p>","protected":false},"featured_media":25695,"template":"","meta":{"_acf_changed":false,"content-type":"","site-sidebar-layout":"default","site-content-layout":"default","ast-site-content-layout":"default","site-content-style":"default","site-sidebar-style":"default","ast-global-header-display":"","ast-banner-title-visibility":"","ast-main-header-display":"","ast-hfb-above-header-display":"","ast-hfb-below-header-display":"","ast-hfb-mobile-header-display":"","site-post-title":"","ast-breadcrumbs-content":"","ast-featured-img":"","footer-sml-layout":"","ast-disable-related-posts":"","theme-transparent-header-meta":"default","adv-header-id-meta":"","stick-header-meta":"","header-above-stick-meta":"","header-main-stick-meta":"","header-below-stick-meta":"","astra-migrate-meta-layouts":"set","ast-page-background-enabled":"default","ast-page-background-meta":{"desktop":{"background-color":"","background-image":"","background-repeat":"repeat","background-position":"center center","background-size":"auto","background-attachment":"scroll","background-type":"","background-media":"","overlay-type":"","overlay-color":"","overlay-opacity":"","overlay-gradient":""},"tablet":{"background-color":"","background-image":"","background-repeat":"repeat","background-position":"center center","background-size":"auto","background-attachment":"scroll","background-type":"","background-media":"","overlay-type":"","overlay-color":"","overlay-opacity":"","overlay-gradient":""},"mobile":{"background-color":"","background-image":"","background-repeat":"repeat","background-position":"center center","background-size":"auto","background-attachment":"scroll","background-type":"","background-media":"","overlay-type":"","overlay-color":"","overlay-opacity":"","overlay-gradient":""}},"ast-content-background-meta":{"desktop":{"background-color":"var(--ast-global-color-5)","background-image":"","background-repeat":"repeat","background-position":"center center","background-size":"auto","background-attachment":"scroll","background-type":"","background-media":"","overlay-type":"","overlay-color":"","overlay-opacity":"","overlay-gradient":""},"tablet":{"background-color":"var(--ast-global-color-5)","background-image":"","background-repeat":"repeat","background-position":"center center","background-size":"auto","background-attachment":"scroll","background-type":"","background-media":"","overlay-type":"","overlay-color":"","overlay-opacity":"","overlay-gradient":""},"mobile":{"background-color":"var(--ast-global-color-5)","background-image":"","background-repeat":"repeat","background-position":"center center","background-size":"auto","background-attachment":"scroll","background-type":"","background-media":"","overlay-type":"","overlay-color":"","overlay-opacity":"","overlay-gradient":""}}},"product_brand":[],"product_cat":[361],"product_tag":[],"class_list":{"0":"post-5152","1":"product","2":"type-product","3":"status-publish","4":"has-post-thumbnail","6":"product_cat-qsfp28-bidirectional","7":"desktop-align-left","8":"tablet-align-left","9":"mobile-align-left","10":"ast-product-gallery-layout-horizontal-slider","11":"ast-product-gallery-with-no-image","12":"ast-product-tabs-layout-horizontal","14":"first","15":"instock","16":"shipping-taxable","17":"purchasable","18":"product-type-simple"},"composite_virtual":false,"composite_layout":"","composite_add_to_cart_form_location":"","composite_editable_in_cart":false,"composite_sold_individually_context":"","composite_shop_price_calc":"","composite_components":[],"composite_scenarios":[],"acf":[],"_links":{"self":[{"href":"https:\/\/www.precisionot.com\/es\/wp-json\/wp\/v2\/product\/5152","targetHints":{"allow":["GET"]}}],"collection":[{"href":"https:\/\/www.precisionot.com\/es\/wp-json\/wp\/v2\/product"}],"about":[{"href":"https:\/\/www.precisionot.com\/es\/wp-json\/wp\/v2\/types\/product"}],"version-history":[{"count":0,"href":"https:\/\/www.precisionot.com\/es\/wp-json\/wp\/v2\/product\/5152\/revisions"}],"wp:featuredmedia":[{"embeddable":true,"href":"https:\/\/www.precisionot.com\/es\/wp-json\/wp\/v2\/media\/25695"}],"wp:attachment":[{"href":"https:\/\/www.precisionot.com\/es\/wp-json\/wp\/v2\/media?parent=5152"}],"wp:term":[{"taxonomy":"product_brand","embeddable":true,"href":"https:\/\/www.precisionot.com\/es\/wp-json\/wp\/v2\/product_brand?post=5152"},{"taxonomy":"product_cat","embeddable":true,"href":"https:\/\/www.precisionot.com\/es\/wp-json\/wp\/v2\/product_cat?post=5152"},{"taxonomy":"product_tag","embeddable":true,"href":"https:\/\/www.precisionot.com\/es\/wp-json\/wp\/v2\/product_tag?post=5152"}],"curies":[{"name":"Gracias","href":"https:\/\/api.w.org\/{rel}","templated":true}]}}