{"id":495,"date":"2020-10-25T19:32:42","date_gmt":"2020-10-25T23:32:42","guid":{"rendered":"https:\/\/www.precisionot.com\/?post_type=product&#038;p=495"},"modified":"2025-09-10T08:42:34","modified_gmt":"2025-09-10T12:42:34","slug":"antes-de-sfp10g-b2332-20i","status":"publish","type":"product","link":"https:\/\/www.precisionot.com\/es\/product\/pre-sfp10g-b2332-20i\/","title":{"rendered":"PRE-SFP10G-B23(32)-20(I)"},"content":{"rendered":"<p><span class=\"TextRun SCXW159229436 BCX0\" lang=\"EN-US\" xml:lang=\"EN-US\" data-contrast=\"auto\"><span class=\"NormalTextRun SCXW159229436 BCX0\">El m\u00f3dulo transceptor \u00f3ptico SFP10G-B23(32)-20(I) admite transmisi\u00f3n Ethernet 10G a distancias de hasta <\/span><span class=\"NormalTextRun SCXW159229436 BCX0\">20 kil\u00f3metros<\/span><span class=\"NormalTextRun SCXW159229436 BCX0\"> Utilizando tecnolog\u00eda bidireccional (BIDI), este m\u00f3dulo, que funciona en longitudes de onda duales de 1270 nm y 1330 nm, permite la transmisi\u00f3n y recepci\u00f3n simult\u00e1nea de datos a trav\u00e9s de una sola fibra. <\/span><span class=\"NormalTextRun SCXW159229436 BCX0\">optimizando<\/span><span class=\"NormalTextRun SCXW159229436 BCX0\"> Uso de fibra para aplicaciones de largo alcance. Dise\u00f1ado para usarse con fibra monomodo (SMF) y conectores LC d\u00faplex, este transceptor es ideal para centros de datos, redes empresariales e infraestructuras de telecomunicaciones.<\/span><\/span><\/p>\n<hr \/>\n<p><span class=\"TextRun SCXW159229436 BCX0\" lang=\"EN-US\" xml:lang=\"EN-US\" data-contrast=\"auto\"><span class=\"NormalTextRun SCXW159229436 BCX0\">El m\u00f3dulo est\u00e1 disponible en variantes de temperatura comercial (C-temp) e industrial (I-temp), lo que garantiza un rendimiento confiable en diversas condiciones ambientales. El monitoreo de diagn\u00f3stico digital (DDM) integrado proporciona un seguimiento del rendimiento en tiempo real para la administraci\u00f3n proactiva de la red, mientras que el dise\u00f1o intercambiable en caliente permite una r\u00e1pida integraci\u00f3n o reemplazo sin interrupci\u00f3n del servicio.<\/span><\/span><span class=\"EOP SCXW159229436 BCX0\" data-ccp-props=\"{&quot;134233117&quot;:false,&quot;134233118&quot;:false,&quot;201341983&quot;:0,&quot;335559738&quot;:240,&quot;335559739&quot;:240,&quot;335559740&quot;:279}\">\u00a0<\/span><\/p>","protected":false},"excerpt":{"rendered":"<p><span class=\"TextRun SCXW168428447 BCX0\" lang=\"EN-US\" xml:lang=\"EN-US\" data-contrast=\"auto\"><span class=\"NormalTextRun SCXW168428447 BCX0\">El transceptor \u00f3ptico SFP10G-B23(32)-20(I) admite Ethernet 10G a trav\u00e9s de fibra monomodo con un alcance de hasta <\/span><span class=\"NormalTextRun SCXW168428447 BCX0\">20 kil\u00f3metros<\/span><span class=\"NormalTextRun SCXW168428447 BCX0\"> utilizando tecnolog\u00eda BIDI con longitudes de onda de 1270 nm y 1330 nm, disponible en variantes C-temp e I-temp<\/span><\/span><span class=\"TextRun SCXW168428447 BCX0\" lang=\"EN-US\" xml:lang=\"EN-US\" data-contrast=\"auto\"><span class=\"NormalTextRun SCXW168428447 BCX0\">.<\/span><\/span><\/p>\n<hr \/>\n<p><strong>SFP+, <span class=\"s2\">1270nm\/1330nm<\/span>, BIDI, SMF, 20km, 10Gbps<\/strong><\/p>","protected":false},"featured_media":27111,"template":"","meta":{"_acf_changed":false,"content-type":"","site-sidebar-layout":"default","site-content-layout":"default","ast-site-content-layout":"default","site-content-style":"default","site-sidebar-style":"default","ast-global-header-display":"","ast-banner-title-visibility":"","ast-main-header-display":"","ast-hfb-above-header-display":"","ast-hfb-below-header-display":"","ast-hfb-mobile-header-display":"","site-post-title":"","ast-breadcrumbs-content":"","ast-featured-img":"","footer-sml-layout":"","ast-disable-related-posts":"","theme-transparent-header-meta":"default","adv-header-id-meta":"","stick-header-meta":"","header-above-stick-meta":"","header-main-stick-meta":"","header-below-stick-meta":"","astra-migrate-meta-layouts":"set","ast-page-background-enabled":"default","ast-page-background-meta":{"desktop":{"background-color":"","background-image":"","background-repeat":"repeat","background-position":"center center","background-size":"auto","background-attachment":"scroll","background-type":"","background-media":"","overlay-type":"","overlay-color":"","overlay-opacity":"","overlay-gradient":""},"tablet":{"background-color":"","background-image":"","background-repeat":"repeat","background-position":"center center","background-size":"auto","background-attachment":"scroll","background-type":"","background-media":"","overlay-type":"","overlay-color":"","overlay-opacity":"","overlay-gradient":""},"mobile":{"background-color":"","background-image":"","background-repeat":"repeat","background-position":"center center","background-size":"auto","background-attachment":"scroll","background-type":"","background-media":"","overlay-type":"","overlay-color":"","overlay-opacity":"","overlay-gradient":""}},"ast-content-background-meta":{"desktop":{"background-color":"var(--ast-global-color-5)","background-image":"","background-repeat":"repeat","background-position":"center center","background-size":"auto","background-attachment":"scroll","background-type":"","background-media":"","overlay-type":"","overlay-color":"","overlay-opacity":"","overlay-gradient":""},"tablet":{"background-color":"var(--ast-global-color-5)","background-image":"","background-repeat":"repeat","background-position":"center center","background-size":"auto","background-attachment":"scroll","background-type":"","background-media":"","overlay-type":"","overlay-color":"","overlay-opacity":"","overlay-gradient":""},"mobile":{"background-color":"var(--ast-global-color-5)","background-image":"","background-repeat":"repeat","background-position":"center center","background-size":"auto","background-attachment":"scroll","background-type":"","background-media":"","overlay-type":"","overlay-color":"","overlay-opacity":"","overlay-gradient":""}}},"product_brand":[],"product_cat":[47],"product_tag":[],"class_list":{"0":"post-495","1":"product","2":"type-product","3":"status-publish","4":"has-post-thumbnail","6":"product_cat-10g-sfp-bidirectional","7":"desktop-align-left","8":"tablet-align-left","9":"mobile-align-left","10":"ast-product-gallery-layout-horizontal-slider","11":"ast-product-gallery-with-no-image","12":"ast-product-tabs-layout-horizontal","14":"first","15":"instock","16":"shipping-taxable","17":"purchasable","18":"product-type-simple"},"composite_virtual":false,"composite_layout":"","composite_add_to_cart_form_location":"","composite_editable_in_cart":false,"composite_sold_individually_context":"","composite_shop_price_calc":"","composite_components":[],"composite_scenarios":[],"acf":[],"_links":{"self":[{"href":"https:\/\/www.precisionot.com\/es\/wp-json\/wp\/v2\/product\/495","targetHints":{"allow":["GET"]}}],"collection":[{"href":"https:\/\/www.precisionot.com\/es\/wp-json\/wp\/v2\/product"}],"about":[{"href":"https:\/\/www.precisionot.com\/es\/wp-json\/wp\/v2\/types\/product"}],"version-history":[{"count":0,"href":"https:\/\/www.precisionot.com\/es\/wp-json\/wp\/v2\/product\/495\/revisions"}],"wp:featuredmedia":[{"embeddable":true,"href":"https:\/\/www.precisionot.com\/es\/wp-json\/wp\/v2\/media\/27111"}],"wp:attachment":[{"href":"https:\/\/www.precisionot.com\/es\/wp-json\/wp\/v2\/media?parent=495"}],"wp:term":[{"taxonomy":"product_brand","embeddable":true,"href":"https:\/\/www.precisionot.com\/es\/wp-json\/wp\/v2\/product_brand?post=495"},{"taxonomy":"product_cat","embeddable":true,"href":"https:\/\/www.precisionot.com\/es\/wp-json\/wp\/v2\/product_cat?post=495"},{"taxonomy":"product_tag","embeddable":true,"href":"https:\/\/www.precisionot.com\/es\/wp-json\/wp\/v2\/product_tag?post=495"}],"curies":[{"name":"Gracias","href":"https:\/\/api.w.org\/{rel}","templated":true}]}}