{"id":487,"date":"2020-10-25T19:26:27","date_gmt":"2020-10-25T23:26:27","guid":{"rendered":"https:\/\/www.precisionot.com\/?post_type=product&#038;p=487"},"modified":"2024-09-23T14:13:46","modified_gmt":"2024-09-23T18:13:46","slug":"anterior-sfp10g-sr","status":"publish","type":"product","link":"https:\/\/www.precisionot.com\/es\/product\/pre-sfp10g-sr\/","title":{"rendered":"PRE-SFP10G-SR"},"content":{"rendered":"<p class=\"p2\"><span class=\"NormalTextRun SCXW266058099 BCX0\">El m\u00f3dulo transceptor \u00f3ptico SFP10G-SR admite transmisi\u00f3n Ethernet de 10 G a trav\u00e9s de fibra multimodo (MMF) con conectores d\u00faplex LC. Este m\u00f3dulo, que funciona a una longitud de onda de 850 nm, ofrece un alcance de hasta <\/span><span class=\"NormalTextRun AdvancedProofingIssueV2Themed SCXW266058099 BCX0\">300 metros<\/span><span class=\"NormalTextRun SCXW266058099 BCX0\"> en fibra OM3 y <\/span><span class=\"NormalTextRun AdvancedProofingIssueV2Themed SCXW266058099 BCX0\">400 metros<\/span><span class=\"NormalTextRun SCXW266058099 BCX0\"> en fibra OM4, lo que lo hace ideal para conectividad de corto alcance y alta velocidad en centros de datos y redes empresariales.<\/span><\/p>\n<hr \/>\n<p class=\"p2\"><span class=\"NormalTextRun ContextualSpellingAndGrammarErrorV2Themed SCXW266058099 BCX0\">Es<\/span><span class=\"NormalTextRun SCXW266058099 BCX0\"> El dise\u00f1o intercambiable en caliente permite una integraci\u00f3n o reemplazo r\u00e1pido y sencillo sin interrumpir el servicio. El SFP10G-SR est\u00e1 dise\u00f1ado para un rendimiento confiable en entornos de redes de alta densidad y admite una amplia gama de aplicaciones que requieren conectividad de corta distancia eficiente y rentable.<\/span><\/p>","protected":false},"excerpt":{"rendered":"<p class=\"p2\"><span class=\"s2\"><span class=\"NormalTextRun SCXW114532336 BCX0\">El transceptor \u00f3ptico SFP10G-SR admite Ethernet 10G a trav\u00e9s de fibra multimodo con un alcance de hasta <\/span><span class=\"NormalTextRun AdvancedProofingIssueV2Themed SCXW114532336 BCX0\">300 metros<\/span><span class=\"NormalTextRun SCXW114532336 BCX0\"> en OM3 y <\/span><span class=\"NormalTextRun AdvancedProofingIssueV2Themed SCXW114532336 BCX0\">400 metros<\/span><span class=\"NormalTextRun SCXW114532336 BCX0\"> en OM4 utilizando una longitud de onda de 850 nm.<\/span><\/span><\/p>\n<hr \/>\n<p class=\"p2\"><strong><span class=\"s2\">SFP+, SR, <\/span>850nm, 10G, 300m\/OM3, 400m\/OM4, FMM\/LC<\/strong><\/p>","protected":false},"featured_media":24203,"template":"","meta":{"_acf_changed":false,"content-type":"","site-sidebar-layout":"default","site-content-layout":"default","ast-site-content-layout":"default","site-content-style":"default","site-sidebar-style":"default","ast-global-header-display":"","ast-banner-title-visibility":"","ast-main-header-display":"","ast-hfb-above-header-display":"","ast-hfb-below-header-display":"","ast-hfb-mobile-header-display":"","site-post-title":"","ast-breadcrumbs-content":"","ast-featured-img":"","footer-sml-layout":"","ast-disable-related-posts":"","theme-transparent-header-meta":"default","adv-header-id-meta":"","stick-header-meta":"","header-above-stick-meta":"","header-main-stick-meta":"","header-below-stick-meta":"","astra-migrate-meta-layouts":"set","ast-page-background-enabled":"default","ast-page-background-meta":{"desktop":{"background-color":"","background-image":"","background-repeat":"repeat","background-position":"center center","background-size":"auto","background-attachment":"scroll","background-type":"","background-media":"","overlay-type":"","overlay-color":"","overlay-opacity":"","overlay-gradient":""},"tablet":{"background-color":"","background-image":"","background-repeat":"repeat","background-position":"center center","background-size":"auto","background-attachment":"scroll","background-type":"","background-media":"","overlay-type":"","overlay-color":"","overlay-opacity":"","overlay-gradient":""},"mobile":{"background-color":"","background-image":"","background-repeat":"repeat","background-position":"center center","background-size":"auto","background-attachment":"scroll","background-type":"","background-media":"","overlay-type":"","overlay-color":"","overlay-opacity":"","overlay-gradient":""}},"ast-content-background-meta":{"desktop":{"background-color":"var(--ast-global-color-5)","background-image":"","background-repeat":"repeat","background-position":"center center","background-size":"auto","background-attachment":"scroll","background-type":"","background-media":"","overlay-type":"","overlay-color":"","overlay-opacity":"","overlay-gradient":""},"tablet":{"background-color":"var(--ast-global-color-5)","background-image":"","background-repeat":"repeat","background-position":"center center","background-size":"auto","background-attachment":"scroll","background-type":"","background-media":"","overlay-type":"","overlay-color":"","overlay-opacity":"","overlay-gradient":""},"mobile":{"background-color":"var(--ast-global-color-5)","background-image":"","background-repeat":"repeat","background-position":"center center","background-size":"auto","background-attachment":"scroll","background-type":"","background-media":"","overlay-type":"","overlay-color":"","overlay-opacity":"","overlay-gradient":""}}},"product_brand":[],"product_cat":[315],"product_tag":[],"class_list":{"0":"post-487","1":"product","2":"type-product","3":"status-publish","4":"has-post-thumbnail","6":"product_cat-sfp-plus-standard","7":"desktop-align-left","8":"tablet-align-left","9":"mobile-align-left","10":"ast-product-gallery-layout-horizontal-slider","11":"ast-product-gallery-with-no-image","12":"ast-product-tabs-layout-horizontal","14":"first","15":"instock","16":"shipping-taxable","17":"purchasable","18":"product-type-simple"},"composite_virtual":false,"composite_layout":"","composite_add_to_cart_form_location":"","composite_editable_in_cart":false,"composite_sold_individually_context":"","composite_shop_price_calc":"","composite_components":[],"composite_scenarios":[],"acf":[],"_links":{"self":[{"href":"https:\/\/www.precisionot.com\/es\/wp-json\/wp\/v2\/product\/487","targetHints":{"allow":["GET"]}}],"collection":[{"href":"https:\/\/www.precisionot.com\/es\/wp-json\/wp\/v2\/product"}],"about":[{"href":"https:\/\/www.precisionot.com\/es\/wp-json\/wp\/v2\/types\/product"}],"version-history":[{"count":0,"href":"https:\/\/www.precisionot.com\/es\/wp-json\/wp\/v2\/product\/487\/revisions"}],"wp:featuredmedia":[{"embeddable":true,"href":"https:\/\/www.precisionot.com\/es\/wp-json\/wp\/v2\/media\/24203"}],"wp:attachment":[{"href":"https:\/\/www.precisionot.com\/es\/wp-json\/wp\/v2\/media?parent=487"}],"wp:term":[{"taxonomy":"product_brand","embeddable":true,"href":"https:\/\/www.precisionot.com\/es\/wp-json\/wp\/v2\/product_brand?post=487"},{"taxonomy":"product_cat","embeddable":true,"href":"https:\/\/www.precisionot.com\/es\/wp-json\/wp\/v2\/product_cat?post=487"},{"taxonomy":"product_tag","embeddable":true,"href":"https:\/\/www.precisionot.com\/es\/wp-json\/wp\/v2\/product_tag?post=487"}],"curies":[{"name":"Gracias","href":"https:\/\/api.w.org\/{rel}","templated":true}]}}