{"id":482,"date":"2020-10-25T19:24:02","date_gmt":"2020-10-25T23:24:02","guid":{"rendered":"https:\/\/www.precisionot.com\/?post_type=product&#038;p=482"},"modified":"2024-09-23T14:42:44","modified_gmt":"2024-09-23T18:42:44","slug":"antes-de-sfp10g-40","status":"publish","type":"product","link":"https:\/\/www.precisionot.com\/es\/product\/pre-sfp10g-40\/","title":{"rendered":"PRE-SFP10G-40"},"content":{"rendered":"<p class=\"p2\"><span class=\"NormalTextRun SCXW161554315 BCX0\">El m\u00f3dulo transceptor \u00f3ptico SFP10G-40 admite transmisi\u00f3n Ethernet 10G a distancias de hasta <\/span><span class=\"NormalTextRun AdvancedProofingIssueV2Themed SCXW161554315 BCX0\">40 kil\u00f3metros<\/span><span class=\"NormalTextRun SCXW161554315 BCX0\"> Utilizando fibra monomodo (SMF) con conectores LC d\u00faplex, este m\u00f3dulo funciona a una longitud de onda de 1550 nm. <\/span><span class=\"NormalTextRun SCXW161554315 BCX0\">optimizado<\/span><span class=\"NormalTextRun SCXW161554315 BCX0\"> para aplicaciones de largo alcance en centros de datos, redes empresariales y entornos de telecomunicaciones.<\/span><\/p>\n<hr \/>\n<p class=\"p2\"><span class=\"NormalTextRun SCXW161554315 BCX0\">Cuenta con monitoreo de diagn\u00f3stico digital (DDM) integrado para el seguimiento del rendimiento en tiempo real, lo que permite una administraci\u00f3n proactiva de la red. El dise\u00f1o intercambiable en caliente permite una integraci\u00f3n o reemplazo r\u00e1pido y f\u00e1cil sin interrupci\u00f3n del servicio, lo que convierte al SFP10G-40 en una soluci\u00f3n confiable para conectividad de largo alcance y alto rendimiento.<\/span><\/p>","protected":false},"excerpt":{"rendered":"<p class=\"p2\"><span class=\"s2\"><span class=\"NormalTextRun SCXW154389815 BCX0\">El transceptor \u00f3ptico SFP10G-40 admite Ethernet 10G a trav\u00e9s de fibra monomodo con un alcance de hasta <\/span><span class=\"NormalTextRun AdvancedProofingIssueV2Themed SCXW154389815 BCX0\">40 kil\u00f3metros<\/span><span class=\"NormalTextRun SCXW154389815 BCX0\"> utilizando una longitud de onda de 1550 nm y DDM incorporado.<\/span><\/span><\/p>\n<hr \/>\n<p class=\"p2\"><strong><span class=\"s2\">SFP+, ER, <\/span>1550nm, 10G, 40km, SMF\/LC, DDM<\/strong><\/p>","protected":false},"featured_media":24183,"template":"","meta":{"_acf_changed":false,"content-type":"","site-sidebar-layout":"default","site-content-layout":"default","ast-site-content-layout":"default","site-content-style":"default","site-sidebar-style":"default","ast-global-header-display":"","ast-banner-title-visibility":"","ast-main-header-display":"","ast-hfb-above-header-display":"","ast-hfb-below-header-display":"","ast-hfb-mobile-header-display":"","site-post-title":"","ast-breadcrumbs-content":"","ast-featured-img":"","footer-sml-layout":"","ast-disable-related-posts":"","theme-transparent-header-meta":"default","adv-header-id-meta":"","stick-header-meta":"","header-above-stick-meta":"","header-main-stick-meta":"","header-below-stick-meta":"","astra-migrate-meta-layouts":"set","ast-page-background-enabled":"default","ast-page-background-meta":{"desktop":{"background-color":"","background-image":"","background-repeat":"repeat","background-position":"center center","background-size":"auto","background-attachment":"scroll","background-type":"","background-media":"","overlay-type":"","overlay-color":"","overlay-opacity":"","overlay-gradient":""},"tablet":{"background-color":"","background-image":"","background-repeat":"repeat","background-position":"center center","background-size":"auto","background-attachment":"scroll","background-type":"","background-media":"","overlay-type":"","overlay-color":"","overlay-opacity":"","overlay-gradient":""},"mobile":{"background-color":"","background-image":"","background-repeat":"repeat","background-position":"center center","background-size":"auto","background-attachment":"scroll","background-type":"","background-media":"","overlay-type":"","overlay-color":"","overlay-opacity":"","overlay-gradient":""}},"ast-content-background-meta":{"desktop":{"background-color":"var(--ast-global-color-5)","background-image":"","background-repeat":"repeat","background-position":"center center","background-size":"auto","background-attachment":"scroll","background-type":"","background-media":"","overlay-type":"","overlay-color":"","overlay-opacity":"","overlay-gradient":""},"tablet":{"background-color":"var(--ast-global-color-5)","background-image":"","background-repeat":"repeat","background-position":"center center","background-size":"auto","background-attachment":"scroll","background-type":"","background-media":"","overlay-type":"","overlay-color":"","overlay-opacity":"","overlay-gradient":""},"mobile":{"background-color":"var(--ast-global-color-5)","background-image":"","background-repeat":"repeat","background-position":"center center","background-size":"auto","background-attachment":"scroll","background-type":"","background-media":"","overlay-type":"","overlay-color":"","overlay-opacity":"","overlay-gradient":""}}},"product_brand":[],"product_cat":[315],"product_tag":[],"class_list":{"0":"post-482","1":"product","2":"type-product","3":"status-publish","4":"has-post-thumbnail","6":"product_cat-sfp-plus-standard","7":"desktop-align-left","8":"tablet-align-left","9":"mobile-align-left","10":"ast-product-gallery-layout-horizontal-slider","11":"ast-product-gallery-with-no-image","12":"ast-product-tabs-layout-horizontal","14":"first","15":"instock","16":"shipping-taxable","17":"purchasable","18":"product-type-simple"},"composite_virtual":false,"composite_layout":"","composite_add_to_cart_form_location":"","composite_editable_in_cart":false,"composite_sold_individually_context":"","composite_shop_price_calc":"","composite_components":[],"composite_scenarios":[],"acf":[],"_links":{"self":[{"href":"https:\/\/www.precisionot.com\/es\/wp-json\/wp\/v2\/product\/482","targetHints":{"allow":["GET"]}}],"collection":[{"href":"https:\/\/www.precisionot.com\/es\/wp-json\/wp\/v2\/product"}],"about":[{"href":"https:\/\/www.precisionot.com\/es\/wp-json\/wp\/v2\/types\/product"}],"version-history":[{"count":0,"href":"https:\/\/www.precisionot.com\/es\/wp-json\/wp\/v2\/product\/482\/revisions"}],"wp:featuredmedia":[{"embeddable":true,"href":"https:\/\/www.precisionot.com\/es\/wp-json\/wp\/v2\/media\/24183"}],"wp:attachment":[{"href":"https:\/\/www.precisionot.com\/es\/wp-json\/wp\/v2\/media?parent=482"}],"wp:term":[{"taxonomy":"product_brand","embeddable":true,"href":"https:\/\/www.precisionot.com\/es\/wp-json\/wp\/v2\/product_brand?post=482"},{"taxonomy":"product_cat","embeddable":true,"href":"https:\/\/www.precisionot.com\/es\/wp-json\/wp\/v2\/product_cat?post=482"},{"taxonomy":"product_tag","embeddable":true,"href":"https:\/\/www.precisionot.com\/es\/wp-json\/wp\/v2\/product_tag?post=482"}],"curies":[{"name":"Gracias","href":"https:\/\/api.w.org\/{rel}","templated":true}]}}