{"id":473,"date":"2020-10-25T19:17:40","date_gmt":"2020-10-25T23:17:40","guid":{"rendered":"https:\/\/www.precisionot.com\/?post_type=product&#038;p=473"},"modified":"2025-02-27T11:44:34","modified_gmt":"2025-02-27T16:44:34","slug":"antes-del-sfp25g-sr","status":"publish","type":"product","link":"https:\/\/www.precisionot.com\/es\/product\/pre-sfp25g-sr\/","title":{"rendered":"PRE-SFP25G-SR"},"content":{"rendered":"<p><span class=\"NormalTextRun SCXW162147441 BCX0\">El m\u00f3dulo transceptor \u00f3ptico SFP25G-SR admite transmisi\u00f3n Ethernet de 25 G a distancias de hasta <\/span><span class=\"NormalTextRun SCXW162147441 BCX0\">100 metros<\/span><span class=\"NormalTextRun SCXW162147441 BCX0\"> utilizando fibra multimodo (MMF) con conectores LC d\u00faplex. Este m\u00f3dulo, que funciona a una longitud de onda de 850 nm, es <\/span><span class=\"NormalTextRun SCXW162147441 BCX0\">optimizado<\/span><span class=\"NormalTextRun SCXW162147441 BCX0\"> para conectividad de corto alcance y alta velocidad, lo que lo hace ideal para centros de datos, redes empresariales y aplicaciones de telecomunicaciones.<\/span><\/p>\n<hr \/>\n<p><span class=\"NormalTextRun SCXW162147441 BCX0\">Disponible en variantes de temperatura comercial (C-temp) e industrial (I-temp), ofrece un rendimiento confiable en una amplia gama de entornos. El monitoreo de diagn\u00f3stico digital (DDM) integrado permite realizar un seguimiento del rendimiento en tiempo real, lo que garantiza una gesti\u00f3n proactiva de la red. <\/span><span class=\"NormalTextRun SCXW162147441 BCX0\">Es<\/span><span class=\"NormalTextRun SCXW162147441 BCX0\"> dise\u00f1o intercambiable en caliente <\/span><span class=\"NormalTextRun SCXW162147441 BCX0\">facilita<\/span><span class=\"NormalTextRun SCXW162147441 BCX0\"> Instalaci\u00f3n o reemplazo r\u00e1pido y f\u00e1cil sin interrupci\u00f3n del servicio.<\/span><\/p>","protected":false},"excerpt":{"rendered":"<p><span class=\"NormalTextRun SCXW38107579 BCX0\">El transceptor \u00f3ptico SFP25G-SR admite Ethernet de 25 G a trav\u00e9s de fibra multimodo con un alcance de hasta <\/span><span class=\"NormalTextRun SCXW38107579 BCX0\">100 metros<\/span><span class=\"NormalTextRun SCXW38107579 BCX0\"> utilizando una longitud de onda de 850 nm, disponible en variantes C-temp e I-temp.<\/span><\/p>\n<hr \/>\n<p><strong>SFP28, SR, 850nm, 25G, 100m, SMF\/LC, temperatura C\/temperatura I, DDM<\/strong><\/p>","protected":false},"featured_media":27578,"template":"","meta":{"_acf_changed":false,"content-type":"","site-sidebar-layout":"default","site-content-layout":"default","ast-site-content-layout":"default","site-content-style":"default","site-sidebar-style":"default","ast-global-header-display":"","ast-banner-title-visibility":"","ast-main-header-display":"","ast-hfb-above-header-display":"","ast-hfb-below-header-display":"","ast-hfb-mobile-header-display":"","site-post-title":"","ast-breadcrumbs-content":"","ast-featured-img":"","footer-sml-layout":"","ast-disable-related-posts":"","theme-transparent-header-meta":"default","adv-header-id-meta":"","stick-header-meta":"","header-above-stick-meta":"","header-main-stick-meta":"","header-below-stick-meta":"","astra-migrate-meta-layouts":"set","ast-page-background-enabled":"default","ast-page-background-meta":{"desktop":{"background-color":"","background-image":"","background-repeat":"repeat","background-position":"center center","background-size":"auto","background-attachment":"scroll","background-type":"","background-media":"","overlay-type":"","overlay-color":"","overlay-opacity":"","overlay-gradient":""},"tablet":{"background-color":"","background-image":"","background-repeat":"repeat","background-position":"center center","background-size":"auto","background-attachment":"scroll","background-type":"","background-media":"","overlay-type":"","overlay-color":"","overlay-opacity":"","overlay-gradient":""},"mobile":{"background-color":"","background-image":"","background-repeat":"repeat","background-position":"center center","background-size":"auto","background-attachment":"scroll","background-type":"","background-media":"","overlay-type":"","overlay-color":"","overlay-opacity":"","overlay-gradient":""}},"ast-content-background-meta":{"desktop":{"background-color":"var(--ast-global-color-5)","background-image":"","background-repeat":"repeat","background-position":"center center","background-size":"auto","background-attachment":"scroll","background-type":"","background-media":"","overlay-type":"","overlay-color":"","overlay-opacity":"","overlay-gradient":""},"tablet":{"background-color":"var(--ast-global-color-5)","background-image":"","background-repeat":"repeat","background-position":"center center","background-size":"auto","background-attachment":"scroll","background-type":"","background-media":"","overlay-type":"","overlay-color":"","overlay-opacity":"","overlay-gradient":""},"mobile":{"background-color":"var(--ast-global-color-5)","background-image":"","background-repeat":"repeat","background-position":"center center","background-size":"auto","background-attachment":"scroll","background-type":"","background-media":"","overlay-type":"","overlay-color":"","overlay-opacity":"","overlay-gradient":""}}},"product_brand":[],"product_cat":[305],"product_tag":[],"class_list":{"0":"post-473","1":"product","2":"type-product","3":"status-publish","4":"has-post-thumbnail","6":"product_cat-sfp28-standard","7":"desktop-align-left","8":"tablet-align-left","9":"mobile-align-left","10":"ast-product-gallery-layout-horizontal-slider","11":"ast-product-gallery-with-no-image","12":"ast-product-tabs-layout-horizontal","14":"first","15":"instock","16":"shipping-taxable","17":"purchasable","18":"product-type-simple"},"composite_virtual":false,"composite_layout":"","composite_add_to_cart_form_location":"","composite_editable_in_cart":false,"composite_sold_individually_context":"","composite_shop_price_calc":"","composite_components":[],"composite_scenarios":[],"acf":[],"_links":{"self":[{"href":"https:\/\/www.precisionot.com\/es\/wp-json\/wp\/v2\/product\/473","targetHints":{"allow":["GET"]}}],"collection":[{"href":"https:\/\/www.precisionot.com\/es\/wp-json\/wp\/v2\/product"}],"about":[{"href":"https:\/\/www.precisionot.com\/es\/wp-json\/wp\/v2\/types\/product"}],"version-history":[{"count":0,"href":"https:\/\/www.precisionot.com\/es\/wp-json\/wp\/v2\/product\/473\/revisions"}],"wp:featuredmedia":[{"embeddable":true,"href":"https:\/\/www.precisionot.com\/es\/wp-json\/wp\/v2\/media\/27578"}],"wp:attachment":[{"href":"https:\/\/www.precisionot.com\/es\/wp-json\/wp\/v2\/media?parent=473"}],"wp:term":[{"taxonomy":"product_brand","embeddable":true,"href":"https:\/\/www.precisionot.com\/es\/wp-json\/wp\/v2\/product_brand?post=473"},{"taxonomy":"product_cat","embeddable":true,"href":"https:\/\/www.precisionot.com\/es\/wp-json\/wp\/v2\/product_cat?post=473"},{"taxonomy":"product_tag","embeddable":true,"href":"https:\/\/www.precisionot.com\/es\/wp-json\/wp\/v2\/product_tag?post=473"}],"curies":[{"name":"Gracias","href":"https:\/\/api.w.org\/{rel}","templated":true}]}}