{"id":451,"date":"2020-10-25T17:51:52","date_gmt":"2020-10-25T21:51:52","guid":{"rendered":"https:\/\/www.precisionot.com\/?post_type=product&#038;p=451"},"modified":"2024-09-17T16:32:10","modified_gmt":"2024-09-17T20:32:10","slug":"previo-al-qsfp-plr4","status":"publish","type":"product","link":"https:\/\/www.precisionot.com\/es\/product\/pre-qsfp-plr4\/","title":{"rendered":"PRE-QSFP-PLR4"},"content":{"rendered":"<p class=\"p2\"><span class=\"TextRun SCXW147833066 BCX0\" lang=\"EN-US\" xml:lang=\"EN-US\" data-contrast=\"none\"><span class=\"NormalTextRun SCXW147833066 BCX0\">El transceptor \u00f3ptico de alto rendimiento QSFP-PLR4 de Precision OT admite aplicaciones Ethernet de 40 G hasta <\/span><span class=\"NormalTextRun AdvancedProofingIssueV2Themed SCXW147833066 BCX0\">10 kil\u00f3metros<\/span><span class=\"NormalTextRun SCXW147833066 BCX0\"> sobre fibra monomodo (SMF). <\/span><span class=\"NormalTextRun SCXW147833066 BCX0\">opera<\/span><span class=\"NormalTextRun SCXW147833066 BCX0\"> con cuatro carriles de 25 Gbps en una longitud de onda de 1310 nm, lo que lo hace ideal para centros de datos, inform\u00e1tica de alto rendimiento y entornos de redes empresariales donde la conectividad de larga distancia y el rendimiento de datos de alta velocidad son esenciales.<\/span><\/span><\/p>\n<hr \/>\n<p class=\"p2\"><span class=\"TextRun SCXW147833066 BCX0\" lang=\"EN-US\" xml:lang=\"EN-US\" data-contrast=\"none\"><span class=\"NormalTextRun SCXW147833066 BCX0\">El transceptor cuenta con conector tipo MPO-12 y monitoreo de diagn\u00f3stico digital (DDM). El QSFP-PLR4 tiene clasificaci\u00f3n C-Temp y ofrece un consumo de energ\u00eda de &lt;3,5 W, lo que permite implementaciones de alta densidad y maximiza el uso del equipo. Con un dise\u00f1o intercambiable en caliente, el QSFP-PLR4 simplifica la instalaci\u00f3n, las actualizaciones y los reemplazos sin interrumpir el tr\u00e1fico de la red, lo que lo convierte en una excelente soluci\u00f3n para aplicaciones de redes escalables, de alta velocidad y de largo alcance.<\/span><\/span><span class=\"EOP SCXW147833066 BCX0\" data-ccp-props=\"{&quot;134233117&quot;:false,&quot;134233118&quot;:false,&quot;201341983&quot;:0,&quot;335557856&quot;:16777215,&quot;335559738&quot;:0,&quot;335559739&quot;:0,&quot;335559740&quot;:279}\">\u00a0<\/span><\/p>","protected":false},"excerpt":{"rendered":"<p><span class=\"NormalTextRun SCXW225642740 BCX0\">El transceptor \u00f3ptico PRE-QSFP-PLR4 de Precision OT admite aplicaciones Ethernet de 40 G hasta <\/span><span class=\"NormalTextRun AdvancedProofingIssueV2Themed SCXW225642740 BCX0\">10km<\/span><span class=\"NormalTextRun SCXW225642740 BCX0\"> sobre fibra monomodo (SMF).\u00a0<\/span><\/p>\n<hr \/>\n<p class=\"p2\"><strong>QSFP, PLR4, 1310 nm, 40G, 10 km, SMF\/MPO12<\/strong><\/p>","protected":false},"featured_media":24284,"template":"","meta":{"_acf_changed":false,"content-type":"","site-sidebar-layout":"default","site-content-layout":"default","ast-site-content-layout":"default","site-content-style":"default","site-sidebar-style":"default","ast-global-header-display":"","ast-banner-title-visibility":"","ast-main-header-display":"","ast-hfb-above-header-display":"","ast-hfb-below-header-display":"","ast-hfb-mobile-header-display":"","site-post-title":"","ast-breadcrumbs-content":"","ast-featured-img":"","footer-sml-layout":"","ast-disable-related-posts":"","theme-transparent-header-meta":"default","adv-header-id-meta":"","stick-header-meta":"","header-above-stick-meta":"","header-main-stick-meta":"","header-below-stick-meta":"","astra-migrate-meta-layouts":"set","ast-page-background-enabled":"default","ast-page-background-meta":{"desktop":{"background-color":"","background-image":"","background-repeat":"repeat","background-position":"center center","background-size":"auto","background-attachment":"scroll","background-type":"","background-media":"","overlay-type":"","overlay-color":"","overlay-opacity":"","overlay-gradient":""},"tablet":{"background-color":"","background-image":"","background-repeat":"repeat","background-position":"center center","background-size":"auto","background-attachment":"scroll","background-type":"","background-media":"","overlay-type":"","overlay-color":"","overlay-opacity":"","overlay-gradient":""},"mobile":{"background-color":"","background-image":"","background-repeat":"repeat","background-position":"center center","background-size":"auto","background-attachment":"scroll","background-type":"","background-media":"","overlay-type":"","overlay-color":"","overlay-opacity":"","overlay-gradient":""}},"ast-content-background-meta":{"desktop":{"background-color":"var(--ast-global-color-5)","background-image":"","background-repeat":"repeat","background-position":"center center","background-size":"auto","background-attachment":"scroll","background-type":"","background-media":"","overlay-type":"","overlay-color":"","overlay-opacity":"","overlay-gradient":""},"tablet":{"background-color":"var(--ast-global-color-5)","background-image":"","background-repeat":"repeat","background-position":"center center","background-size":"auto","background-attachment":"scroll","background-type":"","background-media":"","overlay-type":"","overlay-color":"","overlay-opacity":"","overlay-gradient":""},"mobile":{"background-color":"var(--ast-global-color-5)","background-image":"","background-repeat":"repeat","background-position":"center center","background-size":"auto","background-attachment":"scroll","background-type":"","background-media":"","overlay-type":"","overlay-color":"","overlay-opacity":"","overlay-gradient":""}}},"product_brand":[],"product_cat":[300],"product_tag":[],"class_list":{"0":"post-451","1":"product","2":"type-product","3":"status-publish","4":"has-post-thumbnail","6":"product_cat-qsfp-standard","7":"desktop-align-left","8":"tablet-align-left","9":"mobile-align-left","10":"ast-product-gallery-layout-horizontal-slider","11":"ast-product-gallery-with-no-image","12":"ast-product-tabs-layout-horizontal","14":"first","15":"instock","16":"shipping-taxable","17":"purchasable","18":"product-type-simple"},"composite_virtual":false,"composite_layout":"","composite_add_to_cart_form_location":"","composite_editable_in_cart":false,"composite_sold_individually_context":"","composite_shop_price_calc":"","composite_components":[],"composite_scenarios":[],"acf":[],"_links":{"self":[{"href":"https:\/\/www.precisionot.com\/es\/wp-json\/wp\/v2\/product\/451","targetHints":{"allow":["GET"]}}],"collection":[{"href":"https:\/\/www.precisionot.com\/es\/wp-json\/wp\/v2\/product"}],"about":[{"href":"https:\/\/www.precisionot.com\/es\/wp-json\/wp\/v2\/types\/product"}],"version-history":[{"count":0,"href":"https:\/\/www.precisionot.com\/es\/wp-json\/wp\/v2\/product\/451\/revisions"}],"wp:featuredmedia":[{"embeddable":true,"href":"https:\/\/www.precisionot.com\/es\/wp-json\/wp\/v2\/media\/24284"}],"wp:attachment":[{"href":"https:\/\/www.precisionot.com\/es\/wp-json\/wp\/v2\/media?parent=451"}],"wp:term":[{"taxonomy":"product_brand","embeddable":true,"href":"https:\/\/www.precisionot.com\/es\/wp-json\/wp\/v2\/product_brand?post=451"},{"taxonomy":"product_cat","embeddable":true,"href":"https:\/\/www.precisionot.com\/es\/wp-json\/wp\/v2\/product_cat?post=451"},{"taxonomy":"product_tag","embeddable":true,"href":"https:\/\/www.precisionot.com\/es\/wp-json\/wp\/v2\/product_tag?post=451"}],"curies":[{"name":"Gracias","href":"https:\/\/api.w.org\/{rel}","templated":true}]}}