{"id":444,"date":"2020-10-25T17:45:15","date_gmt":"2020-10-25T21:45:15","guid":{"rendered":"https:\/\/www.precisionot.com\/?post_type=product&#038;p=444"},"modified":"2024-09-17T16:14:55","modified_gmt":"2024-09-17T20:14:55","slug":"previo-a-cfp2-er4","status":"publish","type":"product","link":"https:\/\/www.precisionot.com\/es\/product\/pre-cfp2-er4\/","title":{"rendered":"PRE-CFP2-ER4"},"content":{"rendered":"<p><span class=\"TextRun SCXW227456223 BCX0\" lang=\"EN-US\" xml:lang=\"EN-US\" data-contrast=\"none\"><span class=\"NormalTextRun SCXW227456223 BCX0\">El m\u00f3dulo transceptor \u00f3ptico robusto CFP2-ER4 de Precision OT es una soluci\u00f3n de alto rendimiento dise\u00f1ada para redes Ethernet de 100 G, que ofrece capacidades de rango extendido que admiten la transmisi\u00f3n de datos hasta <\/span><span class=\"NormalTextRun AdvancedProofingIssueV2Themed SCXW227456223 BCX0\">40 kil\u00f3metros<\/span><span class=\"NormalTextRun SCXW227456223 BCX0\"> sobre fibra monomodo (SMF). Ideal para aplicaciones que requieren un alcance extendido, como redes de larga distancia, redes metropolitanas e interconexiones de centros de datos a gran escala, el CFP2-ER4 utiliza cuatro carriles de 25 Gbps sobre una longitud de onda de 1310 nm. <\/span><span class=\"NormalTextRun SCXW227456223 BCX0\">apalancamiento<\/span><span class=\"NormalTextRun SCXW227456223 BCX0\"> Tecnolog\u00eda de multiplexaci\u00f3n por divisi\u00f3n de longitud de onda gruesa (CWDM) para una transmisi\u00f3n eficiente de datos.<\/span><\/span><\/p>\n<hr \/>\n<p><span class=\"TextRun SCXW227456223 BCX0\" lang=\"EN-US\" xml:lang=\"EN-US\" data-contrast=\"none\"><span class=\"NormalTextRun SCXW227456223 BCX0\">Con su formato compacto CFP2, el CFP2-ER4 est\u00e1 dise\u00f1ado para implementaciones que ahorran espacio en entornos de redes densos. <\/span><span class=\"NormalTextRun ContextualSpellingAndGrammarErrorV2Themed SCXW227456223 BCX0\">Es<\/span><span class=\"NormalTextRun SCXW227456223 BCX0\"> El dise\u00f1o intercambiable en caliente ofrece interrupciones operativas m\u00ednimas y una confiabilidad de red mejorada.<\/span><\/span><span class=\"EOP SCXW227456223 BCX0\" data-ccp-props=\"{&quot;134233117&quot;:false,&quot;134233118&quot;:false,&quot;201341983&quot;:0,&quot;335557856&quot;:16777215,&quot;335559738&quot;:0,&quot;335559739&quot;:0,&quot;335559740&quot;:279}\">\u00a0<\/span><\/p>","protected":false},"excerpt":{"rendered":"<p><span class=\"NormalTextRun ContextualSpellingAndGrammarErrorV2Themed SCXW168350051 BCX0\">Precisi\u00f3n<\/span><span class=\"NormalTextRun SCXW168350051 BCX0\"> El m\u00f3dulo transceptor \u00f3ptico CFP2-ER4 de OT es una soluci\u00f3n de alto rendimiento dise\u00f1ada para redes Ethernet 100G.\u00a0<\/span><\/p>\n<hr \/>\n<p><strong>CFP2, ER4, LWDM, 100G, 40 km, SMF\/LC, temperatura C, DDM<\/strong><\/p>","protected":false},"featured_media":26324,"template":"","meta":{"_acf_changed":false,"content-type":"","site-sidebar-layout":"default","site-content-layout":"default","ast-site-content-layout":"default","site-content-style":"default","site-sidebar-style":"default","ast-global-header-display":"","ast-banner-title-visibility":"","ast-main-header-display":"","ast-hfb-above-header-display":"","ast-hfb-below-header-display":"","ast-hfb-mobile-header-display":"","site-post-title":"","ast-breadcrumbs-content":"","ast-featured-img":"","footer-sml-layout":"","ast-disable-related-posts":"","theme-transparent-header-meta":"default","adv-header-id-meta":"","stick-header-meta":"","header-above-stick-meta":"","header-main-stick-meta":"","header-below-stick-meta":"","astra-migrate-meta-layouts":"set","ast-page-background-enabled":"default","ast-page-background-meta":{"desktop":{"background-color":"","background-image":"","background-repeat":"repeat","background-position":"center center","background-size":"auto","background-attachment":"scroll","background-type":"","background-media":"","overlay-type":"","overlay-color":"","overlay-opacity":"","overlay-gradient":""},"tablet":{"background-color":"","background-image":"","background-repeat":"repeat","background-position":"center center","background-size":"auto","background-attachment":"scroll","background-type":"","background-media":"","overlay-type":"","overlay-color":"","overlay-opacity":"","overlay-gradient":""},"mobile":{"background-color":"","background-image":"","background-repeat":"repeat","background-position":"center center","background-size":"auto","background-attachment":"scroll","background-type":"","background-media":"","overlay-type":"","overlay-color":"","overlay-opacity":"","overlay-gradient":""}},"ast-content-background-meta":{"desktop":{"background-color":"var(--ast-global-color-5)","background-image":"","background-repeat":"repeat","background-position":"center center","background-size":"auto","background-attachment":"scroll","background-type":"","background-media":"","overlay-type":"","overlay-color":"","overlay-opacity":"","overlay-gradient":""},"tablet":{"background-color":"var(--ast-global-color-5)","background-image":"","background-repeat":"repeat","background-position":"center center","background-size":"auto","background-attachment":"scroll","background-type":"","background-media":"","overlay-type":"","overlay-color":"","overlay-opacity":"","overlay-gradient":""},"mobile":{"background-color":"var(--ast-global-color-5)","background-image":"","background-repeat":"repeat","background-position":"center center","background-size":"auto","background-attachment":"scroll","background-type":"","background-media":"","overlay-type":"","overlay-color":"","overlay-opacity":"","overlay-gradient":""}}},"product_brand":[],"product_cat":[296],"product_tag":[],"class_list":{"0":"post-444","1":"product","2":"type-product","3":"status-publish","4":"has-post-thumbnail","6":"product_cat-cfp2","7":"desktop-align-left","8":"tablet-align-left","9":"mobile-align-left","10":"ast-product-gallery-layout-horizontal-slider","11":"ast-product-gallery-with-no-image","12":"ast-product-tabs-layout-horizontal","14":"first","15":"instock","16":"shipping-taxable","17":"purchasable","18":"product-type-simple"},"composite_virtual":false,"composite_layout":"","composite_add_to_cart_form_location":"","composite_editable_in_cart":false,"composite_sold_individually_context":"","composite_shop_price_calc":"","composite_components":[],"composite_scenarios":[],"acf":[],"_links":{"self":[{"href":"https:\/\/www.precisionot.com\/es\/wp-json\/wp\/v2\/product\/444","targetHints":{"allow":["GET"]}}],"collection":[{"href":"https:\/\/www.precisionot.com\/es\/wp-json\/wp\/v2\/product"}],"about":[{"href":"https:\/\/www.precisionot.com\/es\/wp-json\/wp\/v2\/types\/product"}],"version-history":[{"count":0,"href":"https:\/\/www.precisionot.com\/es\/wp-json\/wp\/v2\/product\/444\/revisions"}],"wp:featuredmedia":[{"embeddable":true,"href":"https:\/\/www.precisionot.com\/es\/wp-json\/wp\/v2\/media\/26324"}],"wp:attachment":[{"href":"https:\/\/www.precisionot.com\/es\/wp-json\/wp\/v2\/media?parent=444"}],"wp:term":[{"taxonomy":"product_brand","embeddable":true,"href":"https:\/\/www.precisionot.com\/es\/wp-json\/wp\/v2\/product_brand?post=444"},{"taxonomy":"product_cat","embeddable":true,"href":"https:\/\/www.precisionot.com\/es\/wp-json\/wp\/v2\/product_cat?post=444"},{"taxonomy":"product_tag","embeddable":true,"href":"https:\/\/www.precisionot.com\/es\/wp-json\/wp\/v2\/product_tag?post=444"}],"curies":[{"name":"Gracias","href":"https:\/\/api.w.org\/{rel}","templated":true}]}}