{"id":4376,"date":"2021-06-02T12:46:15","date_gmt":"2021-06-02T16:46:15","guid":{"rendered":"https:\/\/www.precisionot.com\/?post_type=product&#038;p=4376"},"modified":"2024-10-28T17:27:49","modified_gmt":"2024-10-28T21:27:49","slug":"antes-del-ep30xfpm-20","status":"publish","type":"product","link":"https:\/\/www.precisionot.com\/es\/product\/pre-ep30xfpm-20\/","title":{"rendered":"PRE-EP30XFPM-20I"},"content":{"rendered":"<p><span class=\"NormalTextRun SCXW111723117 BCX0\">El EP30XFPM-20I es un m\u00f3dulo transceptor XFP de alto rendimiento dise\u00f1ado para aplicaciones OLT de red \u00f3ptica pasiva (EPON) Ethernet 10G, que cumple con el est\u00e1ndar PR30. Este m\u00f3dulo, que funciona en longitudes de onda duales de 1270 nm (Tx) y 1310 nm (Rx), admite la transmisi\u00f3n a distancias de hasta <\/span><span class=\"NormalTextRun SCXW111723117 BCX0\">20 kil\u00f3metros<\/span><span class=\"NormalTextRun SCXW111723117 BCX0\"> en fibra monomodo (SMF) con conectores SC.<\/span><\/p>\n<hr \/>\n<p><span class=\"NormalTextRun SCXW111723117 BCX0\">Ideal para su uso en redes industriales y de telecomunicaciones, el EP30XFPM-20I funciona de manera confiable en entornos de temperatura industrial (I-temp), lo que garantiza un rendimiento estable en condiciones exigentes. Diagn\u00f3stico digital integrado <\/span><span class=\"NormalTextRun SCXW111723117 BCX0\">escucha<\/span><span class=\"NormalTextRun SCXW111723117 BCX0\"> (DDM) proporciona seguimiento en tiempo real para una gesti\u00f3n eficaz de la red, y su dise\u00f1o intercambiable en caliente permite una f\u00e1cil integraci\u00f3n o reemplazo sin interrumpir el servicio.<\/span><\/p>","protected":false},"excerpt":{"rendered":"<p><span class=\"NormalTextRun SCXW202624292 BCX0\">El transceptor XFP EP30XFPM-20I admite aplicaciones OLT EPON 10G a trav\u00e9s de fibra monomodo con un alcance de hasta <\/span><span class=\"NormalTextRun SCXW202624292 BCX0\">20 kil\u00f3metros<\/span><span class=\"NormalTextRun SCXW202624292 BCX0\"> utilizando longitudes de onda de 1270\/1310 nm, dise\u00f1ado para entornos I-temp con DDM incorporado.<\/span><\/p>\n<hr \/>\n<p><strong>XFP, EPON, OLT, PR30, 1270\/1310nm, 10G, 20 km, SMF\/SC, I-Temp, DDM<\/strong><\/p>","protected":false},"featured_media":25134,"template":"","meta":{"_acf_changed":false,"content-type":"","site-sidebar-layout":"default","site-content-layout":"default","ast-site-content-layout":"default","site-content-style":"default","site-sidebar-style":"default","ast-global-header-display":"","ast-banner-title-visibility":"","ast-main-header-display":"","ast-hfb-above-header-display":"","ast-hfb-below-header-display":"","ast-hfb-mobile-header-display":"","site-post-title":"","ast-breadcrumbs-content":"","ast-featured-img":"","footer-sml-layout":"","ast-disable-related-posts":"","theme-transparent-header-meta":"default","adv-header-id-meta":"","stick-header-meta":"","header-above-stick-meta":"","header-main-stick-meta":"","header-below-stick-meta":"","astra-migrate-meta-layouts":"set","ast-page-background-enabled":"default","ast-page-background-meta":{"desktop":{"background-color":"","background-image":"","background-repeat":"repeat","background-position":"center center","background-size":"auto","background-attachment":"scroll","background-type":"","background-media":"","overlay-type":"","overlay-color":"","overlay-opacity":"","overlay-gradient":""},"tablet":{"background-color":"","background-image":"","background-repeat":"repeat","background-position":"center center","background-size":"auto","background-attachment":"scroll","background-type":"","background-media":"","overlay-type":"","overlay-color":"","overlay-opacity":"","overlay-gradient":""},"mobile":{"background-color":"","background-image":"","background-repeat":"repeat","background-position":"center center","background-size":"auto","background-attachment":"scroll","background-type":"","background-media":"","overlay-type":"","overlay-color":"","overlay-opacity":"","overlay-gradient":""}},"ast-content-background-meta":{"desktop":{"background-color":"var(--ast-global-color-5)","background-image":"","background-repeat":"repeat","background-position":"center center","background-size":"auto","background-attachment":"scroll","background-type":"","background-media":"","overlay-type":"","overlay-color":"","overlay-opacity":"","overlay-gradient":""},"tablet":{"background-color":"var(--ast-global-color-5)","background-image":"","background-repeat":"repeat","background-position":"center center","background-size":"auto","background-attachment":"scroll","background-type":"","background-media":"","overlay-type":"","overlay-color":"","overlay-opacity":"","overlay-gradient":""},"mobile":{"background-color":"var(--ast-global-color-5)","background-image":"","background-repeat":"repeat","background-position":"center center","background-size":"auto","background-attachment":"scroll","background-type":"","background-media":"","overlay-type":"","overlay-color":"","overlay-opacity":"","overlay-gradient":""}}},"product_brand":[],"product_cat":[326,324],"product_tag":[],"class_list":{"0":"post-4376","1":"product","2":"type-product","3":"status-publish","4":"has-post-thumbnail","6":"product_cat-epon","7":"product_cat-sfp-specialty","8":"desktop-align-left","9":"tablet-align-left","10":"mobile-align-left","11":"ast-product-gallery-layout-horizontal-slider","12":"ast-product-gallery-with-no-image","13":"ast-product-tabs-layout-horizontal","15":"first","16":"instock","17":"shipping-taxable","18":"purchasable","19":"product-type-simple"},"composite_virtual":false,"composite_layout":"","composite_add_to_cart_form_location":"","composite_editable_in_cart":false,"composite_sold_individually_context":"","composite_shop_price_calc":"","composite_components":[],"composite_scenarios":[],"acf":[],"_links":{"self":[{"href":"https:\/\/www.precisionot.com\/es\/wp-json\/wp\/v2\/product\/4376","targetHints":{"allow":["GET"]}}],"collection":[{"href":"https:\/\/www.precisionot.com\/es\/wp-json\/wp\/v2\/product"}],"about":[{"href":"https:\/\/www.precisionot.com\/es\/wp-json\/wp\/v2\/types\/product"}],"version-history":[{"count":0,"href":"https:\/\/www.precisionot.com\/es\/wp-json\/wp\/v2\/product\/4376\/revisions"}],"wp:featuredmedia":[{"embeddable":true,"href":"https:\/\/www.precisionot.com\/es\/wp-json\/wp\/v2\/media\/25134"}],"wp:attachment":[{"href":"https:\/\/www.precisionot.com\/es\/wp-json\/wp\/v2\/media?parent=4376"}],"wp:term":[{"taxonomy":"product_brand","embeddable":true,"href":"https:\/\/www.precisionot.com\/es\/wp-json\/wp\/v2\/product_brand?post=4376"},{"taxonomy":"product_cat","embeddable":true,"href":"https:\/\/www.precisionot.com\/es\/wp-json\/wp\/v2\/product_cat?post=4376"},{"taxonomy":"product_tag","embeddable":true,"href":"https:\/\/www.precisionot.com\/es\/wp-json\/wp\/v2\/product_tag?post=4376"}],"curies":[{"name":"Gracias","href":"https:\/\/api.w.org\/{rel}","templated":true}]}}