{"id":431,"date":"2020-10-25T17:33:56","date_gmt":"2020-10-25T21:33:56","guid":{"rendered":"https:\/\/www.precisionot.com\/?post_type=product&#038;p=431"},"modified":"2024-09-19T10:41:19","modified_gmt":"2024-09-19T14:41:19","slug":"antes-qsfp28-qsfp28-aocxxm","status":"publish","type":"product","link":"https:\/\/www.precisionot.com\/es\/product\/pre-qsfp28-qsfp28-aocxxm\/","title":{"rendered":"PRE-QSFP28-QSFP28-AOCxxM"},"content":{"rendered":"<p><span class=\"NormalTextRun SCXW74276735 BCX0\">El cable \u00f3ptico activo (AOC) QSFP28-QSFP28-AOCXXM proporciona conectividad Ethernet de 100 G de alta velocidad a distancias de hasta xx metros utilizando una longitud de onda de 850 nm. Dise\u00f1ado para la transmisi\u00f3n de datos de corto alcance en entornos de temperatura comercial (C-Temp), este AOC es ideal para centros de datos, redes empresariales e interconexiones de alta velocidad.<\/span><\/p>\n<hr \/>\n<p><span class=\"NormalTextRun SCXW74276735 BCX0\">Cuenta con monitoreo de diagn\u00f3stico digital (DDM) incorporado para monitoreo de rendimiento en tiempo real, lo que garantiza <\/span><span class=\"NormalTextRun SCXW74276735 BCX0\">optimo<\/span><span class=\"NormalTextRun SCXW74276735 BCX0\"> Gesti\u00f3n de red. El dise\u00f1o plug-and-play permite una implementaci\u00f3n r\u00e1pida y sencilla sin <\/span><span class=\"NormalTextRun SCXW74276735 BCX0\">adicional<\/span><span class=\"NormalTextRun SCXW74276735 BCX0\"> Requisitos de hardware. Se encuentran disponibles configuraciones personalizadas, como QSFP28 a 4xSFP28 o QSFP28 a 2xQSFP 50G, a pedido para satisfacer necesidades de red espec\u00edficas.<\/span><\/p>\n<p>*<em>Nota: QSFP28 a 4SFP28 o QSFP28 a 2 QSFP 50G disponibles bajo pedido personalizado<\/em><\/p>","protected":false},"excerpt":{"rendered":"<p><span class=\"TextRun SCXW149977114 BCX0\" lang=\"EN-US\" xml:lang=\"EN-US\" data-contrast=\"auto\"><span class=\"NormalTextRun SCXW149977114 BCX0\">El cable \u00f3ptico activo QSFP28-QSFP28-AOCXXM admite Ethernet 100G a lo largo de xx metros utilizando una longitud de onda de 850 nm, con configuraciones personalizadas disponibles a pedido.<\/span><\/span><\/p>\n<hr \/>\n<p><strong>QSFP28, SR4, AOC, 850nm, 100G, xx m, temperatura C, DDM<\/strong><\/p>","protected":false},"featured_media":25365,"template":"","meta":{"_acf_changed":false,"content-type":"","site-sidebar-layout":"default","site-content-layout":"default","ast-site-content-layout":"default","site-content-style":"default","site-sidebar-style":"default","ast-global-header-display":"","ast-banner-title-visibility":"","ast-main-header-display":"","ast-hfb-above-header-display":"","ast-hfb-below-header-display":"","ast-hfb-mobile-header-display":"","site-post-title":"","ast-breadcrumbs-content":"","ast-featured-img":"","footer-sml-layout":"","ast-disable-related-posts":"","theme-transparent-header-meta":"default","adv-header-id-meta":"","stick-header-meta":"","header-above-stick-meta":"","header-main-stick-meta":"","header-below-stick-meta":"","astra-migrate-meta-layouts":"set","ast-page-background-enabled":"default","ast-page-background-meta":{"desktop":{"background-color":"","background-image":"","background-repeat":"repeat","background-position":"center center","background-size":"auto","background-attachment":"scroll","background-type":"","background-media":"","overlay-type":"","overlay-color":"","overlay-opacity":"","overlay-gradient":""},"tablet":{"background-color":"","background-image":"","background-repeat":"repeat","background-position":"center center","background-size":"auto","background-attachment":"scroll","background-type":"","background-media":"","overlay-type":"","overlay-color":"","overlay-opacity":"","overlay-gradient":""},"mobile":{"background-color":"","background-image":"","background-repeat":"repeat","background-position":"center center","background-size":"auto","background-attachment":"scroll","background-type":"","background-media":"","overlay-type":"","overlay-color":"","overlay-opacity":"","overlay-gradient":""}},"ast-content-background-meta":{"desktop":{"background-color":"var(--ast-global-color-5)","background-image":"","background-repeat":"repeat","background-position":"center center","background-size":"auto","background-attachment":"scroll","background-type":"","background-media":"","overlay-type":"","overlay-color":"","overlay-opacity":"","overlay-gradient":""},"tablet":{"background-color":"var(--ast-global-color-5)","background-image":"","background-repeat":"repeat","background-position":"center center","background-size":"auto","background-attachment":"scroll","background-type":"","background-media":"","overlay-type":"","overlay-color":"","overlay-opacity":"","overlay-gradient":""},"mobile":{"background-color":"var(--ast-global-color-5)","background-image":"","background-repeat":"repeat","background-position":"center center","background-size":"auto","background-attachment":"scroll","background-type":"","background-media":"","overlay-type":"","overlay-color":"","overlay-opacity":"","overlay-gradient":""}}},"product_brand":[],"product_cat":[291],"product_tag":[],"class_list":{"0":"post-431","1":"product","2":"type-product","3":"status-publish","4":"has-post-thumbnail","6":"product_cat-qsfp28-dac-aoc","7":"desktop-align-left","8":"tablet-align-left","9":"mobile-align-left","10":"ast-product-gallery-layout-horizontal-slider","11":"ast-product-gallery-with-no-image","12":"ast-product-tabs-layout-horizontal","14":"first","15":"instock","16":"shipping-taxable","17":"purchasable","18":"product-type-simple"},"composite_virtual":false,"composite_layout":"","composite_add_to_cart_form_location":"","composite_editable_in_cart":false,"composite_sold_individually_context":"","composite_shop_price_calc":"","composite_components":[],"composite_scenarios":[],"acf":[],"_links":{"self":[{"href":"https:\/\/www.precisionot.com\/es\/wp-json\/wp\/v2\/product\/431","targetHints":{"allow":["GET"]}}],"collection":[{"href":"https:\/\/www.precisionot.com\/es\/wp-json\/wp\/v2\/product"}],"about":[{"href":"https:\/\/www.precisionot.com\/es\/wp-json\/wp\/v2\/types\/product"}],"version-history":[{"count":0,"href":"https:\/\/www.precisionot.com\/es\/wp-json\/wp\/v2\/product\/431\/revisions"}],"wp:featuredmedia":[{"embeddable":true,"href":"https:\/\/www.precisionot.com\/es\/wp-json\/wp\/v2\/media\/25365"}],"wp:attachment":[{"href":"https:\/\/www.precisionot.com\/es\/wp-json\/wp\/v2\/media?parent=431"}],"wp:term":[{"taxonomy":"product_brand","embeddable":true,"href":"https:\/\/www.precisionot.com\/es\/wp-json\/wp\/v2\/product_brand?post=431"},{"taxonomy":"product_cat","embeddable":true,"href":"https:\/\/www.precisionot.com\/es\/wp-json\/wp\/v2\/product_cat?post=431"},{"taxonomy":"product_tag","embeddable":true,"href":"https:\/\/www.precisionot.com\/es\/wp-json\/wp\/v2\/product_tag?post=431"}],"curies":[{"name":"Gracias","href":"https:\/\/api.w.org\/{rel}","templated":true}]}}