{"id":405,"date":"2020-10-22T14:13:08","date_gmt":"2020-10-22T18:13:08","guid":{"rendered":"https:\/\/www.precisionot.com\/?post_type=product&#038;p=405"},"modified":"2024-09-18T11:31:26","modified_gmt":"2024-09-18T15:31:26","slug":"antes-del-qsfp28-plr4l","status":"publish","type":"product","link":"https:\/\/www.precisionot.com\/es\/product\/pre-qsfp28-plr4l\/","title":{"rendered":"PRE-QSFP28-PLR4L"},"content":{"rendered":"<div class=\"l-product_desc\">\n<p>El m\u00f3dulo transceptor \u00f3ptico QSFP28-PLR4L de Precision OT est\u00e1 dise\u00f1ado para redes Ethernet de 100 G de corto a mediano alcance. Capaz de soportar distancias de transmisi\u00f3n de hasta 2 kil\u00f3metros a trav\u00e9s de fibra monomodo (SMF) utilizando conectores MPO-12, este m\u00f3dulo es ideal para aplicaciones de redes empresariales y de centros de datos. Al operar a una longitud de onda de 1310 nm, el QSFP28-PLR4L ofrece una transmisi\u00f3n de datos confiable y eficiente con una degradaci\u00f3n m\u00ednima de la se\u00f1al.<\/p>\n<hr \/>\n<p>El transceptor tambi\u00e9n cuenta con monitoreo de diagn\u00f3stico digital (DDM) para el seguimiento del rendimiento en tiempo real, lo que permite una gesti\u00f3n eficiente de la red. Su dise\u00f1o intercambiable en caliente garantiza una integraci\u00f3n o reemplazo r\u00e1pido y sin interrupciones del servicio, mientras que su bajo consumo de energ\u00eda promueve un funcionamiento energ\u00e9ticamente eficiente.<\/p>\n<\/div>","protected":false},"excerpt":{"rendered":"<p>El m\u00f3dulo transceptor \u00f3ptico QSFP28-PLR4L admite Ethernet 100G a trav\u00e9s de fibra monomodo con distancias de hasta 2 kil\u00f3metros.<\/p>\n<hr \/>\n<p><strong>QSFP28, PLR4, 1310nm, 100G, 2 km, SMF\/MPO12, temperatura C, DDM<\/strong><\/p>","protected":false},"featured_media":25538,"template":"","meta":{"_acf_changed":false,"content-type":"","site-sidebar-layout":"default","site-content-layout":"default","ast-site-content-layout":"default","site-content-style":"default","site-sidebar-style":"default","ast-global-header-display":"","ast-banner-title-visibility":"","ast-main-header-display":"","ast-hfb-above-header-display":"","ast-hfb-below-header-display":"","ast-hfb-mobile-header-display":"","site-post-title":"","ast-breadcrumbs-content":"","ast-featured-img":"","footer-sml-layout":"","ast-disable-related-posts":"","theme-transparent-header-meta":"default","adv-header-id-meta":"","stick-header-meta":"","header-above-stick-meta":"","header-main-stick-meta":"","header-below-stick-meta":"","astra-migrate-meta-layouts":"set","ast-page-background-enabled":"default","ast-page-background-meta":{"desktop":{"background-color":"","background-image":"","background-repeat":"repeat","background-position":"center center","background-size":"auto","background-attachment":"scroll","background-type":"","background-media":"","overlay-type":"","overlay-color":"","overlay-opacity":"","overlay-gradient":""},"tablet":{"background-color":"","background-image":"","background-repeat":"repeat","background-position":"center center","background-size":"auto","background-attachment":"scroll","background-type":"","background-media":"","overlay-type":"","overlay-color":"","overlay-opacity":"","overlay-gradient":""},"mobile":{"background-color":"","background-image":"","background-repeat":"repeat","background-position":"center center","background-size":"auto","background-attachment":"scroll","background-type":"","background-media":"","overlay-type":"","overlay-color":"","overlay-opacity":"","overlay-gradient":""}},"ast-content-background-meta":{"desktop":{"background-color":"var(--ast-global-color-5)","background-image":"","background-repeat":"repeat","background-position":"center center","background-size":"auto","background-attachment":"scroll","background-type":"","background-media":"","overlay-type":"","overlay-color":"","overlay-opacity":"","overlay-gradient":""},"tablet":{"background-color":"var(--ast-global-color-5)","background-image":"","background-repeat":"repeat","background-position":"center center","background-size":"auto","background-attachment":"scroll","background-type":"","background-media":"","overlay-type":"","overlay-color":"","overlay-opacity":"","overlay-gradient":""},"mobile":{"background-color":"var(--ast-global-color-5)","background-image":"","background-repeat":"repeat","background-position":"center center","background-size":"auto","background-attachment":"scroll","background-type":"","background-media":"","overlay-type":"","overlay-color":"","overlay-opacity":"","overlay-gradient":""}}},"product_brand":[],"product_cat":[290],"product_tag":[],"class_list":{"0":"post-405","1":"product","2":"type-product","3":"status-publish","4":"has-post-thumbnail","6":"product_cat-qsfp28-standard","7":"desktop-align-left","8":"tablet-align-left","9":"mobile-align-left","10":"ast-product-gallery-layout-horizontal-slider","11":"ast-product-gallery-with-no-image","12":"ast-product-tabs-layout-horizontal","14":"first","15":"instock","16":"shipping-taxable","17":"purchasable","18":"product-type-simple"},"composite_virtual":false,"composite_layout":"","composite_add_to_cart_form_location":"","composite_editable_in_cart":false,"composite_sold_individually_context":"","composite_shop_price_calc":"","composite_components":[],"composite_scenarios":[],"acf":[],"_links":{"self":[{"href":"https:\/\/www.precisionot.com\/es\/wp-json\/wp\/v2\/product\/405","targetHints":{"allow":["GET"]}}],"collection":[{"href":"https:\/\/www.precisionot.com\/es\/wp-json\/wp\/v2\/product"}],"about":[{"href":"https:\/\/www.precisionot.com\/es\/wp-json\/wp\/v2\/types\/product"}],"version-history":[{"count":0,"href":"https:\/\/www.precisionot.com\/es\/wp-json\/wp\/v2\/product\/405\/revisions"}],"wp:featuredmedia":[{"embeddable":true,"href":"https:\/\/www.precisionot.com\/es\/wp-json\/wp\/v2\/media\/25538"}],"wp:attachment":[{"href":"https:\/\/www.precisionot.com\/es\/wp-json\/wp\/v2\/media?parent=405"}],"wp:term":[{"taxonomy":"product_brand","embeddable":true,"href":"https:\/\/www.precisionot.com\/es\/wp-json\/wp\/v2\/product_brand?post=405"},{"taxonomy":"product_cat","embeddable":true,"href":"https:\/\/www.precisionot.com\/es\/wp-json\/wp\/v2\/product_cat?post=405"},{"taxonomy":"product_tag","embeddable":true,"href":"https:\/\/www.precisionot.com\/es\/wp-json\/wp\/v2\/product_tag?post=405"}],"curies":[{"name":"Gracias","href":"https:\/\/api.w.org\/{rel}","templated":true}]}}