{"id":3842,"date":"2021-01-22T11:07:23","date_gmt":"2021-01-22T16:07:23","guid":{"rendered":"https:\/\/www.precisionot.com\/?post_type=product&#038;p=3842"},"modified":"2024-09-19T15:31:10","modified_gmt":"2024-09-19T19:31:10","slug":"antes-sfp25g-b2332-10i","status":"publish","type":"product","link":"https:\/\/www.precisionot.com\/es\/product\/pre-sfp25g-b2332-10i\/","title":{"rendered":"PRE-SFP25G-B23(32)-10(I)"},"content":{"rendered":"<p><span class=\"NormalTextRun SCXW112848630 BCX0\">El m\u00f3dulo transceptor \u00f3ptico SFP25G-B23(32)-10(I) admite transmisi\u00f3n Ethernet de 25 G a distancias de hasta <\/span><span class=\"NormalTextRun AdvancedProofingIssueV2Themed SCXW112848630 BCX0\">10 kil\u00f3metros<\/span><span class=\"NormalTextRun SCXW112848630 BCX0\"> utilizando tecnolog\u00eda bidireccional (BIDI). Este m\u00f3dulo <\/span><span class=\"NormalTextRun SCXW112848630 BCX0\">opera<\/span><span class=\"NormalTextRun SCXW112848630 BCX0\"> en longitudes de onda duales, 1270 nm y 1330 nm, lo que permite la transmisi\u00f3n y recepci\u00f3n de datos a trav\u00e9s de una \u00fanica fibra, <\/span><span class=\"NormalTextRun SCXW112848630 BCX0\">optimizando<\/span><span class=\"NormalTextRun SCXW112848630 BCX0\"> Uso de fibra para redes de alta eficiencia.<\/span><\/p>\n<hr \/>\n<p><span class=\"NormalTextRun SCXW112848630 BCX0\">Disponible en variantes de temperatura comercial (C-temp) e industrial (I-temp), est\u00e1 dise\u00f1ado para una implementaci\u00f3n vers\u00e1til en centros de datos, redes empresariales y aplicaciones de telecomunicaciones. El monitoreo de diagn\u00f3stico digital (DDM) integrado proporciona un seguimiento del rendimiento en tiempo real, lo que permite una gesti\u00f3n proactiva de la red. <\/span><span class=\"NormalTextRun ContextualSpellingAndGrammarErrorV2Themed SCXW112848630 BCX0\">Es<\/span><span class=\"NormalTextRun SCXW112848630 BCX0\"> El dise\u00f1o intercambiable en caliente permite una integraci\u00f3n o reemplazo r\u00e1pido y f\u00e1cil sin interrumpir el servicio.<\/span><\/p>","protected":false},"excerpt":{"rendered":"<p><span class=\"NormalTextRun SCXW85009339 BCX0\">El transceptor \u00f3ptico SFP25G-B23(32)-10(I) admite Ethernet de 25 G a trav\u00e9s de fibra monomodo con un alcance de hasta <\/span><span class=\"NormalTextRun AdvancedProofingIssueV2Themed SCXW85009339 BCX0\">10 kil\u00f3metros<\/span><span class=\"NormalTextRun SCXW85009339 BCX0\"> utilizando tecnolog\u00eda BIDI con longitudes de onda de 1270\/1330nm.<\/span><\/p>\n<hr \/>\n<p><strong>SFP28, LR, BIDI, 1270\/1330nm (1330\/1270nm), 25G, 10km, SMF\/LC, C-Temp (I-Temp), DDM<\/strong><\/p>","protected":false},"featured_media":13131,"template":"","meta":{"_acf_changed":false,"content-type":"","site-sidebar-layout":"default","site-content-layout":"default","ast-site-content-layout":"default","site-content-style":"default","site-sidebar-style":"default","ast-global-header-display":"","ast-banner-title-visibility":"","ast-main-header-display":"","ast-hfb-above-header-display":"","ast-hfb-below-header-display":"","ast-hfb-mobile-header-display":"","site-post-title":"","ast-breadcrumbs-content":"","ast-featured-img":"","footer-sml-layout":"","ast-disable-related-posts":"","theme-transparent-header-meta":"default","adv-header-id-meta":"","stick-header-meta":"","header-above-stick-meta":"","header-main-stick-meta":"","header-below-stick-meta":"","astra-migrate-meta-layouts":"set","ast-page-background-enabled":"default","ast-page-background-meta":{"desktop":{"background-color":"","background-image":"","background-repeat":"repeat","background-position":"center center","background-size":"auto","background-attachment":"scroll","background-type":"","background-media":"","overlay-type":"","overlay-color":"","overlay-opacity":"","overlay-gradient":""},"tablet":{"background-color":"","background-image":"","background-repeat":"repeat","background-position":"center center","background-size":"auto","background-attachment":"scroll","background-type":"","background-media":"","overlay-type":"","overlay-color":"","overlay-opacity":"","overlay-gradient":""},"mobile":{"background-color":"","background-image":"","background-repeat":"repeat","background-position":"center center","background-size":"auto","background-attachment":"scroll","background-type":"","background-media":"","overlay-type":"","overlay-color":"","overlay-opacity":"","overlay-gradient":""}},"ast-content-background-meta":{"desktop":{"background-color":"var(--ast-global-color-5)","background-image":"","background-repeat":"repeat","background-position":"center center","background-size":"auto","background-attachment":"scroll","background-type":"","background-media":"","overlay-type":"","overlay-color":"","overlay-opacity":"","overlay-gradient":""},"tablet":{"background-color":"var(--ast-global-color-5)","background-image":"","background-repeat":"repeat","background-position":"center center","background-size":"auto","background-attachment":"scroll","background-type":"","background-media":"","overlay-type":"","overlay-color":"","overlay-opacity":"","overlay-gradient":""},"mobile":{"background-color":"var(--ast-global-color-5)","background-image":"","background-repeat":"repeat","background-position":"center center","background-size":"auto","background-attachment":"scroll","background-type":"","background-media":"","overlay-type":"","overlay-color":"","overlay-opacity":"","overlay-gradient":""}}},"product_brand":[],"product_cat":[257],"product_tag":[],"class_list":{"0":"post-3842","1":"product","2":"type-product","3":"status-publish","4":"has-post-thumbnail","6":"product_cat-25g-sfp28-bidirectional","7":"desktop-align-left","8":"tablet-align-left","9":"mobile-align-left","10":"ast-product-gallery-layout-horizontal-slider","11":"ast-product-gallery-with-no-image","12":"ast-product-tabs-layout-horizontal","14":"first","15":"instock","16":"shipping-taxable","17":"purchasable","18":"product-type-simple"},"composite_virtual":false,"composite_layout":"","composite_add_to_cart_form_location":"","composite_editable_in_cart":false,"composite_sold_individually_context":"","composite_shop_price_calc":"","composite_components":[],"composite_scenarios":[],"acf":[],"_links":{"self":[{"href":"https:\/\/www.precisionot.com\/es\/wp-json\/wp\/v2\/product\/3842","targetHints":{"allow":["GET"]}}],"collection":[{"href":"https:\/\/www.precisionot.com\/es\/wp-json\/wp\/v2\/product"}],"about":[{"href":"https:\/\/www.precisionot.com\/es\/wp-json\/wp\/v2\/types\/product"}],"version-history":[{"count":0,"href":"https:\/\/www.precisionot.com\/es\/wp-json\/wp\/v2\/product\/3842\/revisions"}],"wp:featuredmedia":[{"embeddable":true,"href":"https:\/\/www.precisionot.com\/es\/wp-json\/wp\/v2\/media\/13131"}],"wp:attachment":[{"href":"https:\/\/www.precisionot.com\/es\/wp-json\/wp\/v2\/media?parent=3842"}],"wp:term":[{"taxonomy":"product_brand","embeddable":true,"href":"https:\/\/www.precisionot.com\/es\/wp-json\/wp\/v2\/product_brand?post=3842"},{"taxonomy":"product_cat","embeddable":true,"href":"https:\/\/www.precisionot.com\/es\/wp-json\/wp\/v2\/product_cat?post=3842"},{"taxonomy":"product_tag","embeddable":true,"href":"https:\/\/www.precisionot.com\/es\/wp-json\/wp\/v2\/product_tag?post=3842"}],"curies":[{"name":"Gracias","href":"https:\/\/api.w.org\/{rel}","templated":true}]}}