{"id":356,"date":"2020-10-22T12:18:52","date_gmt":"2020-10-22T16:18:52","guid":{"rendered":"https:\/\/www.precisionot.com\/?post_type=product&#038;p=356"},"modified":"2024-09-18T10:20:57","modified_gmt":"2024-09-18T14:20:57","slug":"antes-de-qsfp28-er4li","status":"publish","type":"product","link":"https:\/\/www.precisionot.com\/es\/product\/pre-qsfp28-er4li\/","title":{"rendered":"PRE-QSFP28-ER4L(I)"},"content":{"rendered":"<div class=\"l-product_desc\">\n<p><span class=\"NormalTextRun SCXW38543214 BCX0\">El m\u00f3dulo transceptor \u00f3ptico QSFP28-ER4L(I) de Precision OT ofrece conectividad Ethernet de 100 G de alta velocidad dise\u00f1ada para aplicaciones de largo alcance. Este m\u00f3dulo admite distancias de transmisi\u00f3n de entre 25 y 300 Mbps. <\/span><span class=\"NormalTextRun AdvancedProofingIssueV2Themed SCXW38543214 BCX0\">40 kil\u00f3metros<\/span><span class=\"NormalTextRun SCXW38543214 BCX0\"> a trav\u00e9s de fibra monomodo (SMF) utilizando conectores d\u00faplex LC, lo que lo hace ideal para redes metropolitanas, centros de datos y otras implementaciones de larga distancia.<\/span><\/p>\n<hr \/>\n<p><span class=\"NormalTextRun SCXW38543214 BCX0\">El m\u00f3dulo <\/span><span class=\"NormalTextRun SCXW38543214 BCX0\">utiliza<\/span><span class=\"NormalTextRun SCXW38543214 BCX0\"> Tecnolog\u00eda LAN-WDM (LWDM), que garantiza una transmisi\u00f3n eficiente de datos a grandes distancias con una p\u00e9rdida m\u00ednima de se\u00f1al. Su monitorizaci\u00f3n de diagn\u00f3stico digital (DDM) integrada permite la monitorizaci\u00f3n en tiempo real del rendimiento del m\u00f3dulo, lo que permite la detecci\u00f3n proactiva de fallos y la optimizaci\u00f3n de la red. El dise\u00f1o intercambiable en caliente garantiza una integraci\u00f3n perfecta en redes existentes sin interrupci\u00f3n del servicio, mientras que su bajo consumo de energ\u00eda contribuye a la eficiencia energ\u00e9tica general.<\/span><\/p>\n<\/div>","protected":false},"excerpt":{"rendered":"<p><span class=\"TextRun SCXW107802616 BCX0\" lang=\"EN-US\" xml:lang=\"EN-US\" data-contrast=\"auto\"><span class=\"NormalTextRun SCXW107802616 BCX0\">El m\u00f3dulo transceptor \u00f3ptico QSFP28-ER4L(I) est\u00e1 dise\u00f1ado para redes Ethernet de 100 G de largo alcance sobre fibra monomodo, que admiten distancias de 25 a <\/span><span class=\"NormalTextRun AdvancedProofingIssueV2Themed SCXW107802616 BCX0\">40 kil\u00f3metros<\/span><span class=\"NormalTextRun SCXW107802616 BCX0\">.<\/span><\/span><span class=\"EOP SCXW107802616 BCX0\" data-ccp-props=\"{&quot;134233117&quot;:false,&quot;134233118&quot;:false,&quot;201341983&quot;:0,&quot;335557856&quot;:16777215,&quot;335559738&quot;:0,&quot;335559739&quot;:0,&quot;335559740&quot;:279}\">\u00a0<\/span><\/p>\n<hr \/>\n<p><strong>QSFP28, ER4L, LWDM, 100G, 25\/40 km, SMF\/LC, temperatura C, DDM<\/strong><\/p>","protected":false},"featured_media":24625,"template":"","meta":{"_acf_changed":false,"content-type":"","site-sidebar-layout":"default","site-content-layout":"default","ast-site-content-layout":"default","site-content-style":"default","site-sidebar-style":"default","ast-global-header-display":"","ast-banner-title-visibility":"","ast-main-header-display":"","ast-hfb-above-header-display":"","ast-hfb-below-header-display":"","ast-hfb-mobile-header-display":"","site-post-title":"","ast-breadcrumbs-content":"","ast-featured-img":"","footer-sml-layout":"","ast-disable-related-posts":"","theme-transparent-header-meta":"default","adv-header-id-meta":"","stick-header-meta":"","header-above-stick-meta":"","header-main-stick-meta":"","header-below-stick-meta":"","astra-migrate-meta-layouts":"set","ast-page-background-enabled":"default","ast-page-background-meta":{"desktop":{"background-color":"","background-image":"","background-repeat":"repeat","background-position":"center center","background-size":"auto","background-attachment":"scroll","background-type":"","background-media":"","overlay-type":"","overlay-color":"","overlay-opacity":"","overlay-gradient":""},"tablet":{"background-color":"","background-image":"","background-repeat":"repeat","background-position":"center center","background-size":"auto","background-attachment":"scroll","background-type":"","background-media":"","overlay-type":"","overlay-color":"","overlay-opacity":"","overlay-gradient":""},"mobile":{"background-color":"","background-image":"","background-repeat":"repeat","background-position":"center center","background-size":"auto","background-attachment":"scroll","background-type":"","background-media":"","overlay-type":"","overlay-color":"","overlay-opacity":"","overlay-gradient":""}},"ast-content-background-meta":{"desktop":{"background-color":"var(--ast-global-color-5)","background-image":"","background-repeat":"repeat","background-position":"center center","background-size":"auto","background-attachment":"scroll","background-type":"","background-media":"","overlay-type":"","overlay-color":"","overlay-opacity":"","overlay-gradient":""},"tablet":{"background-color":"var(--ast-global-color-5)","background-image":"","background-repeat":"repeat","background-position":"center center","background-size":"auto","background-attachment":"scroll","background-type":"","background-media":"","overlay-type":"","overlay-color":"","overlay-opacity":"","overlay-gradient":""},"mobile":{"background-color":"var(--ast-global-color-5)","background-image":"","background-repeat":"repeat","background-position":"center center","background-size":"auto","background-attachment":"scroll","background-type":"","background-media":"","overlay-type":"","overlay-color":"","overlay-opacity":"","overlay-gradient":""}}},"product_brand":[],"product_cat":[290],"product_tag":[],"class_list":{"0":"post-356","1":"product","2":"type-product","3":"status-publish","4":"has-post-thumbnail","6":"product_cat-qsfp28-standard","7":"desktop-align-left","8":"tablet-align-left","9":"mobile-align-left","10":"ast-product-gallery-layout-horizontal-slider","11":"ast-product-gallery-with-no-image","12":"ast-product-tabs-layout-horizontal","14":"first","15":"instock","16":"shipping-taxable","17":"purchasable","18":"product-type-simple"},"composite_virtual":false,"composite_layout":"","composite_add_to_cart_form_location":"","composite_editable_in_cart":false,"composite_sold_individually_context":"","composite_shop_price_calc":"","composite_components":[],"composite_scenarios":[],"acf":[],"_links":{"self":[{"href":"https:\/\/www.precisionot.com\/es\/wp-json\/wp\/v2\/product\/356","targetHints":{"allow":["GET"]}}],"collection":[{"href":"https:\/\/www.precisionot.com\/es\/wp-json\/wp\/v2\/product"}],"about":[{"href":"https:\/\/www.precisionot.com\/es\/wp-json\/wp\/v2\/types\/product"}],"version-history":[{"count":0,"href":"https:\/\/www.precisionot.com\/es\/wp-json\/wp\/v2\/product\/356\/revisions"}],"wp:featuredmedia":[{"embeddable":true,"href":"https:\/\/www.precisionot.com\/es\/wp-json\/wp\/v2\/media\/24625"}],"wp:attachment":[{"href":"https:\/\/www.precisionot.com\/es\/wp-json\/wp\/v2\/media?parent=356"}],"wp:term":[{"taxonomy":"product_brand","embeddable":true,"href":"https:\/\/www.precisionot.com\/es\/wp-json\/wp\/v2\/product_brand?post=356"},{"taxonomy":"product_cat","embeddable":true,"href":"https:\/\/www.precisionot.com\/es\/wp-json\/wp\/v2\/product_cat?post=356"},{"taxonomy":"product_tag","embeddable":true,"href":"https:\/\/www.precisionot.com\/es\/wp-json\/wp\/v2\/product_tag?post=356"}],"curies":[{"name":"Gracias","href":"https:\/\/api.w.org\/{rel}","templated":true}]}}