{"id":33790,"date":"2026-04-28T08:19:46","date_gmt":"2026-04-28T12:19:46","guid":{"rendered":"https:\/\/www.precisionot.com\/?post_type=product&#038;p=33790"},"modified":"2026-04-28T08:19:46","modified_gmt":"2026-04-28T12:19:46","slug":"pre-o400-dr4-2","status":"publish","type":"product","link":"https:\/\/www.precisionot.com\/es\/product\/pre-o400-dr4-2\/","title":{"rendered":"PRE-O400-DR4"},"content":{"rendered":"<p data-start=\"359\" data-end=\"688\">los <strong data-start=\"363\" data-end=\"379\">PRE-O400-DR4<\/strong> Es un transceptor \u00f3ptico OSFP de 400G de alto rendimiento dise\u00f1ado para aplicaciones de redes en centros de datos y en la nube de alta velocidad y corto alcance. Compatible con Ethernet 400GBASE-DR4, este m\u00f3dulo ofrece una transmisi\u00f3n fiable de 400 Gbps a trav\u00e9s de fibra monomodo (SMF) con un alcance de hasta 500 metros utilizando longitudes de onda de 1310 nm.<\/p>\n<hr \/>\n<p data-start=\"359\" data-end=\"688\">Construido seg\u00fan el factor de forma OSFP MSA, el <strong data-start=\"729\" data-end=\"745\">PRE-O400-DR4<\/strong> Permite implementaciones de alta densidad en entornos de conmutaci\u00f3n y enrutamiento de pr\u00f3xima generaci\u00f3n. Incorpora transmisores EML para una salida \u00f3ptica estable y de alta velocidad, y receptores PIN para una detecci\u00f3n precisa de la se\u00f1al, lo que garantiza un rendimiento uniforme en enlaces de corto alcance.<\/p>\n<hr \/>\n<p data-start=\"359\" data-end=\"688\">El m\u00f3dulo utiliza un conector \u00f3ptico MPO-12\/APC para la conectividad de fibra paralela, optimizando el ancho de banda y simplificando el cableado en infraestructuras de alta capacidad. Gracias a la compatibilidad con CMIS y la monitorizaci\u00f3n digital de diagn\u00f3stico (DDM) integrada, el transceptor proporciona informaci\u00f3n en tiempo real sobre los par\u00e1metros operativos clave, mejorando la visibilidad y la fiabilidad de la red.<\/p>\n<hr \/>\n<p data-start=\"359\" data-end=\"688\">Dise\u00f1ado para entornos de temperatura comercial y optimizado para la eficiencia energ\u00e9tica con un consumo inferior a 12 W, el <strong data-start=\"1488\" data-end=\"1504\">PRE-O400-DR4<\/strong> Es ideal para interconexiones \u00f3pticas escalables y de alto rendimiento en centros de datos modernos.<\/p>","protected":false},"excerpt":{"rendered":"<p>los <strong data-start=\"159\" data-end=\"175\">PRE-O400-DR4<\/strong> Es un transceptor \u00f3ptico OSFP de 400G que admite Ethernet 400GBASE-DR4 sobre fibra monomodo de hasta 500 m utilizando una longitud de onda de 1310 nm y conectividad MPO-12\/APC.<\/p>\n<hr \/>\n<p><strong>OSFP, DR4, 1310 nm, 400 G, 500 m, SMF\/MPO12-APC, C-Temp<\/strong><\/p>","protected":false},"featured_media":0,"template":"","meta":{"_acf_changed":false,"content-type":"","site-sidebar-layout":"default","site-content-layout":"","ast-site-content-layout":"default","site-content-style":"default","site-sidebar-style":"default","ast-global-header-display":"","ast-banner-title-visibility":"","ast-main-header-display":"","ast-hfb-above-header-display":"","ast-hfb-below-header-display":"","ast-hfb-mobile-header-display":"","site-post-title":"","ast-breadcrumbs-content":"","ast-featured-img":"","footer-sml-layout":"","ast-disable-related-posts":"","theme-transparent-header-meta":"default","adv-header-id-meta":"","stick-header-meta":"","header-above-stick-meta":"","header-main-stick-meta":"","header-below-stick-meta":"","astra-migrate-meta-layouts":"set","ast-page-background-enabled":"default","ast-page-background-meta":{"desktop":{"background-color":"","background-image":"","background-repeat":"repeat","background-position":"center center","background-size":"auto","background-attachment":"scroll","background-type":"","background-media":"","overlay-type":"","overlay-color":"","overlay-opacity":"","overlay-gradient":""},"tablet":{"background-color":"","background-image":"","background-repeat":"repeat","background-position":"center center","background-size":"auto","background-attachment":"scroll","background-type":"","background-media":"","overlay-type":"","overlay-color":"","overlay-opacity":"","overlay-gradient":""},"mobile":{"background-color":"","background-image":"","background-repeat":"repeat","background-position":"center center","background-size":"auto","background-attachment":"scroll","background-type":"","background-media":"","overlay-type":"","overlay-color":"","overlay-opacity":"","overlay-gradient":""}},"ast-content-background-meta":{"desktop":{"background-color":"var(--ast-global-color-5)","background-image":"","background-repeat":"repeat","background-position":"center center","background-size":"auto","background-attachment":"scroll","background-type":"","background-media":"","overlay-type":"","overlay-color":"","overlay-opacity":"","overlay-gradient":""},"tablet":{"background-color":"var(--ast-global-color-5)","background-image":"","background-repeat":"repeat","background-position":"center center","background-size":"auto","background-attachment":"scroll","background-type":"","background-media":"","overlay-type":"","overlay-color":"","overlay-opacity":"","overlay-gradient":""},"mobile":{"background-color":"var(--ast-global-color-5)","background-image":"","background-repeat":"repeat","background-position":"center center","background-size":"auto","background-attachment":"scroll","background-type":"","background-media":"","overlay-type":"","overlay-color":"","overlay-opacity":"","overlay-gradient":""}}},"product_brand":[],"product_cat":[435],"product_tag":[],"class_list":{"0":"post-33790","1":"product","2":"type-product","3":"status-publish","5":"product_cat-osfp400g","6":"desktop-align-left","7":"tablet-align-left","8":"mobile-align-left","9":"ast-product-gallery-layout-horizontal-slider","10":"ast-product-gallery-with-no-image","11":"ast-product-tabs-layout-horizontal","13":"first","14":"instock","15":"shipping-taxable","16":"purchasable","17":"product-type-simple"},"composite_virtual":false,"composite_layout":"","composite_add_to_cart_form_location":"","composite_editable_in_cart":false,"composite_sold_individually_context":"","composite_shop_price_calc":"","composite_components":[],"composite_scenarios":[],"acf":[],"_links":{"self":[{"href":"https:\/\/www.precisionot.com\/es\/wp-json\/wp\/v2\/product\/33790","targetHints":{"allow":["GET"]}}],"collection":[{"href":"https:\/\/www.precisionot.com\/es\/wp-json\/wp\/v2\/product"}],"about":[{"href":"https:\/\/www.precisionot.com\/es\/wp-json\/wp\/v2\/types\/product"}],"version-history":[{"count":3,"href":"https:\/\/www.precisionot.com\/es\/wp-json\/wp\/v2\/product\/33790\/revisions"}],"predecessor-version":[{"id":33826,"href":"https:\/\/www.precisionot.com\/es\/wp-json\/wp\/v2\/product\/33790\/revisions\/33826"}],"wp:attachment":[{"href":"https:\/\/www.precisionot.com\/es\/wp-json\/wp\/v2\/media?parent=33790"}],"wp:term":[{"taxonomy":"product_brand","embeddable":true,"href":"https:\/\/www.precisionot.com\/es\/wp-json\/wp\/v2\/product_brand?post=33790"},{"taxonomy":"product_cat","embeddable":true,"href":"https:\/\/www.precisionot.com\/es\/wp-json\/wp\/v2\/product_cat?post=33790"},{"taxonomy":"product_tag","embeddable":true,"href":"https:\/\/www.precisionot.com\/es\/wp-json\/wp\/v2\/product_tag?post=33790"}],"curies":[{"name":"Gracias","href":"https:\/\/api.w.org\/{rel}","templated":true}]}}