{"id":33762,"date":"2026-03-26T12:08:12","date_gmt":"2026-03-26T16:08:12","guid":{"rendered":"https:\/\/www.precisionot.com\/?post_type=product&#038;p=33762"},"modified":"2026-03-26T12:08:16","modified_gmt":"2026-03-26T16:08:16","slug":"pre-qd800-2dr4","status":"publish","type":"product","link":"https:\/\/www.precisionot.com\/es\/product\/pre-qd800-2dr4\/","title":{"rendered":"PRE-QD800-2DR4"},"content":{"rendered":"<p>los <strong data-start=\"391\" data-end=\"409\">PRE-QD800-2DR4<\/strong> Es un transceptor \u00f3ptico QSFP-DD800 de 800G de alto rendimiento, dise\u00f1ado para entornos de redes de centros de datos y en la nube de corto alcance y alta densidad. Compatible con la transmisi\u00f3n Ethernet 2x400G-DR4, este m\u00f3dulo ofrece un ancho de banda agregado de 800 Gbps a trav\u00e9s de fibra monomodo (SMF) con un alcance de hasta 500 metros utilizando longitudes de onda de 1310 nm.<\/p>\n<hr \/>\n<p>Construido sobre el factor de forma QSFP-DD800 MSA, el <strong data-start=\"790\" data-end=\"808\">PRE-QD800-2DR4<\/strong> Permite una integraci\u00f3n perfecta en plataformas de conmutaci\u00f3n y enrutamiento de \u00faltima generaci\u00f3n. Utiliza transmisores EML para una transmisi\u00f3n de se\u00f1al estable y de alta velocidad, y receptores PIN para una detecci\u00f3n de se\u00f1al fiable. El m\u00f3dulo cuenta con conectores duales MPO-12\/APC, compatibles con interfaces \u00f3pticas paralelas para una conectividad eficiente de alto ancho de banda.<\/p>\n<hr \/>\n<p>Con soporte para CMIS y monitorizaci\u00f3n de diagn\u00f3stico digital (DDM) integrada, el transceptor proporciona visibilidad del rendimiento en tiempo real, mejorando la gesti\u00f3n y la fiabilidad de la red. Dise\u00f1ado para entornos de temperatura comercial y optimizado para la eficiencia energ\u00e9tica con un consumo inferior a 18 W, el <strong data-start=\"1439\" data-end=\"1457\">PRE-QD800-2DR4<\/strong> Es ideal para infraestructuras \u00f3pticas escalables y de alto rendimiento.<\/p>","protected":false},"excerpt":{"rendered":"<p>los <strong data-start=\"177\" data-end=\"195\">PRE-QD800-2DR4<\/strong> Se trata de un transceptor \u00f3ptico 800G QSFP-DD800 que admite Ethernet 2x400G-DR4 a trav\u00e9s de fibra monomodo de hasta 500 m, utilizando una longitud de onda de 1310 nm y conectores duales MPO-12\/APC.<\/p>\n<hr>\n<p><strong>QSFP-DD800, 2x400G-DR4, 1310nm, 800G, 500m, SMF\/Dual MPO12-APC, C-Temp<\/strong><\/p>","protected":false},"featured_media":33777,"template":"","meta":{"_acf_changed":false,"content-type":"","site-sidebar-layout":"default","site-content-layout":"","ast-site-content-layout":"default","site-content-style":"default","site-sidebar-style":"default","ast-global-header-display":"","ast-banner-title-visibility":"","ast-main-header-display":"","ast-hfb-above-header-display":"","ast-hfb-below-header-display":"","ast-hfb-mobile-header-display":"","site-post-title":"","ast-breadcrumbs-content":"","ast-featured-img":"","footer-sml-layout":"","ast-disable-related-posts":"","theme-transparent-header-meta":"default","adv-header-id-meta":"","stick-header-meta":"","header-above-stick-meta":"","header-main-stick-meta":"","header-below-stick-meta":"","astra-migrate-meta-layouts":"set","ast-page-background-enabled":"default","ast-page-background-meta":{"desktop":{"background-color":"","background-image":"","background-repeat":"repeat","background-position":"center center","background-size":"auto","background-attachment":"scroll","background-type":"","background-media":"","overlay-type":"","overlay-color":"","overlay-opacity":"","overlay-gradient":""},"tablet":{"background-color":"","background-image":"","background-repeat":"repeat","background-position":"center center","background-size":"auto","background-attachment":"scroll","background-type":"","background-media":"","overlay-type":"","overlay-color":"","overlay-opacity":"","overlay-gradient":""},"mobile":{"background-color":"","background-image":"","background-repeat":"repeat","background-position":"center center","background-size":"auto","background-attachment":"scroll","background-type":"","background-media":"","overlay-type":"","overlay-color":"","overlay-opacity":"","overlay-gradient":""}},"ast-content-background-meta":{"desktop":{"background-color":"var(--ast-global-color-5)","background-image":"","background-repeat":"repeat","background-position":"center center","background-size":"auto","background-attachment":"scroll","background-type":"","background-media":"","overlay-type":"","overlay-color":"","overlay-opacity":"","overlay-gradient":""},"tablet":{"background-color":"var(--ast-global-color-5)","background-image":"","background-repeat":"repeat","background-position":"center center","background-size":"auto","background-attachment":"scroll","background-type":"","background-media":"","overlay-type":"","overlay-color":"","overlay-opacity":"","overlay-gradient":""},"mobile":{"background-color":"var(--ast-global-color-5)","background-image":"","background-repeat":"repeat","background-position":"center center","background-size":"auto","background-attachment":"scroll","background-type":"","background-media":"","overlay-type":"","overlay-color":"","overlay-opacity":"","overlay-gradient":""}}},"product_brand":[],"product_cat":[421,423],"product_tag":[],"class_list":{"0":"post-33762","1":"product","2":"type-product","3":"status-publish","4":"has-post-thumbnail","6":"product_cat-qsfp-dd-800g","7":"product_cat-qsfp-dd-800g-standard","8":"desktop-align-left","9":"tablet-align-left","10":"mobile-align-left","11":"ast-product-gallery-layout-horizontal-slider","12":"ast-product-gallery-with-no-image","13":"ast-product-tabs-layout-horizontal","15":"first","16":"instock","17":"shipping-taxable","18":"purchasable","19":"product-type-simple"},"composite_virtual":false,"composite_layout":"","composite_add_to_cart_form_location":"","composite_editable_in_cart":false,"composite_sold_individually_context":"","composite_shop_price_calc":"","composite_components":[],"composite_scenarios":[],"acf":[],"_links":{"self":[{"href":"https:\/\/www.precisionot.com\/es\/wp-json\/wp\/v2\/product\/33762","targetHints":{"allow":["GET"]}}],"collection":[{"href":"https:\/\/www.precisionot.com\/es\/wp-json\/wp\/v2\/product"}],"about":[{"href":"https:\/\/www.precisionot.com\/es\/wp-json\/wp\/v2\/types\/product"}],"version-history":[{"count":8,"href":"https:\/\/www.precisionot.com\/es\/wp-json\/wp\/v2\/product\/33762\/revisions"}],"predecessor-version":[{"id":33783,"href":"https:\/\/www.precisionot.com\/es\/wp-json\/wp\/v2\/product\/33762\/revisions\/33783"}],"wp:featuredmedia":[{"embeddable":true,"href":"https:\/\/www.precisionot.com\/es\/wp-json\/wp\/v2\/media\/33777"}],"wp:attachment":[{"href":"https:\/\/www.precisionot.com\/es\/wp-json\/wp\/v2\/media?parent=33762"}],"wp:term":[{"taxonomy":"product_brand","embeddable":true,"href":"https:\/\/www.precisionot.com\/es\/wp-json\/wp\/v2\/product_brand?post=33762"},{"taxonomy":"product_cat","embeddable":true,"href":"https:\/\/www.precisionot.com\/es\/wp-json\/wp\/v2\/product_cat?post=33762"},{"taxonomy":"product_tag","embeddable":true,"href":"https:\/\/www.precisionot.com\/es\/wp-json\/wp\/v2\/product_tag?post=33762"}],"curies":[{"name":"Gracias","href":"https:\/\/api.w.org\/{rel}","templated":true}]}}