{"id":33746,"date":"2026-03-20T14:41:25","date_gmt":"2026-03-20T18:41:25","guid":{"rendered":"https:\/\/www.precisionot.com\/?post_type=product&#038;p=33746"},"modified":"2026-03-26T13:28:31","modified_gmt":"2026-03-26T17:28:31","slug":"pre-qsfp112-vr4","status":"publish","type":"product","link":"https:\/\/www.precisionot.com\/es\/product\/pre-qsfp112-vr4\/","title":{"rendered":"PRE-QSFP112-VR4"},"content":{"rendered":"<p>El PRE-QSFP112-VR4 es un transceptor \u00f3ptico QSFP112 que opera a 850 nm y ofrece conectividad de 400G a trav\u00e9s de fibra multimodo de hasta 50 metros. Con una interfaz MPO-12\/APC y compatibilidad con temperaturas comerciales, est\u00e1 optimizado para aplicaciones de centros de datos de alta densidad y corto alcance.<\/p>\n<hr \/>\n<p>El PRE-QD800-2VR4 es un transceptor \u00f3ptico QSFP112 de alto rendimiento dise\u00f1ado para una conectividad flexible en centros de datos, compatible con configuraciones Ethernet de 1\u00d7400GBASE-VR4, 2\u00d7200GBASE-VR2 y 4\u00d7100GBASE-VR1. Fabricado conforme a los est\u00e1ndares QSFP112 MSA e IEEE 802.3ck\/db con soporte CMIS, garantiza la interoperabilidad y una gesti\u00f3n avanzada, mientras que su l\u00e1ser de Clase 1 y el cumplimiento de la normativa RoHS proporcionan un funcionamiento seguro y respetuoso con el medio ambiente.<\/p>","protected":false},"excerpt":{"rendered":"<p>El PRE-QSFP112-VR4 es un transceptor \u00f3ptico QSFP112 VR4 que ofrece conectividad de 400G a 850 nm a trav\u00e9s de fibra multimodo de hasta 50 metros, e incorpora una interfaz MPO-12\/APC y compatibilidad con temperaturas comerciales para implementaciones en centros de datos de alta densidad.<\/p>\n<hr \/>\n<p class=\"p2\"><strong>QSFP112, VR4, 850 nm, 400 G, 50 m, MMF, MPO-12\/APC, C-Temp<\/strong><\/p>","protected":false},"featured_media":33747,"template":"","meta":{"_acf_changed":false,"content-type":"","site-sidebar-layout":"default","site-content-layout":"default","ast-site-content-layout":"default","site-content-style":"default","site-sidebar-style":"default","ast-global-header-display":"","ast-banner-title-visibility":"","ast-main-header-display":"","ast-hfb-above-header-display":"","ast-hfb-below-header-display":"","ast-hfb-mobile-header-display":"","site-post-title":"","ast-breadcrumbs-content":"","ast-featured-img":"","footer-sml-layout":"","ast-disable-related-posts":"","theme-transparent-header-meta":"default","adv-header-id-meta":"","stick-header-meta":"","header-above-stick-meta":"","header-main-stick-meta":"","header-below-stick-meta":"","astra-migrate-meta-layouts":"set","ast-page-background-enabled":"default","ast-page-background-meta":{"desktop":{"background-color":"","background-image":"","background-repeat":"repeat","background-position":"center center","background-size":"auto","background-attachment":"scroll","background-type":"","background-media":"","overlay-type":"","overlay-color":"","overlay-opacity":"","overlay-gradient":""},"tablet":{"background-color":"","background-image":"","background-repeat":"repeat","background-position":"center center","background-size":"auto","background-attachment":"scroll","background-type":"","background-media":"","overlay-type":"","overlay-color":"","overlay-opacity":"","overlay-gradient":""},"mobile":{"background-color":"","background-image":"","background-repeat":"repeat","background-position":"center center","background-size":"auto","background-attachment":"scroll","background-type":"","background-media":"","overlay-type":"","overlay-color":"","overlay-opacity":"","overlay-gradient":""}},"ast-content-background-meta":{"desktop":{"background-color":"var(--ast-global-color-5)","background-image":"","background-repeat":"repeat","background-position":"center center","background-size":"auto","background-attachment":"scroll","background-type":"","background-media":"","overlay-type":"","overlay-color":"","overlay-opacity":"","overlay-gradient":""},"tablet":{"background-color":"var(--ast-global-color-5)","background-image":"","background-repeat":"repeat","background-position":"center center","background-size":"auto","background-attachment":"scroll","background-type":"","background-media":"","overlay-type":"","overlay-color":"","overlay-opacity":"","overlay-gradient":""},"mobile":{"background-color":"var(--ast-global-color-5)","background-image":"","background-repeat":"repeat","background-position":"center center","background-size":"auto","background-attachment":"scroll","background-type":"","background-media":"","overlay-type":"","overlay-color":"","overlay-opacity":"","overlay-gradient":""}}},"product_brand":[],"product_cat":[380,367],"product_tag":[357],"class_list":{"0":"post-33746","1":"product","2":"type-product","3":"status-publish","4":"has-post-thumbnail","6":"product_cat-qsfp112-standard","7":"product_cat-qsfp28-coherent","8":"product_tag-new-template","9":"desktop-align-left","10":"tablet-align-left","11":"mobile-align-left","12":"ast-product-gallery-layout-horizontal-slider","13":"ast-product-gallery-with-no-image","14":"ast-product-tabs-layout-horizontal","16":"first","17":"instock","18":"shipping-taxable","19":"purchasable","20":"product-type-simple"},"composite_virtual":false,"composite_layout":"","composite_add_to_cart_form_location":"","composite_editable_in_cart":false,"composite_sold_individually_context":"","composite_shop_price_calc":"","composite_components":[],"composite_scenarios":[],"acf":[],"_links":{"self":[{"href":"https:\/\/www.precisionot.com\/es\/wp-json\/wp\/v2\/product\/33746","targetHints":{"allow":["GET"]}}],"collection":[{"href":"https:\/\/www.precisionot.com\/es\/wp-json\/wp\/v2\/product"}],"about":[{"href":"https:\/\/www.precisionot.com\/es\/wp-json\/wp\/v2\/types\/product"}],"version-history":[{"count":5,"href":"https:\/\/www.precisionot.com\/es\/wp-json\/wp\/v2\/product\/33746\/revisions"}],"predecessor-version":[{"id":33803,"href":"https:\/\/www.precisionot.com\/es\/wp-json\/wp\/v2\/product\/33746\/revisions\/33803"}],"wp:featuredmedia":[{"embeddable":true,"href":"https:\/\/www.precisionot.com\/es\/wp-json\/wp\/v2\/media\/33747"}],"wp:attachment":[{"href":"https:\/\/www.precisionot.com\/es\/wp-json\/wp\/v2\/media?parent=33746"}],"wp:term":[{"taxonomy":"product_brand","embeddable":true,"href":"https:\/\/www.precisionot.com\/es\/wp-json\/wp\/v2\/product_brand?post=33746"},{"taxonomy":"product_cat","embeddable":true,"href":"https:\/\/www.precisionot.com\/es\/wp-json\/wp\/v2\/product_cat?post=33746"},{"taxonomy":"product_tag","embeddable":true,"href":"https:\/\/www.precisionot.com\/es\/wp-json\/wp\/v2\/product_tag?post=33746"}],"curies":[{"name":"Gracias","href":"https:\/\/api.w.org\/{rel}","templated":true}]}}