{"id":33517,"date":"2026-01-30T11:15:37","date_gmt":"2026-01-30T16:15:37","guid":{"rendered":"https:\/\/www.precisionot.com\/?post_type=product&#038;p=33517"},"modified":"2026-02-19T13:48:20","modified_gmt":"2026-02-19T18:48:20","slug":"servicios-de-revestimiento-de-extrusion-de-fibra-optica","status":"publish","type":"product","link":"https:\/\/www.precisionot.com\/es\/product\/fiber-optic-extrusion-upjacketing-services\/","title":{"rendered":"Servicios de extrusi\u00f3n y encamisado de fibra \u00f3ptica"},"content":{"rendered":"<p>Precision OT\/Opticonx ofrece servicios integrales de extrusi\u00f3n y revestimiento para soluciones de fibra \u00f3ptica personalizadas. Trabajamos con pr\u00e1cticamente cualquier tipo de fibra para ofrecerle la soluci\u00f3n que necesita. Nuestro equipo de ingenier\u00eda se especializa en el desarrollo de productos desde el concepto hasta el dise\u00f1o y la fabricaci\u00f3n. Nuestras capacidades incluyen el recubrimiento, el cableado y el revestimiento de una amplia variedad de fibras.<\/p>\n<p>Con una amplia experiencia en fabricaci\u00f3n y gran flexibilidad, Precision OT\/Opticonx dise\u00f1a y fabrica cables de fibra \u00f3ptica a medida, adapt\u00e1ndose a los requisitos y especificaciones espec\u00edficos de su aplicaci\u00f3n y uso previsto. Esto se puede realizar con fibras propias o suministradas por el cliente. Se aceptan pedidos de corta duraci\u00f3n y ofrecemos asesoramiento de dise\u00f1o.<\/p>\n<p><strong><u>Las opciones incluyen:<\/u><\/strong><\/p>\n<ul>\n<li>Fibra suministrada por el cliente<\/li>\n<li>Recuento de fibra de 1 a 72<\/li>\n<li>Tipos de fibra: OM1 \u2013 OM5 multimodo, OS2 monomodo y mantenimiento de polarizaci\u00f3n<\/li>\n<li>Cintas planas y enrollables, de tubo holgado, de amortiguaci\u00f3n ajustada y otros tipos de fibras<\/li>\n<li>Chaquetas para interior y exterior con certificaci\u00f3n ONFR y OFNP, LSZH, homologadas por UL<\/li>\n<li>Construcciones h\u00edbridas multimodo\/monomodo<\/li>\n<li>Coloraci\u00f3n personalizada e impresi\u00f3n de cubiertas.<\/li>\n<\/ul>\n<p><strong><u>Capacidades:<\/u><\/strong><\/p>\n<ul>\n<li>Amortiguaci\u00f3n de fibra \u00f3ptica<\/li>\n<li>Revestimiento de fibra \u00f3ptica<\/li>\n<li>Cableado de fibra \u00f3ptica<\/li>\n<li>Colorear la fibra \u00f3ptica<\/li>\n<li>Tubos de bifurcaci\u00f3n<\/li>\n<li>Capacidad para procesar una amplia gama de materiales.<\/li>\n<li>Herramientas est\u00e1ndar y personalizadas<\/li>\n<li>Tiradas cortas y cantidades de producci\u00f3n<\/li>\n<li>Colores est\u00e1ndar y personalizados<\/li>\n<li>Leyendas de impresi\u00f3n personalizadas y etiquetado<\/li>\n<\/ul>\n<p><strong><u>Materiales disponibles para la cubierta (tubo exterior):<\/u><\/strong><\/p>\n<ul>\n<li>\u00a0PVDF, KYNAR FLEX\u00ae 2950-05 Mod. Est\u00e1ndar, KYNAR FLEX\u00ae 2850-00 Mod. Alto<\/li>\n<li>TPE, Hytrel\u00ae 6356 est\u00e1ndar, tambi\u00e9n 5556, 7246 o 8238<\/li>\n<li>LDPE, (Polietileno), Borstar\u00ae LE8706<\/li>\n<li>Nailon, Vestamid\u00ae L2101F Nailon 12<\/li>\n<li>FR-PVC (cloruro de polivinilo ign\u00edfugo), Westlake Global Compounds\u2122<sup>\u00a0<\/sup>19463<\/li>\n<li>Plenum de PVC, FireGUARD\u00ae 910A-26-NL o 910A-48-NL<\/li>\n<li>Poliolefina LSZH (HFFR TPO), MtegrityPlus\u2122 2545<\/li>\n<li>Poliuretano LSZH (TPU HFFR), HFC 9140<\/li>\n<li>CPE, GEON\u00ae Flex 1335 CPE Negro O<\/li>\n<\/ul>\n<p><strong><u>Materiales de c\u00e1mara de aire disponibles:<\/u><\/strong><\/p>\n<ul>\n<li>Polipropileno, Borealis BC545MO<\/li>\n<li>PVDF, KYNAR FLEX\u00ae 2950-05 Mod. Est\u00e1ndar, KYNAR FLEX\u00ae 2850-00 Mod. Alto<\/li>\n<li>TPE, Hytrel\u00ae 6356 est\u00e1ndar, tambi\u00e9n 5556, 7246 o 8238<\/li>\n<li>LDPE, (Polietileno), Borstar\u00ae LE8706<\/li>\n<li>Nailon, Vestamid\u00ae L2101F Nailon 12<\/li>\n<\/ul>\n<p><strong><u>Fabricaci\u00f3n por contrato:<\/u><\/strong><\/p>\n<p>Precision OT\/Opticonx puede proporcionar una variedad de servicios de fabricaci\u00f3n \u00f3ptica por contrato para satisfacer los requisitos del cliente, incluidos:<\/p>\n<ul>\n<li>Configuraci\u00f3n personalizada<\/li>\n<li>Etiquetado privado<\/li>\n<li>Etiquetado personalizado<\/li>\n<li>Embalaje personalizado<\/li>\n<li>Env\u00edo a ciegas<\/li>\n<\/ul>\n<p><strong><u>Notas importantes para el reencamisado de fibra suministrada por el cliente:<\/u><\/strong><\/p>\n<ul>\n<li>Se necesitan entre 50 y 100 m de fibra adicional para la producci\u00f3n (proceso de inicio\/parada)<\/li>\n<li>Este servicio de cableado se realiza con la m\u00e1xima satisfacci\u00f3n del cliente, lo que significa que, si bien es poco com\u00fan, existe la posibilidad de que la fibra suministrada por el cliente se da\u00f1e o destruya durante el proceso de cableado (debido a cortes o fluctuaciones de energ\u00eda o problemas con el equipo de extrusi\u00f3n).<\/li>\n<li>Precision OT\/Opticonx no puede asumir la responsabilidad por el costo de la fibra da\u00f1ada.<\/li>\n<li>Precision OT\/Opticonx no puede reemplazar la fibra suministrada por el cliente si ocurre un problema de fabricaci\u00f3n<\/li>\n<li>Si el cliente suministra fibra nueva, Precision OT\/Opticonx volver\u00e1 a ejecutar el trabajo sin costo adicional.<\/li>\n<li>La tasa de fallas hist\u00f3rica es ~ 1%<\/li>\n<\/ul>","protected":false},"excerpt":{"rendered":"<p>PrecisionOT\/Opticonx ofrece servicios integrales de extrusi\u00f3n y encamisado para soluciones de fibra \u00f3ptica a medida. Es compatible con pr\u00e1cticamente cualquier tipo de fibra y gu\u00eda los productos desde la concepci\u00f3n y el dise\u00f1o hasta la fabricaci\u00f3n, con funciones que incluyen amortiguamiento, cableado y encamisado. Con una producci\u00f3n flexible, soporte para tiradas cortas y una amplia gama de materiales y construcci\u00f3n, Opticonx ofrece cables de fibra dise\u00f1ados a medida, adaptados a las necesidades exactas de cada aplicaci\u00f3n, utilizando fibra propia o suministrada por el cliente.<\/p>","protected":false},"featured_media":33536,"template":"","meta":{"_acf_changed":false,"content-type":"","site-sidebar-layout":"default","site-content-layout":"","ast-site-content-layout":"default","site-content-style":"default","site-sidebar-style":"default","ast-global-header-display":"","ast-banner-title-visibility":"","ast-main-header-display":"","ast-hfb-above-header-display":"","ast-hfb-below-header-display":"","ast-hfb-mobile-header-display":"","site-post-title":"","ast-breadcrumbs-content":"","ast-featured-img":"","footer-sml-layout":"","ast-disable-related-posts":"","theme-transparent-header-meta":"default","adv-header-id-meta":"","stick-header-meta":"","header-above-stick-meta":"","header-main-stick-meta":"","header-below-stick-meta":"","astra-migrate-meta-layouts":"set","ast-page-background-enabled":"default","ast-page-background-meta":{"desktop":{"background-color":"","background-image":"","background-repeat":"repeat","background-position":"center center","background-size":"auto","background-attachment":"scroll","background-type":"","background-media":"","overlay-type":"","overlay-color":"","overlay-opacity":"","overlay-gradient":""},"tablet":{"background-color":"","background-image":"","background-repeat":"repeat","background-position":"center center","background-size":"auto","background-attachment":"scroll","background-type":"","background-media":"","overlay-type":"","overlay-color":"","overlay-opacity":"","overlay-gradient":""},"mobile":{"background-color":"","background-image":"","background-repeat":"repeat","background-position":"center center","background-size":"auto","background-attachment":"scroll","background-type":"","background-media":"","overlay-type":"","overlay-color":"","overlay-opacity":"","overlay-gradient":""}},"ast-content-background-meta":{"desktop":{"background-color":"var(--ast-global-color-5)","background-image":"","background-repeat":"repeat","background-position":"center center","background-size":"auto","background-attachment":"scroll","background-type":"","background-media":"","overlay-type":"","overlay-color":"","overlay-opacity":"","overlay-gradient":""},"tablet":{"background-color":"var(--ast-global-color-5)","background-image":"","background-repeat":"repeat","background-position":"center center","background-size":"auto","background-attachment":"scroll","background-type":"","background-media":"","overlay-type":"","overlay-color":"","overlay-opacity":"","overlay-gradient":""},"mobile":{"background-color":"var(--ast-global-color-5)","background-image":"","background-repeat":"repeat","background-position":"center center","background-size":"auto","background-attachment":"scroll","background-type":"","background-media":"","overlay-type":"","overlay-color":"","overlay-opacity":"","overlay-gradient":""}}},"product_brand":[],"product_cat":[437],"product_tag":[],"class_list":{"0":"post-33517","1":"product","2":"type-product","3":"status-publish","4":"has-post-thumbnail","6":"product_cat-fiber-optic-extrusion-upjacketing-services","7":"desktop-align-left","8":"tablet-align-left","9":"mobile-align-left","10":"ast-product-gallery-layout-horizontal-slider","11":"ast-product-gallery-with-no-image","12":"ast-product-tabs-layout-horizontal","14":"first","15":"instock","16":"shipping-taxable","17":"purchasable","18":"product-type-simple"},"composite_virtual":false,"composite_layout":"","composite_add_to_cart_form_location":"","composite_editable_in_cart":false,"composite_sold_individually_context":"","composite_shop_price_calc":"","composite_components":[],"composite_scenarios":[],"acf":[],"_links":{"self":[{"href":"https:\/\/www.precisionot.com\/es\/wp-json\/wp\/v2\/product\/33517","targetHints":{"allow":["GET"]}}],"collection":[{"href":"https:\/\/www.precisionot.com\/es\/wp-json\/wp\/v2\/product"}],"about":[{"href":"https:\/\/www.precisionot.com\/es\/wp-json\/wp\/v2\/types\/product"}],"version-history":[{"count":4,"href":"https:\/\/www.precisionot.com\/es\/wp-json\/wp\/v2\/product\/33517\/revisions"}],"predecessor-version":[{"id":33584,"href":"https:\/\/www.precisionot.com\/es\/wp-json\/wp\/v2\/product\/33517\/revisions\/33584"}],"wp:featuredmedia":[{"embeddable":true,"href":"https:\/\/www.precisionot.com\/es\/wp-json\/wp\/v2\/media\/33536"}],"wp:attachment":[{"href":"https:\/\/www.precisionot.com\/es\/wp-json\/wp\/v2\/media?parent=33517"}],"wp:term":[{"taxonomy":"product_brand","embeddable":true,"href":"https:\/\/www.precisionot.com\/es\/wp-json\/wp\/v2\/product_brand?post=33517"},{"taxonomy":"product_cat","embeddable":true,"href":"https:\/\/www.precisionot.com\/es\/wp-json\/wp\/v2\/product_cat?post=33517"},{"taxonomy":"product_tag","embeddable":true,"href":"https:\/\/www.precisionot.com\/es\/wp-json\/wp\/v2\/product_tag?post=33517"}],"curies":[{"name":"Gracias","href":"https:\/\/api.w.org\/{rel}","templated":true}]}}