{"id":33259,"date":"2025-11-14T13:01:30","date_gmt":"2025-11-14T18:01:30","guid":{"rendered":"https:\/\/www.precisionot.com\/?post_type=product&#038;p=33259"},"modified":"2026-01-30T09:55:55","modified_gmt":"2026-01-30T14:55:55","slug":"productos-de-ruptura-personalizados","status":"publish","type":"product","link":"https:\/\/www.precisionot.com\/es\/product\/custom-breakout-products\/","title":{"rendered":"Kits de conexi\u00f3n\/desconexi\u00f3n personalizados"},"content":{"rendered":"<p>Precision OT\/Opticonx ofrece kits de derivaci\u00f3n de fibra \u00f3ptica dise\u00f1ados a medida para satisfacer las necesidades espec\u00edficas de cada cliente. Estos kits permiten la terminaci\u00f3n directa de las fibras \u00f3pticas desde el cable. Nuestros kits de derivaci\u00f3n ofrecen una protecci\u00f3n segura para las fibras \u00f3pticas expuestas y una sujeci\u00f3n firme entre los conectores y las fibras, evitando as\u00ed da\u00f1os en las mismas.<\/p>\n<p>Los tama\u00f1os var\u00edan desde 4 fibras hasta 3.456 fibras.<\/p>\n<p>Nuestros kits est\u00e1n dise\u00f1ados para desmontar de forma r\u00e1pida y sencilla la mayor\u00eda de las construcciones de cables est\u00e1ndar de la industria:<\/p>\n<ul>\n<li>tubo suelto \u2013 distribuci\u00f3n trenzada y microdistribuci\u00f3n<\/li>\n<li>Tubo suelto unitube\/tubo central<\/li>\n<li>cables planos<\/li>\n<li>fibra de 250 \u00b5M a 900 \u00b5M<\/li>\n<li>fibra de 250 \u00b5M o 900 \u00b5M a 2,0 o 3,0 \u00b5M<\/li>\n<li>Todos los cables planos \u2014redondos, enrollables, planos u ovalados\u2014<br \/>\n\u2026 todo ello para la terminaci\u00f3n directa con conectores est\u00e1ndar de la industria.<\/li>\n<li>La personalizaci\u00f3n incluye\n<ul>\n<li>Colores de los tubos<\/li>\n<li>Longitudes de los tubos<\/li>\n<li>Impresi\u00f3n en la tuber\u00eda (Nombre del cliente, sitio web, etc.)<\/li>\n<li>Compuesto para tubos (material)<\/li>\n<\/ul>\n<\/li>\n<\/ul>","protected":false},"excerpt":{"rendered":"<p>Precision OT\/Opticonx ofrece kits de derivaci\u00f3n de fibra \u00f3ptica dise\u00f1ados a medida para satisfacer las necesidades espec\u00edficas de cada cliente. Estos kits permiten la terminaci\u00f3n directa de las fibras \u00f3pticas desde el cable. Nuestros kits de derivaci\u00f3n ofrecen una protecci\u00f3n segura para las fibras \u00f3pticas expuestas y una sujeci\u00f3n firme entre los conectores y las fibras, evitando as\u00ed da\u00f1os en las mismas.<\/p>\n<p>Los tama\u00f1os var\u00edan desde 4 fibras hasta 3.456 fibras.<\/p>\n<p>Nuestros kits est\u00e1n dise\u00f1ados para desmontar de forma r\u00e1pida y sencilla la mayor\u00eda de las construcciones de cables est\u00e1ndar de la industria:<\/p>\n<ul>\n<li>tubo suelto \u2013 distribuci\u00f3n trenzada y microdistribuci\u00f3n<\/li>\n<li>Tubo suelto unitube\/tubo central<\/li>\n<li>cables planos<\/li>\n<li>fibra de 250 \u00b5M a 900 \u00b5M<\/li>\n<li>fibra de 250 \u00b5M o 900 \u00b5M a 2,0 o 3,0 \u00b5M<\/li>\n<li>Todos los cables planos \u2014redondos, enrollables, planos u ovalados\u2014<br \/>\n\u2026 todo ello para la terminaci\u00f3n directa con conectores est\u00e1ndar de la industria.<\/li>\n<li>La personalizaci\u00f3n incluye\n<ul>\n<li>Colores de los tubos<\/li>\n<li>Longitudes de los tubos<\/li>\n<li>Impresi\u00f3n en la tuber\u00eda (Nombre del cliente, sitio web, etc.)<\/li>\n<li>Compuesto para tubos (material)<\/li>\n<\/ul>\n<\/li>\n<\/ul>","protected":false},"featured_media":33173,"template":"","meta":{"_acf_changed":false,"content-type":"","site-sidebar-layout":"default","site-content-layout":"","ast-site-content-layout":"default","site-content-style":"default","site-sidebar-style":"default","ast-global-header-display":"","ast-banner-title-visibility":"","ast-main-header-display":"","ast-hfb-above-header-display":"","ast-hfb-below-header-display":"","ast-hfb-mobile-header-display":"","site-post-title":"","ast-breadcrumbs-content":"","ast-featured-img":"","footer-sml-layout":"","ast-disable-related-posts":"","theme-transparent-header-meta":"default","adv-header-id-meta":"","stick-header-meta":"","header-above-stick-meta":"","header-main-stick-meta":"","header-below-stick-meta":"","astra-migrate-meta-layouts":"set","ast-page-background-enabled":"default","ast-page-background-meta":{"desktop":{"background-color":"","background-image":"","background-repeat":"repeat","background-position":"center center","background-size":"auto","background-attachment":"scroll","background-type":"","background-media":"","overlay-type":"","overlay-color":"","overlay-opacity":"","overlay-gradient":""},"tablet":{"background-color":"","background-image":"","background-repeat":"repeat","background-position":"center center","background-size":"auto","background-attachment":"scroll","background-type":"","background-media":"","overlay-type":"","overlay-color":"","overlay-opacity":"","overlay-gradient":""},"mobile":{"background-color":"","background-image":"","background-repeat":"repeat","background-position":"center center","background-size":"auto","background-attachment":"scroll","background-type":"","background-media":"","overlay-type":"","overlay-color":"","overlay-opacity":"","overlay-gradient":""}},"ast-content-background-meta":{"desktop":{"background-color":"var(--ast-global-color-5)","background-image":"","background-repeat":"repeat","background-position":"center center","background-size":"auto","background-attachment":"scroll","background-type":"","background-media":"","overlay-type":"","overlay-color":"","overlay-opacity":"","overlay-gradient":""},"tablet":{"background-color":"var(--ast-global-color-5)","background-image":"","background-repeat":"repeat","background-position":"center center","background-size":"auto","background-attachment":"scroll","background-type":"","background-media":"","overlay-type":"","overlay-color":"","overlay-opacity":"","overlay-gradient":""},"mobile":{"background-color":"var(--ast-global-color-5)","background-image":"","background-repeat":"repeat","background-position":"center center","background-size":"auto","background-attachment":"scroll","background-type":"","background-media":"","overlay-type":"","overlay-color":"","overlay-opacity":"","overlay-gradient":""}}},"product_brand":[],"product_cat":[418],"product_tag":[],"class_list":{"0":"post-33259","1":"product","2":"type-product","3":"status-publish","4":"has-post-thumbnail","6":"product_cat-breakout-fanout-solutions","7":"desktop-align-left","8":"tablet-align-left","9":"mobile-align-left","10":"ast-product-gallery-layout-horizontal-slider","11":"ast-product-gallery-with-no-image","12":"ast-product-tabs-layout-horizontal","14":"first","15":"instock","16":"shipping-taxable","17":"purchasable","18":"product-type-simple"},"composite_virtual":false,"composite_layout":"","composite_add_to_cart_form_location":"","composite_editable_in_cart":false,"composite_sold_individually_context":"","composite_shop_price_calc":"","composite_components":[],"composite_scenarios":[],"acf":[],"_links":{"self":[{"href":"https:\/\/www.precisionot.com\/es\/wp-json\/wp\/v2\/product\/33259","targetHints":{"allow":["GET"]}}],"collection":[{"href":"https:\/\/www.precisionot.com\/es\/wp-json\/wp\/v2\/product"}],"about":[{"href":"https:\/\/www.precisionot.com\/es\/wp-json\/wp\/v2\/types\/product"}],"version-history":[{"count":5,"href":"https:\/\/www.precisionot.com\/es\/wp-json\/wp\/v2\/product\/33259\/revisions"}],"predecessor-version":[{"id":33264,"href":"https:\/\/www.precisionot.com\/es\/wp-json\/wp\/v2\/product\/33259\/revisions\/33264"}],"wp:featuredmedia":[{"embeddable":true,"href":"https:\/\/www.precisionot.com\/es\/wp-json\/wp\/v2\/media\/33173"}],"wp:attachment":[{"href":"https:\/\/www.precisionot.com\/es\/wp-json\/wp\/v2\/media?parent=33259"}],"wp:term":[{"taxonomy":"product_brand","embeddable":true,"href":"https:\/\/www.precisionot.com\/es\/wp-json\/wp\/v2\/product_brand?post=33259"},{"taxonomy":"product_cat","embeddable":true,"href":"https:\/\/www.precisionot.com\/es\/wp-json\/wp\/v2\/product_cat?post=33259"},{"taxonomy":"product_tag","embeddable":true,"href":"https:\/\/www.precisionot.com\/es\/wp-json\/wp\/v2\/product_tag?post=33259"}],"curies":[{"name":"Gracias","href":"https:\/\/api.w.org\/{rel}","templated":true}]}}