{"id":33108,"date":"2025-11-06T16:25:19","date_gmt":"2025-11-06T21:25:19","guid":{"rendered":"https:\/\/www.precisionot.com\/?post_type=product&#038;p=33108"},"modified":"2025-11-10T12:53:28","modified_gmt":"2025-11-10T17:53:28","slug":"recintos-impermeables","status":"publish","type":"product","link":"https:\/\/www.precisionot.com\/es\/product\/weatherproof-enclosures\/","title":{"rendered":"Recintos impermeables"},"content":{"rendered":"<p>Ideales para alojar equipos que requieren protecci\u00f3n ambiental, las cajas Opticonx est\u00e1n dise\u00f1adas seg\u00fan los est\u00e1ndares NEMA y pueden montarse en pared o poste para aplicaciones en exteriores (o interiores). Estas cajas forman parte de una soluci\u00f3n integral que puede venir precableada (lista para empalmar) o con cables preinstalados (de cualquier longitud). La cantidad de fibras suele ser de 12 a 24.<\/p>","protected":false},"excerpt":{"rendered":"<p>Ideales para alojar equipos que requieren protecci\u00f3n ambiental, las cajas Opticonx est\u00e1n dise\u00f1adas seg\u00fan los est\u00e1ndares NEMA y pueden montarse en pared o poste para aplicaciones en exteriores (o interiores). Estas cajas forman parte de una soluci\u00f3n integral que puede venir precableada (lista para empalmar) o con cables preinstalados (de cualquier longitud). La cantidad de fibras suele ser de 12 a 24.<\/p>","protected":false},"featured_media":33194,"template":"","meta":{"_acf_changed":false,"content-type":"","site-sidebar-layout":"default","site-content-layout":"","ast-site-content-layout":"default","site-content-style":"default","site-sidebar-style":"default","ast-global-header-display":"","ast-banner-title-visibility":"","ast-main-header-display":"","ast-hfb-above-header-display":"","ast-hfb-below-header-display":"","ast-hfb-mobile-header-display":"","site-post-title":"","ast-breadcrumbs-content":"","ast-featured-img":"","footer-sml-layout":"","ast-disable-related-posts":"","theme-transparent-header-meta":"default","adv-header-id-meta":"","stick-header-meta":"","header-above-stick-meta":"","header-main-stick-meta":"","header-below-stick-meta":"","astra-migrate-meta-layouts":"set","ast-page-background-enabled":"default","ast-page-background-meta":{"desktop":{"background-color":"","background-image":"","background-repeat":"repeat","background-position":"center center","background-size":"auto","background-attachment":"scroll","background-type":"","background-media":"","overlay-type":"","overlay-color":"","overlay-opacity":"","overlay-gradient":""},"tablet":{"background-color":"","background-image":"","background-repeat":"repeat","background-position":"center center","background-size":"auto","background-attachment":"scroll","background-type":"","background-media":"","overlay-type":"","overlay-color":"","overlay-opacity":"","overlay-gradient":""},"mobile":{"background-color":"","background-image":"","background-repeat":"repeat","background-position":"center center","background-size":"auto","background-attachment":"scroll","background-type":"","background-media":"","overlay-type":"","overlay-color":"","overlay-opacity":"","overlay-gradient":""}},"ast-content-background-meta":{"desktop":{"background-color":"var(--ast-global-color-5)","background-image":"","background-repeat":"repeat","background-position":"center center","background-size":"auto","background-attachment":"scroll","background-type":"","background-media":"","overlay-type":"","overlay-color":"","overlay-opacity":"","overlay-gradient":""},"tablet":{"background-color":"var(--ast-global-color-5)","background-image":"","background-repeat":"repeat","background-position":"center center","background-size":"auto","background-attachment":"scroll","background-type":"","background-media":"","overlay-type":"","overlay-color":"","overlay-opacity":"","overlay-gradient":""},"mobile":{"background-color":"var(--ast-global-color-5)","background-image":"","background-repeat":"repeat","background-position":"center center","background-size":"auto","background-attachment":"scroll","background-type":"","background-media":"","overlay-type":"","overlay-color":"","overlay-opacity":"","overlay-gradient":""}}},"product_brand":[],"product_cat":[427],"product_tag":[],"class_list":{"0":"post-33108","1":"product","2":"type-product","3":"status-publish","4":"has-post-thumbnail","6":"product_cat-osp-solutions","7":"desktop-align-left","8":"tablet-align-left","9":"mobile-align-left","10":"ast-product-gallery-layout-horizontal-slider","11":"ast-product-gallery-with-no-image","12":"ast-product-tabs-layout-horizontal","14":"first","15":"instock","16":"shipping-taxable","17":"purchasable","18":"product-type-simple"},"composite_virtual":false,"composite_layout":"","composite_add_to_cart_form_location":"","composite_editable_in_cart":false,"composite_sold_individually_context":"","composite_shop_price_calc":"","composite_components":[],"composite_scenarios":[],"acf":[],"_links":{"self":[{"href":"https:\/\/www.precisionot.com\/es\/wp-json\/wp\/v2\/product\/33108","targetHints":{"allow":["GET"]}}],"collection":[{"href":"https:\/\/www.precisionot.com\/es\/wp-json\/wp\/v2\/product"}],"about":[{"href":"https:\/\/www.precisionot.com\/es\/wp-json\/wp\/v2\/types\/product"}],"version-history":[{"count":1,"href":"https:\/\/www.precisionot.com\/es\/wp-json\/wp\/v2\/product\/33108\/revisions"}],"predecessor-version":[{"id":33195,"href":"https:\/\/www.precisionot.com\/es\/wp-json\/wp\/v2\/product\/33108\/revisions\/33195"}],"wp:featuredmedia":[{"embeddable":true,"href":"https:\/\/www.precisionot.com\/es\/wp-json\/wp\/v2\/media\/33194"}],"wp:attachment":[{"href":"https:\/\/www.precisionot.com\/es\/wp-json\/wp\/v2\/media?parent=33108"}],"wp:term":[{"taxonomy":"product_brand","embeddable":true,"href":"https:\/\/www.precisionot.com\/es\/wp-json\/wp\/v2\/product_brand?post=33108"},{"taxonomy":"product_cat","embeddable":true,"href":"https:\/\/www.precisionot.com\/es\/wp-json\/wp\/v2\/product_cat?post=33108"},{"taxonomy":"product_tag","embeddable":true,"href":"https:\/\/www.precisionot.com\/es\/wp-json\/wp\/v2\/product_tag?post=33108"}],"curies":[{"name":"Gracias","href":"https:\/\/api.w.org\/{rel}","templated":true}]}}