{"id":33077,"date":"2025-11-06T15:44:58","date_gmt":"2025-11-06T20:44:58","guid":{"rendered":"https:\/\/www.precisionot.com\/?post_type=product&#038;p=33077"},"modified":"2025-11-14T14:03:20","modified_gmt":"2025-11-14T19:03:20","slug":"kits-de-ojos-de-traccion","status":"publish","type":"product","link":"https:\/\/www.precisionot.com\/es\/product\/pulling-eye-kits\/","title":{"rendered":"Kits de extracci\u00f3n de ojos"},"content":{"rendered":"<p>Los kits de ojales de tracci\u00f3n protegen los cables de fibra \u00f3ptica preterminados durante su instalaci\u00f3n en conductos, canalizaciones o montantes. Disponibles para cables de 2 a 96 fibras, estos kits ahorran tiempo y dinero al permitir la instalaci\u00f3n de cables multifibra preconectorizados. El ojal de tracci\u00f3n se apoya directamente sobre la cubierta exterior del cable, mientras que las terminaciones se alojan en una funda protectora. De esta forma, se evita cualquier tensi\u00f3n o deformaci\u00f3n en las terminaciones durante la instalaci\u00f3n del cable. Disponibles con instalaci\u00f3n de f\u00e1brica o en kit para su instalaci\u00f3n en campo.<\/p>","protected":false},"excerpt":{"rendered":"<p>Los kits de ojales de tracci\u00f3n protegen los cables de fibra \u00f3ptica preterminados durante su instalaci\u00f3n en conductos, canalizaciones o montantes. Disponibles para cables de 2 a 96 fibras, estos kits ahorran tiempo y dinero al permitir la instalaci\u00f3n de cables multifibra preconectorizados. El ojal de tracci\u00f3n se apoya directamente sobre la cubierta exterior del cable, mientras que las terminaciones se alojan en una funda protectora. De esta forma, se evita cualquier tensi\u00f3n o deformaci\u00f3n en las terminaciones durante la instalaci\u00f3n del cable. Disponibles con instalaci\u00f3n de f\u00e1brica o en kit para su instalaci\u00f3n en campo.<\/p>","protected":false},"featured_media":33157,"template":"","meta":{"_acf_changed":false,"content-type":"","site-sidebar-layout":"default","site-content-layout":"","ast-site-content-layout":"default","site-content-style":"default","site-sidebar-style":"default","ast-global-header-display":"","ast-banner-title-visibility":"","ast-main-header-display":"","ast-hfb-above-header-display":"","ast-hfb-below-header-display":"","ast-hfb-mobile-header-display":"","site-post-title":"","ast-breadcrumbs-content":"","ast-featured-img":"","footer-sml-layout":"","ast-disable-related-posts":"","theme-transparent-header-meta":"default","adv-header-id-meta":"","stick-header-meta":"","header-above-stick-meta":"","header-main-stick-meta":"","header-below-stick-meta":"","astra-migrate-meta-layouts":"set","ast-page-background-enabled":"default","ast-page-background-meta":{"desktop":{"background-color":"","background-image":"","background-repeat":"repeat","background-position":"center center","background-size":"auto","background-attachment":"scroll","background-type":"","background-media":"","overlay-type":"","overlay-color":"","overlay-opacity":"","overlay-gradient":""},"tablet":{"background-color":"","background-image":"","background-repeat":"repeat","background-position":"center center","background-size":"auto","background-attachment":"scroll","background-type":"","background-media":"","overlay-type":"","overlay-color":"","overlay-opacity":"","overlay-gradient":""},"mobile":{"background-color":"","background-image":"","background-repeat":"repeat","background-position":"center center","background-size":"auto","background-attachment":"scroll","background-type":"","background-media":"","overlay-type":"","overlay-color":"","overlay-opacity":"","overlay-gradient":""}},"ast-content-background-meta":{"desktop":{"background-color":"var(--ast-global-color-5)","background-image":"","background-repeat":"repeat","background-position":"center center","background-size":"auto","background-attachment":"scroll","background-type":"","background-media":"","overlay-type":"","overlay-color":"","overlay-opacity":"","overlay-gradient":""},"tablet":{"background-color":"var(--ast-global-color-5)","background-image":"","background-repeat":"repeat","background-position":"center center","background-size":"auto","background-attachment":"scroll","background-type":"","background-media":"","overlay-type":"","overlay-color":"","overlay-opacity":"","overlay-gradient":""},"mobile":{"background-color":"var(--ast-global-color-5)","background-image":"","background-repeat":"repeat","background-position":"center center","background-size":"auto","background-attachment":"scroll","background-type":"","background-media":"","overlay-type":"","overlay-color":"","overlay-opacity":"","overlay-gradient":""}}},"product_brand":[],"product_cat":[430],"product_tag":[],"class_list":{"0":"post-33077","1":"product","2":"type-product","3":"status-publish","4":"has-post-thumbnail","6":"product_cat-cable-assemblies","7":"desktop-align-left","8":"tablet-align-left","9":"mobile-align-left","10":"ast-product-gallery-layout-horizontal-slider","11":"ast-product-gallery-with-no-image","12":"ast-product-tabs-layout-horizontal","14":"first","15":"instock","16":"shipping-taxable","17":"purchasable","18":"product-type-simple"},"composite_virtual":false,"composite_layout":"","composite_add_to_cart_form_location":"","composite_editable_in_cart":false,"composite_sold_individually_context":"","composite_shop_price_calc":"","composite_components":[],"composite_scenarios":[],"acf":[],"_links":{"self":[{"href":"https:\/\/www.precisionot.com\/es\/wp-json\/wp\/v2\/product\/33077","targetHints":{"allow":["GET"]}}],"collection":[{"href":"https:\/\/www.precisionot.com\/es\/wp-json\/wp\/v2\/product"}],"about":[{"href":"https:\/\/www.precisionot.com\/es\/wp-json\/wp\/v2\/types\/product"}],"version-history":[{"count":1,"href":"https:\/\/www.precisionot.com\/es\/wp-json\/wp\/v2\/product\/33077\/revisions"}],"predecessor-version":[{"id":33158,"href":"https:\/\/www.precisionot.com\/es\/wp-json\/wp\/v2\/product\/33077\/revisions\/33158"}],"wp:featuredmedia":[{"embeddable":true,"href":"https:\/\/www.precisionot.com\/es\/wp-json\/wp\/v2\/media\/33157"}],"wp:attachment":[{"href":"https:\/\/www.precisionot.com\/es\/wp-json\/wp\/v2\/media?parent=33077"}],"wp:term":[{"taxonomy":"product_brand","embeddable":true,"href":"https:\/\/www.precisionot.com\/es\/wp-json\/wp\/v2\/product_brand?post=33077"},{"taxonomy":"product_cat","embeddable":true,"href":"https:\/\/www.precisionot.com\/es\/wp-json\/wp\/v2\/product_cat?post=33077"},{"taxonomy":"product_tag","embeddable":true,"href":"https:\/\/www.precisionot.com\/es\/wp-json\/wp\/v2\/product_tag?post=33077"}],"curies":[{"name":"Gracias","href":"https:\/\/api.w.org\/{rel}","templated":true}]}}