{"id":32838,"date":"2025-11-03T12:14:10","date_gmt":"2025-11-03T17:14:10","guid":{"rendered":"https:\/\/www.precisionot.com\/?post_type=product&#038;p=32838"},"modified":"2025-11-07T09:36:49","modified_gmt":"2025-11-07T14:36:49","slug":"acopladores-divisores-circuladores-aisladores-y-derivadores-de-fibra-optica","status":"publish","type":"product","link":"https:\/\/www.precisionot.com\/es\/product\/fiber-optic-couplers-splitters-circulators-isolators-taps-solutions\/","title":{"rendered":"Soluciones para acopladores, divisores, circuladores, aisladores y derivaciones de fibra \u00f3ptica"},"content":{"rendered":"<p>Precision OT ofrece una amplia selecci\u00f3n de soluciones de fibra \u00f3ptica personalizadas, fabricadas con fibras monomodo (SM), multimodo (MM), especiales y de mantenimiento de polarizaci\u00f3n (PM). Nuestros paquetes est\u00e1ndar ofrecen opciones que se adaptan a la mayor\u00eda de las aplicaciones, y nuestras capacidades de personalizaci\u00f3n nos permiten satisfacer los requisitos m\u00e1s exigentes. Tenemos una soluci\u00f3n para sus necesidades en las siguientes categor\u00edas:<\/p>\n<div class=\"uls2 ul1\">\n<ul>\n<li>Acopladores: Acopladores independientes de la longitud de onda (WIC), Acopladores con longitud de onda aplanada (WFC), Gu\u00eda de ondas<\/li>\n<li>Divisores: \u00d3pticos, circuitos de gu\u00eda de luz planar (PLC), divisores de gu\u00eda de onda, de banda estrecha<\/li>\n<li>Circuladores: \u00d3ptica<\/li>\n<li>Aisladores: \u00d3pticos, de mantenimiento de polarizaci\u00f3n<\/li>\n<li>Grifos: \u00d3pticos, de alta precisi\u00f3n<\/li>\n<li>Multiplexaci\u00f3n por divisi\u00f3n de longitud de onda (WDM), soluciones: Multiplexaci\u00f3n por divisi\u00f3n de longitud de onda gruesa (CWDM), Multiplexaci\u00f3n por divisi\u00f3n de longitud de onda densa (DWDM)<\/li>\n<\/ul>\n<\/div>\n<div class=\"uls2 ul2\"><\/div>","protected":false},"excerpt":{"rendered":"<p>Precision OT ofrece una amplia selecci\u00f3n de soluciones de fibra \u00f3ptica personalizadas, fabricadas con fibras monomodo (SM), multimodo (MM), especiales y de mantenimiento de polarizaci\u00f3n (PM). Nuestros paquetes est\u00e1ndar ofrecen opciones que se adaptan a la mayor\u00eda de las aplicaciones, y nuestras capacidades de personalizaci\u00f3n nos permiten satisfacer los requisitos m\u00e1s exigentes.<\/p>","protected":false},"featured_media":33144,"template":"","meta":{"_acf_changed":false,"content-type":"","site-sidebar-layout":"default","site-content-layout":"","ast-site-content-layout":"default","site-content-style":"default","site-sidebar-style":"default","ast-global-header-display":"","ast-banner-title-visibility":"","ast-main-header-display":"","ast-hfb-above-header-display":"","ast-hfb-below-header-display":"","ast-hfb-mobile-header-display":"","site-post-title":"","ast-breadcrumbs-content":"","ast-featured-img":"","footer-sml-layout":"","ast-disable-related-posts":"","theme-transparent-header-meta":"default","adv-header-id-meta":"","stick-header-meta":"","header-above-stick-meta":"","header-main-stick-meta":"","header-below-stick-meta":"","astra-migrate-meta-layouts":"set","ast-page-background-enabled":"default","ast-page-background-meta":{"desktop":{"background-color":"","background-image":"","background-repeat":"repeat","background-position":"center center","background-size":"auto","background-attachment":"scroll","background-type":"","background-media":"","overlay-type":"","overlay-color":"","overlay-opacity":"","overlay-gradient":""},"tablet":{"background-color":"","background-image":"","background-repeat":"repeat","background-position":"center center","background-size":"auto","background-attachment":"scroll","background-type":"","background-media":"","overlay-type":"","overlay-color":"","overlay-opacity":"","overlay-gradient":""},"mobile":{"background-color":"","background-image":"","background-repeat":"repeat","background-position":"center center","background-size":"auto","background-attachment":"scroll","background-type":"","background-media":"","overlay-type":"","overlay-color":"","overlay-opacity":"","overlay-gradient":""}},"ast-content-background-meta":{"desktop":{"background-color":"var(--ast-global-color-5)","background-image":"","background-repeat":"repeat","background-position":"center center","background-size":"auto","background-attachment":"scroll","background-type":"","background-media":"","overlay-type":"","overlay-color":"","overlay-opacity":"","overlay-gradient":""},"tablet":{"background-color":"var(--ast-global-color-5)","background-image":"","background-repeat":"repeat","background-position":"center center","background-size":"auto","background-attachment":"scroll","background-type":"","background-media":"","overlay-type":"","overlay-color":"","overlay-opacity":"","overlay-gradient":""},"mobile":{"background-color":"var(--ast-global-color-5)","background-image":"","background-repeat":"repeat","background-position":"center center","background-size":"auto","background-attachment":"scroll","background-type":"","background-media":"","overlay-type":"","overlay-color":"","overlay-opacity":"","overlay-gradient":""}}},"product_brand":[],"product_cat":[426],"product_tag":[],"class_list":{"0":"post-32838","1":"product","2":"type-product","3":"status-publish","4":"has-post-thumbnail","6":"product_cat-custom-fiber-solutions","7":"desktop-align-left","8":"tablet-align-left","9":"mobile-align-left","10":"ast-product-gallery-layout-horizontal-slider","11":"ast-product-gallery-with-no-image","12":"ast-product-tabs-layout-horizontal","14":"first","15":"instock","16":"shipping-taxable","17":"purchasable","18":"product-type-simple"},"composite_virtual":false,"composite_layout":"","composite_add_to_cart_form_location":"","composite_editable_in_cart":false,"composite_sold_individually_context":"","composite_shop_price_calc":"","composite_components":[],"composite_scenarios":[],"acf":[],"_links":{"self":[{"href":"https:\/\/www.precisionot.com\/es\/wp-json\/wp\/v2\/product\/32838","targetHints":{"allow":["GET"]}}],"collection":[{"href":"https:\/\/www.precisionot.com\/es\/wp-json\/wp\/v2\/product"}],"about":[{"href":"https:\/\/www.precisionot.com\/es\/wp-json\/wp\/v2\/types\/product"}],"version-history":[{"count":2,"href":"https:\/\/www.precisionot.com\/es\/wp-json\/wp\/v2\/product\/32838\/revisions"}],"predecessor-version":[{"id":33145,"href":"https:\/\/www.precisionot.com\/es\/wp-json\/wp\/v2\/product\/32838\/revisions\/33145"}],"wp:featuredmedia":[{"embeddable":true,"href":"https:\/\/www.precisionot.com\/es\/wp-json\/wp\/v2\/media\/33144"}],"wp:attachment":[{"href":"https:\/\/www.precisionot.com\/es\/wp-json\/wp\/v2\/media?parent=32838"}],"wp:term":[{"taxonomy":"product_brand","embeddable":true,"href":"https:\/\/www.precisionot.com\/es\/wp-json\/wp\/v2\/product_brand?post=32838"},{"taxonomy":"product_cat","embeddable":true,"href":"https:\/\/www.precisionot.com\/es\/wp-json\/wp\/v2\/product_cat?post=32838"},{"taxonomy":"product_tag","embeddable":true,"href":"https:\/\/www.precisionot.com\/es\/wp-json\/wp\/v2\/product_tag?post=32838"}],"curies":[{"name":"Gracias","href":"https:\/\/api.w.org\/{rel}","templated":true}]}}