{"id":32804,"date":"2025-10-28T15:00:28","date_gmt":"2025-10-28T19:00:28","guid":{"rendered":"https:\/\/www.precisionot.com\/?post_type=product&#038;p=32804"},"modified":"2026-03-26T13:18:17","modified_gmt":"2026-03-26T17:18:17","slug":"pre-o800-ib-2dr4","status":"publish","type":"product","link":"https:\/\/www.precisionot.com\/es\/product\/pre-o800-ib-2dr4\/","title":{"rendered":"PRE-O800-IB-2DR4"},"content":{"rendered":"<p>El PRE-O800-IB-2DR4 es un transceptor \u00f3ptico OSFP800 de cubierta cerrada que admite aplicaciones InfiniBand 2x400G-DR4 y Ethernet de 800G a trav\u00e9s de fibra monomodo de 1310 nm con conectores MPO12-APC duales, lo que proporciona un alcance de hasta 500 m en entornos con temperaturas comerciales.<\/p>\n<hr \/>\n<p>El PRE-O800-IB-2DR4 est\u00e1 dise\u00f1ado para aplicaciones de centros de datos de alto rendimiento, y admite interfaces InfiniBand\/Ethernet de 1x800G o 2x400G y Ethernet de 8x100G. Cumple con los est\u00e1ndares OSFP MSA, IEEE 802.3ck y 802.3bs, incorpora gesti\u00f3n CMIS y cumple con los requisitos ambientales RoHS para un funcionamiento fiable y energ\u00e9ticamente eficiente en redes modernas de alta velocidad.<\/p>","protected":false},"excerpt":{"rendered":"<p>El PRE-O800-IB-2DR4 es un transceptor \u00f3ptico OSFP800 800G\/InfiniBand que admite enlaces duales 400G-DR4 a trav\u00e9s de fibra monomodo de 1310 nm hasta 500 metros mediante conectores duales MPO-12\/APC.<\/p>\n<hr \/>\n<p class=\"p2\"><strong>OSFP800 de parte superior cerrada, 2 x 400G-DR4, 1310 nm, 800G\/InfiniBand, 500 m, SMF\/MPO12-APC dual, C-Temp<\/strong><\/p>","protected":false},"featured_media":33722,"template":"","meta":{"_acf_changed":false,"content-type":"","site-sidebar-layout":"default","site-content-layout":"default","ast-site-content-layout":"default","site-content-style":"default","site-sidebar-style":"default","ast-global-header-display":"","ast-banner-title-visibility":"","ast-main-header-display":"","ast-hfb-above-header-display":"","ast-hfb-below-header-display":"","ast-hfb-mobile-header-display":"","site-post-title":"","ast-breadcrumbs-content":"","ast-featured-img":"","footer-sml-layout":"","ast-disable-related-posts":"","theme-transparent-header-meta":"default","adv-header-id-meta":"","stick-header-meta":"","header-above-stick-meta":"","header-main-stick-meta":"","header-below-stick-meta":"","astra-migrate-meta-layouts":"set","ast-page-background-enabled":"default","ast-page-background-meta":{"desktop":{"background-color":"","background-image":"","background-repeat":"repeat","background-position":"center center","background-size":"auto","background-attachment":"scroll","background-type":"","background-media":"","overlay-type":"","overlay-color":"","overlay-opacity":"","overlay-gradient":""},"tablet":{"background-color":"","background-image":"","background-repeat":"repeat","background-position":"center center","background-size":"auto","background-attachment":"scroll","background-type":"","background-media":"","overlay-type":"","overlay-color":"","overlay-opacity":"","overlay-gradient":""},"mobile":{"background-color":"","background-image":"","background-repeat":"repeat","background-position":"center center","background-size":"auto","background-attachment":"scroll","background-type":"","background-media":"","overlay-type":"","overlay-color":"","overlay-opacity":"","overlay-gradient":""}},"ast-content-background-meta":{"desktop":{"background-color":"var(--ast-global-color-5)","background-image":"","background-repeat":"repeat","background-position":"center center","background-size":"auto","background-attachment":"scroll","background-type":"","background-media":"","overlay-type":"","overlay-color":"","overlay-opacity":"","overlay-gradient":""},"tablet":{"background-color":"var(--ast-global-color-5)","background-image":"","background-repeat":"repeat","background-position":"center center","background-size":"auto","background-attachment":"scroll","background-type":"","background-media":"","overlay-type":"","overlay-color":"","overlay-opacity":"","overlay-gradient":""},"mobile":{"background-color":"var(--ast-global-color-5)","background-image":"","background-repeat":"repeat","background-position":"center center","background-size":"auto","background-attachment":"scroll","background-type":"","background-media":"","overlay-type":"","overlay-color":"","overlay-opacity":"","overlay-gradient":""}}},"product_brand":[],"product_cat":[422,290],"product_tag":[],"class_list":{"0":"post-32804","1":"product","2":"type-product","3":"status-publish","4":"has-post-thumbnail","6":"product_cat-osfp800-standard","7":"product_cat-qsfp28-standard","8":"desktop-align-left","9":"tablet-align-left","10":"mobile-align-left","11":"ast-product-gallery-layout-horizontal-slider","12":"ast-product-gallery-with-no-image","13":"ast-product-tabs-layout-horizontal","15":"first","16":"instock","17":"shipping-taxable","18":"purchasable","19":"product-type-simple"},"composite_virtual":false,"composite_layout":"","composite_add_to_cart_form_location":"","composite_editable_in_cart":false,"composite_sold_individually_context":"","composite_shop_price_calc":"","composite_components":[],"composite_scenarios":[],"acf":[],"_links":{"self":[{"href":"https:\/\/www.precisionot.com\/es\/wp-json\/wp\/v2\/product\/32804","targetHints":{"allow":["GET"]}}],"collection":[{"href":"https:\/\/www.precisionot.com\/es\/wp-json\/wp\/v2\/product"}],"about":[{"href":"https:\/\/www.precisionot.com\/es\/wp-json\/wp\/v2\/types\/product"}],"version-history":[{"count":5,"href":"https:\/\/www.precisionot.com\/es\/wp-json\/wp\/v2\/product\/32804\/revisions"}],"predecessor-version":[{"id":33799,"href":"https:\/\/www.precisionot.com\/es\/wp-json\/wp\/v2\/product\/32804\/revisions\/33799"}],"wp:featuredmedia":[{"embeddable":true,"href":"https:\/\/www.precisionot.com\/es\/wp-json\/wp\/v2\/media\/33722"}],"wp:attachment":[{"href":"https:\/\/www.precisionot.com\/es\/wp-json\/wp\/v2\/media?parent=32804"}],"wp:term":[{"taxonomy":"product_brand","embeddable":true,"href":"https:\/\/www.precisionot.com\/es\/wp-json\/wp\/v2\/product_brand?post=32804"},{"taxonomy":"product_cat","embeddable":true,"href":"https:\/\/www.precisionot.com\/es\/wp-json\/wp\/v2\/product_cat?post=32804"},{"taxonomy":"product_tag","embeddable":true,"href":"https:\/\/www.precisionot.com\/es\/wp-json\/wp\/v2\/product_tag?post=32804"}],"curies":[{"name":"Gracias","href":"https:\/\/api.w.org\/{rel}","templated":true}]}}