{"id":32775,"date":"2025-10-23T15:47:30","date_gmt":"2025-10-23T19:47:30","guid":{"rendered":"https:\/\/www.precisionot.com\/?post_type=product&#038;p=32775"},"modified":"2025-12-05T16:42:07","modified_gmt":"2025-12-05T21:42:07","slug":"pre-qsfp28m-zrht","status":"publish","type":"product","link":"https:\/\/www.precisionot.com\/es\/product\/pre-qsfp28m-zrht\/","title":{"rendered":"PRE-QSFP28M-ZRHT"},"content":{"rendered":"<p class=\"p2\">El PRE-QSFP28M-ZRHT es un transceptor coherente QSFP28 ZR de 100G con capacidad de ajuste de banda C total, potencia de transmisi\u00f3n de 0 dBm y alcance sin amplificaci\u00f3n de hasta 120 km, ideal para aplicaciones 100GE y OTU4 de alta velocidad sobre fibra monomodo.<\/p>\n<hr \/>\n<p>El PRE-QSFP28M-ZRHT es un transceptor coherente QSFP28 ZR de 100G dise\u00f1ado para interconexi\u00f3n de centros de datos, redes metropolitanas y de larga distancia, compatible con los est\u00e1ndares IEEE 802.3-2022 100GBASE-ZR e ITU-T G.709.2 OTN con conformidad con CMIS\/C-CMIS y certificaci\u00f3n RoHS.<\/p>\n<p>&nbsp;<\/p>","protected":false},"excerpt":{"rendered":"<p>El PRE-QSFP28M-ZRHT es un transceptor coherente QSFP28 ZR de 100G dise\u00f1ado para interconexi\u00f3n de centros de datos y redes metropolitanas de larga distancia, compatible con aplicaciones 100GBASE-ZR y OTU4 con capacidad de ajuste de banda C total y conformidad con CMIS\/C-CMIS.<\/p>\n<hr \/>\n<p class=\"p2\"><strong>QSFP28, ZR, 0 dBm, sintonizable, banda C, 100 GE\/OTU4, 120 km, SMF\/LC, C-Temp, CMIS<\/strong><\/p>","protected":false},"featured_media":32777,"template":"","meta":{"_acf_changed":false,"content-type":"","site-sidebar-layout":"default","site-content-layout":"default","ast-site-content-layout":"default","site-content-style":"default","site-sidebar-style":"default","ast-global-header-display":"","ast-banner-title-visibility":"","ast-main-header-display":"","ast-hfb-above-header-display":"","ast-hfb-below-header-display":"","ast-hfb-mobile-header-display":"","site-post-title":"","ast-breadcrumbs-content":"","ast-featured-img":"","footer-sml-layout":"","ast-disable-related-posts":"","theme-transparent-header-meta":"default","adv-header-id-meta":"","stick-header-meta":"","header-above-stick-meta":"","header-main-stick-meta":"","header-below-stick-meta":"","astra-migrate-meta-layouts":"set","ast-page-background-enabled":"default","ast-page-background-meta":{"desktop":{"background-color":"","background-image":"","background-repeat":"repeat","background-position":"center center","background-size":"auto","background-attachment":"scroll","background-type":"","background-media":"","overlay-type":"","overlay-color":"","overlay-opacity":"","overlay-gradient":""},"tablet":{"background-color":"","background-image":"","background-repeat":"repeat","background-position":"center center","background-size":"auto","background-attachment":"scroll","background-type":"","background-media":"","overlay-type":"","overlay-color":"","overlay-opacity":"","overlay-gradient":""},"mobile":{"background-color":"","background-image":"","background-repeat":"repeat","background-position":"center center","background-size":"auto","background-attachment":"scroll","background-type":"","background-media":"","overlay-type":"","overlay-color":"","overlay-opacity":"","overlay-gradient":""}},"ast-content-background-meta":{"desktop":{"background-color":"var(--ast-global-color-5)","background-image":"","background-repeat":"repeat","background-position":"center center","background-size":"auto","background-attachment":"scroll","background-type":"","background-media":"","overlay-type":"","overlay-color":"","overlay-opacity":"","overlay-gradient":""},"tablet":{"background-color":"var(--ast-global-color-5)","background-image":"","background-repeat":"repeat","background-position":"center center","background-size":"auto","background-attachment":"scroll","background-type":"","background-media":"","overlay-type":"","overlay-color":"","overlay-opacity":"","overlay-gradient":""},"mobile":{"background-color":"var(--ast-global-color-5)","background-image":"","background-repeat":"repeat","background-position":"center center","background-size":"auto","background-attachment":"scroll","background-type":"","background-media":"","overlay-type":"","overlay-color":"","overlay-opacity":"","overlay-gradient":""}}},"product_brand":[],"product_cat":[362,367],"product_tag":[],"class_list":{"0":"post-32775","1":"product","2":"type-product","3":"status-publish","4":"has-post-thumbnail","6":"product_cat-qsfp28-wdm","7":"product_cat-qsfp28-coherent","8":"desktop-align-left","9":"tablet-align-left","10":"mobile-align-left","11":"ast-product-gallery-layout-horizontal-slider","12":"ast-product-gallery-with-no-image","13":"ast-product-tabs-layout-horizontal","15":"first","16":"instock","17":"shipping-taxable","18":"purchasable","19":"product-type-simple"},"composite_virtual":false,"composite_layout":"","composite_add_to_cart_form_location":"","composite_editable_in_cart":false,"composite_sold_individually_context":"","composite_shop_price_calc":"","composite_components":[],"composite_scenarios":[],"acf":[],"_links":{"self":[{"href":"https:\/\/www.precisionot.com\/es\/wp-json\/wp\/v2\/product\/32775","targetHints":{"allow":["GET"]}}],"collection":[{"href":"https:\/\/www.precisionot.com\/es\/wp-json\/wp\/v2\/product"}],"about":[{"href":"https:\/\/www.precisionot.com\/es\/wp-json\/wp\/v2\/types\/product"}],"version-history":[{"count":1,"href":"https:\/\/www.precisionot.com\/es\/wp-json\/wp\/v2\/product\/32775\/revisions"}],"predecessor-version":[{"id":33402,"href":"https:\/\/www.precisionot.com\/es\/wp-json\/wp\/v2\/product\/32775\/revisions\/33402"}],"wp:featuredmedia":[{"embeddable":true,"href":"https:\/\/www.precisionot.com\/es\/wp-json\/wp\/v2\/media\/32777"}],"wp:attachment":[{"href":"https:\/\/www.precisionot.com\/es\/wp-json\/wp\/v2\/media?parent=32775"}],"wp:term":[{"taxonomy":"product_brand","embeddable":true,"href":"https:\/\/www.precisionot.com\/es\/wp-json\/wp\/v2\/product_brand?post=32775"},{"taxonomy":"product_cat","embeddable":true,"href":"https:\/\/www.precisionot.com\/es\/wp-json\/wp\/v2\/product_cat?post=32775"},{"taxonomy":"product_tag","embeddable":true,"href":"https:\/\/www.precisionot.com\/es\/wp-json\/wp\/v2\/product_tag?post=32775"}],"curies":[{"name":"Gracias","href":"https:\/\/api.w.org\/{rel}","templated":true}]}}