{"id":32377,"date":"2025-07-07T10:59:49","date_gmt":"2025-07-07T14:59:49","guid":{"rendered":"https:\/\/www.precisionot.com\/?post_type=product&#038;p=32377"},"modified":"2025-07-16T14:48:14","modified_gmt":"2025-07-16T18:48:14","slug":"pre-qsfp112-dr4-2","status":"publish","type":"product","link":"https:\/\/www.precisionot.com\/es\/product\/pre-qsfp112-dr4-2\/","title":{"rendered":"PRE-QSFP112-DR4+"},"content":{"rendered":"<p>El PRE-QSFP112-DR4+ es un transceptor QSFP112 de 400G dise\u00f1ado para transmisi\u00f3n de 2 km a trav\u00e9s de fibra monomodo (SMF) utilizando una longitud de onda de 1310 nm y un conector MPO-12, ideal para interconexiones de centros de datos y nubes de alta velocidad.<\/p>\n<hr \/>\n<p>El PRE-QSFP112-DR4+ es un transceptor QSFP-DD800 de 800G de alto rendimiento, dise\u00f1ado para centros de datos y entornos de red empresariales que requieren conectividad escalable y de alta velocidad. Admite configuraciones Ethernet de 400G y 4 x 100G, lo que ofrece flexibilidad para diversas arquitecturas de red. Totalmente compatible con los est\u00e1ndares IEEE 802.3bs y 802.3ck y dise\u00f1ado seg\u00fan el est\u00e1ndar QSFP112 MSA, este m\u00f3dulo garantiza una interoperabilidad fluida y un rendimiento fiable. Incorpora CMIS 5.0 o posterior para una gesti\u00f3n avanzada, un l\u00e1ser de clase 1 para seguridad y es totalmente compatible con RoHS, lo que lo convierte en una soluci\u00f3n preparada para el futuro de las redes \u00f3pticas de alta capacidad.<\/p>","protected":false},"excerpt":{"rendered":"<p>El PRE-QSFP112-DR4+ es un transceptor QSFP112 de 400G que admite modulaci\u00f3n PAM4 sobre fibra monomodo de 1310 nm para un alcance de hasta 2 km a trav\u00e9s de un conector MPO-12\/APC, ideal para centros de datos de alta velocidad y redes empresariales.<\/p>\n<hr \/>\n<p class=\"p2\"><strong>QSFP112, DR4+, 1310 nm, 400 G, 2 km, SMF\/MPO12<\/strong><\/p>","protected":false},"featured_media":32381,"template":"","meta":{"_acf_changed":false,"content-type":"","site-sidebar-layout":"default","site-content-layout":"default","ast-site-content-layout":"default","site-content-style":"default","site-sidebar-style":"default","ast-global-header-display":"","ast-banner-title-visibility":"","ast-main-header-display":"","ast-hfb-above-header-display":"","ast-hfb-below-header-display":"","ast-hfb-mobile-header-display":"","site-post-title":"","ast-breadcrumbs-content":"","ast-featured-img":"","footer-sml-layout":"","ast-disable-related-posts":"","theme-transparent-header-meta":"default","adv-header-id-meta":"","stick-header-meta":"","header-above-stick-meta":"","header-main-stick-meta":"","header-below-stick-meta":"","astra-migrate-meta-layouts":"set","ast-page-background-enabled":"default","ast-page-background-meta":{"desktop":{"background-color":"","background-image":"","background-repeat":"repeat","background-position":"center center","background-size":"auto","background-attachment":"scroll","background-type":"","background-media":"","overlay-type":"","overlay-color":"","overlay-opacity":"","overlay-gradient":""},"tablet":{"background-color":"","background-image":"","background-repeat":"repeat","background-position":"center center","background-size":"auto","background-attachment":"scroll","background-type":"","background-media":"","overlay-type":"","overlay-color":"","overlay-opacity":"","overlay-gradient":""},"mobile":{"background-color":"","background-image":"","background-repeat":"repeat","background-position":"center center","background-size":"auto","background-attachment":"scroll","background-type":"","background-media":"","overlay-type":"","overlay-color":"","overlay-opacity":"","overlay-gradient":""}},"ast-content-background-meta":{"desktop":{"background-color":"var(--ast-global-color-5)","background-image":"","background-repeat":"repeat","background-position":"center center","background-size":"auto","background-attachment":"scroll","background-type":"","background-media":"","overlay-type":"","overlay-color":"","overlay-opacity":"","overlay-gradient":""},"tablet":{"background-color":"var(--ast-global-color-5)","background-image":"","background-repeat":"repeat","background-position":"center center","background-size":"auto","background-attachment":"scroll","background-type":"","background-media":"","overlay-type":"","overlay-color":"","overlay-opacity":"","overlay-gradient":""},"mobile":{"background-color":"var(--ast-global-color-5)","background-image":"","background-repeat":"repeat","background-position":"center center","background-size":"auto","background-attachment":"scroll","background-type":"","background-media":"","overlay-type":"","overlay-color":"","overlay-opacity":"","overlay-gradient":""}}},"product_brand":[],"product_cat":[380,367],"product_tag":[357],"class_list":{"0":"post-32377","1":"product","2":"type-product","3":"status-publish","4":"has-post-thumbnail","6":"product_cat-qsfp112-standard","7":"product_cat-qsfp28-coherent","8":"product_tag-new-template","9":"desktop-align-left","10":"tablet-align-left","11":"mobile-align-left","12":"ast-product-gallery-layout-horizontal-slider","13":"ast-product-gallery-with-no-image","14":"ast-product-tabs-layout-horizontal","16":"first","17":"instock","18":"shipping-taxable","19":"purchasable","20":"product-type-simple"},"composite_virtual":false,"composite_layout":"","composite_add_to_cart_form_location":"","composite_editable_in_cart":false,"composite_sold_individually_context":"","composite_shop_price_calc":"","composite_components":[],"composite_scenarios":[],"acf":[],"_links":{"self":[{"href":"https:\/\/www.precisionot.com\/es\/wp-json\/wp\/v2\/product\/32377","targetHints":{"allow":["GET"]}}],"collection":[{"href":"https:\/\/www.precisionot.com\/es\/wp-json\/wp\/v2\/product"}],"about":[{"href":"https:\/\/www.precisionot.com\/es\/wp-json\/wp\/v2\/types\/product"}],"version-history":[{"count":0,"href":"https:\/\/www.precisionot.com\/es\/wp-json\/wp\/v2\/product\/32377\/revisions"}],"wp:featuredmedia":[{"embeddable":true,"href":"https:\/\/www.precisionot.com\/es\/wp-json\/wp\/v2\/media\/32381"}],"wp:attachment":[{"href":"https:\/\/www.precisionot.com\/es\/wp-json\/wp\/v2\/media?parent=32377"}],"wp:term":[{"taxonomy":"product_brand","embeddable":true,"href":"https:\/\/www.precisionot.com\/es\/wp-json\/wp\/v2\/product_brand?post=32377"},{"taxonomy":"product_cat","embeddable":true,"href":"https:\/\/www.precisionot.com\/es\/wp-json\/wp\/v2\/product_cat?post=32377"},{"taxonomy":"product_tag","embeddable":true,"href":"https:\/\/www.precisionot.com\/es\/wp-json\/wp\/v2\/product_tag?post=32377"}],"curies":[{"name":"Gracias","href":"https:\/\/api.w.org\/{rel}","templated":true}]}}