{"id":32349,"date":"2025-07-03T23:51:59","date_gmt":"2025-07-04T03:51:59","guid":{"rendered":"https:\/\/www.precisionot.com\/?post_type=product&#038;p=32349"},"modified":"2025-11-14T14:53:59","modified_gmt":"2025-11-14T19:53:59","slug":"ruptura-de-cinta","status":"publish","type":"product","link":"https:\/\/www.precisionot.com\/es\/product\/ribbon-breakout\/","title":{"rendered":"Ruptura de cinta"},"content":{"rendered":"<p>Precision OT ofrece dos tipos de tubos de conexi\u00f3n para cintas. Nuestro tubo reforzado RB1251XX00 para cintas de 12 fibras con aislamiento de 250 \u03bcM est\u00e1 disponible en 12 colores diferentes. Este tubo permite conectar cintas de 12 fibras desnudas a tubos codificados por colores para su terminaci\u00f3n con conectores MTP\/MPO de 12 fibras. El tubo est\u00e1 fabricado con un tubo interior para las fibras insertadas, una capa de hilo de aramida para el alivio de tensi\u00f3n y el engarce del conector, y una cubierta de PVC codificada por colores. Tambi\u00e9n se ofrece una segunda versi\u00f3n, la R120XX00, para la conexi\u00f3n, protecci\u00f3n y gesti\u00f3n de cintas de 12 fibras desnudas para fusi\u00f3n y empalme mec\u00e1nico. Se trata de una construcci\u00f3n de un solo tubo sin hilo de aramida ni cubierta exterior.<\/p>","protected":false},"excerpt":{"rendered":"<p><img decoding=\"async\" class=\"alignnone size-medium wp-image-33245\" src=\"https:\/\/www.precisionot.com\/wp-content\/uploads\/Light-Tube-300x36.png\" alt=\"\" width=\"300\" height=\"36\" srcset=\"https:\/\/www.precisionot.com\/wp-content\/uploads\/Light-Tube-300x36.png 300w, https:\/\/www.precisionot.com\/wp-content\/uploads\/Light-Tube-1024x124.png 1024w, https:\/\/www.precisionot.com\/wp-content\/uploads\/Light-Tube-768x93.png 768w, https:\/\/www.precisionot.com\/wp-content\/uploads\/Light-Tube-1536x186.png 1536w, https:\/\/www.precisionot.com\/wp-content\/uploads\/Light-Tube-2048x248.png 2048w, https:\/\/www.precisionot.com\/wp-content\/uploads\/Light-Tube-18x2.png 18w, https:\/\/www.precisionot.com\/wp-content\/uploads\/Light-Tube-600x73.png 600w, https:\/\/www.precisionot.com\/wp-content\/uploads\/Light-Tube-64x8.png 64w\" sizes=\"(max-width: 300px) 100vw, 300px\" \/><\/p>\n<p>Precision OT ofrece dos tipos de tubos de conexi\u00f3n para cintas. Nuestro tubo reforzado RB1251XX00 para cintas de 12 fibras con aislamiento de 250 \u03bcM est\u00e1 disponible en 12 colores diferentes. Este tubo permite conectar cintas de 12 fibras desnudas a tubos codificados por colores para su terminaci\u00f3n con conectores MTP\/MPO de 12 fibras. El tubo est\u00e1 fabricado con un tubo interior para las fibras insertadas, una capa de hilo de aramida para el alivio de tensi\u00f3n y el engarce del conector, y una cubierta de PVC codificada por colores. Tambi\u00e9n se ofrece una segunda versi\u00f3n, la R120XX00, para la conexi\u00f3n, protecci\u00f3n y gesti\u00f3n de cintas de 12 fibras desnudas para fusi\u00f3n y empalme mec\u00e1nico. Se trata de una construcci\u00f3n de un solo tubo sin hilo de aramida ni cubierta exterior.<\/p>","protected":false},"featured_media":33041,"template":"","meta":{"_acf_changed":false,"content-type":"","site-sidebar-layout":"default","site-content-layout":"","ast-site-content-layout":"default","site-content-style":"default","site-sidebar-style":"default","ast-global-header-display":"","ast-banner-title-visibility":"","ast-main-header-display":"","ast-hfb-above-header-display":"","ast-hfb-below-header-display":"","ast-hfb-mobile-header-display":"","site-post-title":"","ast-breadcrumbs-content":"","ast-featured-img":"","footer-sml-layout":"","ast-disable-related-posts":"","theme-transparent-header-meta":"default","adv-header-id-meta":"","stick-header-meta":"","header-above-stick-meta":"","header-main-stick-meta":"","header-below-stick-meta":"","astra-migrate-meta-layouts":"set","ast-page-background-enabled":"default","ast-page-background-meta":{"desktop":{"background-color":"","background-image":"","background-repeat":"repeat","background-position":"center center","background-size":"auto","background-attachment":"scroll","background-type":"","background-media":"","overlay-type":"","overlay-color":"","overlay-opacity":"","overlay-gradient":""},"tablet":{"background-color":"","background-image":"","background-repeat":"repeat","background-position":"center center","background-size":"auto","background-attachment":"scroll","background-type":"","background-media":"","overlay-type":"","overlay-color":"","overlay-opacity":"","overlay-gradient":""},"mobile":{"background-color":"","background-image":"","background-repeat":"repeat","background-position":"center center","background-size":"auto","background-attachment":"scroll","background-type":"","background-media":"","overlay-type":"","overlay-color":"","overlay-opacity":"","overlay-gradient":""}},"ast-content-background-meta":{"desktop":{"background-color":"var(--ast-global-color-5)","background-image":"","background-repeat":"repeat","background-position":"center center","background-size":"auto","background-attachment":"scroll","background-type":"","background-media":"","overlay-type":"","overlay-color":"","overlay-opacity":"","overlay-gradient":""},"tablet":{"background-color":"var(--ast-global-color-5)","background-image":"","background-repeat":"repeat","background-position":"center center","background-size":"auto","background-attachment":"scroll","background-type":"","background-media":"","overlay-type":"","overlay-color":"","overlay-opacity":"","overlay-gradient":""},"mobile":{"background-color":"var(--ast-global-color-5)","background-image":"","background-repeat":"repeat","background-position":"center center","background-size":"auto","background-attachment":"scroll","background-type":"","background-media":"","overlay-type":"","overlay-color":"","overlay-opacity":"","overlay-gradient":""}}},"product_brand":[],"product_cat":[417],"product_tag":[],"class_list":{"0":"post-32349","1":"product","2":"type-product","3":"status-publish","4":"has-post-thumbnail","6":"product_cat-furcation-and-breakout-tubing","7":"desktop-align-left","8":"tablet-align-left","9":"mobile-align-left","10":"ast-product-gallery-layout-horizontal-slider","11":"ast-product-gallery-with-no-image","12":"ast-product-tabs-layout-horizontal","14":"first","15":"instock","16":"shipping-taxable","17":"purchasable","18":"product-type-simple"},"composite_virtual":false,"composite_layout":"","composite_add_to_cart_form_location":"","composite_editable_in_cart":false,"composite_sold_individually_context":"","composite_shop_price_calc":"","composite_components":[],"composite_scenarios":[],"acf":[],"_links":{"self":[{"href":"https:\/\/www.precisionot.com\/es\/wp-json\/wp\/v2\/product\/32349","targetHints":{"allow":["GET"]}}],"collection":[{"href":"https:\/\/www.precisionot.com\/es\/wp-json\/wp\/v2\/product"}],"about":[{"href":"https:\/\/www.precisionot.com\/es\/wp-json\/wp\/v2\/types\/product"}],"version-history":[{"count":2,"href":"https:\/\/www.precisionot.com\/es\/wp-json\/wp\/v2\/product\/32349\/revisions"}],"predecessor-version":[{"id":33271,"href":"https:\/\/www.precisionot.com\/es\/wp-json\/wp\/v2\/product\/32349\/revisions\/33271"}],"wp:featuredmedia":[{"embeddable":true,"href":"https:\/\/www.precisionot.com\/es\/wp-json\/wp\/v2\/media\/33041"}],"wp:attachment":[{"href":"https:\/\/www.precisionot.com\/es\/wp-json\/wp\/v2\/media?parent=32349"}],"wp:term":[{"taxonomy":"product_brand","embeddable":true,"href":"https:\/\/www.precisionot.com\/es\/wp-json\/wp\/v2\/product_brand?post=32349"},{"taxonomy":"product_cat","embeddable":true,"href":"https:\/\/www.precisionot.com\/es\/wp-json\/wp\/v2\/product_cat?post=32349"},{"taxonomy":"product_tag","embeddable":true,"href":"https:\/\/www.precisionot.com\/es\/wp-json\/wp\/v2\/product_tag?post=32349"}],"curies":[{"name":"Gracias","href":"https:\/\/api.w.org\/{rel}","templated":true}]}}