{"id":32343,"date":"2025-07-03T23:49:39","date_gmt":"2025-07-04T03:49:39","guid":{"rendered":"https:\/\/www.precisionot.com\/?post_type=product&#038;p=32343"},"modified":"2025-11-14T11:57:48","modified_gmt":"2025-11-14T16:57:48","slug":"30-mm","status":"publish","type":"product","link":"https:\/\/www.precisionot.com\/es\/product\/3-0mm\/","title":{"rendered":"3,0 mm"},"content":{"rendered":"<p>El tubo de 3 mm es un tubo de bifurcaci\u00f3n simple o d\u00faplex que se utiliza para conectar fibra con un tamp\u00f3n de 250 o 900 \u03bcM a un tubo de 3 mm para su terminaci\u00f3n con cualquier conector est\u00e1ndar de la industria. El tubo est\u00e1 construido con un tubo interior para la fibra insertada, una capa de hilo de aramida para el control de manchas y el engarce del conector, y una cubierta con c\u00f3digo de color. Los materiales incluyen PVC, PVDF, TPE, LSZH (TPO) y poliuretano.<\/p>","protected":false},"excerpt":{"rendered":"<p><img decoding=\"async\" class=\"alignnone size-medium wp-image-33245\" src=\"https:\/\/www.precisionot.com\/wp-content\/uploads\/Light-Tube-300x36.png\" alt=\"\" width=\"300\" height=\"36\" srcset=\"https:\/\/www.precisionot.com\/wp-content\/uploads\/Light-Tube-300x36.png 300w, https:\/\/www.precisionot.com\/wp-content\/uploads\/Light-Tube-1024x124.png 1024w, https:\/\/www.precisionot.com\/wp-content\/uploads\/Light-Tube-768x93.png 768w, https:\/\/www.precisionot.com\/wp-content\/uploads\/Light-Tube-1536x186.png 1536w, https:\/\/www.precisionot.com\/wp-content\/uploads\/Light-Tube-2048x248.png 2048w, https:\/\/www.precisionot.com\/wp-content\/uploads\/Light-Tube-18x2.png 18w, https:\/\/www.precisionot.com\/wp-content\/uploads\/Light-Tube-600x73.png 600w, https:\/\/www.precisionot.com\/wp-content\/uploads\/Light-Tube-64x8.png 64w\" sizes=\"(max-width: 300px) 100vw, 300px\" \/><\/p>\n<p>El tubo de 3 mm es un tubo de bifurcaci\u00f3n simple o d\u00faplex que se utiliza para conectar fibra con un tamp\u00f3n de 250 o 900 \u03bcM a un tubo de 3 mm para su terminaci\u00f3n con cualquier conector est\u00e1ndar de la industria. El tubo est\u00e1 construido con un tubo interior para la fibra insertada, una capa de hilo de aramida para el control de manchas y el engarce del conector, y una cubierta con c\u00f3digo de color. Los materiales incluyen PVC, PVDF, TPE, LSZH (TPO) y poliuretano.<\/p>","protected":false},"featured_media":33034,"template":"","meta":{"_acf_changed":false,"content-type":"","site-sidebar-layout":"default","site-content-layout":"","ast-site-content-layout":"default","site-content-style":"default","site-sidebar-style":"default","ast-global-header-display":"","ast-banner-title-visibility":"","ast-main-header-display":"","ast-hfb-above-header-display":"","ast-hfb-below-header-display":"","ast-hfb-mobile-header-display":"","site-post-title":"","ast-breadcrumbs-content":"","ast-featured-img":"","footer-sml-layout":"","ast-disable-related-posts":"","theme-transparent-header-meta":"default","adv-header-id-meta":"","stick-header-meta":"","header-above-stick-meta":"","header-main-stick-meta":"","header-below-stick-meta":"","astra-migrate-meta-layouts":"set","ast-page-background-enabled":"default","ast-page-background-meta":{"desktop":{"background-color":"","background-image":"","background-repeat":"repeat","background-position":"center center","background-size":"auto","background-attachment":"scroll","background-type":"","background-media":"","overlay-type":"","overlay-color":"","overlay-opacity":"","overlay-gradient":""},"tablet":{"background-color":"","background-image":"","background-repeat":"repeat","background-position":"center center","background-size":"auto","background-attachment":"scroll","background-type":"","background-media":"","overlay-type":"","overlay-color":"","overlay-opacity":"","overlay-gradient":""},"mobile":{"background-color":"","background-image":"","background-repeat":"repeat","background-position":"center center","background-size":"auto","background-attachment":"scroll","background-type":"","background-media":"","overlay-type":"","overlay-color":"","overlay-opacity":"","overlay-gradient":""}},"ast-content-background-meta":{"desktop":{"background-color":"var(--ast-global-color-5)","background-image":"","background-repeat":"repeat","background-position":"center center","background-size":"auto","background-attachment":"scroll","background-type":"","background-media":"","overlay-type":"","overlay-color":"","overlay-opacity":"","overlay-gradient":""},"tablet":{"background-color":"var(--ast-global-color-5)","background-image":"","background-repeat":"repeat","background-position":"center center","background-size":"auto","background-attachment":"scroll","background-type":"","background-media":"","overlay-type":"","overlay-color":"","overlay-opacity":"","overlay-gradient":""},"mobile":{"background-color":"var(--ast-global-color-5)","background-image":"","background-repeat":"repeat","background-position":"center center","background-size":"auto","background-attachment":"scroll","background-type":"","background-media":"","overlay-type":"","overlay-color":"","overlay-opacity":"","overlay-gradient":""}}},"product_brand":[],"product_cat":[417],"product_tag":[],"class_list":{"0":"post-32343","1":"product","2":"type-product","3":"status-publish","4":"has-post-thumbnail","6":"product_cat-furcation-and-breakout-tubing","7":"desktop-align-left","8":"tablet-align-left","9":"mobile-align-left","10":"ast-product-gallery-layout-horizontal-slider","11":"ast-product-gallery-with-no-image","12":"ast-product-tabs-layout-horizontal","14":"first","15":"instock","16":"shipping-taxable","17":"purchasable","18":"product-type-simple"},"composite_virtual":false,"composite_layout":"","composite_add_to_cart_form_location":"","composite_editable_in_cart":false,"composite_sold_individually_context":"","composite_shop_price_calc":"","composite_components":[],"composite_scenarios":[],"acf":[],"_links":{"self":[{"href":"https:\/\/www.precisionot.com\/es\/wp-json\/wp\/v2\/product\/32343","targetHints":{"allow":["GET"]}}],"collection":[{"href":"https:\/\/www.precisionot.com\/es\/wp-json\/wp\/v2\/product"}],"about":[{"href":"https:\/\/www.precisionot.com\/es\/wp-json\/wp\/v2\/types\/product"}],"version-history":[{"count":2,"href":"https:\/\/www.precisionot.com\/es\/wp-json\/wp\/v2\/product\/32343\/revisions"}],"predecessor-version":[{"id":33254,"href":"https:\/\/www.precisionot.com\/es\/wp-json\/wp\/v2\/product\/32343\/revisions\/33254"}],"wp:featuredmedia":[{"embeddable":true,"href":"https:\/\/www.precisionot.com\/es\/wp-json\/wp\/v2\/media\/33034"}],"wp:attachment":[{"href":"https:\/\/www.precisionot.com\/es\/wp-json\/wp\/v2\/media?parent=32343"}],"wp:term":[{"taxonomy":"product_brand","embeddable":true,"href":"https:\/\/www.precisionot.com\/es\/wp-json\/wp\/v2\/product_brand?post=32343"},{"taxonomy":"product_cat","embeddable":true,"href":"https:\/\/www.precisionot.com\/es\/wp-json\/wp\/v2\/product_cat?post=32343"},{"taxonomy":"product_tag","embeddable":true,"href":"https:\/\/www.precisionot.com\/es\/wp-json\/wp\/v2\/product_tag?post=32343"}],"curies":[{"name":"Gracias","href":"https:\/\/api.w.org\/{rel}","templated":true}]}}